{"id":8184,"date":"2025-03-24T03:50:21","date_gmt":"2025-03-24T03:50:21","guid":{"rendered":"https:\/\/changhongchemical.com\/?post_type=product&#038;p=8184"},"modified":"2025-05-12T02:59:13","modified_gmt":"2025-05-12T02:59:13","slug":"ch-302","status":"publish","type":"product","link":"https:\/\/changhongchemical.com\/hu\/product\/ch-302\/","title":{"rendered":"CHLUMOFIUOR\u00ae CH-302 old\u00f3szer alap\u00fa k\u00e9tkomponens\u0171 fluorkarbon gyanta"},"content":{"rendered":"<p>Teljes\u00edtm\u00e9nyindex:<br \/>\nMegjelen\u00e9s: v\u00edzfeh\u00e9r folyad\u00e9k<br \/>\nFluortartalom (%): 24\u00b11<br \/>\nSzil\u00e1rdanyag-tartalom (%): \u226550<br \/>\n\u00dcvegesed\u00e9si h\u0151m\u00e9rs\u00e9klet (\u00b0C): 35\u00b11<br \/>\nViszkozit\u00e1s (S): (23\u00b12\u00b0C, bevont-4 poh\u00e1r)<br \/>\nS\u0171r\u0171s\u00e9g (g\/ml): 1,1\u00b10,0520\u00b0C-on<br \/>\nHidroxil-\u00e9rt\u00e9k (mgKOH\/g): 25\u00b13<br \/>\nSav\u00e9rt\u00e9k (mgKOH\/g ): 3\u00b11<\/p>\n<p>A term\u00e9k jellemz\u0151i.<br \/>\nSzuper id\u0151j\u00e1r\u00e1s\u00e1ll\u00f3s\u00e1g, korr\u00f3zi\u00f3g\u00e1tl\u00f3, magas dekorat\u00edv, er\u0151s \u00f6ntiszt\u00edt\u00f3 hat\u00e1s\u00fa<br \/>\nAlkalmaz\u00e1si ter\u00fclet: f\u0151k\u00e9nt napelemes fotovoltaikus bevonatokban \u00e9s ipari bevonatokban haszn\u00e1latos.<br \/>\nF\u0151k\u00e9nt napelemes fotovoltaikus bevonatokban, valamint ipari \u00e9s \u00e9p\u00edt\u00e9szeti bevonatokban haszn\u00e1lj\u00e1k.<br \/>\nCsomagol\u00e1s \u00e9s t\u00e1rol\u00e1s.<br \/>\nEz a term\u00e9k 200 kg\/dob kiszerel\u00e9sben ker\u00fcl kiszerel\u00e9sre. A term\u00e9ket z\u00e1rt tart\u00e1lyban, h\u0171v\u00f6s, sz\u00e1raz helyen kell t\u00e1rolni, ker\u00fclje a v\u00edzzel \u00e9s g\u0151zzel val\u00f3 \u00e9rintkez\u00e9st, eltarthat\u00f3s\u00e1gi ideje egy \u00e9v.<\/p>\n<p>Egy\u00e9b n\u00e9v:<\/p>\n<p>K\u00e9tkomponens\u0171 old\u00f3szeres fluorkarbon gyanta<\/p>\n<p>Old\u00f3szer alap\u00fa fluorkarbon k\u00e9tkomponens\u0171 gyanta<\/p>\n<p>K\u00e9tkomponens\u0171 fluorkarbon gyanta, old\u00f3szeres alap\u00fa<\/p>\n<p>Old\u00f3szeres fluorkarbon k\u00e9tkomponens\u0171 gyanta<\/p>\n<h2><strong><b>L\u00e9pjen kapcsolatba vel\u00fcnk most!<\/b><\/strong><\/h2>\n<h4><strong><b>Ha sz\u00fcks\u00e9ge van Price-ra, k\u00e9rj\u00fck, t\u00f6ltse ki el\u00e9rhet\u0151s\u00e9g\u00e9t az al\u00e1bbi \u0171rlapon, \u00e1ltal\u00e1ban 24 \u00f3r\u00e1n bel\u00fcl felvessz\u00fck \u00d6nnel a kapcsolatot. \u00d6n is k\u00fcldhet nekem e-mailt\u00a0<span style=\"color: #00ccff;\"><a style=\"color: #00ccff;\" href=\"mailto:info@changhongchemical.com\">info@changhongchemical.com<\/a><\/span>\u00a0munkaid\u0151ben ( 8:30-18:00 UTC+8 H.-Szombat ) vagy haszn\u00e1lja a weboldal \u00e9l\u0151 chatj\u00e9t, hogy azonnali v\u00e1laszt kapjon.<\/b><\/strong><\/h4>","protected":false},"excerpt":{"rendered":"<p>A CH-302 old\u00f3szer alap\u00fa k\u00e9tkomponens\u0171 fluorkarbon gyanta a trifluoretil\u00e9n-klorid vinil-\u00e9terrel \u00e9s m\u00e1s funkcion\u00e1lis monomerekkel t\u00f6rt\u00e9n\u0151 kopolimeriz\u00e1ci\u00f3j\u00e1nak term\u00e9ke, \u00e9s szobah\u0151m\u00e9rs\u00e9kleten filmm\u00e9 kem\u00e9ny\u00edthet\u0151, vagy k\u00f6zepes h\u0151m\u00e9rs\u00e9kleten s\u00fctve fluorsz\u00e9ns\u00fct\u0151 fest\u00e9k k\u00e9sz\u00edthet\u0151 bel\u0151le. Kiv\u00e1l\u00f3 id\u0151j\u00e1r\u00e1s\u00e1ll\u00f3s\u00e1ggal, korr\u00f3zi\u00f3\u00e1ll\u00f3s\u00e1ggal, vegyszer\u00e1ll\u00f3s\u00e1ggal, er\u0151s \u00f6ntisztul\u00e1ssal \u00e9s magas dekorat\u00edv tulajdons\u00e1gokkal rendelkezik, k\u00fcl\u00f6n\u00f6sen alkalmas szuper tart\u00f3s id\u0151j\u00e1r\u00e1s\u00e1ll\u00f3 bevonatok k\u00e9sz\u00edt\u00e9s\u00e9re az ipar \u00e9s az \u00e9p\u00edt\u0151ipar sz\u00e1m\u00e1ra.<\/p>","protected":false},"featured_media":8185,"comment_status":"closed","ping_status":"closed","template":"","meta":[],"product_brand":[],"product_cat":[186],"product_tag":[],"class_list":{"0":"post-8184","1":"product","2":"type-product","3":"status-publish","4":"has-post-thumbnail","6":"product_cat-fluorocarbon-resin","8":"first","9":"instock","10":"shipping-taxable","11":"product-type-simple"},"yoast_head":"<!-- This site is optimized with the Yoast SEO plugin v27.4 - https:\/\/yoast.com\/product\/yoast-seo-wordpress\/ -->\n<title>China CHLUMOFIUOR\u00ae CH-302 solvent-based two-component fluorocarbon resin Manufacturer - Changhong Chemical<\/title>\n<meta name=\"description\" content=\"CH-302 solvent-based two-component fluorocarbon resin is a product of copolymerization of trifluoroethylene chloride with vinyl ether and other functional...\" \/>\n<meta name=\"robots\" content=\"index, follow, max-snippet:-1, max-image-preview:large, max-video-preview:-1\" \/>\n<link rel=\"canonical\" href=\"https:\/\/changhongchemical.com\/hu\/product\/ch-302\/\" \/>\n<meta property=\"og:locale\" content=\"hu_HU\" \/>\n<meta property=\"og:type\" content=\"article\" \/>\n<meta property=\"og:title\" content=\"China CHLUMOFIUOR\u00ae CH-302 solvent-based two-component fluorocarbon resin Manufacturer - Changhong Chemical\" \/>\n<meta property=\"og:description\" content=\"CH-302 solvent-based two-component fluorocarbon resin is a product of copolymerization of trifluoroethylene chloride with vinyl ether and other functional...\" \/>\n<meta property=\"og:url\" content=\"https:\/\/changhongchemical.com\/hu\/product\/ch-302\/\" \/>\n<meta property=\"og:site_name\" content=\"Changhong Chemical\" \/>\n<meta property=\"article:modified_time\" content=\"2025-05-12T02:59:13+00:00\" \/>\n<meta property=\"og:image\" content=\"https:\/\/changhongchemical.com\/wp-content\/uploads\/2025\/03\/CH-302.jpg\" \/>\n\t<meta property=\"og:image:width\" content=\"600\" \/>\n\t<meta property=\"og:image:height\" content=\"600\" \/>\n\t<meta property=\"og:image:type\" content=\"image\/jpeg\" \/>\n<meta name=\"twitter:card\" content=\"summary_large_image\" \/>\n<meta name=\"twitter:label1\" content=\"Becs\u00fclt olvas\u00e1si id\u0151\" \/>\n\t<meta name=\"twitter:data1\" content=\"1 perc\" \/>\n<script type=\"application\/ld+json\" class=\"yoast-schema-graph\">{\"@context\":\"https:\\\/\\\/schema.org\",\"@graph\":[{\"@type\":\"WebPage\",\"@id\":\"https:\\\/\\\/changhongchemical.com\\\/product\\\/ch-302\\\/\",\"url\":\"https:\\\/\\\/changhongchemical.com\\\/product\\\/ch-302\\\/\",\"name\":\"China CHLUMOFIUOR\u00ae CH-302 solvent-based two-component fluorocarbon resin Manufacturer - Changhong Chemical\",\"isPartOf\":{\"@id\":\"https:\\\/\\\/changhongchemical.com\\\/#website\"},\"primaryImageOfPage\":{\"@id\":\"https:\\\/\\\/changhongchemical.com\\\/product\\\/ch-302\\\/#primaryimage\"},\"image\":{\"@id\":\"https:\\\/\\\/changhongchemical.com\\\/product\\\/ch-302\\\/#primaryimage\"},\"thumbnailUrl\":\"https:\\\/\\\/changhongchemical.com\\\/wp-content\\\/uploads\\\/2025\\\/03\\\/CH-302.jpg\",\"datePublished\":\"2025-03-24T03:50:21+00:00\",\"dateModified\":\"2025-05-12T02:59:13+00:00\",\"description\":\"CH-302 solvent-based two-component fluorocarbon resin is a product of copolymerization of trifluoroethylene chloride with vinyl ether and other functional...\",\"breadcrumb\":{\"@id\":\"https:\\\/\\\/changhongchemical.com\\\/product\\\/ch-302\\\/#breadcrumb\"},\"inLanguage\":\"hu\",\"potentialAction\":[{\"@type\":\"ReadAction\",\"target\":[\"https:\\\/\\\/changhongchemical.com\\\/product\\\/ch-302\\\/\"]}]},{\"@type\":\"ImageObject\",\"inLanguage\":\"hu\",\"@id\":\"https:\\\/\\\/changhongchemical.com\\\/product\\\/ch-302\\\/#primaryimage\",\"url\":\"https:\\\/\\\/changhongchemical.com\\\/wp-content\\\/uploads\\\/2025\\\/03\\\/CH-302.jpg\",\"contentUrl\":\"https:\\\/\\\/changhongchemical.com\\\/wp-content\\\/uploads\\\/2025\\\/03\\\/CH-302.jpg\",\"width\":600,\"height\":600},{\"@type\":\"BreadcrumbList\",\"@id\":\"https:\\\/\\\/changhongchemical.com\\\/product\\\/ch-302\\\/#breadcrumb\",\"itemListElement\":[{\"@type\":\"ListItem\",\"position\":1,\"name\":\"Home\",\"item\":\"https:\\\/\\\/changhongchemical.com\\\/\"},{\"@type\":\"ListItem\",\"position\":2,\"name\":\"Products Changhong\",\"item\":\"https:\\\/\\\/changhongchemical.com\\\/product\\\/\"},{\"@type\":\"ListItem\",\"position\":3,\"name\":\"CHLUMOFIUOR\u00ae CH-302 solvent-based two-component fluorocarbon resin\"}]},{\"@type\":\"WebSite\",\"@id\":\"https:\\\/\\\/changhongchemical.com\\\/#website\",\"url\":\"https:\\\/\\\/changhongchemical.com\\\/\",\"name\":\"Changhong Chemical\",\"description\":\"China chemical manufacturer \uff06 supplier\",\"publisher\":{\"@id\":\"https:\\\/\\\/changhongchemical.com\\\/#organization\"},\"potentialAction\":[{\"@type\":\"SearchAction\",\"target\":{\"@type\":\"EntryPoint\",\"urlTemplate\":\"https:\\\/\\\/changhongchemical.com\\\/?s={search_term_string}\"},\"query-input\":{\"@type\":\"PropertyValueSpecification\",\"valueRequired\":true,\"valueName\":\"search_term_string\"}}],\"inLanguage\":\"hu\"},{\"@type\":\"Organization\",\"@id\":\"https:\\\/\\\/changhongchemical.com\\\/#organization\",\"name\":\"Changhong Chemical\",\"url\":\"https:\\\/\\\/changhongchemical.com\\\/\",\"logo\":{\"@type\":\"ImageObject\",\"inLanguage\":\"hu\",\"@id\":\"https:\\\/\\\/changhongchemical.com\\\/#\\\/schema\\\/logo\\\/image\\\/\",\"url\":\"https:\\\/\\\/changhongchemical.com\\\/wp-content\\\/uploads\\\/2020\\\/08\\\/cropped-longchang-logo.png\",\"contentUrl\":\"https:\\\/\\\/changhongchemical.com\\\/wp-content\\\/uploads\\\/2020\\\/08\\\/cropped-longchang-logo.png\",\"width\":512,\"height\":512,\"caption\":\"Changhong Chemical\"},\"image\":{\"@id\":\"https:\\\/\\\/changhongchemical.com\\\/#\\\/schema\\\/logo\\\/image\\\/\"}}]}<\/script>\n<!-- \/ Yoast SEO plugin. -->","yoast_head_json":{"title":"K\u00edna CHLUMOFIUOR\u00ae CH-302 old\u00f3szer alap\u00fa k\u00e9tkomponens\u0171 fluorkarbon gyanta Gy\u00e1rt\u00f3 - Changhong Chemical","description":"CH-302 solvent-based two-component fluorocarbon resin is a product of copolymerization of trifluoroethylene chloride with vinyl ether and other functional...","robots":{"index":"index","follow":"follow","max-snippet":"max-snippet:-1","max-image-preview":"max-image-preview:large","max-video-preview":"max-video-preview:-1"},"canonical":"https:\/\/changhongchemical.com\/hu\/product\/ch-302\/","og_locale":"hu_HU","og_type":"article","og_title":"China CHLUMOFIUOR\u00ae CH-302 solvent-based two-component fluorocarbon resin Manufacturer - Changhong Chemical","og_description":"CH-302 solvent-based two-component fluorocarbon resin is a product of copolymerization of trifluoroethylene chloride with vinyl ether and other functional...","og_url":"https:\/\/changhongchemical.com\/hu\/product\/ch-302\/","og_site_name":"Changhong Chemical","article_modified_time":"2025-05-12T02:59:13+00:00","og_image":[{"width":600,"height":600,"url":"https:\/\/changhongchemical.com\/wp-content\/uploads\/2025\/03\/CH-302.jpg","type":"image\/jpeg"}],"twitter_card":"summary_large_image","twitter_misc":{"Becs\u00fclt olvas\u00e1si id\u0151":"1 perc"},"schema":{"@context":"https:\/\/schema.org","@graph":[{"@type":"WebPage","@id":"https:\/\/changhongchemical.com\/product\/ch-302\/","url":"https:\/\/changhongchemical.com\/product\/ch-302\/","name":"K\u00edna CHLUMOFIUOR\u00ae CH-302 old\u00f3szer alap\u00fa k\u00e9tkomponens\u0171 fluorkarbon gyanta Gy\u00e1rt\u00f3 - Changhong Chemical","isPartOf":{"@id":"https:\/\/changhongchemical.com\/#website"},"primaryImageOfPage":{"@id":"https:\/\/changhongchemical.com\/product\/ch-302\/#primaryimage"},"image":{"@id":"https:\/\/changhongchemical.com\/product\/ch-302\/#primaryimage"},"thumbnailUrl":"https:\/\/changhongchemical.com\/wp-content\/uploads\/2025\/03\/CH-302.jpg","datePublished":"2025-03-24T03:50:21+00:00","dateModified":"2025-05-12T02:59:13+00:00","description":"CH-302 solvent-based two-component fluorocarbon resin is a product of copolymerization of trifluoroethylene chloride with vinyl ether and other functional...","breadcrumb":{"@id":"https:\/\/changhongchemical.com\/product\/ch-302\/#breadcrumb"},"inLanguage":"hu","potentialAction":[{"@type":"ReadAction","target":["https:\/\/changhongchemical.com\/product\/ch-302\/"]}]},{"@type":"ImageObject","inLanguage":"hu","@id":"https:\/\/changhongchemical.com\/product\/ch-302\/#primaryimage","url":"https:\/\/changhongchemical.com\/wp-content\/uploads\/2025\/03\/CH-302.jpg","contentUrl":"https:\/\/changhongchemical.com\/wp-content\/uploads\/2025\/03\/CH-302.jpg","width":600,"height":600},{"@type":"BreadcrumbList","@id":"https:\/\/changhongchemical.com\/product\/ch-302\/#breadcrumb","itemListElement":[{"@type":"ListItem","position":1,"name":"Home","item":"https:\/\/changhongchemical.com\/"},{"@type":"ListItem","position":2,"name":"Products Changhong","item":"https:\/\/changhongchemical.com\/product\/"},{"@type":"ListItem","position":3,"name":"CHLUMOFIUOR\u00ae CH-302 solvent-based two-component fluorocarbon resin"}]},{"@type":"WebSite","@id":"https:\/\/changhongchemical.com\/#website","url":"https:\/\/changhongchemical.com\/","name":"Changhong Chemical","description":"K\u00edna k\u00e9miai gy\u00e1rt\u00f3 \uff06 sz\u00e1ll\u00edt\u00f3","publisher":{"@id":"https:\/\/changhongchemical.com\/#organization"},"potentialAction":[{"@type":"SearchAction","target":{"@type":"EntryPoint","urlTemplate":"https:\/\/changhongchemical.com\/?s={search_term_string}"},"query-input":{"@type":"PropertyValueSpecification","valueRequired":true,"valueName":"search_term_string"}}],"inLanguage":"hu"},{"@type":"Organization","@id":"https:\/\/changhongchemical.com\/#organization","name":"Changhong Chemical","url":"https:\/\/changhongchemical.com\/","logo":{"@type":"ImageObject","inLanguage":"hu","@id":"https:\/\/changhongchemical.com\/#\/schema\/logo\/image\/","url":"https:\/\/changhongchemical.com\/wp-content\/uploads\/2020\/08\/cropped-longchang-logo.png","contentUrl":"https:\/\/changhongchemical.com\/wp-content\/uploads\/2020\/08\/cropped-longchang-logo.png","width":512,"height":512,"caption":"Changhong Chemical"},"image":{"@id":"https:\/\/changhongchemical.com\/#\/schema\/logo\/image\/"}}]}},"_links":{"self":[{"href":"https:\/\/changhongchemical.com\/hu\/wp-json\/wp\/v2\/product\/8184","targetHints":{"allow":["GET"]}}],"collection":[{"href":"https:\/\/changhongchemical.com\/hu\/wp-json\/wp\/v2\/product"}],"about":[{"href":"https:\/\/changhongchemical.com\/hu\/wp-json\/wp\/v2\/types\/product"}],"replies":[{"embeddable":true,"href":"https:\/\/changhongchemical.com\/hu\/wp-json\/wp\/v2\/comments?post=8184"}],"wp:featuredmedia":[{"embeddable":true,"href":"https:\/\/changhongchemical.com\/hu\/wp-json\/wp\/v2\/media\/8185"}],"wp:attachment":[{"href":"https:\/\/changhongchemical.com\/hu\/wp-json\/wp\/v2\/media?parent=8184"}],"wp:term":[{"taxonomy":"product_brand","embeddable":true,"href":"https:\/\/changhongchemical.com\/hu\/wp-json\/wp\/v2\/product_brand?post=8184"},{"taxonomy":"product_cat","embeddable":true,"href":"https:\/\/changhongchemical.com\/hu\/wp-json\/wp\/v2\/product_cat?post=8184"},{"taxonomy":"product_tag","embeddable":true,"href":"https:\/\/changhongchemical.com\/hu\/wp-json\/wp\/v2\/product_tag?post=8184"}],"curies":[{"name":"wp","href":"https:\/\/api.w.org\/{rel}","templated":true}]}}