{"id":8175,"date":"2025-03-24T03:28:17","date_gmt":"2025-03-24T03:28:17","guid":{"rendered":"https:\/\/changhongchemical.com\/?post_type=product&#038;p=8175"},"modified":"2025-05-12T02:59:26","modified_gmt":"2025-05-12T02:59:26","slug":"ch-901-solvent-based-fluorosilicone-resin","status":"publish","type":"product","link":"https:\/\/changhongchemical.com\/hu\/product\/ch-901-solvent-based-fluorosilicone-resin\/","title":{"rendered":"CHLUMOFIUOR\u00ae CH-901 old\u00f3szer alap\u00fa fluorszilikon gyanta"},"content":{"rendered":"<p>Teljes\u00edtm\u00e9nyindex:<br \/>\nMegjelen\u00e9s: vil\u00e1goss\u00e1rga folyad\u00e9k<br \/>\nFluortartalom (%): 24\u00b11<br \/>\nSzil\u00e1rdanyag-tartalom (%): \u226550<br \/>\n\u00dcvegesed\u00e9si h\u0151m\u00e9rs\u00e9klet (\u00b0C): 35\u00b11<br \/>\nViszkozit\u00e1s (S): (23\u00b12\u00b0C, bevont-4 poh\u00e1r)<br \/>\nS\u0171r\u0171s\u00e9g (g\/ml): 1,1\u00b10,0520\u00b0C-on<br \/>\nHidroxil-\u00e9rt\u00e9k (mgKOH\/g): 23\u00b13<br \/>\nSav\u00e9rt\u00e9k (mgKOH\/g ): 3\u00b11<\/p>\n<p>A term\u00e9k jellemz\u0151i.<br \/>\nSzuper id\u0151j\u00e1r\u00e1s\u00e1ll\u00f3s\u00e1g, korr\u00f3zi\u00f3g\u00e1tl\u00f3, magas dekorat\u00edv, er\u0151s hidrof\u00f3bia, er\u0151s \u00f6ntisztul\u00e1s<br \/>\nAlkalmaz\u00e1si ter\u00fcletek: f\u0151k\u00e9nt a nagy teljes\u00edtm\u00e9ny\u0171 \u00f6ntisztul\u00f3 bevonatokban haszn\u00e1lj\u00e1k.<br \/>\nF\u0151leg a nagy teljes\u00edtm\u00e9ny\u0171 \u00f6ntisztul\u00f3 bevonatokban haszn\u00e1latos<br \/>\nCsomagol\u00e1s \u00e9s t\u00e1rol\u00e1s.<br \/>\nA csomagol\u00e1si specifik\u00e1ci\u00f3 200 kg\/dob. A term\u00e9ket z\u00e1rt tart\u00e1lyokban kell t\u00e1rolni, h\u0171v\u00f6s, sz\u00e1raz helyen kell elhelyezni, ker\u00fclni kell a v\u00edzzel \u00e9s g\u0151zzel val\u00f3 \u00e9rintkez\u00e9st, eltarthat\u00f3s\u00e1gi ideje egy \u00e9v.<\/p>\n<p>Egy\u00e9b n\u00e9v:<\/p>\n<p>Old\u00f3szeres fluorszilikon gyanta<\/p>\n<p>Fluorszilikon gyanta, old\u00f3szer alap\u00fa<\/p>\n<p>Old\u00f3szer - t\u00edpus\u00fa fluorszilikon gyanta<\/p>\n<p>Fluorszilikon gyanta old\u00f3szer alap\u00fa rendszer<\/p>\n<h2><strong><b>L\u00e9pjen kapcsolatba vel\u00fcnk most!<\/b><\/strong><\/h2>\n<h4><strong><b>Ha sz\u00fcks\u00e9ge van Price-ra, k\u00e9rj\u00fck, t\u00f6ltse ki el\u00e9rhet\u0151s\u00e9g\u00e9t az al\u00e1bbi \u0171rlapon, \u00e1ltal\u00e1ban 24 \u00f3r\u00e1n bel\u00fcl felvessz\u00fck \u00d6nnel a kapcsolatot. \u00d6n is k\u00fcldhet nekem e-mailt\u00a0<span style=\"color: #00ccff;\"><a style=\"color: #00ccff;\" href=\"mailto:info@changhongchemical.com\">info@changhongchemical.com<\/a><\/span>\u00a0munkaid\u0151ben ( 8:30-18:00 UTC+8 H.-Szombat ) vagy haszn\u00e1lja a weboldal \u00e9l\u0151 chatj\u00e9t, hogy azonnali v\u00e1laszt kapjon.<\/b><\/strong><\/h4>","protected":false},"excerpt":{"rendered":"<p>A CH-901 old\u00f3szer alap\u00fa fluorsilikongyanta a trifluoretil\u00e9n-klorid vinil\u00e9szterrel \u00e9s m\u00e1s funkcion\u00e1lis monomerekkel t\u00f6rt\u00e9n\u0151 kopolimeriz\u00e1ci\u00f3j\u00e1nak term\u00e9ke, amely szobah\u0151m\u00e9rs\u00e9kleten filmm\u00e9 kem\u00e9ny\u00edthet\u0151, \u00e9s k\u00f6zepes h\u0151m\u00e9rs\u00e9kleten s\u00fct\u00e9ssel fluorsz\u00e9ns\u00fct\u0151 fest\u00e9kk\u00e9 is alak\u00edthat\u00f3. Kiv\u00e1l\u00f3 id\u0151j\u00e1r\u00e1s\u00e1ll\u00f3s\u00e1ggal, korr\u00f3zi\u00f3\u00e1ll\u00f3s\u00e1ggal, k\u00e9miai ellen\u00e1ll\u00e1ssal, er\u0151s \u00f6ntisztul\u00e1ssal, er\u0151s hidrof\u00f3b tulajdons\u00e1gokkal, magas dekorat\u00edv tulajdons\u00e1gokkal rendelkezik, k\u00fcl\u00f6n\u00f6sen alkalmas ultra-\u00e1ll\u00f3 id\u0151j\u00e1r\u00e1s\u00e1ll\u00f3 ipari \u00e9s \u00e9p\u00edt\u00e9szeti bevonatok el\u0151\u00e1ll\u00edt\u00e1s\u00e1ra.<\/p>","protected":false},"featured_media":8176,"comment_status":"closed","ping_status":"closed","template":"","meta":[],"product_brand":[],"product_cat":[186],"product_tag":[],"class_list":{"0":"post-8175","1":"product","2":"type-product","3":"status-publish","4":"has-post-thumbnail","6":"product_cat-fluorocarbon-resin","8":"first","9":"instock","10":"shipping-taxable","11":"product-type-simple"},"yoast_head":"<!-- This site is optimized with the Yoast SEO plugin v23.3 - https:\/\/yoast.com\/wordpress\/plugins\/seo\/ -->\n<title>China CHLUMOFIUOR\u00ae CH-901 Solvent-based Fluorosilicone Resin Manufacturer - Changhong Chemical<\/title>\n<meta name=\"description\" content=\"CHLUMOFIUOR\u00ae CH-901 Solvent-based Fluorosilicone Resin is a key product of Changhong Chemical. We provide the best price. We are the leading manufacturer in China with the best quality and competitive price.\" \/>\n<meta name=\"robots\" content=\"index, follow, max-snippet:-1, max-image-preview:large, max-video-preview:-1\" \/>\n<link rel=\"canonical\" href=\"https:\/\/changhongchemical.com\/hu\/product\/ch-901-solvent-based-fluorosilicone-resin\/\" \/>\n<meta property=\"og:locale\" content=\"hu_HU\" \/>\n<meta property=\"og:type\" content=\"article\" \/>\n<meta property=\"og:title\" content=\"China CHLUMOFIUOR\u00ae CH-901 Solvent-based Fluorosilicone Resin Manufacturer - Changhong Chemical\" \/>\n<meta property=\"og:description\" content=\"CHLUMOFIUOR\u00ae CH-901 Solvent-based Fluorosilicone Resin is a key product of Changhong Chemical. We provide the best price. We are the leading manufacturer in China with the best quality and competitive price.\" \/>\n<meta property=\"og:url\" content=\"https:\/\/changhongchemical.com\/hu\/product\/ch-901-solvent-based-fluorosilicone-resin\/\" \/>\n<meta property=\"og:site_name\" content=\"Changhong Chemical\" \/>\n<meta property=\"article:modified_time\" content=\"2025-05-12T02:59:26+00:00\" \/>\n<meta property=\"og:image\" content=\"https:\/\/changhongchemical.com\/wp-content\/uploads\/2025\/03\/ch-901.jpg\" \/>\n\t<meta property=\"og:image:width\" content=\"600\" \/>\n\t<meta property=\"og:image:height\" content=\"600\" \/>\n\t<meta property=\"og:image:type\" content=\"image\/jpeg\" \/>\n<meta name=\"twitter:card\" content=\"summary_large_image\" \/>\n<meta name=\"twitter:label1\" content=\"Becs\u00fclt olvas\u00e1si id\u0151\" \/>\n\t<meta name=\"twitter:data1\" content=\"1 perc\" \/>\n<script type=\"application\/ld+json\" class=\"yoast-schema-graph\">{\"@context\":\"https:\/\/schema.org\",\"@graph\":[{\"@type\":\"WebPage\",\"@id\":\"https:\/\/changhongchemical.com\/product\/ch-901-solvent-based-fluorosilicone-resin\/\",\"url\":\"https:\/\/changhongchemical.com\/product\/ch-901-solvent-based-fluorosilicone-resin\/\",\"name\":\"China CHLUMOFIUOR\u00ae CH-901 Solvent-based Fluorosilicone Resin Manufacturer - Changhong Chemical\",\"isPartOf\":{\"@id\":\"https:\/\/changhongchemical.com\/#website\"},\"primaryImageOfPage\":{\"@id\":\"https:\/\/changhongchemical.com\/product\/ch-901-solvent-based-fluorosilicone-resin\/#primaryimage\"},\"image\":{\"@id\":\"https:\/\/changhongchemical.com\/product\/ch-901-solvent-based-fluorosilicone-resin\/#primaryimage\"},\"thumbnailUrl\":\"https:\/\/changhongchemical.com\/wp-content\/uploads\/2025\/03\/ch-901.jpg\",\"datePublished\":\"2025-03-24T03:28:17+00:00\",\"dateModified\":\"2025-05-12T02:59:26+00:00\",\"description\":\"CHLUMOFIUOR\u00ae CH-901 Solvent-based Fluorosilicone Resin is a key product of Changhong Chemical. We provide the best price. We are the leading manufacturer in China with the best quality and competitive price.\",\"breadcrumb\":{\"@id\":\"https:\/\/changhongchemical.com\/product\/ch-901-solvent-based-fluorosilicone-resin\/#breadcrumb\"},\"inLanguage\":\"hu\",\"potentialAction\":[{\"@type\":\"ReadAction\",\"target\":[\"https:\/\/changhongchemical.com\/product\/ch-901-solvent-based-fluorosilicone-resin\/\"]}]},{\"@type\":\"ImageObject\",\"inLanguage\":\"hu\",\"@id\":\"https:\/\/changhongchemical.com\/product\/ch-901-solvent-based-fluorosilicone-resin\/#primaryimage\",\"url\":\"https:\/\/changhongchemical.com\/wp-content\/uploads\/2025\/03\/ch-901.jpg\",\"contentUrl\":\"https:\/\/changhongchemical.com\/wp-content\/uploads\/2025\/03\/ch-901.jpg\",\"width\":600,\"height\":600},{\"@type\":\"BreadcrumbList\",\"@id\":\"https:\/\/changhongchemical.com\/product\/ch-901-solvent-based-fluorosilicone-resin\/#breadcrumb\",\"itemListElement\":[{\"@type\":\"ListItem\",\"position\":1,\"name\":\"Home\",\"item\":\"https:\/\/changhongchemical.com\/\"},{\"@type\":\"ListItem\",\"position\":2,\"name\":\"Products Changhong\",\"item\":\"https:\/\/changhongchemical.com\/product\/\"},{\"@type\":\"ListItem\",\"position\":3,\"name\":\"CHLUMOFIUOR\u00ae CH-901 Solvent-based Fluorosilicone Resin\"}]},{\"@type\":\"WebSite\",\"@id\":\"https:\/\/changhongchemical.com\/#website\",\"url\":\"https:\/\/changhongchemical.com\/\",\"name\":\"Changhong Chemical\",\"description\":\"China chemical manufacturer \uff06 supplier\",\"publisher\":{\"@id\":\"https:\/\/changhongchemical.com\/#organization\"},\"potentialAction\":[{\"@type\":\"SearchAction\",\"target\":{\"@type\":\"EntryPoint\",\"urlTemplate\":\"https:\/\/changhongchemical.com\/?s={search_term_string}\"},\"query-input\":\"required name=search_term_string\"}],\"inLanguage\":\"hu\"},{\"@type\":\"Organization\",\"@id\":\"https:\/\/changhongchemical.com\/#organization\",\"name\":\"Changhong Chemical\",\"url\":\"https:\/\/changhongchemical.com\/\",\"logo\":{\"@type\":\"ImageObject\",\"inLanguage\":\"hu\",\"@id\":\"https:\/\/changhongchemical.com\/#\/schema\/logo\/image\/\",\"url\":\"https:\/\/changhongchemical.com\/wp-content\/uploads\/2020\/08\/cropped-longchang-logo.png\",\"contentUrl\":\"https:\/\/changhongchemical.com\/wp-content\/uploads\/2020\/08\/cropped-longchang-logo.png\",\"width\":512,\"height\":512,\"caption\":\"Changhong Chemical\"},\"image\":{\"@id\":\"https:\/\/changhongchemical.com\/#\/schema\/logo\/image\/\"}}]}<\/script>\n<!-- \/ Yoast SEO plugin. -->","yoast_head_json":{"title":"K\u00edna CHLUMOFIUOR\u00ae CH-901 old\u00f3szer alap\u00fa fluorszilikon gyanta Gy\u00e1rt\u00f3 - Changhong Chemical","description":"A CHLUMOFIUOR\u00ae CH-901 old\u00f3szer alap\u00fa fluorszilikon gyanta a Changhong Chemical egyik legfontosabb term\u00e9ke. A legjobb \u00e1rat biztos\u00edtjuk. Mi vagyunk a vezet\u0151 gy\u00e1rt\u00f3 K\u00edn\u00e1ban a legjobb min\u0151s\u00e9ggel \u00e9s versenyk\u00e9pes \u00e1rral.","robots":{"index":"index","follow":"follow","max-snippet":"max-snippet:-1","max-image-preview":"max-image-preview:large","max-video-preview":"max-video-preview:-1"},"canonical":"https:\/\/changhongchemical.com\/hu\/product\/ch-901-solvent-based-fluorosilicone-resin\/","og_locale":"hu_HU","og_type":"article","og_title":"China CHLUMOFIUOR\u00ae CH-901 Solvent-based Fluorosilicone Resin Manufacturer - Changhong Chemical","og_description":"CHLUMOFIUOR\u00ae CH-901 Solvent-based Fluorosilicone Resin is a key product of Changhong Chemical. We provide the best price. We are the leading manufacturer in China with the best quality and competitive price.","og_url":"https:\/\/changhongchemical.com\/hu\/product\/ch-901-solvent-based-fluorosilicone-resin\/","og_site_name":"Changhong Chemical","article_modified_time":"2025-05-12T02:59:26+00:00","og_image":[{"width":600,"height":600,"url":"https:\/\/changhongchemical.com\/wp-content\/uploads\/2025\/03\/ch-901.jpg","type":"image\/jpeg"}],"twitter_card":"summary_large_image","twitter_misc":{"Becs\u00fclt olvas\u00e1si id\u0151":"1 perc"},"schema":{"@context":"https:\/\/schema.org","@graph":[{"@type":"WebPage","@id":"https:\/\/changhongchemical.com\/product\/ch-901-solvent-based-fluorosilicone-resin\/","url":"https:\/\/changhongchemical.com\/product\/ch-901-solvent-based-fluorosilicone-resin\/","name":"K\u00edna CHLUMOFIUOR\u00ae CH-901 old\u00f3szer alap\u00fa fluorszilikon gyanta Gy\u00e1rt\u00f3 - Changhong Chemical","isPartOf":{"@id":"https:\/\/changhongchemical.com\/#website"},"primaryImageOfPage":{"@id":"https:\/\/changhongchemical.com\/product\/ch-901-solvent-based-fluorosilicone-resin\/#primaryimage"},"image":{"@id":"https:\/\/changhongchemical.com\/product\/ch-901-solvent-based-fluorosilicone-resin\/#primaryimage"},"thumbnailUrl":"https:\/\/changhongchemical.com\/wp-content\/uploads\/2025\/03\/ch-901.jpg","datePublished":"2025-03-24T03:28:17+00:00","dateModified":"2025-05-12T02:59:26+00:00","description":"A CHLUMOFIUOR\u00ae CH-901 old\u00f3szer alap\u00fa fluorszilikon gyanta a Changhong Chemical egyik legfontosabb term\u00e9ke. A legjobb \u00e1rat biztos\u00edtjuk. Mi vagyunk a vezet\u0151 gy\u00e1rt\u00f3 K\u00edn\u00e1ban a legjobb min\u0151s\u00e9ggel \u00e9s versenyk\u00e9pes \u00e1rral.","breadcrumb":{"@id":"https:\/\/changhongchemical.com\/product\/ch-901-solvent-based-fluorosilicone-resin\/#breadcrumb"},"inLanguage":"hu","potentialAction":[{"@type":"ReadAction","target":["https:\/\/changhongchemical.com\/product\/ch-901-solvent-based-fluorosilicone-resin\/"]}]},{"@type":"ImageObject","inLanguage":"hu","@id":"https:\/\/changhongchemical.com\/product\/ch-901-solvent-based-fluorosilicone-resin\/#primaryimage","url":"https:\/\/changhongchemical.com\/wp-content\/uploads\/2025\/03\/ch-901.jpg","contentUrl":"https:\/\/changhongchemical.com\/wp-content\/uploads\/2025\/03\/ch-901.jpg","width":600,"height":600},{"@type":"BreadcrumbList","@id":"https:\/\/changhongchemical.com\/product\/ch-901-solvent-based-fluorosilicone-resin\/#breadcrumb","itemListElement":[{"@type":"ListItem","position":1,"name":"Home","item":"https:\/\/changhongchemical.com\/"},{"@type":"ListItem","position":2,"name":"Products Changhong","item":"https:\/\/changhongchemical.com\/product\/"},{"@type":"ListItem","position":3,"name":"CHLUMOFIUOR\u00ae CH-901 Solvent-based Fluorosilicone Resin"}]},{"@type":"WebSite","@id":"https:\/\/changhongchemical.com\/#website","url":"https:\/\/changhongchemical.com\/","name":"Changhong Chemical","description":"K\u00edna k\u00e9miai gy\u00e1rt\u00f3 \uff06 sz\u00e1ll\u00edt\u00f3","publisher":{"@id":"https:\/\/changhongchemical.com\/#organization"},"potentialAction":[{"@type":"SearchAction","target":{"@type":"EntryPoint","urlTemplate":"https:\/\/changhongchemical.com\/?s={search_term_string}"},"query-input":"required name=search_term_string"}],"inLanguage":"hu"},{"@type":"Organization","@id":"https:\/\/changhongchemical.com\/#organization","name":"Changhong Chemical","url":"https:\/\/changhongchemical.com\/","logo":{"@type":"ImageObject","inLanguage":"hu","@id":"https:\/\/changhongchemical.com\/#\/schema\/logo\/image\/","url":"https:\/\/changhongchemical.com\/wp-content\/uploads\/2020\/08\/cropped-longchang-logo.png","contentUrl":"https:\/\/changhongchemical.com\/wp-content\/uploads\/2020\/08\/cropped-longchang-logo.png","width":512,"height":512,"caption":"Changhong Chemical"},"image":{"@id":"https:\/\/changhongchemical.com\/#\/schema\/logo\/image\/"}}]}},"_links":{"self":[{"href":"https:\/\/changhongchemical.com\/hu\/wp-json\/wp\/v2\/product\/8175","targetHints":{"allow":["GET"]}}],"collection":[{"href":"https:\/\/changhongchemical.com\/hu\/wp-json\/wp\/v2\/product"}],"about":[{"href":"https:\/\/changhongchemical.com\/hu\/wp-json\/wp\/v2\/types\/product"}],"replies":[{"embeddable":true,"href":"https:\/\/changhongchemical.com\/hu\/wp-json\/wp\/v2\/comments?post=8175"}],"wp:featuredmedia":[{"embeddable":true,"href":"https:\/\/changhongchemical.com\/hu\/wp-json\/wp\/v2\/media\/8176"}],"wp:attachment":[{"href":"https:\/\/changhongchemical.com\/hu\/wp-json\/wp\/v2\/media?parent=8175"}],"wp:term":[{"taxonomy":"product_brand","embeddable":true,"href":"https:\/\/changhongchemical.com\/hu\/wp-json\/wp\/v2\/product_brand?post=8175"},{"taxonomy":"product_cat","embeddable":true,"href":"https:\/\/changhongchemical.com\/hu\/wp-json\/wp\/v2\/product_cat?post=8175"},{"taxonomy":"product_tag","embeddable":true,"href":"https:\/\/changhongchemical.com\/hu\/wp-json\/wp\/v2\/product_tag?post=8175"}],"curies":[{"name":"wp","href":"https:\/\/api.w.org\/{rel}","templated":true}]}}