{"id":8156,"date":"2025-03-24T02:21:21","date_gmt":"2025-03-24T02:21:21","guid":{"rendered":"https:\/\/changhongchemical.com\/?post_type=product&#038;p=8156"},"modified":"2025-04-01T02:15:42","modified_gmt":"2025-04-01T02:15:42","slug":"ch-903","status":"publish","type":"product","link":"https:\/\/changhongchemical.com\/hu\/product\/ch-903\/","title":{"rendered":"CHLUMOFIUOR\u00ae CH-903 Fluorozott akril\u00e1tot tartalmaz\u00f3 v\u00edzb\u00e1zis\u00fa fluorsilikongyanta"},"content":{"rendered":"<p>CH-903 Fluorozott akril\u00e1tot tartalmaz\u00f3, v\u00edzb\u00e1zis\u00fa fluorsilikongyanta<\/p>\n<p>&nbsp;<\/p>\n<p><b><strong>Teljes\u00edtm\u00e9nymutat\u00f3k:<\/strong><\/b><\/p>\n<p>Megjelen\u00e9s: tejfeh\u00e9r folyad\u00e9k<\/p>\n<p>Fluortartalom (%): 10\u00b11<\/p>\n<p>Szil\u00e1rds\u00e1gtartalom (%): 45\u00b12<\/p>\n<p>\u00dcvegesed\u00e9si h\u0151m\u00e9rs\u00e9klet (\u00b0C): 35<\/p>\n<p>S\u0171r\u0171s\u00e9g (g\/ml): 1,1\u00b10,0520\u00b0C-on<\/p>\n<p>Hidroxil-\u00e9rt\u00e9k (mgKOH\/g): 115\u00b15<\/p>\n<p>pH-\u00e9rt\u00e9k: 7,0-9,0<\/p>\n<p>Ionikus tulajdons\u00e1g: anion<\/p>\n<p><b><strong>A term\u00e9k jellemz\u0151i:<\/strong><\/b><\/p>\n<p>magas id\u0151j\u00e1r\u00e1s\u00e1ll\u00f3s\u00e1g \u00e9s folt\u00e1ll\u00f3s\u00e1g; magas f\u00e9ny\u0171, nem s\u00e1rgul, nagy kem\u00e9nys\u00e9g\u0171, kop\u00e1s\u00e1ll\u00f3s\u00e1g\u00fa, j\u00f3 v\u00edz- \u00e9s olajtasz\u00edt\u00f3 k\u00e9pess\u00e9ggel rendelkezik<\/p>\n<p><b><strong>Alkalmaz\u00e1si ter\u00fcletek:<\/strong><\/b><\/p>\n<p>f\u0151k\u00e9nt a nagy teljes\u00edtm\u00e9ny\u0171 \u00f6ntisztul\u00f3 bevonatokban haszn\u00e1latosak<\/p>\n<p><b><strong>Csomagol\u00e1s \u00e9s t\u00e1rol\u00e1s:<\/strong><\/b><\/p>\n<p>Ez a term\u00e9k 200 kg\/hord\u00f3 kiszerel\u00e9sben ker\u00fcl kiszerel\u00e9sre. A term\u00e9ket l\u00e9gmentesen z\u00e1r\u00f3d\u00f3 tart\u00e1lyokban, fagy\u00e1st\u00f3l \u00e9s magas h\u0151m\u00e9rs\u00e9klett\u0151l v\u00e9dve kell t\u00e1rolni. A t\u00e1rol\u00e1si h\u0151m\u00e9rs\u00e9klet 5 ~ 30 \u2103, a t\u00e1rolhat\u00f3s\u00e1gi id\u0151 egy \u00e9v.<\/p>\n<h2><strong><b>L\u00e9pjen kapcsolatba vel\u00fcnk most!<\/b><\/strong><\/h2>\n<h4><strong><b>Ha sz\u00fcks\u00e9ge van Price-ra, k\u00e9rj\u00fck, t\u00f6ltse ki el\u00e9rhet\u0151s\u00e9g\u00e9t az al\u00e1bbi \u0171rlapon, \u00e1ltal\u00e1ban 24 \u00f3r\u00e1n bel\u00fcl felvessz\u00fck \u00d6nnel a kapcsolatot. \u00d6n is k\u00fcldhet nekem e-mailt <a href=\"mailto:info@changhongchemical.com\"><span style=\"color: #00ccff;\">info@changhongchemical.com<\/span><\/a>\u00a0munkaid\u0151ben ( 8:30-18:00 UTC+8 H.-Szombat ) vagy haszn\u00e1lja a weboldal \u00e9l\u0151 chatj\u00e9t, hogy azonnali v\u00e1laszt kapjon.<\/b><\/strong><\/h4>","protected":false},"excerpt":{"rendered":"<p>A CH-903 fluorozott akril\u00e1tot tartalmaz\u00f3, v\u00edzb\u00e1zis\u00fa fluorozott szilikongyanta hidroxifunkci\u00f3s fluorozott akril\u00e1tot tartalmaz\u00f3, v\u00edzb\u00e1zis\u00fa fluorozott szilikongyanta, amelyet speci\u00e1lis f\u00e1zistranszfer-technol\u00f3gi\u00e1val \u00e1ll\u00edtanak el\u0151. Kem\u00e9nyed\u00e9s ut\u00e1n ugyanolyan tulajdons\u00e1gokkal rendelkezik, mint az old\u00f3szeres term\u00e9kek. Vizes izocian\u00e1t kem\u00e9ny\u00edt\u0151vel k\u00e9tkomponens\u0171 rendszer vagy amin\u00f3gyant\u00e1val egykomponens\u0171 s\u00fct\u0151rendszer kialak\u00edt\u00e1s\u00e1ra haszn\u00e1lhat\u00f3. Az ezzel a term\u00e9kkel k\u00e9sz\u00edtett vizes bevonatok magas id\u0151j\u00e1r\u00e1s- \u00e9s folt\u00e1ll\u00f3s\u00e1ggal, s\u00e1rgul\u00e1s n\u00e9lk\u00fcli magas f\u00e9nyess\u00e9ggel, nagy kem\u00e9nys\u00e9ggel \u00e9s j\u00f3 kop\u00e1s\u00e1ll\u00f3s\u00e1ggal, valamint j\u00f3 v\u00edz- \u00e9s olajtasz\u00edt\u00f3 k\u00e9pess\u00e9ggel rendelkeznek.<\/p>","protected":false},"featured_media":8157,"comment_status":"closed","ping_status":"closed","template":"","meta":[],"product_brand":[],"product_cat":[186],"product_tag":[],"class_list":{"0":"post-8156","1":"product","2":"type-product","3":"status-publish","4":"has-post-thumbnail","6":"product_cat-fluorocarbon-resin","8":"first","9":"instock","10":"shipping-taxable","11":"product-type-simple"},"yoast_head":"<!-- This site is optimized with the Yoast SEO plugin v27.4 - https:\/\/yoast.com\/product\/yoast-seo-wordpress\/ -->\n<title>China CHLUMOFIUOR\u00ae CH-903 Water-based fluorosilicone resin containing fluorinated acrylate Manufacturer - Changhong Chemical<\/title>\n<meta name=\"description\" content=\"CH-903 water-based fluorosilicone resin containing fluorinated acrylate is a water-based fluorosilicone resin containing hydroxy-functional fluorinated...\" \/>\n<meta name=\"robots\" content=\"index, follow, max-snippet:-1, max-image-preview:large, max-video-preview:-1\" \/>\n<link rel=\"canonical\" href=\"https:\/\/changhongchemical.com\/hu\/product\/ch-903\/\" \/>\n<meta property=\"og:locale\" content=\"hu_HU\" \/>\n<meta property=\"og:type\" content=\"article\" \/>\n<meta property=\"og:title\" content=\"China CHLUMOFIUOR\u00ae CH-903 Water-based fluorosilicone resin containing fluorinated acrylate Manufacturer - Changhong Chemical\" \/>\n<meta property=\"og:description\" content=\"CH-903 water-based fluorosilicone resin containing fluorinated acrylate is a water-based fluorosilicone resin containing hydroxy-functional fluorinated...\" \/>\n<meta property=\"og:url\" content=\"https:\/\/changhongchemical.com\/hu\/product\/ch-903\/\" \/>\n<meta property=\"og:site_name\" content=\"Changhong Chemical\" \/>\n<meta property=\"article:modified_time\" content=\"2025-04-01T02:15:42+00:00\" \/>\n<meta property=\"og:image\" content=\"https:\/\/changhongchemical.com\/wp-content\/uploads\/2025\/03\/CH-903-Water-based-fluorosilicone-resin-containing-fluorinated-acrylate.jpg\" \/>\n\t<meta property=\"og:image:width\" content=\"600\" \/>\n\t<meta property=\"og:image:height\" content=\"600\" \/>\n\t<meta property=\"og:image:type\" content=\"image\/jpeg\" \/>\n<meta name=\"twitter:card\" content=\"summary_large_image\" \/>\n<meta name=\"twitter:label1\" content=\"Becs\u00fclt olvas\u00e1si id\u0151\" \/>\n\t<meta name=\"twitter:data1\" content=\"1 perc\" \/>\n<script type=\"application\/ld+json\" class=\"yoast-schema-graph\">{\"@context\":\"https:\\\/\\\/schema.org\",\"@graph\":[{\"@type\":\"WebPage\",\"@id\":\"https:\\\/\\\/changhongchemical.com\\\/product\\\/ch-903\\\/\",\"url\":\"https:\\\/\\\/changhongchemical.com\\\/product\\\/ch-903\\\/\",\"name\":\"China CHLUMOFIUOR\u00ae CH-903 Water-based fluorosilicone resin containing fluorinated acrylate Manufacturer - Changhong Chemical\",\"isPartOf\":{\"@id\":\"https:\\\/\\\/changhongchemical.com\\\/#website\"},\"primaryImageOfPage\":{\"@id\":\"https:\\\/\\\/changhongchemical.com\\\/product\\\/ch-903\\\/#primaryimage\"},\"image\":{\"@id\":\"https:\\\/\\\/changhongchemical.com\\\/product\\\/ch-903\\\/#primaryimage\"},\"thumbnailUrl\":\"https:\\\/\\\/changhongchemical.com\\\/wp-content\\\/uploads\\\/2025\\\/03\\\/CH-903-Water-based-fluorosilicone-resin-containing-fluorinated-acrylate.jpg\",\"datePublished\":\"2025-03-24T02:21:21+00:00\",\"dateModified\":\"2025-04-01T02:15:42+00:00\",\"description\":\"CH-903 water-based fluorosilicone resin containing fluorinated acrylate is a water-based fluorosilicone resin containing hydroxy-functional fluorinated...\",\"breadcrumb\":{\"@id\":\"https:\\\/\\\/changhongchemical.com\\\/product\\\/ch-903\\\/#breadcrumb\"},\"inLanguage\":\"hu\",\"potentialAction\":[{\"@type\":\"ReadAction\",\"target\":[\"https:\\\/\\\/changhongchemical.com\\\/product\\\/ch-903\\\/\"]}]},{\"@type\":\"ImageObject\",\"inLanguage\":\"hu\",\"@id\":\"https:\\\/\\\/changhongchemical.com\\\/product\\\/ch-903\\\/#primaryimage\",\"url\":\"https:\\\/\\\/changhongchemical.com\\\/wp-content\\\/uploads\\\/2025\\\/03\\\/CH-903-Water-based-fluorosilicone-resin-containing-fluorinated-acrylate.jpg\",\"contentUrl\":\"https:\\\/\\\/changhongchemical.com\\\/wp-content\\\/uploads\\\/2025\\\/03\\\/CH-903-Water-based-fluorosilicone-resin-containing-fluorinated-acrylate.jpg\",\"width\":600,\"height\":600,\"caption\":\"CH-903-Water-based-fluorosilicone-resin-containing-fluorinated-acrylate\"},{\"@type\":\"BreadcrumbList\",\"@id\":\"https:\\\/\\\/changhongchemical.com\\\/product\\\/ch-903\\\/#breadcrumb\",\"itemListElement\":[{\"@type\":\"ListItem\",\"position\":1,\"name\":\"Home\",\"item\":\"https:\\\/\\\/changhongchemical.com\\\/\"},{\"@type\":\"ListItem\",\"position\":2,\"name\":\"Products Changhong\",\"item\":\"https:\\\/\\\/changhongchemical.com\\\/product\\\/\"},{\"@type\":\"ListItem\",\"position\":3,\"name\":\"CHLUMOFIUOR\u00ae CH-903 Water-based fluorosilicone resin containing fluorinated acrylate\"}]},{\"@type\":\"WebSite\",\"@id\":\"https:\\\/\\\/changhongchemical.com\\\/#website\",\"url\":\"https:\\\/\\\/changhongchemical.com\\\/\",\"name\":\"Changhong Chemical\",\"description\":\"China chemical manufacturer \uff06 supplier\",\"publisher\":{\"@id\":\"https:\\\/\\\/changhongchemical.com\\\/#organization\"},\"potentialAction\":[{\"@type\":\"SearchAction\",\"target\":{\"@type\":\"EntryPoint\",\"urlTemplate\":\"https:\\\/\\\/changhongchemical.com\\\/?s={search_term_string}\"},\"query-input\":{\"@type\":\"PropertyValueSpecification\",\"valueRequired\":true,\"valueName\":\"search_term_string\"}}],\"inLanguage\":\"hu\"},{\"@type\":\"Organization\",\"@id\":\"https:\\\/\\\/changhongchemical.com\\\/#organization\",\"name\":\"Changhong Chemical\",\"url\":\"https:\\\/\\\/changhongchemical.com\\\/\",\"logo\":{\"@type\":\"ImageObject\",\"inLanguage\":\"hu\",\"@id\":\"https:\\\/\\\/changhongchemical.com\\\/#\\\/schema\\\/logo\\\/image\\\/\",\"url\":\"https:\\\/\\\/changhongchemical.com\\\/wp-content\\\/uploads\\\/2020\\\/08\\\/cropped-longchang-logo.png\",\"contentUrl\":\"https:\\\/\\\/changhongchemical.com\\\/wp-content\\\/uploads\\\/2020\\\/08\\\/cropped-longchang-logo.png\",\"width\":512,\"height\":512,\"caption\":\"Changhong Chemical\"},\"image\":{\"@id\":\"https:\\\/\\\/changhongchemical.com\\\/#\\\/schema\\\/logo\\\/image\\\/\"}}]}<\/script>\n<!-- \/ Yoast SEO plugin. -->","yoast_head_json":{"title":"K\u00edna CHLUMOFIUOR\u00ae CH-903 fluorozott akril\u00e1tot tartalmaz\u00f3 v\u00edzb\u00e1zis\u00fa fluorozott akril\u00e1tot tartalmaz\u00f3 fluorszilikongyanta Gy\u00e1rt\u00f3 - Changhong Chemical","description":"CH-903 water-based fluorosilicone resin containing fluorinated acrylate is a water-based fluorosilicone resin containing hydroxy-functional fluorinated...","robots":{"index":"index","follow":"follow","max-snippet":"max-snippet:-1","max-image-preview":"max-image-preview:large","max-video-preview":"max-video-preview:-1"},"canonical":"https:\/\/changhongchemical.com\/hu\/product\/ch-903\/","og_locale":"hu_HU","og_type":"article","og_title":"China CHLUMOFIUOR\u00ae CH-903 Water-based fluorosilicone resin containing fluorinated acrylate Manufacturer - Changhong Chemical","og_description":"CH-903 water-based fluorosilicone resin containing fluorinated acrylate is a water-based fluorosilicone resin containing hydroxy-functional fluorinated...","og_url":"https:\/\/changhongchemical.com\/hu\/product\/ch-903\/","og_site_name":"Changhong Chemical","article_modified_time":"2025-04-01T02:15:42+00:00","og_image":[{"width":600,"height":600,"url":"https:\/\/changhongchemical.com\/wp-content\/uploads\/2025\/03\/CH-903-Water-based-fluorosilicone-resin-containing-fluorinated-acrylate.jpg","type":"image\/jpeg"}],"twitter_card":"summary_large_image","twitter_misc":{"Becs\u00fclt olvas\u00e1si id\u0151":"1 perc"},"schema":{"@context":"https:\/\/schema.org","@graph":[{"@type":"WebPage","@id":"https:\/\/changhongchemical.com\/product\/ch-903\/","url":"https:\/\/changhongchemical.com\/product\/ch-903\/","name":"K\u00edna CHLUMOFIUOR\u00ae CH-903 fluorozott akril\u00e1tot tartalmaz\u00f3 v\u00edzb\u00e1zis\u00fa fluorozott akril\u00e1tot tartalmaz\u00f3 fluorszilikongyanta Gy\u00e1rt\u00f3 - Changhong Chemical","isPartOf":{"@id":"https:\/\/changhongchemical.com\/#website"},"primaryImageOfPage":{"@id":"https:\/\/changhongchemical.com\/product\/ch-903\/#primaryimage"},"image":{"@id":"https:\/\/changhongchemical.com\/product\/ch-903\/#primaryimage"},"thumbnailUrl":"https:\/\/changhongchemical.com\/wp-content\/uploads\/2025\/03\/CH-903-Water-based-fluorosilicone-resin-containing-fluorinated-acrylate.jpg","datePublished":"2025-03-24T02:21:21+00:00","dateModified":"2025-04-01T02:15:42+00:00","description":"CH-903 water-based fluorosilicone resin containing fluorinated acrylate is a water-based fluorosilicone resin containing hydroxy-functional fluorinated...","breadcrumb":{"@id":"https:\/\/changhongchemical.com\/product\/ch-903\/#breadcrumb"},"inLanguage":"hu","potentialAction":[{"@type":"ReadAction","target":["https:\/\/changhongchemical.com\/product\/ch-903\/"]}]},{"@type":"ImageObject","inLanguage":"hu","@id":"https:\/\/changhongchemical.com\/product\/ch-903\/#primaryimage","url":"https:\/\/changhongchemical.com\/wp-content\/uploads\/2025\/03\/CH-903-Water-based-fluorosilicone-resin-containing-fluorinated-acrylate.jpg","contentUrl":"https:\/\/changhongchemical.com\/wp-content\/uploads\/2025\/03\/CH-903-Water-based-fluorosilicone-resin-containing-fluorinated-acrylate.jpg","width":600,"height":600,"caption":"CH-903-Water-based-fluorosilicone-resin-containing-fluorinated-acrylate"},{"@type":"BreadcrumbList","@id":"https:\/\/changhongchemical.com\/product\/ch-903\/#breadcrumb","itemListElement":[{"@type":"ListItem","position":1,"name":"Home","item":"https:\/\/changhongchemical.com\/"},{"@type":"ListItem","position":2,"name":"Products Changhong","item":"https:\/\/changhongchemical.com\/product\/"},{"@type":"ListItem","position":3,"name":"CHLUMOFIUOR\u00ae CH-903 Water-based fluorosilicone resin containing fluorinated acrylate"}]},{"@type":"WebSite","@id":"https:\/\/changhongchemical.com\/#website","url":"https:\/\/changhongchemical.com\/","name":"Changhong Chemical","description":"K\u00edna k\u00e9miai gy\u00e1rt\u00f3 \uff06 sz\u00e1ll\u00edt\u00f3","publisher":{"@id":"https:\/\/changhongchemical.com\/#organization"},"potentialAction":[{"@type":"SearchAction","target":{"@type":"EntryPoint","urlTemplate":"https:\/\/changhongchemical.com\/?s={search_term_string}"},"query-input":{"@type":"PropertyValueSpecification","valueRequired":true,"valueName":"search_term_string"}}],"inLanguage":"hu"},{"@type":"Organization","@id":"https:\/\/changhongchemical.com\/#organization","name":"Changhong Chemical","url":"https:\/\/changhongchemical.com\/","logo":{"@type":"ImageObject","inLanguage":"hu","@id":"https:\/\/changhongchemical.com\/#\/schema\/logo\/image\/","url":"https:\/\/changhongchemical.com\/wp-content\/uploads\/2020\/08\/cropped-longchang-logo.png","contentUrl":"https:\/\/changhongchemical.com\/wp-content\/uploads\/2020\/08\/cropped-longchang-logo.png","width":512,"height":512,"caption":"Changhong Chemical"},"image":{"@id":"https:\/\/changhongchemical.com\/#\/schema\/logo\/image\/"}}]}},"_links":{"self":[{"href":"https:\/\/changhongchemical.com\/hu\/wp-json\/wp\/v2\/product\/8156","targetHints":{"allow":["GET"]}}],"collection":[{"href":"https:\/\/changhongchemical.com\/hu\/wp-json\/wp\/v2\/product"}],"about":[{"href":"https:\/\/changhongchemical.com\/hu\/wp-json\/wp\/v2\/types\/product"}],"replies":[{"embeddable":true,"href":"https:\/\/changhongchemical.com\/hu\/wp-json\/wp\/v2\/comments?post=8156"}],"wp:featuredmedia":[{"embeddable":true,"href":"https:\/\/changhongchemical.com\/hu\/wp-json\/wp\/v2\/media\/8157"}],"wp:attachment":[{"href":"https:\/\/changhongchemical.com\/hu\/wp-json\/wp\/v2\/media?parent=8156"}],"wp:term":[{"taxonomy":"product_brand","embeddable":true,"href":"https:\/\/changhongchemical.com\/hu\/wp-json\/wp\/v2\/product_brand?post=8156"},{"taxonomy":"product_cat","embeddable":true,"href":"https:\/\/changhongchemical.com\/hu\/wp-json\/wp\/v2\/product_cat?post=8156"},{"taxonomy":"product_tag","embeddable":true,"href":"https:\/\/changhongchemical.com\/hu\/wp-json\/wp\/v2\/product_tag?post=8156"}],"curies":[{"name":"wp","href":"https:\/\/api.w.org\/{rel}","templated":true}]}}