{"id":6091,"date":"2023-05-14T13:59:58","date_gmt":"2023-05-14T13:59:58","guid":{"rendered":"https:\/\/changhongchemical.com\/?post_type=product&#038;p=6091"},"modified":"2026-04-24T01:40:46","modified_gmt":"2026-04-24T01:40:46","slug":"lcsorb-bp-9-cas-76656-36-5","status":"publish","type":"product","link":"https:\/\/changhongchemical.com\/hu\/product\/lcsorb-bp-9-cas-76656-36-5\/","title":{"rendered":"CHLUMIUV\u00ae BP-9 CAS 76656-36-5"},"content":{"rendered":"<table style=\"border-collapse: collapse; width: 216.78pt;\" border=\"0\" width=\"289\" cellspacing=\"0\" cellpadding=\"0\">\n<tbody>\n<tr style=\"height: 13.50pt;\">\n<td class=\"et2\" style=\"height: 13.50pt; width: 76.50pt;\" width=\"102\" height=\"18\">Megjelen\u00e9s<\/td>\n<td class=\"et3\" style=\"width: 140.25pt;\" width=\"187\">Vil\u00e1goss\u00e1rga por<\/td>\n<\/tr>\n<tr style=\"height: 13.50pt;\">\n<td class=\"et2\" style=\"height: 13.50pt;\" height=\"18\">Tartalom<\/td>\n<td class=\"et3\">\u226595%<\/td>\n<\/tr>\n<tr style=\"height: 13.50pt;\">\n<td class=\"et2\" style=\"height: 13.50pt;\" height=\"18\">Nedvess\u00e9g<\/td>\n<td class=\"et3\">\u2264 2%<\/td>\n<\/tr>\n<tr style=\"height: 13.50pt;\">\n<td class=\"et4\" style=\"height: 13.50pt;\" height=\"18\">K \u00e9rt\u00e9k<\/td>\n<td class=\"et3\">\u226521.5<\/td>\n<\/tr>\n<\/tbody>\n<\/table>\n<h2><strong>BP-9 Haszn\u00e1lat<\/strong><\/h2>\n<p>Kiv\u00e1l\u00f3 v\u00edzoldhat\u00f3 UV-abszorber, melynek abszorpci\u00f3s hull\u00e1mhossza 280-320 nm, sz\u00e9les k\u00f6rben haszn\u00e1lj\u00e1k v\u00edzoldhat\u00f3 kozmetikumokban, v\u00edzoldhat\u00f3 fest\u00e9kekben, bevonatokban \u00e9s fest\u00e9kekben.<\/p>\n<h2><strong>L\u00e9pjen kapcsolatba vel\u00fcnk most!<\/strong><\/h2>\n<p><strong>Ha sz\u00fcks\u00e9ge van COA, MSDS vagy TDS a <span style=\"color: #00ccff;\"><a style=\"color: #00ccff;\" href=\"https:\/\/changhongchemical.com\/product-category\/lcsorb-uv-absorber\/\">UV-abszorber<\/a><\/span>K\u00e9rj\u00fck, t\u00f6ltse ki el\u00e9rhet\u0151s\u00e9g\u00e9t az al\u00e1bbi \u0171rlapon, \u00e1ltal\u00e1ban 24 \u00f3r\u00e1n bel\u00fcl felvessz\u00fck \u00d6nnel a kapcsolatot. \u00d6n is k\u00fcldhet nekem e-mailt <span style=\"color: #00ccff;\"><a style=\"color: #00ccff;\" href=\"mailto:info@changhongchemical.com\">info@changhongchemical.com<\/a> <\/span>munkaid\u0151ben ( 8:30-18:00 UTC+8 H.-Szombat ) vagy haszn\u00e1lja a weboldal \u00e9l\u0151 chatj\u00e9t, hogy azonnali v\u00e1laszt kapjon.<\/strong><\/p>","protected":false},"excerpt":{"rendered":"<p>Appearance Light yellow powder Content \u226595% Moisture \u2264 2% K value \u226521.5 BP-9 Usage It is an excellent water-soluble UV absorber with absorption wavelength at 280-320nm, widely used in water-soluble cosmetics, water-soluble inks, coatings and paints. If you&#8230;<\/p>","protected":false},"featured_media":7938,"comment_status":"closed","ping_status":"closed","template":"","meta":[],"product_brand":[],"product_cat":[139],"product_tag":[],"class_list":{"0":"post-6091","1":"product","2":"type-product","3":"status-publish","4":"has-post-thumbnail","6":"product_cat-uv-absorber","8":"first","9":"instock","10":"shipping-taxable","11":"product-type-simple"},"yoast_head":"<!-- This site is optimized with the Yoast SEO plugin v27.4 - https:\/\/yoast.com\/product\/yoast-seo-wordpress\/ -->\n<title>China CHLUMIUV\u00ae BP-9 CAS 76656-36-5 Manufacturer - Changhong Chemical<\/title>\n<meta name=\"description\" content=\"Appearance Light yellow powder Content \u226595% Moisture \u2264 2% K value \u226521.5 BP-9 Usage It is an excellent water-soluble UV absorber with absorption wavelength...\" \/>\n<meta name=\"robots\" content=\"index, follow, max-snippet:-1, max-image-preview:large, max-video-preview:-1\" \/>\n<link rel=\"canonical\" href=\"https:\/\/changhongchemical.com\/hu\/product\/lcsorb-bp-9-cas-76656-36-5\/\" \/>\n<meta property=\"og:locale\" content=\"hu_HU\" \/>\n<meta property=\"og:type\" content=\"article\" \/>\n<meta property=\"og:title\" content=\"China CHLUMIUV\u00ae BP-9 CAS 76656-36-5 Manufacturer - Changhong Chemical\" \/>\n<meta property=\"og:description\" content=\"Appearance Light yellow powder Content \u226595% Moisture \u2264 2% K value \u226521.5 BP-9 Usage It is an excellent water-soluble UV absorber with absorption wavelength...\" \/>\n<meta property=\"og:url\" content=\"https:\/\/changhongchemical.com\/hu\/product\/lcsorb-bp-9-cas-76656-36-5\/\" \/>\n<meta property=\"og:site_name\" content=\"Changhong Chemical\" \/>\n<meta property=\"article:modified_time\" content=\"2026-04-24T01:40:46+00:00\" \/>\n<meta property=\"og:image\" content=\"https:\/\/changhongchemical.com\/wp-content\/uploads\/2023\/05\/76656-36-5.jpg\" \/>\n\t<meta property=\"og:image:width\" content=\"600\" \/>\n\t<meta property=\"og:image:height\" content=\"600\" \/>\n\t<meta property=\"og:image:type\" content=\"image\/jpeg\" \/>\n<meta name=\"twitter:card\" content=\"summary_large_image\" \/>\n<meta name=\"twitter:label1\" content=\"Becs\u00fclt olvas\u00e1si id\u0151\" \/>\n\t<meta name=\"twitter:data1\" content=\"1 perc\" \/>\n<script type=\"application\/ld+json\" class=\"yoast-schema-graph\">{\"@context\":\"https:\\\/\\\/schema.org\",\"@graph\":[{\"@type\":\"WebPage\",\"@id\":\"https:\\\/\\\/changhongchemical.com\\\/product\\\/lcsorb-bp-9-cas-76656-36-5\\\/\",\"url\":\"https:\\\/\\\/changhongchemical.com\\\/product\\\/lcsorb-bp-9-cas-76656-36-5\\\/\",\"name\":\"China CHLUMIUV\u00ae BP-9 CAS 76656-36-5 Manufacturer - Changhong Chemical\",\"isPartOf\":{\"@id\":\"https:\\\/\\\/changhongchemical.com\\\/#website\"},\"primaryImageOfPage\":{\"@id\":\"https:\\\/\\\/changhongchemical.com\\\/product\\\/lcsorb-bp-9-cas-76656-36-5\\\/#primaryimage\"},\"image\":{\"@id\":\"https:\\\/\\\/changhongchemical.com\\\/product\\\/lcsorb-bp-9-cas-76656-36-5\\\/#primaryimage\"},\"thumbnailUrl\":\"https:\\\/\\\/changhongchemical.com\\\/wp-content\\\/uploads\\\/2023\\\/05\\\/76656-36-5.jpg\",\"datePublished\":\"2023-05-14T13:59:58+00:00\",\"dateModified\":\"2026-04-24T01:40:46+00:00\",\"description\":\"Appearance Light yellow powder Content \u226595% Moisture \u2264 2% K value \u226521.5 BP-9 Usage It is an excellent water-soluble UV absorber with absorption wavelength...\",\"breadcrumb\":{\"@id\":\"https:\\\/\\\/changhongchemical.com\\\/product\\\/lcsorb-bp-9-cas-76656-36-5\\\/#breadcrumb\"},\"inLanguage\":\"hu\",\"potentialAction\":[{\"@type\":\"ReadAction\",\"target\":[\"https:\\\/\\\/changhongchemical.com\\\/product\\\/lcsorb-bp-9-cas-76656-36-5\\\/\"]}]},{\"@type\":\"ImageObject\",\"inLanguage\":\"hu\",\"@id\":\"https:\\\/\\\/changhongchemical.com\\\/product\\\/lcsorb-bp-9-cas-76656-36-5\\\/#primaryimage\",\"url\":\"https:\\\/\\\/changhongchemical.com\\\/wp-content\\\/uploads\\\/2023\\\/05\\\/76656-36-5.jpg\",\"contentUrl\":\"https:\\\/\\\/changhongchemical.com\\\/wp-content\\\/uploads\\\/2023\\\/05\\\/76656-36-5.jpg\",\"width\":600,\"height\":600},{\"@type\":\"BreadcrumbList\",\"@id\":\"https:\\\/\\\/changhongchemical.com\\\/product\\\/lcsorb-bp-9-cas-76656-36-5\\\/#breadcrumb\",\"itemListElement\":[{\"@type\":\"ListItem\",\"position\":1,\"name\":\"Home\",\"item\":\"https:\\\/\\\/changhongchemical.com\\\/\"},{\"@type\":\"ListItem\",\"position\":2,\"name\":\"Products Changhong\",\"item\":\"https:\\\/\\\/changhongchemical.com\\\/product\\\/\"},{\"@type\":\"ListItem\",\"position\":3,\"name\":\"CHLUMIUV\u00ae BP-9 CAS 76656-36-5\"}]},{\"@type\":\"WebSite\",\"@id\":\"https:\\\/\\\/changhongchemical.com\\\/#website\",\"url\":\"https:\\\/\\\/changhongchemical.com\\\/\",\"name\":\"Changhong Chemical\",\"description\":\"China chemical manufacturer \uff06 supplier\",\"publisher\":{\"@id\":\"https:\\\/\\\/changhongchemical.com\\\/#organization\"},\"potentialAction\":[{\"@type\":\"SearchAction\",\"target\":{\"@type\":\"EntryPoint\",\"urlTemplate\":\"https:\\\/\\\/changhongchemical.com\\\/?s={search_term_string}\"},\"query-input\":{\"@type\":\"PropertyValueSpecification\",\"valueRequired\":true,\"valueName\":\"search_term_string\"}}],\"inLanguage\":\"hu\"},{\"@type\":\"Organization\",\"@id\":\"https:\\\/\\\/changhongchemical.com\\\/#organization\",\"name\":\"Changhong Chemical\",\"url\":\"https:\\\/\\\/changhongchemical.com\\\/\",\"logo\":{\"@type\":\"ImageObject\",\"inLanguage\":\"hu\",\"@id\":\"https:\\\/\\\/changhongchemical.com\\\/#\\\/schema\\\/logo\\\/image\\\/\",\"url\":\"https:\\\/\\\/changhongchemical.com\\\/wp-content\\\/uploads\\\/2020\\\/08\\\/cropped-longchang-logo.png\",\"contentUrl\":\"https:\\\/\\\/changhongchemical.com\\\/wp-content\\\/uploads\\\/2020\\\/08\\\/cropped-longchang-logo.png\",\"width\":512,\"height\":512,\"caption\":\"Changhong Chemical\"},\"image\":{\"@id\":\"https:\\\/\\\/changhongchemical.com\\\/#\\\/schema\\\/logo\\\/image\\\/\"}}]}<\/script>\n<!-- \/ Yoast SEO plugin. -->","yoast_head_json":{"title":"K\u00edna CHLUMIUV\u00ae BP-9 CAS 76656-36-5 gy\u00e1rt\u00f3 - Changhong Chemical","description":"Appearance Light yellow powder Content \u226595% Moisture \u2264 2% K value \u226521.5 BP-9 Usage It is an excellent water-soluble UV absorber with absorption wavelength...","robots":{"index":"index","follow":"follow","max-snippet":"max-snippet:-1","max-image-preview":"max-image-preview:large","max-video-preview":"max-video-preview:-1"},"canonical":"https:\/\/changhongchemical.com\/hu\/product\/lcsorb-bp-9-cas-76656-36-5\/","og_locale":"hu_HU","og_type":"article","og_title":"China CHLUMIUV\u00ae BP-9 CAS 76656-36-5 Manufacturer - Changhong Chemical","og_description":"Appearance Light yellow powder Content \u226595% Moisture \u2264 2% K value \u226521.5 BP-9 Usage It is an excellent water-soluble UV absorber with absorption wavelength...","og_url":"https:\/\/changhongchemical.com\/hu\/product\/lcsorb-bp-9-cas-76656-36-5\/","og_site_name":"Changhong Chemical","article_modified_time":"2026-04-24T01:40:46+00:00","og_image":[{"width":600,"height":600,"url":"https:\/\/changhongchemical.com\/wp-content\/uploads\/2023\/05\/76656-36-5.jpg","type":"image\/jpeg"}],"twitter_card":"summary_large_image","twitter_misc":{"Becs\u00fclt olvas\u00e1si id\u0151":"1 perc"},"schema":{"@context":"https:\/\/schema.org","@graph":[{"@type":"WebPage","@id":"https:\/\/changhongchemical.com\/product\/lcsorb-bp-9-cas-76656-36-5\/","url":"https:\/\/changhongchemical.com\/product\/lcsorb-bp-9-cas-76656-36-5\/","name":"K\u00edna CHLUMIUV\u00ae BP-9 CAS 76656-36-5 gy\u00e1rt\u00f3 - Changhong Chemical","isPartOf":{"@id":"https:\/\/changhongchemical.com\/#website"},"primaryImageOfPage":{"@id":"https:\/\/changhongchemical.com\/product\/lcsorb-bp-9-cas-76656-36-5\/#primaryimage"},"image":{"@id":"https:\/\/changhongchemical.com\/product\/lcsorb-bp-9-cas-76656-36-5\/#primaryimage"},"thumbnailUrl":"https:\/\/changhongchemical.com\/wp-content\/uploads\/2023\/05\/76656-36-5.jpg","datePublished":"2023-05-14T13:59:58+00:00","dateModified":"2026-04-24T01:40:46+00:00","description":"Appearance Light yellow powder Content \u226595% Moisture \u2264 2% K value \u226521.5 BP-9 Usage It is an excellent water-soluble UV absorber with absorption wavelength...","breadcrumb":{"@id":"https:\/\/changhongchemical.com\/product\/lcsorb-bp-9-cas-76656-36-5\/#breadcrumb"},"inLanguage":"hu","potentialAction":[{"@type":"ReadAction","target":["https:\/\/changhongchemical.com\/product\/lcsorb-bp-9-cas-76656-36-5\/"]}]},{"@type":"ImageObject","inLanguage":"hu","@id":"https:\/\/changhongchemical.com\/product\/lcsorb-bp-9-cas-76656-36-5\/#primaryimage","url":"https:\/\/changhongchemical.com\/wp-content\/uploads\/2023\/05\/76656-36-5.jpg","contentUrl":"https:\/\/changhongchemical.com\/wp-content\/uploads\/2023\/05\/76656-36-5.jpg","width":600,"height":600},{"@type":"BreadcrumbList","@id":"https:\/\/changhongchemical.com\/product\/lcsorb-bp-9-cas-76656-36-5\/#breadcrumb","itemListElement":[{"@type":"ListItem","position":1,"name":"Home","item":"https:\/\/changhongchemical.com\/"},{"@type":"ListItem","position":2,"name":"Products Changhong","item":"https:\/\/changhongchemical.com\/product\/"},{"@type":"ListItem","position":3,"name":"CHLUMIUV\u00ae BP-9 CAS 76656-36-5"}]},{"@type":"WebSite","@id":"https:\/\/changhongchemical.com\/#website","url":"https:\/\/changhongchemical.com\/","name":"Changhong Chemical","description":"K\u00edna k\u00e9miai gy\u00e1rt\u00f3 \uff06 sz\u00e1ll\u00edt\u00f3","publisher":{"@id":"https:\/\/changhongchemical.com\/#organization"},"potentialAction":[{"@type":"SearchAction","target":{"@type":"EntryPoint","urlTemplate":"https:\/\/changhongchemical.com\/?s={search_term_string}"},"query-input":{"@type":"PropertyValueSpecification","valueRequired":true,"valueName":"search_term_string"}}],"inLanguage":"hu"},{"@type":"Organization","@id":"https:\/\/changhongchemical.com\/#organization","name":"Changhong Chemical","url":"https:\/\/changhongchemical.com\/","logo":{"@type":"ImageObject","inLanguage":"hu","@id":"https:\/\/changhongchemical.com\/#\/schema\/logo\/image\/","url":"https:\/\/changhongchemical.com\/wp-content\/uploads\/2020\/08\/cropped-longchang-logo.png","contentUrl":"https:\/\/changhongchemical.com\/wp-content\/uploads\/2020\/08\/cropped-longchang-logo.png","width":512,"height":512,"caption":"Changhong Chemical"},"image":{"@id":"https:\/\/changhongchemical.com\/#\/schema\/logo\/image\/"}}]}},"_links":{"self":[{"href":"https:\/\/changhongchemical.com\/hu\/wp-json\/wp\/v2\/product\/6091","targetHints":{"allow":["GET"]}}],"collection":[{"href":"https:\/\/changhongchemical.com\/hu\/wp-json\/wp\/v2\/product"}],"about":[{"href":"https:\/\/changhongchemical.com\/hu\/wp-json\/wp\/v2\/types\/product"}],"replies":[{"embeddable":true,"href":"https:\/\/changhongchemical.com\/hu\/wp-json\/wp\/v2\/comments?post=6091"}],"wp:featuredmedia":[{"embeddable":true,"href":"https:\/\/changhongchemical.com\/hu\/wp-json\/wp\/v2\/media\/7938"}],"wp:attachment":[{"href":"https:\/\/changhongchemical.com\/hu\/wp-json\/wp\/v2\/media?parent=6091"}],"wp:term":[{"taxonomy":"product_brand","embeddable":true,"href":"https:\/\/changhongchemical.com\/hu\/wp-json\/wp\/v2\/product_brand?post=6091"},{"taxonomy":"product_cat","embeddable":true,"href":"https:\/\/changhongchemical.com\/hu\/wp-json\/wp\/v2\/product_cat?post=6091"},{"taxonomy":"product_tag","embeddable":true,"href":"https:\/\/changhongchemical.com\/hu\/wp-json\/wp\/v2\/product_tag?post=6091"}],"curies":[{"name":"wp","href":"https:\/\/api.w.org\/{rel}","templated":true}]}}