{"id":5763,"date":"2022-11-30T11:50:53","date_gmt":"2022-11-30T11:50:53","guid":{"rendered":"https:\/\/changhongchemical.com\/?post_type=product&#038;p=5763"},"modified":"2026-01-08T03:57:27","modified_gmt":"2026-01-08T03:57:27","slug":"lcsorb-uv-328-cas-25973-55-1","status":"publish","type":"product","link":"https:\/\/changhongchemical.com\/hu\/product\/lcsorb-uv-328-cas-25973-55-1\/","title":{"rendered":"CHLUMIUV\u00ae UV-328 \/ Tinuvin 328 \/ Eversorb 74 CAS 25973-55-1"},"content":{"rendered":"<h1>UV-328 \/ Tinuvin 328 \/ Eversorb 74 CAS 25973-55-1<\/h1>\n<table style=\"border-collapse: collapse; width: 301.52pt;\" border=\"0\" width=\"402\" cellspacing=\"0\" cellpadding=\"0\">\n<tbody>\n<tr style=\"height: 13.50pt;\">\n<td class=\"et2\" style=\"height: 13.50pt; width: 87.00pt;\" width=\"116\" height=\"18\">Megjelen\u00e9s<\/td>\n<td class=\"et2\" style=\"width: 214.50pt;\" width=\"286\">Vil\u00e1goss\u00e1rga krist\u00e1lyos por<\/td>\n<\/tr>\n<tr style=\"height: 13.50pt;\">\n<td class=\"et2\" style=\"height: 13.50pt; width: 87.00pt;\" width=\"116\" height=\"18\">Tartalom<\/td>\n<td class=\"et2\" style=\"width: 214.50pt;\" width=\"286\">\u226599% (HPLC)<\/td>\n<\/tr>\n<tr style=\"height: 13.50pt;\">\n<td class=\"et2\" style=\"height: 13.50pt; width: 87.00pt;\" width=\"116\" height=\"18\">Olvad\u00e1spont<\/td>\n<td class=\"et2\" style=\"width: 214.50pt;\" width=\"286\">79-87\u2103<\/td>\n<\/tr>\n<tr style=\"height: 13.50pt;\">\n<td class=\"et2\" style=\"height: 13.50pt; width: 87.00pt;\" width=\"116\" height=\"18\">Ash<\/td>\n<td class=\"et2\" style=\"width: 214.50pt;\" width=\"286\">\u22640,1%<\/td>\n<\/tr>\n<tr style=\"height: 13.50pt;\">\n<td class=\"et2\" style=\"height: 13.50pt; width: 87.00pt;\" width=\"116\" height=\"18\">Ill\u00e9kony<\/td>\n<td class=\"et2\" style=\"width: 214.50pt;\" width=\"286\">\u22640,5%<\/td>\n<\/tr>\n<tr style=\"height: 13.50pt;\">\n<td class=\"et2\" style=\"height: 13.50pt; width: 87.00pt;\" width=\"116\" height=\"18\">Transzmittancia<\/td>\n<td class=\"et2\" style=\"width: 214.50pt;\" width=\"286\">460nm\u226596%\uff0c500nm\u226597%<\/td>\n<\/tr>\n<\/tbody>\n<\/table>\n<p>&nbsp;<\/p>\n<p><strong>Alkalmaz\u00e1s<\/strong><\/p>\n<p>1. Ez a term\u00e9k egy nagy hat\u00e9konys\u00e1g\u00fa ultraibolya abszorber, amely hat\u00e9konyan k\u00e9pes elnyelni a 270-340 nanom\u00e9ter hull\u00e1mhossz\u00fa ultraibolya f\u00e9nyt.<br \/>\n2. A f\u00e9nystabiliz\u00e1ci\u00f3s teljes\u00edtm\u00e9ny hasonl\u00f3 az UV-326 \u00e9s az UV-327 term\u00e9khez, de ez a term\u00e9k j\u00f3 kompatibilit\u00e1ssal rendelkezik a gyant\u00e1val, alacsony termikus elp\u00e1rolg\u00e1ssal \u00e9s magas mos\u00e1s\u00e1ll\u00f3s\u00e1ggal.<br \/>\n3. F\u0151leg poliolefin (k\u00fcl\u00f6n\u00f6sen polietil\u00e9n), poli\u00e9szter, sztirol polimer, poliamid, polimetil-metakril\u00e1t, polikarbon\u00e1t, elasztomer \u00e9s m\u00e1s polimerek eset\u00e9ben haszn\u00e1latos.<\/p>\n<p><strong>Javasolt kieg\u00e9sz\u00edt\u00e9s:<\/strong><\/p>\n<table border=\"1\" width=\"584px\" align=\"LEFT\">\n<tbody>\n<tr>\n<td valign=\"top\" width=\"95\">Polisztirol<\/td>\n<td valign=\"top\" width=\"95\">Polietil\u00e9n<\/td>\n<td valign=\"top\" width=\"95\">Poli\u00e9szter<\/td>\n<td valign=\"top\" width=\"95\">Polikarbon\u00e1t<\/td>\n<td valign=\"top\" width=\"95\">Polivinil-klorid<\/td>\n<\/tr>\n<tr>\n<td valign=\"top\" width=\"95\">0.2-0.5%<\/td>\n<td valign=\"top\" width=\"95\">0.2-0.4%<\/td>\n<td valign=\"top\" width=\"95\">0.3-0.5%<\/td>\n<td valign=\"top\" width=\"95\">0.15-0.3%<\/td>\n<td valign=\"top\" width=\"95\">0.2-0.5%<\/td>\n<\/tr>\n<\/tbody>\n<\/table>\n<p>&nbsp;<\/p>\n<p>&nbsp;<\/p>\n<p>&nbsp;<\/p>\n<p><strong>T\u00e1rol\u00e1s:<\/strong><br \/>\nSz\u00e1raz, tiszta, j\u00f3l szell\u0151z\u0151 rakt\u00e1rban tartj\u00e1k.<br \/>\nAz oxid\u00e1ci\u00f3 megel\u0151z\u00e9se \u00e9rdek\u00e9ben ker\u00fclje a f\u00e9nynek \u00e9s a meleg\u00edt\u00e9snek val\u00f3 kit\u00e9telt.<br \/>\nA term\u00e9k v\u00e9delme a sziv\u00e1rg\u00e1st\u00f3l, es\u0151t\u0151l \u00e9s a szigetel\u00e9st\u0151l sz\u00e1ll\u00edt\u00e1s k\u00f6zben.<\/p>\n<p>&nbsp;<\/p>\n<h2><strong>L\u00e9pjen kapcsolatba vel\u00fcnk most!<\/strong><\/h2>\n<p><strong>Ha sz\u00fcks\u00e9ge van COA, MSDS vagy TDS a <span style=\"color: #00ccff;\"><a style=\"color: #00ccff;\" href=\"https:\/\/changhongchemical.com\/product-category\/lcsorb-uv-absorber\/\">UV-abszorber<\/a><\/span>K\u00e9rj\u00fck, t\u00f6ltse ki el\u00e9rhet\u0151s\u00e9g\u00e9t az al\u00e1bbi \u0171rlapon, \u00e1ltal\u00e1ban 24 \u00f3r\u00e1n bel\u00fcl felvessz\u00fck \u00d6nnel a kapcsolatot. \u00d6n is k\u00fcldhet nekem e-mailt <span style=\"color: #00ccff;\"><a style=\"color: #00ccff;\" href=\"mailto:info@changhongchemical.com\">info@changhongchemical.com<\/a> <\/span>munkaid\u0151ben ( 8:30-18:00 UTC+8 H.-Szombat ) vagy haszn\u00e1lja a weboldal \u00e9l\u0151 chatj\u00e9t, hogy azonnali v\u00e1laszt kapjon.<\/strong><\/p>","protected":false},"excerpt":{"rendered":"<p>Term\u00e9k neve: UV-abszorber UV-328<\/p>\n<p><strong>K\u00e9miai n\u00e9v<\/strong>:2-(2H-benzotriazol-2-il)-4,6-ditertpentil-fenol<\/p>\n<p><strong>Szinonim\u00e1ja:<\/strong>Eversorb 74;GSTAB 328;Tinuvin 328<\/p>\n<p>CAS-sz\u00e1m: 25973-55-1<\/p>\n<p>MF: C22H29N3O<\/p>\n<p>Tisztas\u00e1g: \u226599% (HPLC)<\/p>","protected":false},"featured_media":7960,"comment_status":"closed","ping_status":"closed","template":"","meta":[],"product_brand":[],"product_cat":[139],"product_tag":[],"class_list":{"0":"post-5763","1":"product","2":"type-product","3":"status-publish","4":"has-post-thumbnail","6":"product_cat-uv-absorber","8":"first","9":"instock","10":"shipping-taxable","11":"product-type-simple"},"yoast_head":"<!-- This site is optimized with the Yoast SEO plugin v27.4 - https:\/\/yoast.com\/product\/yoast-seo-wordpress\/ -->\n<title>China Uv absorber UV-328 manufacturer Tinuvin 328 Cas 25973-55-1 Supplier - Changhong Chemical<\/title>\n<meta name=\"description\" content=\"UV-328 can replace Eversorb 74;GSTAB 328;Tinuvin 328,used as ultraviolet absorber and is the key product of lcnacure Changhong Chemical. We are the leading uv material manufacturer and supplier in China with the best quanlity and competitive price.\" \/>\n<meta name=\"robots\" content=\"index, follow, max-snippet:-1, max-image-preview:large, max-video-preview:-1\" \/>\n<link rel=\"canonical\" href=\"https:\/\/changhongchemical.com\/hu\/product\/lcsorb-uv-328-cas-25973-55-1\/\" \/>\n<meta property=\"og:locale\" content=\"hu_HU\" \/>\n<meta property=\"og:type\" content=\"article\" \/>\n<meta property=\"og:title\" content=\"China Uv absorber UV-328 manufacturer Tinuvin 328 Cas 25973-55-1 Supplier - Changhong Chemical\" \/>\n<meta property=\"og:description\" content=\"UV-328 can replace Eversorb 74;GSTAB 328;Tinuvin 328,used as ultraviolet absorber and is the key product of lcnacure Changhong Chemical. We are the leading uv material manufacturer and supplier in China with the best quanlity and competitive price.\" \/>\n<meta property=\"og:url\" content=\"https:\/\/changhongchemical.com\/hu\/product\/lcsorb-uv-328-cas-25973-55-1\/\" \/>\n<meta property=\"og:site_name\" content=\"Changhong Chemical\" \/>\n<meta property=\"article:modified_time\" content=\"2026-01-08T03:57:27+00:00\" \/>\n<meta property=\"og:image\" content=\"https:\/\/changhongchemical.com\/wp-content\/uploads\/2022\/11\/25973-55-1.jpg\" \/>\n\t<meta property=\"og:image:width\" content=\"600\" \/>\n\t<meta property=\"og:image:height\" content=\"600\" \/>\n\t<meta property=\"og:image:type\" content=\"image\/jpeg\" \/>\n<meta name=\"twitter:card\" content=\"summary_large_image\" \/>\n<meta name=\"twitter:label1\" content=\"Becs\u00fclt olvas\u00e1si id\u0151\" \/>\n\t<meta name=\"twitter:data1\" content=\"2 perc\" \/>\n<script type=\"application\/ld+json\" class=\"yoast-schema-graph\">{\"@context\":\"https:\\\/\\\/schema.org\",\"@graph\":[{\"@type\":\"WebPage\",\"@id\":\"https:\\\/\\\/changhongchemical.com\\\/product\\\/lcsorb-uv-328-cas-25973-55-1\\\/\",\"url\":\"https:\\\/\\\/changhongchemical.com\\\/product\\\/lcsorb-uv-328-cas-25973-55-1\\\/\",\"name\":\"China Uv absorber UV-328 manufacturer Tinuvin 328 Cas 25973-55-1 Supplier - Changhong Chemical\",\"isPartOf\":{\"@id\":\"https:\\\/\\\/changhongchemical.com\\\/#website\"},\"primaryImageOfPage\":{\"@id\":\"https:\\\/\\\/changhongchemical.com\\\/product\\\/lcsorb-uv-328-cas-25973-55-1\\\/#primaryimage\"},\"image\":{\"@id\":\"https:\\\/\\\/changhongchemical.com\\\/product\\\/lcsorb-uv-328-cas-25973-55-1\\\/#primaryimage\"},\"thumbnailUrl\":\"https:\\\/\\\/changhongchemical.com\\\/wp-content\\\/uploads\\\/2022\\\/11\\\/25973-55-1.jpg\",\"datePublished\":\"2022-11-30T11:50:53+00:00\",\"dateModified\":\"2026-01-08T03:57:27+00:00\",\"description\":\"UV-328 can replace Eversorb 74;GSTAB 328;Tinuvin 328,used as ultraviolet absorber and is the key product of lcnacure Changhong Chemical. We are the leading uv material manufacturer and supplier in China with the best quanlity and competitive price.\",\"breadcrumb\":{\"@id\":\"https:\\\/\\\/changhongchemical.com\\\/product\\\/lcsorb-uv-328-cas-25973-55-1\\\/#breadcrumb\"},\"inLanguage\":\"hu\",\"potentialAction\":[{\"@type\":\"ReadAction\",\"target\":[\"https:\\\/\\\/changhongchemical.com\\\/product\\\/lcsorb-uv-328-cas-25973-55-1\\\/\"]}]},{\"@type\":\"ImageObject\",\"inLanguage\":\"hu\",\"@id\":\"https:\\\/\\\/changhongchemical.com\\\/product\\\/lcsorb-uv-328-cas-25973-55-1\\\/#primaryimage\",\"url\":\"https:\\\/\\\/changhongchemical.com\\\/wp-content\\\/uploads\\\/2022\\\/11\\\/25973-55-1.jpg\",\"contentUrl\":\"https:\\\/\\\/changhongchemical.com\\\/wp-content\\\/uploads\\\/2022\\\/11\\\/25973-55-1.jpg\",\"width\":600,\"height\":600},{\"@type\":\"BreadcrumbList\",\"@id\":\"https:\\\/\\\/changhongchemical.com\\\/product\\\/lcsorb-uv-328-cas-25973-55-1\\\/#breadcrumb\",\"itemListElement\":[{\"@type\":\"ListItem\",\"position\":1,\"name\":\"Home\",\"item\":\"https:\\\/\\\/changhongchemical.com\\\/\"},{\"@type\":\"ListItem\",\"position\":2,\"name\":\"Products Changhong\",\"item\":\"https:\\\/\\\/changhongchemical.com\\\/product\\\/\"},{\"@type\":\"ListItem\",\"position\":3,\"name\":\"CHLUMIUV\u00ae UV-328 \\\/ Tinuvin 328 \\\/ Eversorb 74 CAS 25973-55-1\"}]},{\"@type\":\"WebSite\",\"@id\":\"https:\\\/\\\/changhongchemical.com\\\/#website\",\"url\":\"https:\\\/\\\/changhongchemical.com\\\/\",\"name\":\"Changhong Chemical\",\"description\":\"China chemical manufacturer \uff06 supplier\",\"publisher\":{\"@id\":\"https:\\\/\\\/changhongchemical.com\\\/#organization\"},\"potentialAction\":[{\"@type\":\"SearchAction\",\"target\":{\"@type\":\"EntryPoint\",\"urlTemplate\":\"https:\\\/\\\/changhongchemical.com\\\/?s={search_term_string}\"},\"query-input\":{\"@type\":\"PropertyValueSpecification\",\"valueRequired\":true,\"valueName\":\"search_term_string\"}}],\"inLanguage\":\"hu\"},{\"@type\":\"Organization\",\"@id\":\"https:\\\/\\\/changhongchemical.com\\\/#organization\",\"name\":\"Changhong Chemical\",\"url\":\"https:\\\/\\\/changhongchemical.com\\\/\",\"logo\":{\"@type\":\"ImageObject\",\"inLanguage\":\"hu\",\"@id\":\"https:\\\/\\\/changhongchemical.com\\\/#\\\/schema\\\/logo\\\/image\\\/\",\"url\":\"https:\\\/\\\/changhongchemical.com\\\/wp-content\\\/uploads\\\/2020\\\/08\\\/cropped-longchang-logo.png\",\"contentUrl\":\"https:\\\/\\\/changhongchemical.com\\\/wp-content\\\/uploads\\\/2020\\\/08\\\/cropped-longchang-logo.png\",\"width\":512,\"height\":512,\"caption\":\"Changhong Chemical\"},\"image\":{\"@id\":\"https:\\\/\\\/changhongchemical.com\\\/#\\\/schema\\\/logo\\\/image\\\/\"}}]}<\/script>\n<!-- \/ Yoast SEO plugin. -->","yoast_head_json":{"title":"K\u00edna UV-abszorber UV-328 gy\u00e1rt\u00f3 Tinuvin 328 Cas 25973-55-1 Sz\u00e1ll\u00edt\u00f3 - Changhong Chemical","description":"A UV-328 helyettes\u00edtheti az Eversorb 74; GSTAB 328; Tinuvin 328, amelyet ultraibolya abszorberk\u00e9nt haszn\u00e1lnak, \u00e9s a lcnacure Changhong Chemical kulcsfontoss\u00e1g\u00fa term\u00e9ke. Mi vagyunk a vezet\u0151 uv anyag gy\u00e1rt\u00f3ja \u00e9s sz\u00e1ll\u00edt\u00f3ja K\u00edn\u00e1ban a legjobb min\u0151s\u00e9ggel \u00e9s versenyk\u00e9pes \u00e1rral.","robots":{"index":"index","follow":"follow","max-snippet":"max-snippet:-1","max-image-preview":"max-image-preview:large","max-video-preview":"max-video-preview:-1"},"canonical":"https:\/\/changhongchemical.com\/hu\/product\/lcsorb-uv-328-cas-25973-55-1\/","og_locale":"hu_HU","og_type":"article","og_title":"China Uv absorber UV-328 manufacturer Tinuvin 328 Cas 25973-55-1 Supplier - Changhong Chemical","og_description":"UV-328 can replace Eversorb 74;GSTAB 328;Tinuvin 328,used as ultraviolet absorber and is the key product of lcnacure Changhong Chemical. We are the leading uv material manufacturer and supplier in China with the best quanlity and competitive price.","og_url":"https:\/\/changhongchemical.com\/hu\/product\/lcsorb-uv-328-cas-25973-55-1\/","og_site_name":"Changhong Chemical","article_modified_time":"2026-01-08T03:57:27+00:00","og_image":[{"width":600,"height":600,"url":"https:\/\/changhongchemical.com\/wp-content\/uploads\/2022\/11\/25973-55-1.jpg","type":"image\/jpeg"}],"twitter_card":"summary_large_image","twitter_misc":{"Becs\u00fclt olvas\u00e1si id\u0151":"2 perc"},"schema":{"@context":"https:\/\/schema.org","@graph":[{"@type":"WebPage","@id":"https:\/\/changhongchemical.com\/product\/lcsorb-uv-328-cas-25973-55-1\/","url":"https:\/\/changhongchemical.com\/product\/lcsorb-uv-328-cas-25973-55-1\/","name":"K\u00edna UV-abszorber UV-328 gy\u00e1rt\u00f3 Tinuvin 328 Cas 25973-55-1 Sz\u00e1ll\u00edt\u00f3 - Changhong Chemical","isPartOf":{"@id":"https:\/\/changhongchemical.com\/#website"},"primaryImageOfPage":{"@id":"https:\/\/changhongchemical.com\/product\/lcsorb-uv-328-cas-25973-55-1\/#primaryimage"},"image":{"@id":"https:\/\/changhongchemical.com\/product\/lcsorb-uv-328-cas-25973-55-1\/#primaryimage"},"thumbnailUrl":"https:\/\/changhongchemical.com\/wp-content\/uploads\/2022\/11\/25973-55-1.jpg","datePublished":"2022-11-30T11:50:53+00:00","dateModified":"2026-01-08T03:57:27+00:00","description":"A UV-328 helyettes\u00edtheti az Eversorb 74; GSTAB 328; Tinuvin 328, amelyet ultraibolya abszorberk\u00e9nt haszn\u00e1lnak, \u00e9s a lcnacure Changhong Chemical kulcsfontoss\u00e1g\u00fa term\u00e9ke. Mi vagyunk a vezet\u0151 uv anyag gy\u00e1rt\u00f3ja \u00e9s sz\u00e1ll\u00edt\u00f3ja K\u00edn\u00e1ban a legjobb min\u0151s\u00e9ggel \u00e9s versenyk\u00e9pes \u00e1rral.","breadcrumb":{"@id":"https:\/\/changhongchemical.com\/product\/lcsorb-uv-328-cas-25973-55-1\/#breadcrumb"},"inLanguage":"hu","potentialAction":[{"@type":"ReadAction","target":["https:\/\/changhongchemical.com\/product\/lcsorb-uv-328-cas-25973-55-1\/"]}]},{"@type":"ImageObject","inLanguage":"hu","@id":"https:\/\/changhongchemical.com\/product\/lcsorb-uv-328-cas-25973-55-1\/#primaryimage","url":"https:\/\/changhongchemical.com\/wp-content\/uploads\/2022\/11\/25973-55-1.jpg","contentUrl":"https:\/\/changhongchemical.com\/wp-content\/uploads\/2022\/11\/25973-55-1.jpg","width":600,"height":600},{"@type":"BreadcrumbList","@id":"https:\/\/changhongchemical.com\/product\/lcsorb-uv-328-cas-25973-55-1\/#breadcrumb","itemListElement":[{"@type":"ListItem","position":1,"name":"Home","item":"https:\/\/changhongchemical.com\/"},{"@type":"ListItem","position":2,"name":"Products Changhong","item":"https:\/\/changhongchemical.com\/product\/"},{"@type":"ListItem","position":3,"name":"CHLUMIUV\u00ae UV-328 \/ Tinuvin 328 \/ Eversorb 74 CAS 25973-55-1"}]},{"@type":"WebSite","@id":"https:\/\/changhongchemical.com\/#website","url":"https:\/\/changhongchemical.com\/","name":"Changhong Chemical","description":"K\u00edna k\u00e9miai gy\u00e1rt\u00f3 \uff06 sz\u00e1ll\u00edt\u00f3","publisher":{"@id":"https:\/\/changhongchemical.com\/#organization"},"potentialAction":[{"@type":"SearchAction","target":{"@type":"EntryPoint","urlTemplate":"https:\/\/changhongchemical.com\/?s={search_term_string}"},"query-input":{"@type":"PropertyValueSpecification","valueRequired":true,"valueName":"search_term_string"}}],"inLanguage":"hu"},{"@type":"Organization","@id":"https:\/\/changhongchemical.com\/#organization","name":"Changhong Chemical","url":"https:\/\/changhongchemical.com\/","logo":{"@type":"ImageObject","inLanguage":"hu","@id":"https:\/\/changhongchemical.com\/#\/schema\/logo\/image\/","url":"https:\/\/changhongchemical.com\/wp-content\/uploads\/2020\/08\/cropped-longchang-logo.png","contentUrl":"https:\/\/changhongchemical.com\/wp-content\/uploads\/2020\/08\/cropped-longchang-logo.png","width":512,"height":512,"caption":"Changhong Chemical"},"image":{"@id":"https:\/\/changhongchemical.com\/#\/schema\/logo\/image\/"}}]}},"_links":{"self":[{"href":"https:\/\/changhongchemical.com\/hu\/wp-json\/wp\/v2\/product\/5763","targetHints":{"allow":["GET"]}}],"collection":[{"href":"https:\/\/changhongchemical.com\/hu\/wp-json\/wp\/v2\/product"}],"about":[{"href":"https:\/\/changhongchemical.com\/hu\/wp-json\/wp\/v2\/types\/product"}],"replies":[{"embeddable":true,"href":"https:\/\/changhongchemical.com\/hu\/wp-json\/wp\/v2\/comments?post=5763"}],"wp:featuredmedia":[{"embeddable":true,"href":"https:\/\/changhongchemical.com\/hu\/wp-json\/wp\/v2\/media\/7960"}],"wp:attachment":[{"href":"https:\/\/changhongchemical.com\/hu\/wp-json\/wp\/v2\/media?parent=5763"}],"wp:term":[{"taxonomy":"product_brand","embeddable":true,"href":"https:\/\/changhongchemical.com\/hu\/wp-json\/wp\/v2\/product_brand?post=5763"},{"taxonomy":"product_cat","embeddable":true,"href":"https:\/\/changhongchemical.com\/hu\/wp-json\/wp\/v2\/product_cat?post=5763"},{"taxonomy":"product_tag","embeddable":true,"href":"https:\/\/changhongchemical.com\/hu\/wp-json\/wp\/v2\/product_tag?post=5763"}],"curies":[{"name":"wp","href":"https:\/\/api.w.org\/{rel}","templated":true}]}}