{"id":3375,"date":"2020-10-22T02:49:05","date_gmt":"2020-10-22T02:49:05","guid":{"rendered":"https:\/\/changhongchemical.com\/?post_type=product&#038;p=3375"},"modified":"2025-04-01T02:45:03","modified_gmt":"2025-04-01T02:45:03","slug":"light-stabilizer-791-tinuvin-791","status":"publish","type":"product","link":"https:\/\/changhongchemical.com\/hu\/product\/light-stabilizer-791-tinuvin-791\/","title":{"rendered":"CHLUMILS\u00ae UV-791 \/ HALS 791 \/ F\u00e9nystabiliz\u00e1tor 791 \/ Tinuvin 791"},"content":{"rendered":"<h1><strong><b>UV-791 \/ Tinuvin <\/b><\/strong><strong><b>791<\/b><\/strong><strong><b> \/ F\u00e9nystabiliz\u00e1tor <\/b><\/strong><strong><b>791<\/b><\/strong><\/h1>\n<table>\n<tbody>\n<tr>\n<td colspan=\"2\" width=\"196\">\n<h4>T\u00e9tel<\/h4>\n<\/td>\n<td width=\"119\">\n<h4>M\u0171szaki adatok<\/h4>\n<\/td>\n<\/tr>\n<tr>\n<td colspan=\"2\" width=\"196\">\n<h4>Megjelen\u00e9s<\/h4>\n<\/td>\n<td width=\"119\">\n<h4>Feh\u00e9r, vil\u00e1goss\u00e1rga szemcs\u00e9s<\/h4>\n<\/td>\n<\/tr>\n<tr>\n<td colspan=\"2\" width=\"196\">\n<h4>Olvad\u00e1si tartom\u00e1ny<\/h4>\n<\/td>\n<td width=\"119\">\n<h4>80-130\u2103<\/h4>\n<\/td>\n<\/tr>\n<tr>\n<td colspan=\"2\" width=\"196\">\n<h4>Volatiliz\u00e1l\u00f3<\/h4>\n<\/td>\n<td width=\"119\">\n<h4>Max.0.50%<\/h4>\n<\/td>\n<\/tr>\n<tr>\n<td rowspan=\"4\" width=\"106\">\n<h4>Oldhat\u00f3s\u00e1g @20\u2103<\/h4>\n<\/td>\n<td width=\"90\">\n<h4>V\u00edz<\/h4>\n<\/td>\n<td width=\"119\">\n<h4>Oldhatatlan<\/h4>\n<\/td>\n<\/tr>\n<tr>\n<td width=\"90\">\n<h4>Alkohol<\/h4>\n<\/td>\n<td width=\"119\">\n<h4>Oldhat\u00f3<\/h4>\n<\/td>\n<\/tr>\n<tr>\n<td width=\"90\">\n<h4>Benzol<\/h4>\n<\/td>\n<td width=\"119\">\n<h4>Oldhat\u00f3<\/h4>\n<\/td>\n<\/tr>\n<tr>\n<td width=\"90\">\n<h4>Acetidin<\/h4>\n<\/td>\n<td width=\"119\">\n<h4>Oldhat\u00f3<\/h4>\n<\/td>\n<\/tr>\n<tr>\n<td rowspan=\"2\" width=\"106\">\n<h4>Transzmittancia<\/h4>\n<\/td>\n<td width=\"90\">\n<h4>425 nm:<\/h4>\n<\/td>\n<td width=\"119\">\n<h4>\u226590.0%<\/h4>\n<\/td>\n<\/tr>\n<tr>\n<td width=\"90\">\n<h4>500 nm:<\/h4>\n<\/td>\n<td width=\"119\">\n<h4>\u226595%<\/h4>\n<\/td>\n<\/tr>\n<tr>\n<td colspan=\"2\">\n<h4>Ash<\/h4>\n<\/td>\n<td>\n<h4>\u22640,1%<\/h4>\n<\/td>\n<\/tr>\n<tr>\n<td colspan=\"2\">\n<h4>Relat\u00edv s\u0171r\u0171s\u00e9g<\/h4>\n<\/td>\n<td>\n<h4>1,11g\/cm3<\/h4>\n<\/td>\n<\/tr>\n<\/tbody>\n<\/table>\n<h2><strong><b>Tinuvin <\/b><\/strong><strong><b>791 Szerkezet<\/b><\/strong><\/h2>\n<p><img decoding=\"async\" class=\"size-medium wp-image-3380\" src=\"https:\/\/changhongchemical.com\/wp-content\/uploads\/2020\/10\/Tinuvin-791-Structure-300x231.png\" alt=\"Tinuvin 791 Szerkezet\" width=\"300\" height=\"231\" srcset=\"https:\/\/changhongchemical.com\/wp-content\/uploads\/2020\/10\/Tinuvin-791-Structure-300x231.png 300w, https:\/\/changhongchemical.com\/wp-content\/uploads\/2020\/10\/Tinuvin-791-Structure.png 365w\" sizes=\"(max-width: 300px) 100vw, 300px\" \/><\/p>\n<h2><strong><b>Mi az a Tinuvin <\/b><\/strong><strong><b>791<\/b><\/strong><strong><b>\u00a0(F\u00e9nystabiliz\u00e1tor <\/b><\/strong><strong><b>791<\/b><\/strong><strong><b>) ?<\/b><\/strong><\/h2>\n<h4>A Tinuvin 791 a Chimassorb 944 \u00e9s a Tinuvin770 szinergikus kever\u00e9ke.  Kopolimeriz\u00e1lt HALS kiv\u00e1l\u00f3 \u00e9s hosszan tart\u00f3 f\u00e9ny- \u00e9s h\u0151stabiliz\u00e1l\u00f3 hat\u00e1ssal; alacsony ill\u00e9konys\u00e1g\u00fa; nehezen extrah\u00e1lhat\u00f3.<\/h4>\n<h2><\/h2>\n<h2><strong><b>Tinuvin <\/b><\/strong><strong><b>791<\/b><\/strong><strong><b>\u00a0(UV f\u00e9ny stabiliz\u00e1tor <\/b><\/strong><strong><b>791<\/b><\/strong><strong><b>) haszn\u00e1lat<\/b><\/strong><\/h2>\n<h4>1. A 791-es f\u00e9nystabiliz\u00e1tor k\u00fcl\u00f6n\u00f6sen alkalmas PP, PP\/EPDM \u00e9s PP\/PE\/EPDM kopolimerekb\u0151l k\u00e9sz\u00fclt vastag term\u00e9kekhez, valamint PP \u00e9s HDPE szalagokhoz, nagyszer\u0171 fel\u00fcleti v\u00e9delmet biztos\u00edt.<\/h4>\n<h4>2. A 791 f\u00e9nystabiliz\u00e1tor koncentr\u00e1ci\u00f3ja 0,1 % \u00e9s 1,0 % k\u00f6z\u00f6tt mozog, a hordoz\u00f3t\u00f3l, a feldolgoz\u00e1si k\u00f6r\u00fclm\u00e9nyekt\u0151l \u00e9s az alkalmaz\u00e1st\u00f3l f\u00fcgg\u0151en.<\/h4>\n<h4>3. F\u00e9ny stabiliz\u00e1tor 791 lehet haszn\u00e1lni a h\u00e1ztart\u00e1si g\u00e9pek, es\u0151\u00e1ll\u00f3 ruh\u00e1t, m\u0171anyag sz\u0151tt zs\u00e1k, kont\u00e9ner zs\u00e1k, geotext\u00edlia, m\u0171f\u0171, rovar\u00e1ll\u00f3 h\u00e1l\u00f3, aut\u00f3.<\/h4>\n<h2><strong><b>Tinuvin <\/b><\/strong><strong><b>791<\/b><\/strong><strong><b>\u00a0(UV f\u00e9ny stabiliz\u00e1tor <\/b><\/strong><strong><b>791<\/b><\/strong><strong><b>) Csomagol\u00e1s \u00e9s sz\u00e1ll\u00edt\u00e1s<\/b><\/strong><\/h2>\n<h4>Csomag: 25 kg-os kartondoboz bels\u0151 m\u0171anyag zacsk\u00f3val vagy az \u00fcgyf\u00e9l ig\u00e9nyei szerint.<\/h4>\n<p>&nbsp;<\/p>\n<h2><strong><b>Tinuvin <\/b><\/strong><strong><b>791<\/b><\/strong><strong><b>\u00a0(UV f\u00e9ny stabiliz\u00e1tor <\/b><\/strong><strong><b>791<\/b><\/strong><strong><b>) T\u00e1rol\u00e1s<\/b><\/strong><\/h2>\n<h4>T\u00e1rol\u00e1s: Sz\u00e1raz \u00e9s j\u00f3l szell\u0151z\u0151 helyen, szorosan z\u00e1rva kell tartani.<\/h4>\n<p>&nbsp;<\/p>\n<h2><strong><b>Tinuvin <\/b><\/strong><strong><b>791<\/b><\/strong><strong><b>\u00a0(UV f\u00e9ny stabiliz\u00e1tor <\/b><\/strong><strong><b>791<\/b><\/strong><strong><b>) Biztons\u00e1g<\/b><\/strong><\/h2>\n<h4>A helyes ipari gyakorlatnak megfelel\u0151en \u00f3vatosan kezelje, \u00e9s ker\u00fclje a felesleges szem\u00e9lyes \u00e9rintkez\u00e9st. Ker\u00fclni kell a por folyamatos vagy ism\u00e9tl\u0151d\u0151 bel\u00e9gz\u00e9s\u00e9t. Csak megfelel\u0151 szell\u0151z\u00e9s mellett haszn\u00e1ljuk. Ker\u00fclni kell a pork\u00e9pz\u0151d\u00e9st \u00e9s a gy\u00fajt\u00f3forr\u00e1sokat.<\/h4>\n<h3><strong>Megjegyz\u00e9s: Ker\u00fclje a napf\u00e9nyt, a p\u00e1ratartalmat, a magas h\u0151m\u00e9rs\u00e9kletet, ker\u00fclje a stabiliz\u00e1torokkal, \u00e9g\u00e9sg\u00e1tl\u00f3kkal vagy k\u00e9n- vagy halog\u00e9nelemeket tartalmaz\u00f3 n\u00f6v\u00e9nyv\u00e9d\u0151 szerekkel stb. val\u00f3 \u00e9rintkez\u00e9st, haszn\u00e1lat el\u0151tt tesztelje.<\/strong><\/h3>\n<p>&nbsp;<\/p>\n<h2><strong>Ugyanazon sorozat term\u00e9kei<\/strong><\/h2>\n<table width=\"546\">\n<tbody>\n<tr>\n<td width=\"399\">\n<h4><a href=\"https:\/\/changhongchemical.com\/product\/hals-119-light-stabilizer-119-chimassorb-119\/\"><span style=\"color: #0000ff;\">HALS 119 \/ F\u00c9NYSTABILIZ\u00c1TOR 119 \/ CHIMASSORB 119<\/span><\/a><\/h4>\n<\/td>\n<td width=\"147\">\n<h4>106990-43-6<\/h4>\n<\/td>\n<\/tr>\n<tr>\n<td>\n<h4><a href=\"https:\/\/changhongchemical.com\/product\/light-stabilizer-123-tinuvin-123-cas-129757-67-1\/\"><span style=\"color: #0000ff;\">HALS 123 \/ F\u00c9NYSTABILIZ\u00c1TOR 123 \/ TINUVIN 123<\/span><\/a><\/h4>\n<\/td>\n<td>\n<h4>129757-67-1<\/h4>\n<\/td>\n<\/tr>\n<tr>\n<td>\n<h4><a href=\"https:\/\/changhongchemical.com\/product\/light-stabilizer-622-tinuvin-622-cas-65447-77-0\/\"><span style=\"color: #0000ff;\">HALS 622 \/ K\u00d6NNY\u0170 STABILIZ\u00c1TOR 622 \/ TINUVIN 622<\/span><\/a><\/h4>\n<\/td>\n<td>\n<h4><span style=\"color: #000000;\">65447-77-0<\/span><\/h4>\n<\/td>\n<\/tr>\n<tr>\n<td>\n<h4><a href=\"https:\/\/changhongchemical.com\/product\/light-stabilizer-770-tinuvin-770-cas-52829-07-9\/\"><span style=\"color: #0000ff;\">HALS 770 \/ K\u00d6NNY\u0170 STABILIZ\u00c1TOR 770 \/ TINUVIN 770<\/span><\/a><\/h4>\n<\/td>\n<td>\n<h4>52829-07-9<\/h4>\n<\/td>\n<\/tr>\n<tr>\n<td>\n<h4><a href=\"https:\/\/changhongchemical.com\/product\/uv-light-stabilizer-783-tinuvin-783\/\"><span style=\"color: #0000ff;\">HALS 783 \/ UV F\u00c9NYSTABILIZ\u00c1TOR 783 \/ TINUVIN 783<\/span><\/a><\/h4>\n<\/td>\n<td><\/td>\n<\/tr>\n<tr>\n<td>\n<h4><a href=\"https:\/\/changhongchemical.com\/product\/light-stabilizer-791-tinuvin-791\/\"><span style=\"color: #0000ff;\">HALS 791 \/ K\u00d6NNY\u0170 STABILIZ\u00c1TOR 791 \/ TINUVIN 791<\/span><\/a><\/h4>\n<\/td>\n<td><\/td>\n<\/tr>\n<tr>\n<td>\n<h4><a href=\"https:\/\/changhongchemical.com\/product\/light-stabilizer-944-cas-70624-18-9\/\"><span style=\"color: #0000ff;\">HALS 944 F\u00c9NYSTABILIZ\u00c1TOR-944 CHIMASORB 944<\/span><\/a><\/h4>\n<\/td>\n<td>\n<h4>70624-18-9 \/ 71878-19-8<\/h4>\n<\/td>\n<\/tr>\n<\/tbody>\n<\/table>\n<h2><\/h2>\n<h2><strong><b>L\u00e9pjen kapcsolatba vel\u00fcnk most!<\/b><\/strong><\/h2>\n<h4><strong><b>Ha COA, MSDS vagy TDS-re van sz\u00fcks\u00e9ge, k\u00e9rj\u00fck, t\u00f6ltse ki el\u00e9rhet\u0151s\u00e9g\u00e9t az al\u00e1bbi \u0171rlapon, \u00e1ltal\u00e1ban 24 \u00f3r\u00e1n bel\u00fcl felvessz\u00fck \u00d6nnel a kapcsolatot. \u00d6n is k\u00fcldhet nekem e-mailt <span style=\"color: #0000ff;\"><a style=\"color: #0000ff;\" href=\"mailto:info@changhongchemical.com\">info@changhongchemical.com<\/a><\/span> munkaid\u0151ben ( 8:30-18:00 UTC+8 H.-Szombat ) vagy haszn\u00e1lja a weboldal \u00e9l\u0151 chatj\u00e9t, hogy azonnali v\u00e1laszt kapjon.<\/b><\/strong><\/h4>","protected":false},"excerpt":{"rendered":"<h4>K\u00e9miai n\u00e9v: Tinuvin 791<\/h4>\n<h4>Egy\u00e9b nevek: 783 (\u00f6sszetett f\u00e9nystabiliz\u00e1tor)<\/h4>\n<h4>CAS-sz\u00e1m: 70624-18-9 (944) + 52829-07-9 (770)<\/h4>\n<h4>Megjelen\u00e9s: Feh\u00e9r, vil\u00e1goss\u00e1rga szemcs\u00e9s<\/h4>\n<h4>K\u00e9miai k\u00e9plet: [C<sub>35<\/sub>H<sub>66<\/sub>N<sub>8<\/sub>]<sub>n<\/sub>\u00a0(n=4-5); C<sub>28<\/sub>H<sub>52<\/sub>O<sub>4<\/sub>N<sub>2<\/sub><\/h4>\n<h4>Minta: rendelkez\u00e9sre \u00e1ll<\/h4>","protected":false},"featured_media":3381,"comment_status":"open","ping_status":"closed","template":"","meta":[],"product_brand":[],"product_cat":[104],"product_tag":[],"class_list":{"0":"post-3375","1":"product","2":"type-product","3":"status-publish","4":"has-post-thumbnail","6":"product_cat-light-stabilizer","8":"first","9":"instock","10":"shipping-taxable","11":"product-type-simple"},"yoast_head":"<!-- This site is optimized with the Yoast SEO plugin v27.4 - https:\/\/yoast.com\/product\/yoast-seo-wordpress\/ -->\n<title>China HALS 791 \/ Light Stabilizer 791 \/ Tinuvin 791 manufacturer and supplier - Changhong Chemical<\/title>\n<meta name=\"description\" content=\"Changhong Chemical is a leading manufacturer and supplier of HALS 791 \/ UV Light Stabilizer 791 \/ Tinuvin 791 in China. Buy UV Light Stabilizer 791 \/ Tinuvin 791 in china. We can provide the best Tinuvin 791 price.\" \/>\n<meta name=\"robots\" content=\"index, follow, max-snippet:-1, max-image-preview:large, max-video-preview:-1\" \/>\n<link rel=\"canonical\" href=\"https:\/\/changhongchemical.com\/hu\/product\/light-stabilizer-791-tinuvin-791\/\" \/>\n<meta property=\"og:locale\" content=\"hu_HU\" \/>\n<meta property=\"og:type\" content=\"article\" \/>\n<meta property=\"og:title\" content=\"China HALS 791 \/ Light Stabilizer 791 \/ Tinuvin 791 manufacturer and supplier - Changhong Chemical\" \/>\n<meta property=\"og:description\" content=\"Changhong Chemical is a leading manufacturer and supplier of HALS 791 \/ UV Light Stabilizer 791 \/ Tinuvin 791 in China. Buy UV Light Stabilizer 791 \/ Tinuvin 791 in china. We can provide the best Tinuvin 791 price.\" \/>\n<meta property=\"og:url\" content=\"https:\/\/changhongchemical.com\/hu\/product\/light-stabilizer-791-tinuvin-791\/\" \/>\n<meta property=\"og:site_name\" content=\"Changhong Chemical\" \/>\n<meta property=\"article:modified_time\" content=\"2025-04-01T02:45:03+00:00\" \/>\n<meta property=\"og:image\" content=\"https:\/\/changhongchemical.com\/wp-content\/uploads\/2020\/10\/Tinuvin-791-Appearance.jpg\" \/>\n\t<meta property=\"og:image:width\" content=\"600\" \/>\n\t<meta property=\"og:image:height\" content=\"800\" \/>\n\t<meta property=\"og:image:type\" content=\"image\/jpeg\" \/>\n<meta name=\"twitter:card\" content=\"summary_large_image\" \/>\n<meta name=\"twitter:label1\" content=\"Becs\u00fclt olvas\u00e1si id\u0151\" \/>\n\t<meta name=\"twitter:data1\" content=\"3 perc\" \/>\n<script type=\"application\/ld+json\" class=\"yoast-schema-graph\">{\"@context\":\"https:\\\/\\\/schema.org\",\"@graph\":[{\"@type\":\"WebPage\",\"@id\":\"https:\\\/\\\/changhongchemical.com\\\/product\\\/light-stabilizer-791-tinuvin-791\\\/\",\"url\":\"https:\\\/\\\/changhongchemical.com\\\/product\\\/light-stabilizer-791-tinuvin-791\\\/\",\"name\":\"China HALS 791 \\\/ Light Stabilizer 791 \\\/ Tinuvin 791 manufacturer and supplier - Changhong Chemical\",\"isPartOf\":{\"@id\":\"https:\\\/\\\/changhongchemical.com\\\/#website\"},\"primaryImageOfPage\":{\"@id\":\"https:\\\/\\\/changhongchemical.com\\\/product\\\/light-stabilizer-791-tinuvin-791\\\/#primaryimage\"},\"image\":{\"@id\":\"https:\\\/\\\/changhongchemical.com\\\/product\\\/light-stabilizer-791-tinuvin-791\\\/#primaryimage\"},\"thumbnailUrl\":\"https:\\\/\\\/changhongchemical.com\\\/wp-content\\\/uploads\\\/2020\\\/10\\\/Tinuvin-791-Appearance.jpg\",\"datePublished\":\"2020-10-22T02:49:05+00:00\",\"dateModified\":\"2025-04-01T02:45:03+00:00\",\"description\":\"Changhong Chemical is a leading manufacturer and supplier of HALS 791 \\\/ UV Light Stabilizer 791 \\\/ Tinuvin 791 in China. Buy UV Light Stabilizer 791 \\\/ Tinuvin 791 in china. We can provide the best Tinuvin 791 price.\",\"breadcrumb\":{\"@id\":\"https:\\\/\\\/changhongchemical.com\\\/product\\\/light-stabilizer-791-tinuvin-791\\\/#breadcrumb\"},\"inLanguage\":\"hu\",\"potentialAction\":[{\"@type\":\"ReadAction\",\"target\":[\"https:\\\/\\\/changhongchemical.com\\\/product\\\/light-stabilizer-791-tinuvin-791\\\/\"]}]},{\"@type\":\"ImageObject\",\"inLanguage\":\"hu\",\"@id\":\"https:\\\/\\\/changhongchemical.com\\\/product\\\/light-stabilizer-791-tinuvin-791\\\/#primaryimage\",\"url\":\"https:\\\/\\\/changhongchemical.com\\\/wp-content\\\/uploads\\\/2020\\\/10\\\/Tinuvin-791-Appearance.jpg\",\"contentUrl\":\"https:\\\/\\\/changhongchemical.com\\\/wp-content\\\/uploads\\\/2020\\\/10\\\/Tinuvin-791-Appearance.jpg\",\"width\":600,\"height\":800,\"caption\":\"Tinuvin 791 Appearance\"},{\"@type\":\"BreadcrumbList\",\"@id\":\"https:\\\/\\\/changhongchemical.com\\\/product\\\/light-stabilizer-791-tinuvin-791\\\/#breadcrumb\",\"itemListElement\":[{\"@type\":\"ListItem\",\"position\":1,\"name\":\"Home\",\"item\":\"https:\\\/\\\/changhongchemical.com\\\/\"},{\"@type\":\"ListItem\",\"position\":2,\"name\":\"Products Changhong\",\"item\":\"https:\\\/\\\/changhongchemical.com\\\/product\\\/\"},{\"@type\":\"ListItem\",\"position\":3,\"name\":\"CHLUMILS\u00ae UV-791 \\\/ HALS 791 \\\/ Light Stabilizer 791 \\\/ Tinuvin 791\"}]},{\"@type\":\"WebSite\",\"@id\":\"https:\\\/\\\/changhongchemical.com\\\/#website\",\"url\":\"https:\\\/\\\/changhongchemical.com\\\/\",\"name\":\"Changhong Chemical\",\"description\":\"China chemical manufacturer \uff06 supplier\",\"publisher\":{\"@id\":\"https:\\\/\\\/changhongchemical.com\\\/#organization\"},\"potentialAction\":[{\"@type\":\"SearchAction\",\"target\":{\"@type\":\"EntryPoint\",\"urlTemplate\":\"https:\\\/\\\/changhongchemical.com\\\/?s={search_term_string}\"},\"query-input\":{\"@type\":\"PropertyValueSpecification\",\"valueRequired\":true,\"valueName\":\"search_term_string\"}}],\"inLanguage\":\"hu\"},{\"@type\":\"Organization\",\"@id\":\"https:\\\/\\\/changhongchemical.com\\\/#organization\",\"name\":\"Changhong Chemical\",\"url\":\"https:\\\/\\\/changhongchemical.com\\\/\",\"logo\":{\"@type\":\"ImageObject\",\"inLanguage\":\"hu\",\"@id\":\"https:\\\/\\\/changhongchemical.com\\\/#\\\/schema\\\/logo\\\/image\\\/\",\"url\":\"https:\\\/\\\/changhongchemical.com\\\/wp-content\\\/uploads\\\/2020\\\/08\\\/cropped-longchang-logo.png\",\"contentUrl\":\"https:\\\/\\\/changhongchemical.com\\\/wp-content\\\/uploads\\\/2020\\\/08\\\/cropped-longchang-logo.png\",\"width\":512,\"height\":512,\"caption\":\"Changhong Chemical\"},\"image\":{\"@id\":\"https:\\\/\\\/changhongchemical.com\\\/#\\\/schema\\\/logo\\\/image\\\/\"}}]}<\/script>\n<!-- \/ Yoast SEO plugin. -->","yoast_head_json":{"title":"K\u00edna HALS 791 \/ k\u00f6nny\u0171 stabiliz\u00e1tor 791 \/ Tinuvin 791 gy\u00e1rt\u00f3 \u00e9s sz\u00e1ll\u00edt\u00f3 - Changhong Chemical","description":"A Changhong Chemical vezet\u0151 gy\u00e1rt\u00f3ja \u00e9s sz\u00e1ll\u00edt\u00f3ja a HALS 791 \/ UV f\u00e9ny stabiliz\u00e1tor 791 \/ Tinuvin 791 K\u00edn\u00e1ban. V\u00e1s\u00e1roljon UV f\u00e9ny stabiliz\u00e1tor 791 \/ Tinuvin 791-et K\u00edn\u00e1ban. A legjobb Tinuvin 791 \u00e1rat tudjuk biztos\u00edtani.","robots":{"index":"index","follow":"follow","max-snippet":"max-snippet:-1","max-image-preview":"max-image-preview:large","max-video-preview":"max-video-preview:-1"},"canonical":"https:\/\/changhongchemical.com\/hu\/product\/light-stabilizer-791-tinuvin-791\/","og_locale":"hu_HU","og_type":"article","og_title":"China HALS 791 \/ Light Stabilizer 791 \/ Tinuvin 791 manufacturer and supplier - Changhong Chemical","og_description":"Changhong Chemical is a leading manufacturer and supplier of HALS 791 \/ UV Light Stabilizer 791 \/ Tinuvin 791 in China. Buy UV Light Stabilizer 791 \/ Tinuvin 791 in china. We can provide the best Tinuvin 791 price.","og_url":"https:\/\/changhongchemical.com\/hu\/product\/light-stabilizer-791-tinuvin-791\/","og_site_name":"Changhong Chemical","article_modified_time":"2025-04-01T02:45:03+00:00","og_image":[{"width":600,"height":800,"url":"https:\/\/changhongchemical.com\/wp-content\/uploads\/2020\/10\/Tinuvin-791-Appearance.jpg","type":"image\/jpeg"}],"twitter_card":"summary_large_image","twitter_misc":{"Becs\u00fclt olvas\u00e1si id\u0151":"3 perc"},"schema":{"@context":"https:\/\/schema.org","@graph":[{"@type":"WebPage","@id":"https:\/\/changhongchemical.com\/product\/light-stabilizer-791-tinuvin-791\/","url":"https:\/\/changhongchemical.com\/product\/light-stabilizer-791-tinuvin-791\/","name":"K\u00edna HALS 791 \/ k\u00f6nny\u0171 stabiliz\u00e1tor 791 \/ Tinuvin 791 gy\u00e1rt\u00f3 \u00e9s sz\u00e1ll\u00edt\u00f3 - Changhong Chemical","isPartOf":{"@id":"https:\/\/changhongchemical.com\/#website"},"primaryImageOfPage":{"@id":"https:\/\/changhongchemical.com\/product\/light-stabilizer-791-tinuvin-791\/#primaryimage"},"image":{"@id":"https:\/\/changhongchemical.com\/product\/light-stabilizer-791-tinuvin-791\/#primaryimage"},"thumbnailUrl":"https:\/\/changhongchemical.com\/wp-content\/uploads\/2020\/10\/Tinuvin-791-Appearance.jpg","datePublished":"2020-10-22T02:49:05+00:00","dateModified":"2025-04-01T02:45:03+00:00","description":"A Changhong Chemical vezet\u0151 gy\u00e1rt\u00f3ja \u00e9s sz\u00e1ll\u00edt\u00f3ja a HALS 791 \/ UV f\u00e9ny stabiliz\u00e1tor 791 \/ Tinuvin 791 K\u00edn\u00e1ban. V\u00e1s\u00e1roljon UV f\u00e9ny stabiliz\u00e1tor 791 \/ Tinuvin 791-et K\u00edn\u00e1ban. A legjobb Tinuvin 791 \u00e1rat tudjuk biztos\u00edtani.","breadcrumb":{"@id":"https:\/\/changhongchemical.com\/product\/light-stabilizer-791-tinuvin-791\/#breadcrumb"},"inLanguage":"hu","potentialAction":[{"@type":"ReadAction","target":["https:\/\/changhongchemical.com\/product\/light-stabilizer-791-tinuvin-791\/"]}]},{"@type":"ImageObject","inLanguage":"hu","@id":"https:\/\/changhongchemical.com\/product\/light-stabilizer-791-tinuvin-791\/#primaryimage","url":"https:\/\/changhongchemical.com\/wp-content\/uploads\/2020\/10\/Tinuvin-791-Appearance.jpg","contentUrl":"https:\/\/changhongchemical.com\/wp-content\/uploads\/2020\/10\/Tinuvin-791-Appearance.jpg","width":600,"height":800,"caption":"Tinuvin 791 Appearance"},{"@type":"BreadcrumbList","@id":"https:\/\/changhongchemical.com\/product\/light-stabilizer-791-tinuvin-791\/#breadcrumb","itemListElement":[{"@type":"ListItem","position":1,"name":"Home","item":"https:\/\/changhongchemical.com\/"},{"@type":"ListItem","position":2,"name":"Products Changhong","item":"https:\/\/changhongchemical.com\/product\/"},{"@type":"ListItem","position":3,"name":"CHLUMILS\u00ae UV-791 \/ HALS 791 \/ Light Stabilizer 791 \/ Tinuvin 791"}]},{"@type":"WebSite","@id":"https:\/\/changhongchemical.com\/#website","url":"https:\/\/changhongchemical.com\/","name":"Changhong Chemical","description":"K\u00edna k\u00e9miai gy\u00e1rt\u00f3 \uff06 sz\u00e1ll\u00edt\u00f3","publisher":{"@id":"https:\/\/changhongchemical.com\/#organization"},"potentialAction":[{"@type":"SearchAction","target":{"@type":"EntryPoint","urlTemplate":"https:\/\/changhongchemical.com\/?s={search_term_string}"},"query-input":{"@type":"PropertyValueSpecification","valueRequired":true,"valueName":"search_term_string"}}],"inLanguage":"hu"},{"@type":"Organization","@id":"https:\/\/changhongchemical.com\/#organization","name":"Changhong Chemical","url":"https:\/\/changhongchemical.com\/","logo":{"@type":"ImageObject","inLanguage":"hu","@id":"https:\/\/changhongchemical.com\/#\/schema\/logo\/image\/","url":"https:\/\/changhongchemical.com\/wp-content\/uploads\/2020\/08\/cropped-longchang-logo.png","contentUrl":"https:\/\/changhongchemical.com\/wp-content\/uploads\/2020\/08\/cropped-longchang-logo.png","width":512,"height":512,"caption":"Changhong Chemical"},"image":{"@id":"https:\/\/changhongchemical.com\/#\/schema\/logo\/image\/"}}]}},"_links":{"self":[{"href":"https:\/\/changhongchemical.com\/hu\/wp-json\/wp\/v2\/product\/3375","targetHints":{"allow":["GET"]}}],"collection":[{"href":"https:\/\/changhongchemical.com\/hu\/wp-json\/wp\/v2\/product"}],"about":[{"href":"https:\/\/changhongchemical.com\/hu\/wp-json\/wp\/v2\/types\/product"}],"replies":[{"embeddable":true,"href":"https:\/\/changhongchemical.com\/hu\/wp-json\/wp\/v2\/comments?post=3375"}],"wp:featuredmedia":[{"embeddable":true,"href":"https:\/\/changhongchemical.com\/hu\/wp-json\/wp\/v2\/media\/3381"}],"wp:attachment":[{"href":"https:\/\/changhongchemical.com\/hu\/wp-json\/wp\/v2\/media?parent=3375"}],"wp:term":[{"taxonomy":"product_brand","embeddable":true,"href":"https:\/\/changhongchemical.com\/hu\/wp-json\/wp\/v2\/product_brand?post=3375"},{"taxonomy":"product_cat","embeddable":true,"href":"https:\/\/changhongchemical.com\/hu\/wp-json\/wp\/v2\/product_cat?post=3375"},{"taxonomy":"product_tag","embeddable":true,"href":"https:\/\/changhongchemical.com\/hu\/wp-json\/wp\/v2\/product_tag?post=3375"}],"curies":[{"name":"wp","href":"https:\/\/api.w.org\/{rel}","templated":true}]}}