{"id":8532,"date":"2025-05-06T07:10:30","date_gmt":"2025-05-06T07:10:30","guid":{"rendered":"https:\/\/changhongchemical.com\/?post_type=product&#038;p=8532"},"modified":"2025-05-06T07:12:44","modified_gmt":"2025-05-06T07:12:44","slug":"chluminit-20102p-cas-71449-78-0-108-32-7","status":"publish","type":"product","link":"https:\/\/changhongchemical.com\/fr\/product\/chluminit-20102p-cas-71449-78-0-108-32-7\/","title":{"rendered":"CHLUMINIT\u00ae 20102P CAS 71449-78-0, 108-32-7"},"content":{"rendered":"<h2>4-thioph\u00e9nyl ph\u00e9nyl diph\u00e9nyl sulfonium sel d'hexafluoroantimonate solution de carbonate de propyl\u00e8ne<\/h2>\n<h2><strong><b>Param\u00e8tres techniques<\/b><\/strong><\/h2>\n<p>Apparence\uff1aLiquide transparent jaune clair<\/p>\n<p>Contenu solide\uff1a45.00~55.00%<\/p>\n<p>Teneur en eau\uff1a\u22640.50%<\/p>\n<h2><strong><b>Avantages<\/b><\/strong><\/h2>\n<p>Activit\u00e9 \u00e9lev\u00e9e<\/p>\n<p>Bonne stabilit\u00e9<\/p>\n<h2><strong><b>Applications<\/b><\/strong><\/h2>\n<p>CHLUMINIT\u00ae-20102P est principalement utilis\u00e9 pour les rev\u00eatements \u00e9poxy, les encres sp\u00e9ciales et l'impression 3D. Le dosage recommand\u00e9 est de 1~3%.<\/p>\n<h2><strong><b>Stockage &amp; <\/b><\/strong><strong><b>P<\/b><\/strong><strong><b>ackaging<\/b><\/strong><\/h2>\n<p>Conserver dans un r\u00e9cipient herm\u00e9tiquement ferm\u00e9 et dans un endroit frais, sec, sombre et ventil\u00e9. Effectif \u00e0 partir de la date de production, dans les 2 ans. Conditionnement : 20kg\/paquet.<\/p>\n<h2><strong><b>Spectre d'absorption UV<\/b><\/strong><\/h2>\n<p><img decoding=\"async\" class=\"alignnone size-full wp-image-8533\" src=\"https:\/\/changhongchemical.com\/wp-content\/uploads\/2025\/05\/20102p.webp\" alt=\"\" width=\"797\" height=\"353\" srcset=\"https:\/\/changhongchemical.com\/wp-content\/uploads\/2025\/05\/20102p.webp 797w, https:\/\/changhongchemical.com\/wp-content\/uploads\/2025\/05\/20102p-768x340.webp 768w, https:\/\/changhongchemical.com\/wp-content\/uploads\/2025\/05\/20102p-18x8.webp 18w, https:\/\/changhongchemical.com\/wp-content\/uploads\/2025\/05\/20102p-600x266.webp 600w\" sizes=\"(max-width: 797px) 100vw, 797px\" \/><\/p>\n<h1><strong><b>Contactez-nous d\u00e8s maintenant !<\/b><\/strong><\/h1>\n<h4><strong><b>Si vous avez besoin de Price, veuillez indiquer vos coordonn\u00e9es dans le formulaire ci-dessous. Nous vous contacterons g\u00e9n\u00e9ralement dans les 24 heures. Vous pouvez \u00e9galement m'envoyer un courriel\u00a0<span style=\"color: #00ccff;\"><a style=\"color: #00ccff;\" href=\"mailto:info@changhongchemical.com\">info@changhongchemical.com<\/a><\/span>\u00a0pendant les heures de travail ( 8:30 am to 6:00 pm UTC+8 Mon.~Sat. ) ou utilisez le chat en direct du site web pour obtenir une r\u00e9ponse rapide.<\/b><\/strong><\/h4>","protected":false},"excerpt":{"rendered":"<p><strong><b>Informations g\u00e9n\u00e9rales<\/b><\/strong><\/p>\n<p>CHLUMINIT\u00ae-20102P est un photo-initiateur cationique g\u00e9n\u00e9ral, qui est dissous dans du carbonate de propyl\u00e8ne pour une utilisation facile. Avec une activit\u00e9 \u00e9lev\u00e9e et une bonne stabilit\u00e9, il est principalement utilis\u00e9 dans les syst\u00e8mes cationiques tels que les rev\u00eatements, les encres et l'impression 3D.<\/p>\n<p><strong><b>Informations sur le produit<\/b><\/strong><\/p>\n<p>Nom chimique:4-thioph\u00e9nyl ph\u00e9nyl diph\u00e9nyl sulfonium hexafluoroantimonate sel solution de carbonate de propyl\u00e8ne<\/p>\n<p>No CAS\uff1a71449-78-0, 108-32-7<\/p>","protected":false},"featured_media":8534,"comment_status":"closed","ping_status":"closed","template":"","meta":[],"product_brand":[],"product_cat":[175,174],"product_tag":[],"class_list":{"0":"post-8532","1":"product","2":"type-product","3":"status-publish","4":"has-post-thumbnail","6":"product_cat-cationic-photoinitiator","7":"product_cat-photoinitiator","9":"first","10":"instock","11":"shipping-taxable","12":"product-type-simple"},"yoast_head":"<!-- This site is optimized with the Yoast SEO plugin v27.4 - https:\/\/yoast.com\/product\/yoast-seo-wordpress\/ -->\n<title>China CHLUMINIT\u00ae 20102P CAS 71449-78-0, 108-32-7 Manufacturer - Changhong Chemical<\/title>\n<meta name=\"description\" content=\"General Information CHLUMINIT\u00ae-20102P is a general cationic photoinitiator, which is dissolved in propylene carbonate for easy...\" \/>\n<meta name=\"robots\" content=\"index, follow, max-snippet:-1, max-image-preview:large, max-video-preview:-1\" \/>\n<link rel=\"canonical\" href=\"https:\/\/changhongchemical.com\/fr\/product\/chluminit-20102p-cas-71449-78-0-108-32-7\/\" \/>\n<meta property=\"og:locale\" content=\"fr_FR\" \/>\n<meta property=\"og:type\" content=\"article\" \/>\n<meta property=\"og:title\" content=\"China CHLUMINIT\u00ae 20102P CAS 71449-78-0, 108-32-7 Manufacturer - Changhong Chemical\" \/>\n<meta property=\"og:description\" content=\"General Information CHLUMINIT\u00ae-20102P is a general cationic photoinitiator, which is dissolved in propylene carbonate for easy...\" \/>\n<meta property=\"og:url\" content=\"https:\/\/changhongchemical.com\/fr\/product\/chluminit-20102p-cas-71449-78-0-108-32-7\/\" \/>\n<meta property=\"og:site_name\" content=\"Changhong Chemical\" \/>\n<meta property=\"article:modified_time\" content=\"2025-05-06T07:12:44+00:00\" \/>\n<meta property=\"og:image\" content=\"https:\/\/changhongchemical.com\/wp-content\/uploads\/2025\/05\/20102p-300x300-1.webp\" \/>\n\t<meta property=\"og:image:width\" content=\"300\" \/>\n\t<meta property=\"og:image:height\" content=\"300\" \/>\n\t<meta property=\"og:image:type\" content=\"image\/webp\" \/>\n<meta name=\"twitter:card\" content=\"summary_large_image\" \/>\n<meta name=\"twitter:label1\" content=\"Dur\u00e9e de lecture estim\u00e9e\" \/>\n\t<meta name=\"twitter:data1\" content=\"1 minute\" \/>\n<script type=\"application\/ld+json\" class=\"yoast-schema-graph\">{\"@context\":\"https:\\\/\\\/schema.org\",\"@graph\":[{\"@type\":\"WebPage\",\"@id\":\"https:\\\/\\\/changhongchemical.com\\\/product\\\/chluminit-20102p-cas-71449-78-0-108-32-7\\\/\",\"url\":\"https:\\\/\\\/changhongchemical.com\\\/product\\\/chluminit-20102p-cas-71449-78-0-108-32-7\\\/\",\"name\":\"China CHLUMINIT\u00ae 20102P CAS 71449-78-0, 108-32-7 Manufacturer - Changhong Chemical\",\"isPartOf\":{\"@id\":\"https:\\\/\\\/changhongchemical.com\\\/#website\"},\"primaryImageOfPage\":{\"@id\":\"https:\\\/\\\/changhongchemical.com\\\/product\\\/chluminit-20102p-cas-71449-78-0-108-32-7\\\/#primaryimage\"},\"image\":{\"@id\":\"https:\\\/\\\/changhongchemical.com\\\/product\\\/chluminit-20102p-cas-71449-78-0-108-32-7\\\/#primaryimage\"},\"thumbnailUrl\":\"https:\\\/\\\/changhongchemical.com\\\/wp-content\\\/uploads\\\/2025\\\/05\\\/20102p-300x300-1.webp\",\"datePublished\":\"2025-05-06T07:10:30+00:00\",\"dateModified\":\"2025-05-06T07:12:44+00:00\",\"description\":\"General Information CHLUMINIT\u00ae-20102P is a general cationic photoinitiator, which is dissolved in propylene carbonate for easy...\",\"breadcrumb\":{\"@id\":\"https:\\\/\\\/changhongchemical.com\\\/product\\\/chluminit-20102p-cas-71449-78-0-108-32-7\\\/#breadcrumb\"},\"inLanguage\":\"fr-FR\",\"potentialAction\":[{\"@type\":\"ReadAction\",\"target\":[\"https:\\\/\\\/changhongchemical.com\\\/product\\\/chluminit-20102p-cas-71449-78-0-108-32-7\\\/\"]}]},{\"@type\":\"ImageObject\",\"inLanguage\":\"fr-FR\",\"@id\":\"https:\\\/\\\/changhongchemical.com\\\/product\\\/chluminit-20102p-cas-71449-78-0-108-32-7\\\/#primaryimage\",\"url\":\"https:\\\/\\\/changhongchemical.com\\\/wp-content\\\/uploads\\\/2025\\\/05\\\/20102p-300x300-1.webp\",\"contentUrl\":\"https:\\\/\\\/changhongchemical.com\\\/wp-content\\\/uploads\\\/2025\\\/05\\\/20102p-300x300-1.webp\",\"width\":300,\"height\":300},{\"@type\":\"BreadcrumbList\",\"@id\":\"https:\\\/\\\/changhongchemical.com\\\/product\\\/chluminit-20102p-cas-71449-78-0-108-32-7\\\/#breadcrumb\",\"itemListElement\":[{\"@type\":\"ListItem\",\"position\":1,\"name\":\"Home\",\"item\":\"https:\\\/\\\/changhongchemical.com\\\/\"},{\"@type\":\"ListItem\",\"position\":2,\"name\":\"Products Changhong\",\"item\":\"https:\\\/\\\/changhongchemical.com\\\/product\\\/\"},{\"@type\":\"ListItem\",\"position\":3,\"name\":\"CHLUMINIT\u00ae 20102P CAS 71449-78-0, 108-32-7\"}]},{\"@type\":\"WebSite\",\"@id\":\"https:\\\/\\\/changhongchemical.com\\\/#website\",\"url\":\"https:\\\/\\\/changhongchemical.com\\\/\",\"name\":\"Changhong Chemical\",\"description\":\"China chemical manufacturer \uff06 supplier\",\"publisher\":{\"@id\":\"https:\\\/\\\/changhongchemical.com\\\/#organization\"},\"potentialAction\":[{\"@type\":\"SearchAction\",\"target\":{\"@type\":\"EntryPoint\",\"urlTemplate\":\"https:\\\/\\\/changhongchemical.com\\\/?s={search_term_string}\"},\"query-input\":{\"@type\":\"PropertyValueSpecification\",\"valueRequired\":true,\"valueName\":\"search_term_string\"}}],\"inLanguage\":\"fr-FR\"},{\"@type\":\"Organization\",\"@id\":\"https:\\\/\\\/changhongchemical.com\\\/#organization\",\"name\":\"Changhong Chemical\",\"url\":\"https:\\\/\\\/changhongchemical.com\\\/\",\"logo\":{\"@type\":\"ImageObject\",\"inLanguage\":\"fr-FR\",\"@id\":\"https:\\\/\\\/changhongchemical.com\\\/#\\\/schema\\\/logo\\\/image\\\/\",\"url\":\"https:\\\/\\\/changhongchemical.com\\\/wp-content\\\/uploads\\\/2020\\\/08\\\/cropped-longchang-logo.png\",\"contentUrl\":\"https:\\\/\\\/changhongchemical.com\\\/wp-content\\\/uploads\\\/2020\\\/08\\\/cropped-longchang-logo.png\",\"width\":512,\"height\":512,\"caption\":\"Changhong Chemical\"},\"image\":{\"@id\":\"https:\\\/\\\/changhongchemical.com\\\/#\\\/schema\\\/logo\\\/image\\\/\"}}]}<\/script>\n<!-- \/ Yoast SEO plugin. -->","yoast_head_json":{"title":"CHLUMINIT\u00ae 20102P CAS 71449-78-0, 108-32-7 fabricant chinois - Changhong Chemical","description":"General Information CHLUMINIT\u00ae-20102P is a general cationic photoinitiator, which is dissolved in propylene carbonate for easy...","robots":{"index":"index","follow":"follow","max-snippet":"max-snippet:-1","max-image-preview":"max-image-preview:large","max-video-preview":"max-video-preview:-1"},"canonical":"https:\/\/changhongchemical.com\/fr\/product\/chluminit-20102p-cas-71449-78-0-108-32-7\/","og_locale":"fr_FR","og_type":"article","og_title":"China CHLUMINIT\u00ae 20102P CAS 71449-78-0, 108-32-7 Manufacturer - Changhong Chemical","og_description":"General Information CHLUMINIT\u00ae-20102P is a general cationic photoinitiator, which is dissolved in propylene carbonate for easy...","og_url":"https:\/\/changhongchemical.com\/fr\/product\/chluminit-20102p-cas-71449-78-0-108-32-7\/","og_site_name":"Changhong Chemical","article_modified_time":"2025-05-06T07:12:44+00:00","og_image":[{"width":300,"height":300,"url":"https:\/\/changhongchemical.com\/wp-content\/uploads\/2025\/05\/20102p-300x300-1.webp","type":"image\/webp"}],"twitter_card":"summary_large_image","twitter_misc":{"Dur\u00e9e de lecture estim\u00e9e":"1 minute"},"schema":{"@context":"https:\/\/schema.org","@graph":[{"@type":"WebPage","@id":"https:\/\/changhongchemical.com\/product\/chluminit-20102p-cas-71449-78-0-108-32-7\/","url":"https:\/\/changhongchemical.com\/product\/chluminit-20102p-cas-71449-78-0-108-32-7\/","name":"CHLUMINIT\u00ae 20102P CAS 71449-78-0, 108-32-7 fabricant chinois - Changhong Chemical","isPartOf":{"@id":"https:\/\/changhongchemical.com\/#website"},"primaryImageOfPage":{"@id":"https:\/\/changhongchemical.com\/product\/chluminit-20102p-cas-71449-78-0-108-32-7\/#primaryimage"},"image":{"@id":"https:\/\/changhongchemical.com\/product\/chluminit-20102p-cas-71449-78-0-108-32-7\/#primaryimage"},"thumbnailUrl":"https:\/\/changhongchemical.com\/wp-content\/uploads\/2025\/05\/20102p-300x300-1.webp","datePublished":"2025-05-06T07:10:30+00:00","dateModified":"2025-05-06T07:12:44+00:00","description":"General Information CHLUMINIT\u00ae-20102P is a general cationic photoinitiator, which is dissolved in propylene carbonate for easy...","breadcrumb":{"@id":"https:\/\/changhongchemical.com\/product\/chluminit-20102p-cas-71449-78-0-108-32-7\/#breadcrumb"},"inLanguage":"fr-FR","potentialAction":[{"@type":"ReadAction","target":["https:\/\/changhongchemical.com\/product\/chluminit-20102p-cas-71449-78-0-108-32-7\/"]}]},{"@type":"ImageObject","inLanguage":"fr-FR","@id":"https:\/\/changhongchemical.com\/product\/chluminit-20102p-cas-71449-78-0-108-32-7\/#primaryimage","url":"https:\/\/changhongchemical.com\/wp-content\/uploads\/2025\/05\/20102p-300x300-1.webp","contentUrl":"https:\/\/changhongchemical.com\/wp-content\/uploads\/2025\/05\/20102p-300x300-1.webp","width":300,"height":300},{"@type":"BreadcrumbList","@id":"https:\/\/changhongchemical.com\/product\/chluminit-20102p-cas-71449-78-0-108-32-7\/#breadcrumb","itemListElement":[{"@type":"ListItem","position":1,"name":"Home","item":"https:\/\/changhongchemical.com\/"},{"@type":"ListItem","position":2,"name":"Products Changhong","item":"https:\/\/changhongchemical.com\/product\/"},{"@type":"ListItem","position":3,"name":"CHLUMINIT\u00ae 20102P CAS 71449-78-0, 108-32-7"}]},{"@type":"WebSite","@id":"https:\/\/changhongchemical.com\/#website","url":"https:\/\/changhongchemical.com\/","name":"Changhong Chemical","description":"Fabricant chinois de produits chimiques \uff06 fournisseur","publisher":{"@id":"https:\/\/changhongchemical.com\/#organization"},"potentialAction":[{"@type":"SearchAction","target":{"@type":"EntryPoint","urlTemplate":"https:\/\/changhongchemical.com\/?s={search_term_string}"},"query-input":{"@type":"PropertyValueSpecification","valueRequired":true,"valueName":"search_term_string"}}],"inLanguage":"fr-FR"},{"@type":"Organization","@id":"https:\/\/changhongchemical.com\/#organization","name":"Changhong Chemical","url":"https:\/\/changhongchemical.com\/","logo":{"@type":"ImageObject","inLanguage":"fr-FR","@id":"https:\/\/changhongchemical.com\/#\/schema\/logo\/image\/","url":"https:\/\/changhongchemical.com\/wp-content\/uploads\/2020\/08\/cropped-longchang-logo.png","contentUrl":"https:\/\/changhongchemical.com\/wp-content\/uploads\/2020\/08\/cropped-longchang-logo.png","width":512,"height":512,"caption":"Changhong Chemical"},"image":{"@id":"https:\/\/changhongchemical.com\/#\/schema\/logo\/image\/"}}]}},"_links":{"self":[{"href":"https:\/\/changhongchemical.com\/fr\/wp-json\/wp\/v2\/product\/8532","targetHints":{"allow":["GET"]}}],"collection":[{"href":"https:\/\/changhongchemical.com\/fr\/wp-json\/wp\/v2\/product"}],"about":[{"href":"https:\/\/changhongchemical.com\/fr\/wp-json\/wp\/v2\/types\/product"}],"replies":[{"embeddable":true,"href":"https:\/\/changhongchemical.com\/fr\/wp-json\/wp\/v2\/comments?post=8532"}],"wp:featuredmedia":[{"embeddable":true,"href":"https:\/\/changhongchemical.com\/fr\/wp-json\/wp\/v2\/media\/8534"}],"wp:attachment":[{"href":"https:\/\/changhongchemical.com\/fr\/wp-json\/wp\/v2\/media?parent=8532"}],"wp:term":[{"taxonomy":"product_brand","embeddable":true,"href":"https:\/\/changhongchemical.com\/fr\/wp-json\/wp\/v2\/product_brand?post=8532"},{"taxonomy":"product_cat","embeddable":true,"href":"https:\/\/changhongchemical.com\/fr\/wp-json\/wp\/v2\/product_cat?post=8532"},{"taxonomy":"product_tag","embeddable":true,"href":"https:\/\/changhongchemical.com\/fr\/wp-json\/wp\/v2\/product_tag?post=8532"}],"curies":[{"name":"wp","href":"https:\/\/api.w.org\/{rel}","templated":true}]}}