{"id":8392,"date":"2025-03-26T08:34:41","date_gmt":"2025-03-26T08:34:41","guid":{"rendered":"https:\/\/changhongchemical.com\/?post_type=product&#038;p=8392"},"modified":"2025-05-12T03:01:36","modified_gmt":"2025-05-12T03:01:36","slug":"ninafluorobutyl-vinyl","status":"publish","type":"product","link":"https:\/\/changhongchemical.com\/fr\/product\/ninafluorobutyl-vinyl\/","title":{"rendered":"CHLUMOFIUOR\u00ae Ninafluorobutyl vinyle"},"content":{"rendered":"<p>Indicateurs de produits<\/p>\n<table style=\"border-collapse: collapse; width: 730.52pt;\" border=\"0\" width=\"974\" cellspacing=\"0\" cellpadding=\"0\">\n<tbody>\n<tr style=\"height: 13.50pt;\">\n<td style=\"height: 13.50pt; width: 145.50pt;\" width=\"194\" height=\"18\">Mod\u00e8le<\/td>\n<td style=\"width: 97.50pt;\" width=\"130\"><\/td>\n<td style=\"width: 156.75pt;\" width=\"209\"><\/td>\n<td style=\"width: 168.00pt;\" width=\"224\"><\/td>\n<td style=\"width: 162.75pt;\" width=\"217\"><\/td>\n<\/tr>\n<tr style=\"height: 13.50pt;\">\n<td style=\"height: 13.50pt;\" height=\"18\"><\/td>\n<td><\/td>\n<td>FL\u00ae PFBE01<\/td>\n<td>FL\u00ae PFBE02<\/td>\n<td>FL\u00ae PFBE03<\/td>\n<\/tr>\n<tr style=\"height: 13.50pt;\">\n<td style=\"height: 13.50pt;\" height=\"18\">Composants<\/td>\n<td>Unit\u00e9 : PFBE<\/td>\n<td>Sp\u00e9cifications techniques<\/td>\n<td>Sp\u00e9cifications techniques<\/td>\n<td>Sp\u00e9cifications techniques<\/td>\n<\/tr>\n<tr style=\"height: 13.50pt;\">\n<td style=\"height: 13.50pt;\" height=\"18\">\u00c9thyl\u00e8ne perfluorobutyle<\/td>\n<td>%<\/td>\n<td>&gt;98<\/td>\n<td>&gt;99<\/td>\n<td>&gt;99.5<\/td>\n<\/tr>\n<tr style=\"height: 13.50pt;\">\n<td style=\"height: 13.50pt;\" height=\"18\">Perfluorohexane<\/td>\n<td>%<\/td>\n<td>&lt;2.0<\/td>\n<td>\/<\/td>\n<td>&lt;2.0<\/td>\n<\/tr>\n<tr style=\"height: 13.50pt;\">\n<td style=\"height: 13.50pt;\" height=\"18\">Perfluorohexyl\u00e9thyl\u00e8ne<\/td>\n<td>%<\/td>\n<td>&lt;1.0<\/td>\n<td>\/<\/td>\n<td>&lt;1.0<\/td>\n<\/tr>\n<tr style=\"height: 13.50pt;\">\n<td style=\"height: 13.50pt;\" height=\"18\">Iode total<\/td>\n<td>ppm<\/td>\n<td>&lt;150<\/td>\n<td>\/<\/td>\n<td>&lt;150<\/td>\n<\/tr>\n<\/tbody>\n<\/table>\n<p>Domaines d'application :<\/p>\n<p>Traitement de surface et lubrification, nettoyage, solvants\/r\u00e9frig\u00e9rants, r\u00e9sines de silicone fluor\u00e9es et silanes<\/p>\n<p>Tableau des param\u00e8tres des propri\u00e9t\u00e9s physiques<\/p>\n<table width=\"788\">\n<tbody>\n<tr>\n<td width=\"330\">Nom CAS<\/td>\n<td width=\"458\">3,3,4,4,5,5,5,6,6,6-Nonafluoro-1-hexene<\/td>\n<\/tr>\n<tr>\n<td>Autres noms<\/td>\n<td>PFBE<\/td>\n<\/tr>\n<tr>\n<td>Formule mol\u00e9culaire<\/td>\n<td>C4F9CH=CH2<\/td>\n<\/tr>\n<tr>\n<td width=\"330\">Poids mol\u00e9culaire<\/td>\n<td>246<\/td>\n<\/tr>\n<tr>\n<td>Morphologie<\/td>\n<td>Liquide<\/td>\n<\/tr>\n<tr>\n<td>Couleur<\/td>\n<td>Incolore et transparent<\/td>\n<\/tr>\n<tr>\n<td>Odeur<\/td>\n<td>Ether<\/td>\n<\/tr>\n<tr>\n<td>Point d'\u00e9bullition<\/td>\n<td>58 (136\u00b0F)<\/td>\n<\/tr>\n<tr>\n<td>Teneur en fluor, wt%<\/td>\n<td>69.5<\/td>\n<\/tr>\n<tr>\n<td>Densit\u00e9 25(77)<\/td>\n<td width=\"458\">1,4g\/cm3<\/td>\n<\/tr>\n<tr>\n<td width=\"330\">Point d'\u00e9paississement<\/td>\n<td>&lt;25(77\u00b0F)<\/td>\n<\/tr>\n<tr>\n<td width=\"330\">Viscosit\u00e9, 25(77)<\/td>\n<td>&lt;7 cp<\/td>\n<\/tr>\n<tr>\n<td>Point d'\u00e9clair<\/td>\n<td>Ininflammable<\/td>\n<\/tr>\n<\/tbody>\n<\/table>\n<p>Premiers soins personnels, stockage et manipulation<\/p>\n<p>Ce produit est irritant pour la peau et les yeux. Pour \u00e9viter toute exposition, il convient de porter des gants, des lunettes de s\u00e9curit\u00e9 et d'autres \u00e9quipements de protection appropri\u00e9s lors de l'utilisation de ce produit, et de lire la fiche de donn\u00e9es de s\u00e9curit\u00e9 avant de l'utiliser.<\/p>\n<p>Informations sur l'emballage et l'exp\u00e9dition<\/p>\n<p>Ce produit n'est pas un produit tubulaire DOT, IMO ou IATA.<\/p>\n<h2><strong><b>Contactez-nous d\u00e8s maintenant !<\/b><\/strong><\/h2>\n<h4><strong><b>Si vous avez besoin de Price, veuillez indiquer vos coordonn\u00e9es dans le formulaire ci-dessous. Nous vous contacterons g\u00e9n\u00e9ralement dans les 24 heures. Vous pouvez \u00e9galement m'envoyer un courriel\u00a0<span style=\"color: #00ccff;\"><a style=\"color: #00ccff;\" href=\"mailto:info@changhongchemical.com\">info@changhongchemical.com<\/a><\/span>\u00a0pendant les heures de travail ( 8:30 am to 6:00 pm UTC+8 Mon.~Sat. ) ou utilisez le chat en direct du site web pour obtenir une r\u00e9ponse rapide.<\/b><\/strong><\/h4>","protected":false},"excerpt":{"rendered":"<p>I. Introduction<\/p>\n<p>Le vinyle ninafluorobutyle est une ol\u00e9fine fluor\u00e9e qui peut \u00eatre utilis\u00e9e comme additif, auxiliaire de traitement ou monom\u00e8re copolym\u00e8re pour la polym\u00e9risation radicalaire. Il contient quatre atomes de carbone fluor\u00e9s et est l'un des nombreux monom\u00e8res fluor\u00e9s sp\u00e9cialis\u00e9s propos\u00e9s par Fluorine Edge.<\/p>\n<p>Applications<\/p>\n<p>Le vinyle ninafluorobutyle est un monom\u00e8re fluor\u00e9 aux excellentes performances, qui peut \u00eatre utilis\u00e9 pour r\u00e9duire l'\u00e9nergie de surface, am\u00e9liorer la stabilit\u00e9 chimique et augmenter le pouvoir lubrifiant de la surface. Il peut \u00eatre utilis\u00e9 comme monom\u00e8re pour la polym\u00e9risation radicalaire dans des syst\u00e8mes aqueux ou non aqueux, et il peut \u00e9galement \u00eatre m\u00e9lang\u00e9 \u00e0 des plastiques pour servir d'agent de d\u00e9moulage.<\/p>","protected":false},"featured_media":0,"comment_status":"closed","ping_status":"closed","template":"","meta":[],"product_brand":[],"product_cat":[188],"product_tag":[],"class_list":{"0":"post-8392","1":"product","2":"type-product","3":"status-publish","5":"product_cat-fluorinated-fine-chemicals","7":"first","8":"instock","9":"shipping-taxable","10":"product-type-simple"},"yoast_head":"<!-- This site is optimized with the Yoast SEO plugin v27.4 - https:\/\/yoast.com\/product\/yoast-seo-wordpress\/ -->\n<title>China CHLUMOFIUOR\u00ae Ninafluorobutyl vinyl Manufacturer - Changhong Chemical<\/title>\n<meta name=\"description\" content=\"I. Introduction Ninafluorobutyl vinyl is a fluorinated olefin that can be used as an additive, processing aid, or copolymer monomer for free radical...\" \/>\n<meta name=\"robots\" content=\"index, follow, max-snippet:-1, max-image-preview:large, max-video-preview:-1\" \/>\n<link rel=\"canonical\" href=\"https:\/\/changhongchemical.com\/fr\/product\/ninafluorobutyl-vinyl\/\" \/>\n<meta property=\"og:locale\" content=\"fr_FR\" \/>\n<meta property=\"og:type\" content=\"article\" \/>\n<meta property=\"og:title\" content=\"China CHLUMOFIUOR\u00ae Ninafluorobutyl vinyl Manufacturer - Changhong Chemical\" \/>\n<meta property=\"og:description\" content=\"I. Introduction Ninafluorobutyl vinyl is a fluorinated olefin that can be used as an additive, processing aid, or copolymer monomer for free radical...\" \/>\n<meta property=\"og:url\" content=\"https:\/\/changhongchemical.com\/fr\/product\/ninafluorobutyl-vinyl\/\" \/>\n<meta property=\"og:site_name\" content=\"Changhong Chemical\" \/>\n<meta property=\"article:modified_time\" content=\"2025-05-12T03:01:36+00:00\" \/>\n<meta property=\"og:image\" content=\"https:\/\/changhongchemical.com\/wp-content\/uploads\/2024\/02\/logo-jpeg.jpg\" \/>\n\t<meta property=\"og:image:width\" content=\"1000\" \/>\n\t<meta property=\"og:image:height\" content=\"1000\" \/>\n\t<meta property=\"og:image:type\" content=\"image\/jpeg\" \/>\n<meta name=\"twitter:card\" content=\"summary_large_image\" \/>\n<meta name=\"twitter:label1\" content=\"Dur\u00e9e de lecture estim\u00e9e\" \/>\n\t<meta name=\"twitter:data1\" content=\"1 minute\" \/>\n<script type=\"application\/ld+json\" class=\"yoast-schema-graph\">{\"@context\":\"https:\\\/\\\/schema.org\",\"@graph\":[{\"@type\":\"WebPage\",\"@id\":\"https:\\\/\\\/changhongchemical.com\\\/product\\\/ninafluorobutyl-vinyl\\\/\",\"url\":\"https:\\\/\\\/changhongchemical.com\\\/product\\\/ninafluorobutyl-vinyl\\\/\",\"name\":\"China CHLUMOFIUOR\u00ae Ninafluorobutyl vinyl Manufacturer - Changhong Chemical\",\"isPartOf\":{\"@id\":\"https:\\\/\\\/changhongchemical.com\\\/#website\"},\"datePublished\":\"2025-03-26T08:34:41+00:00\",\"dateModified\":\"2025-05-12T03:01:36+00:00\",\"description\":\"I. Introduction Ninafluorobutyl vinyl is a fluorinated olefin that can be used as an additive, processing aid, or copolymer monomer for free radical...\",\"breadcrumb\":{\"@id\":\"https:\\\/\\\/changhongchemical.com\\\/product\\\/ninafluorobutyl-vinyl\\\/#breadcrumb\"},\"inLanguage\":\"fr-FR\",\"potentialAction\":[{\"@type\":\"ReadAction\",\"target\":[\"https:\\\/\\\/changhongchemical.com\\\/product\\\/ninafluorobutyl-vinyl\\\/\"]}]},{\"@type\":\"BreadcrumbList\",\"@id\":\"https:\\\/\\\/changhongchemical.com\\\/product\\\/ninafluorobutyl-vinyl\\\/#breadcrumb\",\"itemListElement\":[{\"@type\":\"ListItem\",\"position\":1,\"name\":\"Home\",\"item\":\"https:\\\/\\\/changhongchemical.com\\\/\"},{\"@type\":\"ListItem\",\"position\":2,\"name\":\"Products Changhong\",\"item\":\"https:\\\/\\\/changhongchemical.com\\\/product\\\/\"},{\"@type\":\"ListItem\",\"position\":3,\"name\":\"CHLUMOFIUOR\u00ae Ninafluorobutyl vinyl\"}]},{\"@type\":\"WebSite\",\"@id\":\"https:\\\/\\\/changhongchemical.com\\\/#website\",\"url\":\"https:\\\/\\\/changhongchemical.com\\\/\",\"name\":\"Changhong Chemical\",\"description\":\"China chemical manufacturer \uff06 supplier\",\"publisher\":{\"@id\":\"https:\\\/\\\/changhongchemical.com\\\/#organization\"},\"potentialAction\":[{\"@type\":\"SearchAction\",\"target\":{\"@type\":\"EntryPoint\",\"urlTemplate\":\"https:\\\/\\\/changhongchemical.com\\\/?s={search_term_string}\"},\"query-input\":{\"@type\":\"PropertyValueSpecification\",\"valueRequired\":true,\"valueName\":\"search_term_string\"}}],\"inLanguage\":\"fr-FR\"},{\"@type\":\"Organization\",\"@id\":\"https:\\\/\\\/changhongchemical.com\\\/#organization\",\"name\":\"Changhong Chemical\",\"url\":\"https:\\\/\\\/changhongchemical.com\\\/\",\"logo\":{\"@type\":\"ImageObject\",\"inLanguage\":\"fr-FR\",\"@id\":\"https:\\\/\\\/changhongchemical.com\\\/#\\\/schema\\\/logo\\\/image\\\/\",\"url\":\"https:\\\/\\\/changhongchemical.com\\\/wp-content\\\/uploads\\\/2020\\\/08\\\/cropped-longchang-logo.png\",\"contentUrl\":\"https:\\\/\\\/changhongchemical.com\\\/wp-content\\\/uploads\\\/2020\\\/08\\\/cropped-longchang-logo.png\",\"width\":512,\"height\":512,\"caption\":\"Changhong Chemical\"},\"image\":{\"@id\":\"https:\\\/\\\/changhongchemical.com\\\/#\\\/schema\\\/logo\\\/image\\\/\"}}]}<\/script>\n<!-- \/ Yoast SEO plugin. -->","yoast_head_json":{"title":"CHLUMOFIUOR\u00ae Ninafluorobutyl vinyl fabricant chinois - Changhong Chemical","description":"I. Introduction Ninafluorobutyl vinyl is a fluorinated olefin that can be used as an additive, processing aid, or copolymer monomer for free radical...","robots":{"index":"index","follow":"follow","max-snippet":"max-snippet:-1","max-image-preview":"max-image-preview:large","max-video-preview":"max-video-preview:-1"},"canonical":"https:\/\/changhongchemical.com\/fr\/product\/ninafluorobutyl-vinyl\/","og_locale":"fr_FR","og_type":"article","og_title":"China CHLUMOFIUOR\u00ae Ninafluorobutyl vinyl Manufacturer - Changhong Chemical","og_description":"I. Introduction Ninafluorobutyl vinyl is a fluorinated olefin that can be used as an additive, processing aid, or copolymer monomer for free radical...","og_url":"https:\/\/changhongchemical.com\/fr\/product\/ninafluorobutyl-vinyl\/","og_site_name":"Changhong Chemical","article_modified_time":"2025-05-12T03:01:36+00:00","og_image":[{"width":1000,"height":1000,"url":"https:\/\/changhongchemical.com\/wp-content\/uploads\/2024\/02\/logo-jpeg.jpg","type":"image\/jpeg"}],"twitter_card":"summary_large_image","twitter_misc":{"Dur\u00e9e de lecture estim\u00e9e":"1 minute"},"schema":{"@context":"https:\/\/schema.org","@graph":[{"@type":"WebPage","@id":"https:\/\/changhongchemical.com\/product\/ninafluorobutyl-vinyl\/","url":"https:\/\/changhongchemical.com\/product\/ninafluorobutyl-vinyl\/","name":"CHLUMOFIUOR\u00ae Ninafluorobutyl vinyl fabricant chinois - Changhong Chemical","isPartOf":{"@id":"https:\/\/changhongchemical.com\/#website"},"datePublished":"2025-03-26T08:34:41+00:00","dateModified":"2025-05-12T03:01:36+00:00","description":"I. Introduction Ninafluorobutyl vinyl is a fluorinated olefin that can be used as an additive, processing aid, or copolymer monomer for free radical...","breadcrumb":{"@id":"https:\/\/changhongchemical.com\/product\/ninafluorobutyl-vinyl\/#breadcrumb"},"inLanguage":"fr-FR","potentialAction":[{"@type":"ReadAction","target":["https:\/\/changhongchemical.com\/product\/ninafluorobutyl-vinyl\/"]}]},{"@type":"BreadcrumbList","@id":"https:\/\/changhongchemical.com\/product\/ninafluorobutyl-vinyl\/#breadcrumb","itemListElement":[{"@type":"ListItem","position":1,"name":"Home","item":"https:\/\/changhongchemical.com\/"},{"@type":"ListItem","position":2,"name":"Products Changhong","item":"https:\/\/changhongchemical.com\/product\/"},{"@type":"ListItem","position":3,"name":"CHLUMOFIUOR\u00ae Ninafluorobutyl vinyl"}]},{"@type":"WebSite","@id":"https:\/\/changhongchemical.com\/#website","url":"https:\/\/changhongchemical.com\/","name":"Changhong Chemical","description":"Fabricant chinois de produits chimiques \uff06 fournisseur","publisher":{"@id":"https:\/\/changhongchemical.com\/#organization"},"potentialAction":[{"@type":"SearchAction","target":{"@type":"EntryPoint","urlTemplate":"https:\/\/changhongchemical.com\/?s={search_term_string}"},"query-input":{"@type":"PropertyValueSpecification","valueRequired":true,"valueName":"search_term_string"}}],"inLanguage":"fr-FR"},{"@type":"Organization","@id":"https:\/\/changhongchemical.com\/#organization","name":"Changhong Chemical","url":"https:\/\/changhongchemical.com\/","logo":{"@type":"ImageObject","inLanguage":"fr-FR","@id":"https:\/\/changhongchemical.com\/#\/schema\/logo\/image\/","url":"https:\/\/changhongchemical.com\/wp-content\/uploads\/2020\/08\/cropped-longchang-logo.png","contentUrl":"https:\/\/changhongchemical.com\/wp-content\/uploads\/2020\/08\/cropped-longchang-logo.png","width":512,"height":512,"caption":"Changhong Chemical"},"image":{"@id":"https:\/\/changhongchemical.com\/#\/schema\/logo\/image\/"}}]}},"_links":{"self":[{"href":"https:\/\/changhongchemical.com\/fr\/wp-json\/wp\/v2\/product\/8392","targetHints":{"allow":["GET"]}}],"collection":[{"href":"https:\/\/changhongchemical.com\/fr\/wp-json\/wp\/v2\/product"}],"about":[{"href":"https:\/\/changhongchemical.com\/fr\/wp-json\/wp\/v2\/types\/product"}],"replies":[{"embeddable":true,"href":"https:\/\/changhongchemical.com\/fr\/wp-json\/wp\/v2\/comments?post=8392"}],"wp:attachment":[{"href":"https:\/\/changhongchemical.com\/fr\/wp-json\/wp\/v2\/media?parent=8392"}],"wp:term":[{"taxonomy":"product_brand","embeddable":true,"href":"https:\/\/changhongchemical.com\/fr\/wp-json\/wp\/v2\/product_brand?post=8392"},{"taxonomy":"product_cat","embeddable":true,"href":"https:\/\/changhongchemical.com\/fr\/wp-json\/wp\/v2\/product_cat?post=8392"},{"taxonomy":"product_tag","embeddable":true,"href":"https:\/\/changhongchemical.com\/fr\/wp-json\/wp\/v2\/product_tag?post=8392"}],"curies":[{"name":"wp","href":"https:\/\/api.w.org\/{rel}","templated":true}]}}