{"id":8382,"date":"2025-03-27T09:07:16","date_gmt":"2025-03-27T09:07:16","guid":{"rendered":"https:\/\/changhongchemical.com\/?post_type=product&#038;p=8382"},"modified":"2025-05-12T03:00:13","modified_gmt":"2025-05-12T03:00:13","slug":"perfluoropolyether-grease","status":"publish","type":"product","link":"https:\/\/changhongchemical.com\/fr\/product\/perfluoropolyether-grease\/","title":{"rendered":"CHLUMOFIUOR\u00ae Graisse \u00e0 base de poly\u00e9ther perfluor\u00e9"},"content":{"rendered":"<p><strong>S<\/strong><strong>e sp\u00e9cialit\u00e9 :<\/strong><\/p>\n<p>Excellente r\u00e9sistance aux produits chimiques et aux solvants Excellentes propri\u00e9t\u00e9s thermiques, tr\u00e8s large gamme de temp\u00e9ratures de fonctionnement<\/p>\n<p>Excellentes propri\u00e9t\u00e9s thermiques, tr\u00e8s large gamme de temp\u00e9ratures de fonctionnement Excellentes propri\u00e9t\u00e9s \u00e9lectriques et r\u00e9sistance aux radiations Bonne compatibilit\u00e9 avec les m\u00e9taux, les plastiques et les caoutchoucs<\/p>\n<p>Inerte \u00e0 l'oxyg\u00e8ne liquide et gazeux Facilement formulable dans les graisses<\/p>\n<p>Excellent indice de viscosit\u00e9 Faibles pertes par \u00e9vaporation<\/p>\n<p>Excellentes propri\u00e9t\u00e9s de rin\u00e7age \u00e0 l'eau Bonnes propri\u00e9t\u00e9s d'usure \u00e0 haute et basse temp\u00e9rature<\/p>\n<p>Sans danger pour l'environnement, non toxique, ininflammable, sans risque d'appauvrissement de la couche d'ozone.<\/p>\n<p><strong>Application :<\/strong><\/p>\n<p>Industrie des semi-conducteurs (huile pour pompe \u00e0 vide), industrie \u00e9lectronique (fluide caloporteur, fluide de test de fiabilit\u00e9), lubrification \u00e9lectronique (disque dur), lubrification de l'industrie a\u00e9ronautique, lubrification de l'industrie automobile, lubrification industrielle (roulements, engrenages), lubrification de l'industrie papeti\u00e8re (papier ondul\u00e9).<\/p>\n<p>1\u3001 Fluide \u00e9lectronique<\/p>\n<p>\u00c9quipement de gravure des semi-conducteurs et nettoyage des disques durs, nettoyage des impuret\u00e9s des particules, nettoyage de la surface des \u00e9crans tactiles, fluide de test de fiabilit\u00e9 dans l'industrie \u00e9lectronique<\/p>\n<table style=\"border-collapse: collapse; width: 616.52pt;\" border=\"0\" width=\"822\" cellspacing=\"0\" cellpadding=\"0\">\n<tbody>\n<tr style=\"height: 13.50pt;\">\n<td class=\"et2\" style=\"height: 13.50pt; width: 616.50pt;\" colspan=\"3\" width=\"822\" height=\"18\">Sp\u00e9cifications des produits de fluides \u00e9lectroniques<\/td>\n<\/tr>\n<tr style=\"height: 13.50pt;\">\n<td class=\"et2\" style=\"height: 13.50pt;\" height=\"18\">Propri\u00e9t\u00e9s physiques<\/td>\n<td class=\"et2\">FL\u00ae ET01<\/td>\n<td class=\"et2\">FL\u00aeET02<\/td>\n<\/tr>\n<tr style=\"height: 13.50pt;\">\n<td class=\"et2\" style=\"height: 13.50pt;\" height=\"18\">Apparence<\/td>\n<td class=\"et2\">Incolore et transparent<\/td>\n<td class=\"et2\">Incolore et transparent<\/td>\n<\/tr>\n<tr style=\"height: 13.50pt;\">\n<td class=\"et2\" style=\"height: 13.50pt;\" height=\"18\">Viscosit\u00e9 cin\u00e9matique (20\u2103,cSt)<\/td>\n<td class=\"et2\">&lt;30<\/td>\n<td class=\"et2\">30-60<\/td>\n<\/tr>\n<tr style=\"height: 40.50pt;\">\n<td class=\"et2\" style=\"height: 40.50pt;\" height=\"54\">Indice de neutralisation (KOH, %)<\/td>\n<td class=\"et2\">\u22640.03<\/td>\n<td class=\"et3\" style=\"width: 176.25pt;\" width=\"235\">\u22640.03<\/td>\n<\/tr>\n<\/tbody>\n<\/table>\n<p>2\u3001 Huile pour pompe \u00e0 vide<\/p>\n<p>Huile pour pompe \u00e0 vide pour les \u00e9quipements de gravure ionique dans les industries des semi-conducteurs et des circuits int\u00e9gr\u00e9s.<\/p>\n<table style=\"border-collapse: collapse; width: 616.52pt;\" border=\"0\" width=\"822\" cellspacing=\"0\" cellpadding=\"0\">\n<tbody>\n<tr style=\"height: 13.50pt;\">\n<td class=\"et2\" style=\"height: 13.50pt; width: 616.50pt;\" colspan=\"3\" width=\"822\" height=\"18\">Sp\u00e9cifications de l'huile pour pompe \u00e0 vide<\/td>\n<\/tr>\n<tr style=\"height: 13.50pt;\">\n<td class=\"et2\" style=\"height: 13.50pt;\" height=\"18\">Propri\u00e9t\u00e9s physiques<\/td>\n<td class=\"et2\">FL\u00aeVPL16<\/td>\n<td class=\"et2\">FL\u00aeVPL25FL\u00aeVPL25<\/td>\n<\/tr>\n<tr style=\"height: 13.50pt;\">\n<td class=\"et2\" style=\"height: 13.50pt;\" height=\"18\">Apparence<\/td>\n<td class=\"et2\">Incolore et transparent<\/td>\n<td class=\"et2\">Incolore et transparent<\/td>\n<\/tr>\n<tr style=\"height: 13.50pt;\">\n<td class=\"et2\" style=\"height: 13.50pt;\" height=\"18\">Viscosit\u00e9 cin\u00e9matique (20\u2103,cSt)<\/td>\n<td class=\"et2\">145-175<\/td>\n<td class=\"et2\">250-290<\/td>\n<\/tr>\n<tr style=\"height: 14.00pt;\">\n<td class=\"et2\" style=\"height: 14.00pt;\" height=\"18\">Point d'\u00e9coulement (\u2103)<\/td>\n<td class=\"et2\">-45<\/td>\n<td class=\"et4\" style=\"width: 176.25pt;\" width=\"235\">-35<\/td>\n<\/tr>\n<tr style=\"height: 13.50pt;\">\n<td class=\"et2\" style=\"height: 13.50pt;\" height=\"18\">Tension superficielle (20\u2103, g\/cm3)<\/td>\n<td class=\"et2\">22<\/td>\n<td class=\"et2\">22<\/td>\n<\/tr>\n<tr style=\"height: 13.50pt;\">\n<td class=\"et2\" style=\"height: 13.50pt;\" height=\"18\">Perte par \u00e9vaporation (149\u2103, 22h, %)<\/td>\n<td class=\"et2\">\u22647<\/td>\n<td class=\"et2\">\u22645<\/td>\n<\/tr>\n<tr style=\"height: 13.50pt;\">\n<td class=\"et2\" style=\"height: 13.50pt;\" height=\"18\">Indice de neutralisation (KOH, %)<\/td>\n<td class=\"et2\">\u22640.03<\/td>\n<td class=\"et2\">\u22640.03<\/td>\n<\/tr>\n<\/tbody>\n<\/table>\n<p>3\u3001 Huile de base \u00e0 base de graisse<\/p>\n<p>Lubrifiant haute performance et huile de base pour graisses utilis\u00e9s dans les machines, l'automobile, l'industrie chimique, l'aviation, l'arm\u00e9e, l'industrie nucl\u00e9aire et d'autres industries.<\/p>\n<table style=\"border-collapse: collapse; width: 1010.27pt;\" border=\"0\" width=\"1347\" cellspacing=\"0\" cellpadding=\"0\">\n<tbody>\n<tr style=\"height: 13.50pt;\">\n<td class=\"et2\" style=\"height: 13.50pt; width: 1010.25pt;\" colspan=\"5\" width=\"1347\" height=\"18\">Sp\u00e9cification technique de l'huile de base pour graisses<\/td>\n<\/tr>\n<tr style=\"height: 13.50pt;\">\n<td class=\"et2\" style=\"height: 13.50pt;\" colspan=\"2\" height=\"18\">Propri\u00e9t\u00e9s physiques<\/td>\n<td class=\"et2\">FL\u00aeL700<\/td>\n<td class=\"et2\">FL\u00aeL1500<\/td>\n<td class=\"et3\" style=\"width: 160.50pt;\" width=\"214\">FL\u00aeL1800<\/td>\n<\/tr>\n<tr style=\"height: 13.50pt;\">\n<td class=\"et2\" style=\"height: 13.50pt;\" colspan=\"2\" height=\"18\">Apparence<\/td>\n<td class=\"et2\">Incolore et transparent<\/td>\n<td class=\"et2\">Incolore et transparent<\/td>\n<td class=\"et2\">Incolore et transparent<\/td>\n<\/tr>\n<tr style=\"height: 13.50pt;\">\n<td class=\"et2\" style=\"height: 41.00pt;\" rowspan=\"3\" height=\"54\">Viscosit\u00e9 cin\u00e9matique (cSt)<\/td>\n<td class=\"et2\">20\u2103<\/td>\n<td class=\"et2\">600-800<\/td>\n<td class=\"et2\">1400-1600<\/td>\n<td class=\"et3\" style=\"width: 160.50pt;\" width=\"214\">1700-1950<\/td>\n<\/tr>\n<tr style=\"height: 14.00pt;\">\n<td class=\"et2\">40\u2103<\/td>\n<td class=\"et3\" style=\"width: 233.25pt;\" width=\"311\">180-230<\/td>\n<td class=\"et3\" style=\"width: 176.25pt;\" width=\"235\">390-450<\/td>\n<td class=\"et2\">490-530<\/td>\n<\/tr>\n<tr style=\"height: 13.50pt;\">\n<td class=\"et2\">100\u2103<\/td>\n<td class=\"et2\">18-25<\/td>\n<td class=\"et2\">34-43<\/td>\n<td class=\"et2\">43-50<\/td>\n<\/tr>\n<tr style=\"height: 13.50pt;\">\n<td class=\"et2\" style=\"height: 13.50pt;\" colspan=\"2\" height=\"18\">Point d'\u00e9coulement (\u2103)<\/td>\n<td class=\"et3\" style=\"width: 233.25pt;\" width=\"311\">-27<\/td>\n<td class=\"et2\">-25<\/td>\n<td class=\"et2\">-20<\/td>\n<\/tr>\n<tr style=\"height: 13.50pt;\">\n<td class=\"et2\" style=\"height: 13.50pt;\" colspan=\"2\" height=\"18\">Tension superficielle (20\u00b0C, g\/cm3)<\/td>\n<td class=\"et2\">23<\/td>\n<td class=\"et2\">24<\/td>\n<td class=\"et2\">24<\/td>\n<\/tr>\n<tr style=\"height: 13.50pt;\">\n<td class=\"et2\" style=\"height: 27.00pt;\" rowspan=\"2\" height=\"36\">Perte par \u00e9vaporation (%)<\/td>\n<td class=\"et2\">149\u2103\uff0c22h<\/td>\n<td class=\"et2\">\u22641<\/td>\n<td class=\"et2\">\u22641<\/td>\n<td class=\"et2\">\u22641<\/td>\n<\/tr>\n<tr style=\"height: 13.50pt;\">\n<td class=\"et2\">204\u2103\uff0c22h<\/td>\n<td class=\"et2\">\u22643<\/td>\n<td class=\"et2\">\u22641<\/td>\n<td class=\"et2\">\u22641<\/td>\n<\/tr>\n<tr style=\"height: 13.50pt;\">\n<td class=\"et2\" style=\"height: 13.50pt;\" colspan=\"2\" height=\"18\">Indice de neutralisation (KOH, %)<\/td>\n<td class=\"et2\">\u22640.03<\/td>\n<td class=\"et2\">\u22640.03<\/td>\n<td class=\"et2\">\u22640.03<\/td>\n<\/tr>\n<\/tbody>\n<\/table>\n<h2><strong><b>Contactez-nous d\u00e8s maintenant !<\/b><\/strong><\/h2>\n<h4><strong><b>Si vous avez besoin de Price, veuillez indiquer vos coordonn\u00e9es dans le formulaire ci-dessous. Nous vous contacterons g\u00e9n\u00e9ralement dans les 24 heures. Vous pouvez \u00e9galement m'envoyer un courriel\u00a0<span style=\"color: #00ccff;\"><a style=\"color: #00ccff;\" href=\"mailto:info@changhongchemical.com\">info@changhongchemical.com<\/a><\/span>\u00a0pendant les heures de travail ( 8:30 am to 6:00 pm UTC+8 Mon.~Sat. ) ou utilisez le chat en direct du site web pour obtenir une r\u00e9ponse rapide.<\/b><\/strong><\/h4>","protected":false},"excerpt":{"rendered":"<p>Les perfluoropoly\u00e9thers (PFPE) constituent une classe particuli\u00e8re de compos\u00e9s perfluoropolym\u00e8res dont le poids mol\u00e9culaire moyen est compris entre 500 et 15 000 et dont la mol\u00e9cule ne contient que trois \u00e9l\u00e9ments : C, F et O. Les PFPE poss\u00e8dent des propri\u00e9t\u00e9s physiques et chimiques sup\u00e9rieures, telles qu'une excellente r\u00e9sistance \u00e0 la chaleur, des performances \u00e0 basse temp\u00e9rature, une r\u00e9sistance \u00e0 l'oxydation, une stabilit\u00e9 chimique (r\u00e9sistance aux acides forts, aux alcalis, \u00e0 l'oxyg\u00e8ne liquide, etc.), une bonne lubrification, etc. Il est largement utilis\u00e9 dans une vaste gamme d'applications. Il poss\u00e8de d'excellentes propri\u00e9t\u00e9s physicochimiques, telles qu'une excellente r\u00e9sistance \u00e0 la chaleur, une performance \u00e0 basse temp\u00e9rature, une r\u00e9sistance \u00e0 l'oxydation, une stabilit\u00e9 chimique (r\u00e9sistance aux acides tr\u00e8s forts, aux alcalis, \u00e0 l'oxyg\u00e8ne liquide, etc.), un pouvoir lubrifiant, etc.<\/p>","protected":false},"featured_media":8383,"comment_status":"closed","ping_status":"closed","template":"","meta":[],"product_brand":[],"product_cat":[188],"product_tag":[],"class_list":{"0":"post-8382","1":"product","2":"type-product","3":"status-publish","4":"has-post-thumbnail","6":"product_cat-fluorinated-fine-chemicals","8":"first","9":"instock","10":"shipping-taxable","11":"product-type-simple"},"yoast_head":"<!-- This site is optimized with the Yoast SEO plugin v27.4 - https:\/\/yoast.com\/product\/yoast-seo-wordpress\/ -->\n<title>China CHLUMOFIUOR\u00ae Perfluoropolyether grease Manufacturer - Changhong Chemical<\/title>\n<meta name=\"description\" content=\"Perfluoropolyethers (PFPE) is a special class of perfluoropolymer compounds with average molecular weight ranging from 500 to 15,000 and only three...\" \/>\n<meta name=\"robots\" content=\"index, follow, max-snippet:-1, max-image-preview:large, max-video-preview:-1\" \/>\n<link rel=\"canonical\" href=\"https:\/\/changhongchemical.com\/fr\/product\/perfluoropolyether-grease\/\" \/>\n<meta property=\"og:locale\" content=\"fr_FR\" \/>\n<meta property=\"og:type\" content=\"article\" \/>\n<meta property=\"og:title\" content=\"China CHLUMOFIUOR\u00ae Perfluoropolyether grease Manufacturer - Changhong Chemical\" \/>\n<meta property=\"og:description\" content=\"Perfluoropolyethers (PFPE) is a special class of perfluoropolymer compounds with average molecular weight ranging from 500 to 15,000 and only three...\" \/>\n<meta property=\"og:url\" content=\"https:\/\/changhongchemical.com\/fr\/product\/perfluoropolyether-grease\/\" \/>\n<meta property=\"og:site_name\" content=\"Changhong Chemical\" \/>\n<meta property=\"article:modified_time\" content=\"2025-05-12T03:00:13+00:00\" \/>\n<meta property=\"og:image\" content=\"https:\/\/changhongchemical.com\/wp-content\/uploads\/2025\/03\/2-1.jpg\" \/>\n\t<meta property=\"og:image:width\" content=\"300\" \/>\n\t<meta property=\"og:image:height\" content=\"300\" \/>\n\t<meta property=\"og:image:type\" content=\"image\/jpeg\" \/>\n<meta name=\"twitter:card\" content=\"summary_large_image\" \/>\n<meta name=\"twitter:label1\" content=\"Dur\u00e9e de lecture estim\u00e9e\" \/>\n\t<meta name=\"twitter:data1\" content=\"2 minutes\" \/>\n<script type=\"application\/ld+json\" class=\"yoast-schema-graph\">{\"@context\":\"https:\\\/\\\/schema.org\",\"@graph\":[{\"@type\":\"WebPage\",\"@id\":\"https:\\\/\\\/changhongchemical.com\\\/product\\\/perfluoropolyether-grease\\\/\",\"url\":\"https:\\\/\\\/changhongchemical.com\\\/product\\\/perfluoropolyether-grease\\\/\",\"name\":\"China CHLUMOFIUOR\u00ae Perfluoropolyether grease Manufacturer - Changhong Chemical\",\"isPartOf\":{\"@id\":\"https:\\\/\\\/changhongchemical.com\\\/#website\"},\"primaryImageOfPage\":{\"@id\":\"https:\\\/\\\/changhongchemical.com\\\/product\\\/perfluoropolyether-grease\\\/#primaryimage\"},\"image\":{\"@id\":\"https:\\\/\\\/changhongchemical.com\\\/product\\\/perfluoropolyether-grease\\\/#primaryimage\"},\"thumbnailUrl\":\"https:\\\/\\\/changhongchemical.com\\\/wp-content\\\/uploads\\\/2025\\\/03\\\/2-1.jpg\",\"datePublished\":\"2025-03-27T09:07:16+00:00\",\"dateModified\":\"2025-05-12T03:00:13+00:00\",\"description\":\"Perfluoropolyethers (PFPE) is a special class of perfluoropolymer compounds with average molecular weight ranging from 500 to 15,000 and only three...\",\"breadcrumb\":{\"@id\":\"https:\\\/\\\/changhongchemical.com\\\/product\\\/perfluoropolyether-grease\\\/#breadcrumb\"},\"inLanguage\":\"fr-FR\",\"potentialAction\":[{\"@type\":\"ReadAction\",\"target\":[\"https:\\\/\\\/changhongchemical.com\\\/product\\\/perfluoropolyether-grease\\\/\"]}]},{\"@type\":\"ImageObject\",\"inLanguage\":\"fr-FR\",\"@id\":\"https:\\\/\\\/changhongchemical.com\\\/product\\\/perfluoropolyether-grease\\\/#primaryimage\",\"url\":\"https:\\\/\\\/changhongchemical.com\\\/wp-content\\\/uploads\\\/2025\\\/03\\\/2-1.jpg\",\"contentUrl\":\"https:\\\/\\\/changhongchemical.com\\\/wp-content\\\/uploads\\\/2025\\\/03\\\/2-1.jpg\",\"width\":300,\"height\":300},{\"@type\":\"BreadcrumbList\",\"@id\":\"https:\\\/\\\/changhongchemical.com\\\/product\\\/perfluoropolyether-grease\\\/#breadcrumb\",\"itemListElement\":[{\"@type\":\"ListItem\",\"position\":1,\"name\":\"Home\",\"item\":\"https:\\\/\\\/changhongchemical.com\\\/\"},{\"@type\":\"ListItem\",\"position\":2,\"name\":\"Products Changhong\",\"item\":\"https:\\\/\\\/changhongchemical.com\\\/product\\\/\"},{\"@type\":\"ListItem\",\"position\":3,\"name\":\"CHLUMOFIUOR\u00ae Perfluoropolyether grease\"}]},{\"@type\":\"WebSite\",\"@id\":\"https:\\\/\\\/changhongchemical.com\\\/#website\",\"url\":\"https:\\\/\\\/changhongchemical.com\\\/\",\"name\":\"Changhong Chemical\",\"description\":\"China chemical manufacturer \uff06 supplier\",\"publisher\":{\"@id\":\"https:\\\/\\\/changhongchemical.com\\\/#organization\"},\"potentialAction\":[{\"@type\":\"SearchAction\",\"target\":{\"@type\":\"EntryPoint\",\"urlTemplate\":\"https:\\\/\\\/changhongchemical.com\\\/?s={search_term_string}\"},\"query-input\":{\"@type\":\"PropertyValueSpecification\",\"valueRequired\":true,\"valueName\":\"search_term_string\"}}],\"inLanguage\":\"fr-FR\"},{\"@type\":\"Organization\",\"@id\":\"https:\\\/\\\/changhongchemical.com\\\/#organization\",\"name\":\"Changhong Chemical\",\"url\":\"https:\\\/\\\/changhongchemical.com\\\/\",\"logo\":{\"@type\":\"ImageObject\",\"inLanguage\":\"fr-FR\",\"@id\":\"https:\\\/\\\/changhongchemical.com\\\/#\\\/schema\\\/logo\\\/image\\\/\",\"url\":\"https:\\\/\\\/changhongchemical.com\\\/wp-content\\\/uploads\\\/2020\\\/08\\\/cropped-longchang-logo.png\",\"contentUrl\":\"https:\\\/\\\/changhongchemical.com\\\/wp-content\\\/uploads\\\/2020\\\/08\\\/cropped-longchang-logo.png\",\"width\":512,\"height\":512,\"caption\":\"Changhong Chemical\"},\"image\":{\"@id\":\"https:\\\/\\\/changhongchemical.com\\\/#\\\/schema\\\/logo\\\/image\\\/\"}}]}<\/script>\n<!-- \/ Yoast SEO plugin. -->","yoast_head_json":{"title":"Graisse de poly\u00e9ther perfluor\u00e9 CHLUMOFIUOR\u00ae Chine - Changhong Chemical","description":"Perfluoropolyethers (PFPE) is a special class of perfluoropolymer compounds with average molecular weight ranging from 500 to 15,000 and only three...","robots":{"index":"index","follow":"follow","max-snippet":"max-snippet:-1","max-image-preview":"max-image-preview:large","max-video-preview":"max-video-preview:-1"},"canonical":"https:\/\/changhongchemical.com\/fr\/product\/perfluoropolyether-grease\/","og_locale":"fr_FR","og_type":"article","og_title":"China CHLUMOFIUOR\u00ae Perfluoropolyether grease Manufacturer - Changhong Chemical","og_description":"Perfluoropolyethers (PFPE) is a special class of perfluoropolymer compounds with average molecular weight ranging from 500 to 15,000 and only three...","og_url":"https:\/\/changhongchemical.com\/fr\/product\/perfluoropolyether-grease\/","og_site_name":"Changhong Chemical","article_modified_time":"2025-05-12T03:00:13+00:00","og_image":[{"width":300,"height":300,"url":"https:\/\/changhongchemical.com\/wp-content\/uploads\/2025\/03\/2-1.jpg","type":"image\/jpeg"}],"twitter_card":"summary_large_image","twitter_misc":{"Dur\u00e9e de lecture estim\u00e9e":"2 minutes"},"schema":{"@context":"https:\/\/schema.org","@graph":[{"@type":"WebPage","@id":"https:\/\/changhongchemical.com\/product\/perfluoropolyether-grease\/","url":"https:\/\/changhongchemical.com\/product\/perfluoropolyether-grease\/","name":"Graisse de poly\u00e9ther perfluor\u00e9 CHLUMOFIUOR\u00ae Chine - Changhong Chemical","isPartOf":{"@id":"https:\/\/changhongchemical.com\/#website"},"primaryImageOfPage":{"@id":"https:\/\/changhongchemical.com\/product\/perfluoropolyether-grease\/#primaryimage"},"image":{"@id":"https:\/\/changhongchemical.com\/product\/perfluoropolyether-grease\/#primaryimage"},"thumbnailUrl":"https:\/\/changhongchemical.com\/wp-content\/uploads\/2025\/03\/2-1.jpg","datePublished":"2025-03-27T09:07:16+00:00","dateModified":"2025-05-12T03:00:13+00:00","description":"Perfluoropolyethers (PFPE) is a special class of perfluoropolymer compounds with average molecular weight ranging from 500 to 15,000 and only three...","breadcrumb":{"@id":"https:\/\/changhongchemical.com\/product\/perfluoropolyether-grease\/#breadcrumb"},"inLanguage":"fr-FR","potentialAction":[{"@type":"ReadAction","target":["https:\/\/changhongchemical.com\/product\/perfluoropolyether-grease\/"]}]},{"@type":"ImageObject","inLanguage":"fr-FR","@id":"https:\/\/changhongchemical.com\/product\/perfluoropolyether-grease\/#primaryimage","url":"https:\/\/changhongchemical.com\/wp-content\/uploads\/2025\/03\/2-1.jpg","contentUrl":"https:\/\/changhongchemical.com\/wp-content\/uploads\/2025\/03\/2-1.jpg","width":300,"height":300},{"@type":"BreadcrumbList","@id":"https:\/\/changhongchemical.com\/product\/perfluoropolyether-grease\/#breadcrumb","itemListElement":[{"@type":"ListItem","position":1,"name":"Home","item":"https:\/\/changhongchemical.com\/"},{"@type":"ListItem","position":2,"name":"Products Changhong","item":"https:\/\/changhongchemical.com\/product\/"},{"@type":"ListItem","position":3,"name":"CHLUMOFIUOR\u00ae Perfluoropolyether grease"}]},{"@type":"WebSite","@id":"https:\/\/changhongchemical.com\/#website","url":"https:\/\/changhongchemical.com\/","name":"Changhong Chemical","description":"Fabricant chinois de produits chimiques \uff06 fournisseur","publisher":{"@id":"https:\/\/changhongchemical.com\/#organization"},"potentialAction":[{"@type":"SearchAction","target":{"@type":"EntryPoint","urlTemplate":"https:\/\/changhongchemical.com\/?s={search_term_string}"},"query-input":{"@type":"PropertyValueSpecification","valueRequired":true,"valueName":"search_term_string"}}],"inLanguage":"fr-FR"},{"@type":"Organization","@id":"https:\/\/changhongchemical.com\/#organization","name":"Changhong Chemical","url":"https:\/\/changhongchemical.com\/","logo":{"@type":"ImageObject","inLanguage":"fr-FR","@id":"https:\/\/changhongchemical.com\/#\/schema\/logo\/image\/","url":"https:\/\/changhongchemical.com\/wp-content\/uploads\/2020\/08\/cropped-longchang-logo.png","contentUrl":"https:\/\/changhongchemical.com\/wp-content\/uploads\/2020\/08\/cropped-longchang-logo.png","width":512,"height":512,"caption":"Changhong Chemical"},"image":{"@id":"https:\/\/changhongchemical.com\/#\/schema\/logo\/image\/"}}]}},"_links":{"self":[{"href":"https:\/\/changhongchemical.com\/fr\/wp-json\/wp\/v2\/product\/8382","targetHints":{"allow":["GET"]}}],"collection":[{"href":"https:\/\/changhongchemical.com\/fr\/wp-json\/wp\/v2\/product"}],"about":[{"href":"https:\/\/changhongchemical.com\/fr\/wp-json\/wp\/v2\/types\/product"}],"replies":[{"embeddable":true,"href":"https:\/\/changhongchemical.com\/fr\/wp-json\/wp\/v2\/comments?post=8382"}],"wp:featuredmedia":[{"embeddable":true,"href":"https:\/\/changhongchemical.com\/fr\/wp-json\/wp\/v2\/media\/8383"}],"wp:attachment":[{"href":"https:\/\/changhongchemical.com\/fr\/wp-json\/wp\/v2\/media?parent=8382"}],"wp:term":[{"taxonomy":"product_brand","embeddable":true,"href":"https:\/\/changhongchemical.com\/fr\/wp-json\/wp\/v2\/product_brand?post=8382"},{"taxonomy":"product_cat","embeddable":true,"href":"https:\/\/changhongchemical.com\/fr\/wp-json\/wp\/v2\/product_cat?post=8382"},{"taxonomy":"product_tag","embeddable":true,"href":"https:\/\/changhongchemical.com\/fr\/wp-json\/wp\/v2\/product_tag?post=8382"}],"curies":[{"name":"wp","href":"https:\/\/api.w.org\/{rel}","templated":true}]}}