{"id":8348,"date":"2025-03-25T06:57:26","date_gmt":"2025-03-25T06:57:26","guid":{"rendered":"https:\/\/changhongchemical.com\/?post_type=product&#038;p=8348"},"modified":"2026-01-08T07:44:09","modified_gmt":"2026-01-08T07:44:09","slug":"chbr-4-cas-38436-14-5","status":"publish","type":"product","link":"https:\/\/changhongchemical.com\/fr\/product\/chbr-4-cas-38436-14-5\/","title":{"rendered":"CHLUMOFIUOR\u00ae CHBr-4 Bromure de perfluorobutylethyle CAS 38436-14-5"},"content":{"rendered":"<p>Indice de performance<br \/>\nAspect : liquide incolore<br \/>\nPoint d'\u00e9bullition (\u00b0C) : 128.1@760mmHg<br \/>\nPoint de fusion (\u00b0C) : -50,5<br \/>\nDensit\u00e9 (g\/mL) : 1,721@2\u00b0C<br \/>\nIndice de r\u00e9fraction 1,331 \u00e0 20\u00b0C<br \/>\nPoint d'\u00e9clair (\u00b0C) : &gt;95<br \/>\nPuret\u00e9 (GC) : 95%-99.5%<br \/>\nChamps d'application<br \/>\nR\u00e9actifs chimiques, m\u00e9dicaments contenant du fluor, mat\u00e9riaux interm\u00e9diaires, produits chimiques \u00e0 base de fluor.<br \/>\nEmballage et stockage<br \/>\nCe produit est conditionn\u00e9 en bouteilles\/f\u00fbts HDPE de 1L, 10L et en f\u00fbts composites acier-plastique de 25L. Le produit doit \u00eatre stock\u00e9 dans un endroit ventil\u00e9 et frais, dans des conditions herm\u00e9tiques, voir la fiche de donn\u00e9es de s\u00e9curit\u00e9 pour plus de d\u00e9tails, avec une dur\u00e9e de conservation d'un an.<\/p>\n<p>Autre nom :<\/p>\n<p>2 - Bromure de (perfluorobutyle) \u00e9thyle<\/p>\n<p>1 - Bromo - 1,1,2,2 - t\u00e9trafluoro\u00e9thyle perfluorobutane<\/p>\n<h2><strong><b>Contactez-nous d\u00e8s maintenant !<\/b><\/strong><\/h2>\n<h4><strong><b>Si vous avez besoin de Price, veuillez indiquer vos coordonn\u00e9es dans le formulaire ci-dessous. Nous vous contacterons g\u00e9n\u00e9ralement dans les 24 heures. Vous pouvez \u00e9galement m'envoyer un courriel\u00a0<span style=\"color: #00ccff;\"><a style=\"color: #00ccff;\" href=\"mailto:info@changhongchemical.com\">info@changhongchemical.com<\/a><\/span>\u00a0pendant les heures de travail ( 8:30 am to 6:00 pm UTC+8 Mon.~Sat. ) ou utilisez le chat en direct du site web pour obtenir une r\u00e9ponse rapide.<\/b><\/strong><\/h4>","protected":false},"excerpt":{"rendered":"<p>CHBr-4<br \/>\nBromure de 2-Perfluorobutyl\u00e9thyle<br \/>\nNum\u00e9ro CAS : 38436-14-5<br \/>\nFormule mol\u00e9culaire : C4F9CH2CH2Br<br \/>\nPoids mol\u00e9culaire : 326,99<br \/>\nN\u00b0 EINECS : Aucun<\/p>","protected":false},"featured_media":8349,"comment_status":"closed","ping_status":"closed","template":"","meta":[],"product_brand":[],"product_cat":[188],"product_tag":[],"class_list":{"0":"post-8348","1":"product","2":"type-product","3":"status-publish","4":"has-post-thumbnail","6":"product_cat-fluorinated-fine-chemicals","8":"first","9":"instock","10":"shipping-taxable","11":"product-type-simple"},"yoast_head":"<!-- This site is optimized with the Yoast SEO plugin v27.4 - https:\/\/yoast.com\/product\/yoast-seo-wordpress\/ -->\n<title>China CHLUMOFIUOR\u00ae CHBr-4 Perfluorobutylethyl bromide CAS 38436-14-5 Manufacturer - Changhong Chemical<\/title>\n<meta name=\"description\" content=\"CHBr-4 2-Perfluorobutylethyl bromide CAS No.: 38436-14-5 Molecular formula: C4F9CH2CH2Br Molecular weight: 326.99 EINECS No.: None\" \/>\n<meta name=\"robots\" content=\"index, follow, max-snippet:-1, max-image-preview:large, max-video-preview:-1\" \/>\n<link rel=\"canonical\" href=\"https:\/\/changhongchemical.com\/fr\/product\/chbr-4-cas-38436-14-5\/\" \/>\n<meta property=\"og:locale\" content=\"fr_FR\" \/>\n<meta property=\"og:type\" content=\"article\" \/>\n<meta property=\"og:title\" content=\"China CHLUMOFIUOR\u00ae CHBr-4 Perfluorobutylethyl bromide CAS 38436-14-5 Manufacturer - Changhong Chemical\" \/>\n<meta property=\"og:description\" content=\"CHBr-4 2-Perfluorobutylethyl bromide CAS No.: 38436-14-5 Molecular formula: C4F9CH2CH2Br Molecular weight: 326.99 EINECS No.: None\" \/>\n<meta property=\"og:url\" content=\"https:\/\/changhongchemical.com\/fr\/product\/chbr-4-cas-38436-14-5\/\" \/>\n<meta property=\"og:site_name\" content=\"Changhong Chemical\" \/>\n<meta property=\"article:modified_time\" content=\"2026-01-08T07:44:09+00:00\" \/>\n<meta property=\"og:image\" content=\"https:\/\/changhongchemical.com\/wp-content\/uploads\/2025\/03\/CHBR-4.jpg\" \/>\n\t<meta property=\"og:image:width\" content=\"300\" \/>\n\t<meta property=\"og:image:height\" content=\"300\" \/>\n\t<meta property=\"og:image:type\" content=\"image\/jpeg\" \/>\n<meta name=\"twitter:card\" content=\"summary_large_image\" \/>\n<meta name=\"twitter:label1\" content=\"Dur\u00e9e de lecture estim\u00e9e\" \/>\n\t<meta name=\"twitter:data1\" content=\"1 minute\" \/>\n<script type=\"application\/ld+json\" class=\"yoast-schema-graph\">{\"@context\":\"https:\\\/\\\/schema.org\",\"@graph\":[{\"@type\":\"WebPage\",\"@id\":\"https:\\\/\\\/changhongchemical.com\\\/product\\\/chbr-4-cas-38436-14-5\\\/\",\"url\":\"https:\\\/\\\/changhongchemical.com\\\/product\\\/chbr-4-cas-38436-14-5\\\/\",\"name\":\"China CHLUMOFIUOR\u00ae CHBr-4 Perfluorobutylethyl bromide CAS 38436-14-5 Manufacturer - Changhong Chemical\",\"isPartOf\":{\"@id\":\"https:\\\/\\\/changhongchemical.com\\\/#website\"},\"primaryImageOfPage\":{\"@id\":\"https:\\\/\\\/changhongchemical.com\\\/product\\\/chbr-4-cas-38436-14-5\\\/#primaryimage\"},\"image\":{\"@id\":\"https:\\\/\\\/changhongchemical.com\\\/product\\\/chbr-4-cas-38436-14-5\\\/#primaryimage\"},\"thumbnailUrl\":\"https:\\\/\\\/changhongchemical.com\\\/wp-content\\\/uploads\\\/2025\\\/03\\\/CHBR-4.jpg\",\"datePublished\":\"2025-03-25T06:57:26+00:00\",\"dateModified\":\"2026-01-08T07:44:09+00:00\",\"description\":\"CHBr-4 2-Perfluorobutylethyl bromide CAS No.: 38436-14-5 Molecular formula: C4F9CH2CH2Br Molecular weight: 326.99 EINECS No.: None\",\"breadcrumb\":{\"@id\":\"https:\\\/\\\/changhongchemical.com\\\/product\\\/chbr-4-cas-38436-14-5\\\/#breadcrumb\"},\"inLanguage\":\"fr-FR\",\"potentialAction\":[{\"@type\":\"ReadAction\",\"target\":[\"https:\\\/\\\/changhongchemical.com\\\/product\\\/chbr-4-cas-38436-14-5\\\/\"]}]},{\"@type\":\"ImageObject\",\"inLanguage\":\"fr-FR\",\"@id\":\"https:\\\/\\\/changhongchemical.com\\\/product\\\/chbr-4-cas-38436-14-5\\\/#primaryimage\",\"url\":\"https:\\\/\\\/changhongchemical.com\\\/wp-content\\\/uploads\\\/2025\\\/03\\\/CHBR-4.jpg\",\"contentUrl\":\"https:\\\/\\\/changhongchemical.com\\\/wp-content\\\/uploads\\\/2025\\\/03\\\/CHBR-4.jpg\",\"width\":300,\"height\":300},{\"@type\":\"BreadcrumbList\",\"@id\":\"https:\\\/\\\/changhongchemical.com\\\/product\\\/chbr-4-cas-38436-14-5\\\/#breadcrumb\",\"itemListElement\":[{\"@type\":\"ListItem\",\"position\":1,\"name\":\"Home\",\"item\":\"https:\\\/\\\/changhongchemical.com\\\/\"},{\"@type\":\"ListItem\",\"position\":2,\"name\":\"Products Changhong\",\"item\":\"https:\\\/\\\/changhongchemical.com\\\/product\\\/\"},{\"@type\":\"ListItem\",\"position\":3,\"name\":\"CHLUMOFIUOR\u00ae CHBr-4 Perfluorobutylethyl bromide CAS 38436-14-5\"}]},{\"@type\":\"WebSite\",\"@id\":\"https:\\\/\\\/changhongchemical.com\\\/#website\",\"url\":\"https:\\\/\\\/changhongchemical.com\\\/\",\"name\":\"Changhong Chemical\",\"description\":\"China chemical manufacturer \uff06 supplier\",\"publisher\":{\"@id\":\"https:\\\/\\\/changhongchemical.com\\\/#organization\"},\"potentialAction\":[{\"@type\":\"SearchAction\",\"target\":{\"@type\":\"EntryPoint\",\"urlTemplate\":\"https:\\\/\\\/changhongchemical.com\\\/?s={search_term_string}\"},\"query-input\":{\"@type\":\"PropertyValueSpecification\",\"valueRequired\":true,\"valueName\":\"search_term_string\"}}],\"inLanguage\":\"fr-FR\"},{\"@type\":\"Organization\",\"@id\":\"https:\\\/\\\/changhongchemical.com\\\/#organization\",\"name\":\"Changhong Chemical\",\"url\":\"https:\\\/\\\/changhongchemical.com\\\/\",\"logo\":{\"@type\":\"ImageObject\",\"inLanguage\":\"fr-FR\",\"@id\":\"https:\\\/\\\/changhongchemical.com\\\/#\\\/schema\\\/logo\\\/image\\\/\",\"url\":\"https:\\\/\\\/changhongchemical.com\\\/wp-content\\\/uploads\\\/2020\\\/08\\\/cropped-longchang-logo.png\",\"contentUrl\":\"https:\\\/\\\/changhongchemical.com\\\/wp-content\\\/uploads\\\/2020\\\/08\\\/cropped-longchang-logo.png\",\"width\":512,\"height\":512,\"caption\":\"Changhong Chemical\"},\"image\":{\"@id\":\"https:\\\/\\\/changhongchemical.com\\\/#\\\/schema\\\/logo\\\/image\\\/\"}}]}<\/script>\n<!-- \/ Yoast SEO plugin. -->","yoast_head_json":{"title":"CHLUMOFIUOR\u00ae CHBr-4 Bromure de perfluorobutylethyle CAS 38436-14-5 Fabricant chinois - Changhong Chemical","description":"CHBr-4 2-Perfluorobutylethyl bromide CAS No.: 38436-14-5 Molecular formula: C4F9CH2CH2Br Molecular weight: 326.99 EINECS No.: None","robots":{"index":"index","follow":"follow","max-snippet":"max-snippet:-1","max-image-preview":"max-image-preview:large","max-video-preview":"max-video-preview:-1"},"canonical":"https:\/\/changhongchemical.com\/fr\/product\/chbr-4-cas-38436-14-5\/","og_locale":"fr_FR","og_type":"article","og_title":"China CHLUMOFIUOR\u00ae CHBr-4 Perfluorobutylethyl bromide CAS 38436-14-5 Manufacturer - Changhong Chemical","og_description":"CHBr-4 2-Perfluorobutylethyl bromide CAS No.: 38436-14-5 Molecular formula: C4F9CH2CH2Br Molecular weight: 326.99 EINECS No.: None","og_url":"https:\/\/changhongchemical.com\/fr\/product\/chbr-4-cas-38436-14-5\/","og_site_name":"Changhong Chemical","article_modified_time":"2026-01-08T07:44:09+00:00","og_image":[{"width":300,"height":300,"url":"https:\/\/changhongchemical.com\/wp-content\/uploads\/2025\/03\/CHBR-4.jpg","type":"image\/jpeg"}],"twitter_card":"summary_large_image","twitter_misc":{"Dur\u00e9e de lecture estim\u00e9e":"1 minute"},"schema":{"@context":"https:\/\/schema.org","@graph":[{"@type":"WebPage","@id":"https:\/\/changhongchemical.com\/product\/chbr-4-cas-38436-14-5\/","url":"https:\/\/changhongchemical.com\/product\/chbr-4-cas-38436-14-5\/","name":"CHLUMOFIUOR\u00ae CHBr-4 Bromure de perfluorobutylethyle CAS 38436-14-5 Fabricant chinois - Changhong Chemical","isPartOf":{"@id":"https:\/\/changhongchemical.com\/#website"},"primaryImageOfPage":{"@id":"https:\/\/changhongchemical.com\/product\/chbr-4-cas-38436-14-5\/#primaryimage"},"image":{"@id":"https:\/\/changhongchemical.com\/product\/chbr-4-cas-38436-14-5\/#primaryimage"},"thumbnailUrl":"https:\/\/changhongchemical.com\/wp-content\/uploads\/2025\/03\/CHBR-4.jpg","datePublished":"2025-03-25T06:57:26+00:00","dateModified":"2026-01-08T07:44:09+00:00","description":"CHBr-4 2-Perfluorobutylethyl bromide CAS No.: 38436-14-5 Molecular formula: C4F9CH2CH2Br Molecular weight: 326.99 EINECS No.: None","breadcrumb":{"@id":"https:\/\/changhongchemical.com\/product\/chbr-4-cas-38436-14-5\/#breadcrumb"},"inLanguage":"fr-FR","potentialAction":[{"@type":"ReadAction","target":["https:\/\/changhongchemical.com\/product\/chbr-4-cas-38436-14-5\/"]}]},{"@type":"ImageObject","inLanguage":"fr-FR","@id":"https:\/\/changhongchemical.com\/product\/chbr-4-cas-38436-14-5\/#primaryimage","url":"https:\/\/changhongchemical.com\/wp-content\/uploads\/2025\/03\/CHBR-4.jpg","contentUrl":"https:\/\/changhongchemical.com\/wp-content\/uploads\/2025\/03\/CHBR-4.jpg","width":300,"height":300},{"@type":"BreadcrumbList","@id":"https:\/\/changhongchemical.com\/product\/chbr-4-cas-38436-14-5\/#breadcrumb","itemListElement":[{"@type":"ListItem","position":1,"name":"Home","item":"https:\/\/changhongchemical.com\/"},{"@type":"ListItem","position":2,"name":"Products Changhong","item":"https:\/\/changhongchemical.com\/product\/"},{"@type":"ListItem","position":3,"name":"CHLUMOFIUOR\u00ae CHBr-4 Perfluorobutylethyl bromide CAS 38436-14-5"}]},{"@type":"WebSite","@id":"https:\/\/changhongchemical.com\/#website","url":"https:\/\/changhongchemical.com\/","name":"Changhong Chemical","description":"Fabricant chinois de produits chimiques \uff06 fournisseur","publisher":{"@id":"https:\/\/changhongchemical.com\/#organization"},"potentialAction":[{"@type":"SearchAction","target":{"@type":"EntryPoint","urlTemplate":"https:\/\/changhongchemical.com\/?s={search_term_string}"},"query-input":{"@type":"PropertyValueSpecification","valueRequired":true,"valueName":"search_term_string"}}],"inLanguage":"fr-FR"},{"@type":"Organization","@id":"https:\/\/changhongchemical.com\/#organization","name":"Changhong Chemical","url":"https:\/\/changhongchemical.com\/","logo":{"@type":"ImageObject","inLanguage":"fr-FR","@id":"https:\/\/changhongchemical.com\/#\/schema\/logo\/image\/","url":"https:\/\/changhongchemical.com\/wp-content\/uploads\/2020\/08\/cropped-longchang-logo.png","contentUrl":"https:\/\/changhongchemical.com\/wp-content\/uploads\/2020\/08\/cropped-longchang-logo.png","width":512,"height":512,"caption":"Changhong Chemical"},"image":{"@id":"https:\/\/changhongchemical.com\/#\/schema\/logo\/image\/"}}]}},"_links":{"self":[{"href":"https:\/\/changhongchemical.com\/fr\/wp-json\/wp\/v2\/product\/8348","targetHints":{"allow":["GET"]}}],"collection":[{"href":"https:\/\/changhongchemical.com\/fr\/wp-json\/wp\/v2\/product"}],"about":[{"href":"https:\/\/changhongchemical.com\/fr\/wp-json\/wp\/v2\/types\/product"}],"replies":[{"embeddable":true,"href":"https:\/\/changhongchemical.com\/fr\/wp-json\/wp\/v2\/comments?post=8348"}],"wp:featuredmedia":[{"embeddable":true,"href":"https:\/\/changhongchemical.com\/fr\/wp-json\/wp\/v2\/media\/8349"}],"wp:attachment":[{"href":"https:\/\/changhongchemical.com\/fr\/wp-json\/wp\/v2\/media?parent=8348"}],"wp:term":[{"taxonomy":"product_brand","embeddable":true,"href":"https:\/\/changhongchemical.com\/fr\/wp-json\/wp\/v2\/product_brand?post=8348"},{"taxonomy":"product_cat","embeddable":true,"href":"https:\/\/changhongchemical.com\/fr\/wp-json\/wp\/v2\/product_cat?post=8348"},{"taxonomy":"product_tag","embeddable":true,"href":"https:\/\/changhongchemical.com\/fr\/wp-json\/wp\/v2\/product_tag?post=8348"}],"curies":[{"name":"wp","href":"https:\/\/api.w.org\/{rel}","templated":true}]}}