{"id":8312,"date":"2025-03-25T04:02:38","date_gmt":"2025-03-25T04:02:38","guid":{"rendered":"https:\/\/changhongchemical.com\/?post_type=product&#038;p=8312"},"modified":"2026-01-08T08:43:36","modified_gmt":"2026-01-08T08:43:36","slug":"chte6-o-c5-cas-1193009-93-6","status":"publish","type":"product","link":"https:\/\/changhongchemical.com\/fr\/product\/chte6-o-c5-cas-1193009-93-6\/","title":{"rendered":"CHLUMOFIUOR\u00ae CHTE6-O-C5 \u00c9ther pentylique de trid\u00e9cafluorooctyle CAS 1193009-93-6"},"content":{"rendered":"<p>Indice de performance<br \/>\nAspect : liquide incolore<br \/>\nPoint d'\u00e9bullition (\u00b0C) : 198 @ 760 mmHg<br \/>\nPoint de fusion (\u00b0C) : -44,09<br \/>\nDensit\u00e9 (g\/mL) : 1,3710 \u00e0 26,7 \u00b0C<br \/>\nIndice de r\u00e9fraction : 1.3110 @ 27 \u00b0C<br \/>\nPoint d'\u00e9clair (\u00b0C) : 89<br \/>\nPuret\u00e9 (GC) : &gt;99%<br \/>\nDomaines d'application<br \/>\nUtilis\u00e9 comme fluide de stockage pour les organes en m\u00e9decine, traitement du d\u00e9collement de la r\u00e9tine ; utilis\u00e9 comme substitut des chlorofluorocarbones et des hydrochlorofluorocarbones ; utilis\u00e9 comme agent de transfert de chaleur et lubrifiant.<br \/>\nIl peut \u00eatre dissous \u00e0 la fois dans les hydrocarbures et les fluorocarbures, ce qui en fait un solvant id\u00e9al.<br \/>\nEmballage et stockage<br \/>\nCe produit est conditionn\u00e9 en bouteilles\/f\u00fbts HDPE de 1L, 10L et en f\u00fbts composites acier-plastique de 25L. Le produit est stock\u00e9 dans un endroit ventil\u00e9 et frais dans un conteneur scell\u00e9, voir la fiche de donn\u00e9es de s\u00e9curit\u00e9 pour plus de d\u00e9tails, dur\u00e9e de conservation d'un an.<\/p>\n<p>Autre nom :<\/p>\n<p>1,1,1,2,2,3,3,4,4,5,5,6,6 - Trid\u00e9cafluoro - 8 -\uff08pentyloxy\uff09octane<\/p>\n<p>\u00c9ther de perfluorohexylethylpentyle<\/p>\n<p>HFE - TE6 - O - C5<\/p>\n<h2><strong><b>Contactez-nous d\u00e8s maintenant !<\/b><\/strong><\/h2>\n<h4><strong><b>Si vous avez besoin de Price, veuillez indiquer vos coordonn\u00e9es dans le formulaire ci-dessous. Nous vous contacterons g\u00e9n\u00e9ralement dans les 24 heures. Vous pouvez \u00e9galement m'envoyer un courriel\u00a0<span style=\"color: #00ccff;\"><a style=\"color: #00ccff;\" href=\"mailto:info@changhongchemical.com\">info@changhongchemical.com<\/a><\/span>\u00a0pendant les heures de travail ( 8:30 am to 6:00 pm UTC+8 Mon.~Sat. ) ou utilisez le chat en direct du site web pour obtenir une r\u00e9ponse rapide.<\/b><\/strong><\/h4>","protected":false},"excerpt":{"rendered":"<p>CHTE6-O-C5<br \/>\n\u00c9ther de 1,1,1,2,2,3,3,4,4,5,5,6,6-Trid\u00e9cafluorooctyle-pentyle<br \/>\nNum\u00e9ro CAS 1193009-93-6<br \/>\nFormule mol\u00e9culaire : C6F13CH2CH2OCH2CH2CH2CH2CH3<br \/>\nPoids mol\u00e9culaire : 434,10<br \/>\nN\u00b0 EINECS : Aucun<\/p>","protected":false},"featured_media":8313,"comment_status":"closed","ping_status":"closed","template":"","meta":[],"product_brand":[],"product_cat":[188],"product_tag":[],"class_list":{"0":"post-8312","1":"product","2":"type-product","3":"status-publish","4":"has-post-thumbnail","6":"product_cat-fluorinated-fine-chemicals","8":"first","9":"instock","10":"shipping-taxable","11":"product-type-simple"},"yoast_head":"<!-- This site is optimized with the Yoast SEO plugin v27.4 - https:\/\/yoast.com\/product\/yoast-seo-wordpress\/ -->\n<title>China CHLUMOFIUOR\u00ae CHTE6-O-C5 Tridecafluorooctyl pentyl ether CAS 1193009-93-6 Manufacturer - Changhong Chemical<\/title>\n<meta name=\"description\" content=\"CHTE6-O-C5 1,1,1,2,2,3,3,4,4,5,5,6,6-Tridecafluorooctyl-pentyl ether CAS No. 1193009-93-6 Molecular Formula: C6F13CH2CH2OCH2CH2CH2CH2CH3 Molecular...\" \/>\n<meta name=\"robots\" content=\"index, follow, max-snippet:-1, max-image-preview:large, max-video-preview:-1\" \/>\n<link rel=\"canonical\" href=\"https:\/\/changhongchemical.com\/fr\/product\/chte6-o-c5-cas-1193009-93-6\/\" \/>\n<meta property=\"og:locale\" content=\"fr_FR\" \/>\n<meta property=\"og:type\" content=\"article\" \/>\n<meta property=\"og:title\" content=\"China CHLUMOFIUOR\u00ae CHTE6-O-C5 Tridecafluorooctyl pentyl ether CAS 1193009-93-6 Manufacturer - Changhong Chemical\" \/>\n<meta property=\"og:description\" content=\"CHTE6-O-C5 1,1,1,2,2,3,3,4,4,5,5,6,6-Tridecafluorooctyl-pentyl ether CAS No. 1193009-93-6 Molecular Formula: C6F13CH2CH2OCH2CH2CH2CH2CH3 Molecular...\" \/>\n<meta property=\"og:url\" content=\"https:\/\/changhongchemical.com\/fr\/product\/chte6-o-c5-cas-1193009-93-6\/\" \/>\n<meta property=\"og:site_name\" content=\"Changhong Chemical\" \/>\n<meta property=\"article:modified_time\" content=\"2026-01-08T08:43:36+00:00\" \/>\n<meta property=\"og:image\" content=\"https:\/\/changhongchemical.com\/wp-content\/uploads\/2025\/03\/CHTE6.jpg\" \/>\n\t<meta property=\"og:image:width\" content=\"300\" \/>\n\t<meta property=\"og:image:height\" content=\"300\" \/>\n\t<meta property=\"og:image:type\" content=\"image\/jpeg\" \/>\n<meta name=\"twitter:card\" content=\"summary_large_image\" \/>\n<meta name=\"twitter:label1\" content=\"Dur\u00e9e de lecture estim\u00e9e\" \/>\n\t<meta name=\"twitter:data1\" content=\"2 minutes\" \/>\n<script type=\"application\/ld+json\" class=\"yoast-schema-graph\">{\"@context\":\"https:\\\/\\\/schema.org\",\"@graph\":[{\"@type\":\"WebPage\",\"@id\":\"https:\\\/\\\/changhongchemical.com\\\/product\\\/chte6-o-c5-cas-1193009-93-6\\\/\",\"url\":\"https:\\\/\\\/changhongchemical.com\\\/product\\\/chte6-o-c5-cas-1193009-93-6\\\/\",\"name\":\"China CHLUMOFIUOR\u00ae CHTE6-O-C5 Tridecafluorooctyl pentyl ether CAS 1193009-93-6 Manufacturer - Changhong Chemical\",\"isPartOf\":{\"@id\":\"https:\\\/\\\/changhongchemical.com\\\/#website\"},\"primaryImageOfPage\":{\"@id\":\"https:\\\/\\\/changhongchemical.com\\\/product\\\/chte6-o-c5-cas-1193009-93-6\\\/#primaryimage\"},\"image\":{\"@id\":\"https:\\\/\\\/changhongchemical.com\\\/product\\\/chte6-o-c5-cas-1193009-93-6\\\/#primaryimage\"},\"thumbnailUrl\":\"https:\\\/\\\/changhongchemical.com\\\/wp-content\\\/uploads\\\/2025\\\/03\\\/CHTE6.jpg\",\"datePublished\":\"2025-03-25T04:02:38+00:00\",\"dateModified\":\"2026-01-08T08:43:36+00:00\",\"description\":\"CHTE6-O-C5 1,1,1,2,2,3,3,4,4,5,5,6,6-Tridecafluorooctyl-pentyl ether CAS No. 1193009-93-6 Molecular Formula: C6F13CH2CH2OCH2CH2CH2CH2CH3 Molecular...\",\"breadcrumb\":{\"@id\":\"https:\\\/\\\/changhongchemical.com\\\/product\\\/chte6-o-c5-cas-1193009-93-6\\\/#breadcrumb\"},\"inLanguage\":\"fr-FR\",\"potentialAction\":[{\"@type\":\"ReadAction\",\"target\":[\"https:\\\/\\\/changhongchemical.com\\\/product\\\/chte6-o-c5-cas-1193009-93-6\\\/\"]}]},{\"@type\":\"ImageObject\",\"inLanguage\":\"fr-FR\",\"@id\":\"https:\\\/\\\/changhongchemical.com\\\/product\\\/chte6-o-c5-cas-1193009-93-6\\\/#primaryimage\",\"url\":\"https:\\\/\\\/changhongchemical.com\\\/wp-content\\\/uploads\\\/2025\\\/03\\\/CHTE6.jpg\",\"contentUrl\":\"https:\\\/\\\/changhongchemical.com\\\/wp-content\\\/uploads\\\/2025\\\/03\\\/CHTE6.jpg\",\"width\":300,\"height\":300},{\"@type\":\"BreadcrumbList\",\"@id\":\"https:\\\/\\\/changhongchemical.com\\\/product\\\/chte6-o-c5-cas-1193009-93-6\\\/#breadcrumb\",\"itemListElement\":[{\"@type\":\"ListItem\",\"position\":1,\"name\":\"Home\",\"item\":\"https:\\\/\\\/changhongchemical.com\\\/\"},{\"@type\":\"ListItem\",\"position\":2,\"name\":\"Products Changhong\",\"item\":\"https:\\\/\\\/changhongchemical.com\\\/product\\\/\"},{\"@type\":\"ListItem\",\"position\":3,\"name\":\"CHLUMOFIUOR\u00ae CHTE6-O-C5 Tridecafluorooctyl pentyl ether CAS 1193009-93-6\"}]},{\"@type\":\"WebSite\",\"@id\":\"https:\\\/\\\/changhongchemical.com\\\/#website\",\"url\":\"https:\\\/\\\/changhongchemical.com\\\/\",\"name\":\"Changhong Chemical\",\"description\":\"China chemical manufacturer \uff06 supplier\",\"publisher\":{\"@id\":\"https:\\\/\\\/changhongchemical.com\\\/#organization\"},\"potentialAction\":[{\"@type\":\"SearchAction\",\"target\":{\"@type\":\"EntryPoint\",\"urlTemplate\":\"https:\\\/\\\/changhongchemical.com\\\/?s={search_term_string}\"},\"query-input\":{\"@type\":\"PropertyValueSpecification\",\"valueRequired\":true,\"valueName\":\"search_term_string\"}}],\"inLanguage\":\"fr-FR\"},{\"@type\":\"Organization\",\"@id\":\"https:\\\/\\\/changhongchemical.com\\\/#organization\",\"name\":\"Changhong Chemical\",\"url\":\"https:\\\/\\\/changhongchemical.com\\\/\",\"logo\":{\"@type\":\"ImageObject\",\"inLanguage\":\"fr-FR\",\"@id\":\"https:\\\/\\\/changhongchemical.com\\\/#\\\/schema\\\/logo\\\/image\\\/\",\"url\":\"https:\\\/\\\/changhongchemical.com\\\/wp-content\\\/uploads\\\/2020\\\/08\\\/cropped-longchang-logo.png\",\"contentUrl\":\"https:\\\/\\\/changhongchemical.com\\\/wp-content\\\/uploads\\\/2020\\\/08\\\/cropped-longchang-logo.png\",\"width\":512,\"height\":512,\"caption\":\"Changhong Chemical\"},\"image\":{\"@id\":\"https:\\\/\\\/changhongchemical.com\\\/#\\\/schema\\\/logo\\\/image\\\/\"}}]}<\/script>\n<!-- \/ Yoast SEO plugin. -->","yoast_head_json":{"title":"CHLUMOFIUOR\u00ae CHTE6-O-C5 Tridecafluorooctyl pentyl ether CAS 1193009-93-6 fabricant chinois - Changhong Chemical","description":"CHTE6-O-C5 1,1,1,2,2,3,3,4,4,5,5,6,6-Tridecafluorooctyl-pentyl ether CAS No. 1193009-93-6 Molecular Formula: C6F13CH2CH2OCH2CH2CH2CH2CH3 Molecular...","robots":{"index":"index","follow":"follow","max-snippet":"max-snippet:-1","max-image-preview":"max-image-preview:large","max-video-preview":"max-video-preview:-1"},"canonical":"https:\/\/changhongchemical.com\/fr\/product\/chte6-o-c5-cas-1193009-93-6\/","og_locale":"fr_FR","og_type":"article","og_title":"China CHLUMOFIUOR\u00ae CHTE6-O-C5 Tridecafluorooctyl pentyl ether CAS 1193009-93-6 Manufacturer - Changhong Chemical","og_description":"CHTE6-O-C5 1,1,1,2,2,3,3,4,4,5,5,6,6-Tridecafluorooctyl-pentyl ether CAS No. 1193009-93-6 Molecular Formula: C6F13CH2CH2OCH2CH2CH2CH2CH3 Molecular...","og_url":"https:\/\/changhongchemical.com\/fr\/product\/chte6-o-c5-cas-1193009-93-6\/","og_site_name":"Changhong Chemical","article_modified_time":"2026-01-08T08:43:36+00:00","og_image":[{"width":300,"height":300,"url":"https:\/\/changhongchemical.com\/wp-content\/uploads\/2025\/03\/CHTE6.jpg","type":"image\/jpeg"}],"twitter_card":"summary_large_image","twitter_misc":{"Dur\u00e9e de lecture estim\u00e9e":"2 minutes"},"schema":{"@context":"https:\/\/schema.org","@graph":[{"@type":"WebPage","@id":"https:\/\/changhongchemical.com\/product\/chte6-o-c5-cas-1193009-93-6\/","url":"https:\/\/changhongchemical.com\/product\/chte6-o-c5-cas-1193009-93-6\/","name":"CHLUMOFIUOR\u00ae CHTE6-O-C5 Tridecafluorooctyl pentyl ether CAS 1193009-93-6 fabricant chinois - Changhong Chemical","isPartOf":{"@id":"https:\/\/changhongchemical.com\/#website"},"primaryImageOfPage":{"@id":"https:\/\/changhongchemical.com\/product\/chte6-o-c5-cas-1193009-93-6\/#primaryimage"},"image":{"@id":"https:\/\/changhongchemical.com\/product\/chte6-o-c5-cas-1193009-93-6\/#primaryimage"},"thumbnailUrl":"https:\/\/changhongchemical.com\/wp-content\/uploads\/2025\/03\/CHTE6.jpg","datePublished":"2025-03-25T04:02:38+00:00","dateModified":"2026-01-08T08:43:36+00:00","description":"CHTE6-O-C5 1,1,1,2,2,3,3,4,4,5,5,6,6-Tridecafluorooctyl-pentyl ether CAS No. 1193009-93-6 Molecular Formula: C6F13CH2CH2OCH2CH2CH2CH2CH3 Molecular...","breadcrumb":{"@id":"https:\/\/changhongchemical.com\/product\/chte6-o-c5-cas-1193009-93-6\/#breadcrumb"},"inLanguage":"fr-FR","potentialAction":[{"@type":"ReadAction","target":["https:\/\/changhongchemical.com\/product\/chte6-o-c5-cas-1193009-93-6\/"]}]},{"@type":"ImageObject","inLanguage":"fr-FR","@id":"https:\/\/changhongchemical.com\/product\/chte6-o-c5-cas-1193009-93-6\/#primaryimage","url":"https:\/\/changhongchemical.com\/wp-content\/uploads\/2025\/03\/CHTE6.jpg","contentUrl":"https:\/\/changhongchemical.com\/wp-content\/uploads\/2025\/03\/CHTE6.jpg","width":300,"height":300},{"@type":"BreadcrumbList","@id":"https:\/\/changhongchemical.com\/product\/chte6-o-c5-cas-1193009-93-6\/#breadcrumb","itemListElement":[{"@type":"ListItem","position":1,"name":"Home","item":"https:\/\/changhongchemical.com\/"},{"@type":"ListItem","position":2,"name":"Products Changhong","item":"https:\/\/changhongchemical.com\/product\/"},{"@type":"ListItem","position":3,"name":"CHLUMOFIUOR\u00ae CHTE6-O-C5 Tridecafluorooctyl pentyl ether CAS 1193009-93-6"}]},{"@type":"WebSite","@id":"https:\/\/changhongchemical.com\/#website","url":"https:\/\/changhongchemical.com\/","name":"Changhong Chemical","description":"Fabricant chinois de produits chimiques \uff06 fournisseur","publisher":{"@id":"https:\/\/changhongchemical.com\/#organization"},"potentialAction":[{"@type":"SearchAction","target":{"@type":"EntryPoint","urlTemplate":"https:\/\/changhongchemical.com\/?s={search_term_string}"},"query-input":{"@type":"PropertyValueSpecification","valueRequired":true,"valueName":"search_term_string"}}],"inLanguage":"fr-FR"},{"@type":"Organization","@id":"https:\/\/changhongchemical.com\/#organization","name":"Changhong Chemical","url":"https:\/\/changhongchemical.com\/","logo":{"@type":"ImageObject","inLanguage":"fr-FR","@id":"https:\/\/changhongchemical.com\/#\/schema\/logo\/image\/","url":"https:\/\/changhongchemical.com\/wp-content\/uploads\/2020\/08\/cropped-longchang-logo.png","contentUrl":"https:\/\/changhongchemical.com\/wp-content\/uploads\/2020\/08\/cropped-longchang-logo.png","width":512,"height":512,"caption":"Changhong Chemical"},"image":{"@id":"https:\/\/changhongchemical.com\/#\/schema\/logo\/image\/"}}]}},"_links":{"self":[{"href":"https:\/\/changhongchemical.com\/fr\/wp-json\/wp\/v2\/product\/8312","targetHints":{"allow":["GET"]}}],"collection":[{"href":"https:\/\/changhongchemical.com\/fr\/wp-json\/wp\/v2\/product"}],"about":[{"href":"https:\/\/changhongchemical.com\/fr\/wp-json\/wp\/v2\/types\/product"}],"replies":[{"embeddable":true,"href":"https:\/\/changhongchemical.com\/fr\/wp-json\/wp\/v2\/comments?post=8312"}],"wp:featuredmedia":[{"embeddable":true,"href":"https:\/\/changhongchemical.com\/fr\/wp-json\/wp\/v2\/media\/8313"}],"wp:attachment":[{"href":"https:\/\/changhongchemical.com\/fr\/wp-json\/wp\/v2\/media?parent=8312"}],"wp:term":[{"taxonomy":"product_brand","embeddable":true,"href":"https:\/\/changhongchemical.com\/fr\/wp-json\/wp\/v2\/product_brand?post=8312"},{"taxonomy":"product_cat","embeddable":true,"href":"https:\/\/changhongchemical.com\/fr\/wp-json\/wp\/v2\/product_cat?post=8312"},{"taxonomy":"product_tag","embeddable":true,"href":"https:\/\/changhongchemical.com\/fr\/wp-json\/wp\/v2\/product_tag?post=8312"}],"curies":[{"name":"wp","href":"https:\/\/api.w.org\/{rel}","templated":true}]}}