{"id":8310,"date":"2025-03-25T03:54:17","date_gmt":"2025-03-25T03:54:17","guid":{"rendered":"https:\/\/changhongchemical.com\/?post_type=product&#038;p=8310"},"modified":"2026-01-08T08:46:05","modified_gmt":"2026-01-08T08:46:05","slug":"cht6-octane-cas-133331-77-8","status":"publish","type":"product","link":"https:\/\/changhongchemical.com\/fr\/product\/cht6-octane-cas-133331-77-8\/","title":{"rendered":"CHLUMOFIUOR\u00ae CHT6-octane Perfluorohexyloctane CAS 133331-77-8"},"content":{"rendered":"<p>Indice de performance<br \/>\nAspect : liquide incolore<br \/>\nPoint d'\u00e9bullition (\u00b0C) : 161 @760mm Hg<br \/>\nPoint de fusion (\u00b0C) : -5,41<br \/>\nDensit\u00e9 (g\/mL) : 1,3470 \u00e0 17\u00b0C<br \/>\nIndice de r\u00e9fraction : 1.3340 @25\u00b0C<br \/>\nPoint d'\u00e9clair (\u00b0C) : &gt;80<br \/>\nPuret\u00e9 (GC) : &gt;99%<\/p>\n<p>Autre nom :<\/p>\n<p>1 - Octane (perfluorohexyle)<\/p>\n<p>1,1,1,2,2,3,3,4,4,5,5,6,6 - Trid\u00e9cafluorot\u00e9trad\u00e9cane<\/p>\n<h2><strong><b>Contactez-nous d\u00e8s maintenant !<\/b><\/strong><\/h2>\n<h4><strong><b>Si vous avez besoin de Price, veuillez indiquer vos coordonn\u00e9es dans le formulaire ci-dessous. Nous vous contacterons g\u00e9n\u00e9ralement dans les 24 heures. Vous pouvez \u00e9galement m'envoyer un courriel\u00a0<span style=\"color: #00ccff;\"><a style=\"color: #00ccff;\" href=\"mailto:info@changhongchemical.com\">info@changhongchemical.com<\/a><\/span>\u00a0pendant les heures de travail ( 8:30 am to 6:00 pm UTC+8 Mon.~Sat. ) ou utilisez le chat en direct du site web pour obtenir une r\u00e9ponse rapide.<\/b><\/strong><\/h4>","protected":false},"excerpt":{"rendered":"<p>CHT6-Octane<br \/>\n1-perfluorohexyle octane<br \/>\nNum\u00e9ro CAS : 133331-77-8<br \/>\nFormule mol\u00e9culaire : C6F13C8H17<br \/>\nPoids mol\u00e9culaire : 432,26<br \/>\nN\u00b0 EINECS : Aucun<\/p>\n<p>Applications<br \/>\nUtilis\u00e9 comme nettoyant d'huile de silicone, substitut de corps de verre et additif de lubrifiant.<br \/>\nEmballage et stockage<br \/>\nCe produit est conditionn\u00e9 en bouteilles\/f\u00fbts HDPE de 1L, 10L et en f\u00fbts composites acier-plastique de 25L. Le produit est stock\u00e9 dans un endroit ventil\u00e9 et frais, \u00e0 l'abri de l'air, voir la fiche de donn\u00e9es de s\u00e9curit\u00e9 pour plus de d\u00e9tails, la dur\u00e9e de conservation est d'un an.<\/p>","protected":false},"featured_media":8311,"comment_status":"closed","ping_status":"closed","template":"","meta":[],"product_brand":[],"product_cat":[188],"product_tag":[],"class_list":{"0":"post-8310","1":"product","2":"type-product","3":"status-publish","4":"has-post-thumbnail","6":"product_cat-fluorinated-fine-chemicals","8":"first","9":"instock","10":"shipping-taxable","11":"product-type-simple"},"yoast_head":"<!-- This site is optimized with the Yoast SEO plugin v23.3 - https:\/\/yoast.com\/wordpress\/plugins\/seo\/ -->\n<title>China CHLUMOFIUOR\u00ae CHT6-octane Perfluorohexyloctane CAS 133331-77-8 Manufacturer - Changhong Chemical<\/title>\n<meta name=\"description\" content=\"CHLUMOFIUOR\u00ae CHT6-octane Perfluorohexyloctane CAS 133331-77-8 is a key product of Changhong Chemical. We provide the best price. We are the leading manufacturer in China with the best quality and competitive price.\" \/>\n<meta name=\"robots\" content=\"index, follow, max-snippet:-1, max-image-preview:large, max-video-preview:-1\" \/>\n<link rel=\"canonical\" href=\"https:\/\/changhongchemical.com\/fr\/product\/cht6-octane-cas-133331-77-8\/\" \/>\n<meta property=\"og:locale\" content=\"fr_FR\" \/>\n<meta property=\"og:type\" content=\"article\" \/>\n<meta property=\"og:title\" content=\"China CHLUMOFIUOR\u00ae CHT6-octane Perfluorohexyloctane CAS 133331-77-8 Manufacturer - Changhong Chemical\" \/>\n<meta property=\"og:description\" content=\"CHLUMOFIUOR\u00ae CHT6-octane Perfluorohexyloctane CAS 133331-77-8 is a key product of Changhong Chemical. We provide the best price. We are the leading manufacturer in China with the best quality and competitive price.\" \/>\n<meta property=\"og:url\" content=\"https:\/\/changhongchemical.com\/fr\/product\/cht6-octane-cas-133331-77-8\/\" \/>\n<meta property=\"og:site_name\" content=\"Changhong Chemical\" \/>\n<meta property=\"article:modified_time\" content=\"2026-01-08T08:46:05+00:00\" \/>\n<meta property=\"og:image\" content=\"https:\/\/changhongchemical.com\/wp-content\/uploads\/2025\/03\/CHT6.jpg\" \/>\n\t<meta property=\"og:image:width\" content=\"300\" \/>\n\t<meta property=\"og:image:height\" content=\"300\" \/>\n\t<meta property=\"og:image:type\" content=\"image\/jpeg\" \/>\n<meta name=\"twitter:card\" content=\"summary_large_image\" \/>\n<meta name=\"twitter:label1\" content=\"Dur\u00e9e de lecture estim\u00e9e\" \/>\n\t<meta name=\"twitter:data1\" content=\"1 minute\" \/>\n<script type=\"application\/ld+json\" class=\"yoast-schema-graph\">{\"@context\":\"https:\/\/schema.org\",\"@graph\":[{\"@type\":\"WebPage\",\"@id\":\"https:\/\/changhongchemical.com\/product\/cht6-octane-cas-133331-77-8\/\",\"url\":\"https:\/\/changhongchemical.com\/product\/cht6-octane-cas-133331-77-8\/\",\"name\":\"China CHLUMOFIUOR\u00ae CHT6-octane Perfluorohexyloctane CAS 133331-77-8 Manufacturer - Changhong Chemical\",\"isPartOf\":{\"@id\":\"https:\/\/changhongchemical.com\/#website\"},\"primaryImageOfPage\":{\"@id\":\"https:\/\/changhongchemical.com\/product\/cht6-octane-cas-133331-77-8\/#primaryimage\"},\"image\":{\"@id\":\"https:\/\/changhongchemical.com\/product\/cht6-octane-cas-133331-77-8\/#primaryimage\"},\"thumbnailUrl\":\"https:\/\/changhongchemical.com\/wp-content\/uploads\/2025\/03\/CHT6.jpg\",\"datePublished\":\"2025-03-25T03:54:17+00:00\",\"dateModified\":\"2026-01-08T08:46:05+00:00\",\"description\":\"CHLUMOFIUOR\u00ae CHT6-octane Perfluorohexyloctane CAS 133331-77-8 is a key product of Changhong Chemical. We provide the best price. We are the leading manufacturer in China with the best quality and competitive price.\",\"breadcrumb\":{\"@id\":\"https:\/\/changhongchemical.com\/product\/cht6-octane-cas-133331-77-8\/#breadcrumb\"},\"inLanguage\":\"fr-FR\",\"potentialAction\":[{\"@type\":\"ReadAction\",\"target\":[\"https:\/\/changhongchemical.com\/product\/cht6-octane-cas-133331-77-8\/\"]}]},{\"@type\":\"ImageObject\",\"inLanguage\":\"fr-FR\",\"@id\":\"https:\/\/changhongchemical.com\/product\/cht6-octane-cas-133331-77-8\/#primaryimage\",\"url\":\"https:\/\/changhongchemical.com\/wp-content\/uploads\/2025\/03\/CHT6.jpg\",\"contentUrl\":\"https:\/\/changhongchemical.com\/wp-content\/uploads\/2025\/03\/CHT6.jpg\",\"width\":300,\"height\":300},{\"@type\":\"BreadcrumbList\",\"@id\":\"https:\/\/changhongchemical.com\/product\/cht6-octane-cas-133331-77-8\/#breadcrumb\",\"itemListElement\":[{\"@type\":\"ListItem\",\"position\":1,\"name\":\"Home\",\"item\":\"https:\/\/changhongchemical.com\/\"},{\"@type\":\"ListItem\",\"position\":2,\"name\":\"Products Changhong\",\"item\":\"https:\/\/changhongchemical.com\/product\/\"},{\"@type\":\"ListItem\",\"position\":3,\"name\":\"CHLUMOFIUOR\u00ae CHT6-octane Perfluorohexyloctane CAS 133331-77-8\"}]},{\"@type\":\"WebSite\",\"@id\":\"https:\/\/changhongchemical.com\/#website\",\"url\":\"https:\/\/changhongchemical.com\/\",\"name\":\"Changhong Chemical\",\"description\":\"China chemical manufacturer \uff06 supplier\",\"publisher\":{\"@id\":\"https:\/\/changhongchemical.com\/#organization\"},\"potentialAction\":[{\"@type\":\"SearchAction\",\"target\":{\"@type\":\"EntryPoint\",\"urlTemplate\":\"https:\/\/changhongchemical.com\/?s={search_term_string}\"},\"query-input\":\"required name=search_term_string\"}],\"inLanguage\":\"fr-FR\"},{\"@type\":\"Organization\",\"@id\":\"https:\/\/changhongchemical.com\/#organization\",\"name\":\"Changhong Chemical\",\"url\":\"https:\/\/changhongchemical.com\/\",\"logo\":{\"@type\":\"ImageObject\",\"inLanguage\":\"fr-FR\",\"@id\":\"https:\/\/changhongchemical.com\/#\/schema\/logo\/image\/\",\"url\":\"https:\/\/changhongchemical.com\/wp-content\/uploads\/2020\/08\/cropped-longchang-logo.png\",\"contentUrl\":\"https:\/\/changhongchemical.com\/wp-content\/uploads\/2020\/08\/cropped-longchang-logo.png\",\"width\":512,\"height\":512,\"caption\":\"Changhong Chemical\"},\"image\":{\"@id\":\"https:\/\/changhongchemical.com\/#\/schema\/logo\/image\/\"}}]}<\/script>\n<!-- \/ Yoast SEO plugin. -->","yoast_head_json":{"title":"CHLUMOFIUOR\u00ae CHT6-octane Perfluorohexyloctane CAS 133331-77-8 Fabricant chinois - Changhong Chemical","description":"CHLUMOFIUOR\u00ae CHT6-octane Perfluorohexyloctane CAS 133331-77-8 est un produit cl\u00e9 de Changhong Chemical. Nous fournissons le meilleur prix. Nous sommes le principal fabricant en Chine avec la meilleure qualit\u00e9 et un prix comp\u00e9titif.","robots":{"index":"index","follow":"follow","max-snippet":"max-snippet:-1","max-image-preview":"max-image-preview:large","max-video-preview":"max-video-preview:-1"},"canonical":"https:\/\/changhongchemical.com\/fr\/product\/cht6-octane-cas-133331-77-8\/","og_locale":"fr_FR","og_type":"article","og_title":"China CHLUMOFIUOR\u00ae CHT6-octane Perfluorohexyloctane CAS 133331-77-8 Manufacturer - Changhong Chemical","og_description":"CHLUMOFIUOR\u00ae CHT6-octane Perfluorohexyloctane CAS 133331-77-8 is a key product of Changhong Chemical. We provide the best price. We are the leading manufacturer in China with the best quality and competitive price.","og_url":"https:\/\/changhongchemical.com\/fr\/product\/cht6-octane-cas-133331-77-8\/","og_site_name":"Changhong Chemical","article_modified_time":"2026-01-08T08:46:05+00:00","og_image":[{"width":300,"height":300,"url":"https:\/\/changhongchemical.com\/wp-content\/uploads\/2025\/03\/CHT6.jpg","type":"image\/jpeg"}],"twitter_card":"summary_large_image","twitter_misc":{"Dur\u00e9e de lecture estim\u00e9e":"1 minute"},"schema":{"@context":"https:\/\/schema.org","@graph":[{"@type":"WebPage","@id":"https:\/\/changhongchemical.com\/product\/cht6-octane-cas-133331-77-8\/","url":"https:\/\/changhongchemical.com\/product\/cht6-octane-cas-133331-77-8\/","name":"CHLUMOFIUOR\u00ae CHT6-octane Perfluorohexyloctane CAS 133331-77-8 Fabricant chinois - Changhong Chemical","isPartOf":{"@id":"https:\/\/changhongchemical.com\/#website"},"primaryImageOfPage":{"@id":"https:\/\/changhongchemical.com\/product\/cht6-octane-cas-133331-77-8\/#primaryimage"},"image":{"@id":"https:\/\/changhongchemical.com\/product\/cht6-octane-cas-133331-77-8\/#primaryimage"},"thumbnailUrl":"https:\/\/changhongchemical.com\/wp-content\/uploads\/2025\/03\/CHT6.jpg","datePublished":"2025-03-25T03:54:17+00:00","dateModified":"2026-01-08T08:46:05+00:00","description":"CHLUMOFIUOR\u00ae CHT6-octane Perfluorohexyloctane CAS 133331-77-8 est un produit cl\u00e9 de Changhong Chemical. Nous fournissons le meilleur prix. Nous sommes le principal fabricant en Chine avec la meilleure qualit\u00e9 et un prix comp\u00e9titif.","breadcrumb":{"@id":"https:\/\/changhongchemical.com\/product\/cht6-octane-cas-133331-77-8\/#breadcrumb"},"inLanguage":"fr-FR","potentialAction":[{"@type":"ReadAction","target":["https:\/\/changhongchemical.com\/product\/cht6-octane-cas-133331-77-8\/"]}]},{"@type":"ImageObject","inLanguage":"fr-FR","@id":"https:\/\/changhongchemical.com\/product\/cht6-octane-cas-133331-77-8\/#primaryimage","url":"https:\/\/changhongchemical.com\/wp-content\/uploads\/2025\/03\/CHT6.jpg","contentUrl":"https:\/\/changhongchemical.com\/wp-content\/uploads\/2025\/03\/CHT6.jpg","width":300,"height":300},{"@type":"BreadcrumbList","@id":"https:\/\/changhongchemical.com\/product\/cht6-octane-cas-133331-77-8\/#breadcrumb","itemListElement":[{"@type":"ListItem","position":1,"name":"Home","item":"https:\/\/changhongchemical.com\/"},{"@type":"ListItem","position":2,"name":"Products Changhong","item":"https:\/\/changhongchemical.com\/product\/"},{"@type":"ListItem","position":3,"name":"CHLUMOFIUOR\u00ae CHT6-octane Perfluorohexyloctane CAS 133331-77-8"}]},{"@type":"WebSite","@id":"https:\/\/changhongchemical.com\/#website","url":"https:\/\/changhongchemical.com\/","name":"Changhong Chemical","description":"Fabricant chinois de produits chimiques \uff06 fournisseur","publisher":{"@id":"https:\/\/changhongchemical.com\/#organization"},"potentialAction":[{"@type":"SearchAction","target":{"@type":"EntryPoint","urlTemplate":"https:\/\/changhongchemical.com\/?s={search_term_string}"},"query-input":"required name=search_term_string"}],"inLanguage":"fr-FR"},{"@type":"Organization","@id":"https:\/\/changhongchemical.com\/#organization","name":"Changhong Chemical","url":"https:\/\/changhongchemical.com\/","logo":{"@type":"ImageObject","inLanguage":"fr-FR","@id":"https:\/\/changhongchemical.com\/#\/schema\/logo\/image\/","url":"https:\/\/changhongchemical.com\/wp-content\/uploads\/2020\/08\/cropped-longchang-logo.png","contentUrl":"https:\/\/changhongchemical.com\/wp-content\/uploads\/2020\/08\/cropped-longchang-logo.png","width":512,"height":512,"caption":"Changhong Chemical"},"image":{"@id":"https:\/\/changhongchemical.com\/#\/schema\/logo\/image\/"}}]}},"_links":{"self":[{"href":"https:\/\/changhongchemical.com\/fr\/wp-json\/wp\/v2\/product\/8310","targetHints":{"allow":["GET"]}}],"collection":[{"href":"https:\/\/changhongchemical.com\/fr\/wp-json\/wp\/v2\/product"}],"about":[{"href":"https:\/\/changhongchemical.com\/fr\/wp-json\/wp\/v2\/types\/product"}],"replies":[{"embeddable":true,"href":"https:\/\/changhongchemical.com\/fr\/wp-json\/wp\/v2\/comments?post=8310"}],"wp:featuredmedia":[{"embeddable":true,"href":"https:\/\/changhongchemical.com\/fr\/wp-json\/wp\/v2\/media\/8311"}],"wp:attachment":[{"href":"https:\/\/changhongchemical.com\/fr\/wp-json\/wp\/v2\/media?parent=8310"}],"wp:term":[{"taxonomy":"product_brand","embeddable":true,"href":"https:\/\/changhongchemical.com\/fr\/wp-json\/wp\/v2\/product_brand?post=8310"},{"taxonomy":"product_cat","embeddable":true,"href":"https:\/\/changhongchemical.com\/fr\/wp-json\/wp\/v2\/product_cat?post=8310"},{"taxonomy":"product_tag","embeddable":true,"href":"https:\/\/changhongchemical.com\/fr\/wp-json\/wp\/v2\/product_tag?post=8310"}],"curies":[{"name":"wp","href":"https:\/\/api.w.org\/{rel}","templated":true}]}}