{"id":8198,"date":"2025-03-24T04:30:48","date_gmt":"2025-03-24T04:30:48","guid":{"rendered":"https:\/\/changhongchemical.com\/?post_type=product&#038;p=8198"},"modified":"2025-05-12T02:58:11","modified_gmt":"2025-05-12T02:58:11","slug":"ch-101","status":"publish","type":"product","link":"https:\/\/changhongchemical.com\/fr\/product\/ch-101\/","title":{"rendered":"CHLUMOFIUOR\u00ae CH-101 \u00e9mulsion fluorocarbon\u00e9e monocomposante en phase aqueuse"},"content":{"rendered":"<p>Indice de performance :<\/p>\n<p>Aspect : liquide blanc laiteux<\/p>\n<p>Teneur en fluor solide (%) : 10\u00b11<\/p>\n<p>Teneur en mati\u00e8res solides (%) : 45\u00b11<\/p>\n<p>Temp\u00e9rature de transition vitreuse (\u00b0C) : 25\u00b15<\/p>\n<p>Viscosit\u00e9 (S) : 10\uff5e20 (23\u00b12\u00b0C, tasses enduites-4)<\/p>\n<p>Densit\u00e9 (g\/mL) : 1,1\u00b10,05@20\u00b0C<\/p>\n<p>pH : 6,5\uff5e8<\/p>\n<p>Stabilit\u00e9 m\u00e9canique : Pas d'anomalie (3000r\/min, 0.5h)<\/p>\n<p>Propri\u00e9t\u00e9s ioniques : anioniques<\/p>\n<p>&nbsp;<\/p>\n<p>Caract\u00e9ristiques du produit.<\/p>\n<p>Tr\u00e8s longue r\u00e9sistance aux intemp\u00e9ries, excellente r\u00e9sistance \u00e0 la salet\u00e9, tr\u00e8s faible \u00e9mission de COV, protection de l'environnement, bonne constructibilit\u00e9 ; peut \u00eatre lamin\u00e9, bross\u00e9, pulv\u00e9ris\u00e9 ou pulv\u00e9ris\u00e9 sans air.<\/p>\n<p>Domaines d'application : murs int\u00e9rieurs et ext\u00e9rieurs des b\u00e2timents, ciment, c\u00e9ramique, etc.<\/p>\n<p>Protection et d\u00e9coration des murs int\u00e9rieurs et ext\u00e9rieurs des b\u00e2timents, du ciment, de la c\u00e9ramique, du m\u00e9tal, du bois et de la surgla\u00e7ure.<\/p>\n<p>Emballage et stockage.<\/p>\n<p>Les sp\u00e9cifications d'emballage de ce produit sont respectivement de 25 kg\/baril et de 200 kg\/baril. Le produit doit \u00eatre stock\u00e9 dans des conteneurs scell\u00e9s \u00e0 une temp\u00e9rature de 5-30\u00b0C, en \u00e9vitant le gel et les temp\u00e9ratures \u00e9lev\u00e9es, avec une dur\u00e9e de conservation d'un an.<\/p>\n<p>Autre nom :<\/p>\n<p>Emulsion fluorocarbon\u00e9e monocomposante \u00e0 base d'eau<\/p>\n<p>Emulsion fluorocarbon\u00e9e \u00e0 base d'eau en une partie<\/p>\n<p>Emulsion fluorocarbon\u00e9e monocomposant \u00e0 base d'eau<\/p>\n<p>Emulsion monocomposante fluorocarbon\u00e9e \u00e0 base d'eau<\/p>\n<h2><strong><b>Contactez-nous d\u00e8s maintenant !<\/b><\/strong><\/h2>\n<h4><strong><b>Si vous avez besoin de Price, veuillez indiquer vos coordonn\u00e9es dans le formulaire ci-dessous. Nous vous contacterons g\u00e9n\u00e9ralement dans les 24 heures. Vous pouvez \u00e9galement m'envoyer un courriel\u00a0<span style=\"color: #00ccff;\"><a style=\"color: #00ccff;\" href=\"mailto:info@changhongchemical.com\">info@changhongchemical.com<\/a><\/span>\u00a0pendant les heures de travail ( 8:30 am to 6:00 pm UTC+8 Mon.~Sat. ) ou utilisez le chat en direct du site web pour obtenir une r\u00e9ponse rapide.<\/b><\/strong><\/h4>","protected":false},"excerpt":{"rendered":"<p>L'\u00e9mulsion fluorocarbon\u00e9e monocomposante \u00e0 base d'eau CH-101 est un copolym\u00e8re de monom\u00e8res contenant du fluor, de monom\u00e8res ol\u00e9finiques et de monom\u00e8res fonctionnels. Il s'agit d'une \u00e9mulsion de polym\u00e8res avec une structure composite \u00e0 noyau dur et \u00e0 coquille molle produite par la technologie de polym\u00e9risation par \u00e9mulsion de semences. Le rev\u00eatement fluorocarbon\u00e9 en phase aqueuse pr\u00e9par\u00e9 par cette \u00e9mulsion fluorocarbon\u00e9e pr\u00e9sente une tr\u00e8s longue r\u00e9sistance aux intemp\u00e9ries, une r\u00e9sistance aux UV, une excellente r\u00e9sistance \u00e0 la blancheur de l'eau, une r\u00e9sistance \u00e0 la corrosion par les acides, les alcalis et les sels, et ne subit aucun changement sous l'effet des pluies acides, de la pollution atmosph\u00e9rique et des conditions de corrosion par pulv\u00e9risation de sels marins. Elle est particuli\u00e8rement adapt\u00e9e \u00e0 la protection des murs int\u00e9rieurs et ext\u00e9rieurs de la lumi\u00e8re d\u00e9corative et de couverture, la p\u00e9riode de protection pouvant aller jusqu'\u00e0 20 ans.<\/p>","protected":false},"featured_media":8199,"comment_status":"closed","ping_status":"closed","template":"","meta":[],"product_brand":[],"product_cat":[186],"product_tag":[],"class_list":{"0":"post-8198","1":"product","2":"type-product","3":"status-publish","4":"has-post-thumbnail","6":"product_cat-fluorocarbon-resin","8":"first","9":"instock","10":"shipping-taxable","11":"product-type-simple"},"yoast_head":"<!-- This site is optimized with the Yoast SEO plugin v27.4 - https:\/\/yoast.com\/product\/yoast-seo-wordpress\/ -->\n<title>China CHLUMOFIUOR\u00ae CH-101 waterborne one-component fluorocarbon emulsion Manufacturer - Changhong Chemical<\/title>\n<meta name=\"description\" content=\"CH-101 waterborne one-component fluorocarbon emulsion is a copolymer of fluorine-containing monomer, olefinic monomer and functional monomer; it is a...\" \/>\n<meta name=\"robots\" content=\"index, follow, max-snippet:-1, max-image-preview:large, max-video-preview:-1\" \/>\n<link rel=\"canonical\" href=\"https:\/\/changhongchemical.com\/fr\/product\/ch-101\/\" \/>\n<meta property=\"og:locale\" content=\"fr_FR\" \/>\n<meta property=\"og:type\" content=\"article\" \/>\n<meta property=\"og:title\" content=\"China CHLUMOFIUOR\u00ae CH-101 waterborne one-component fluorocarbon emulsion Manufacturer - Changhong Chemical\" \/>\n<meta property=\"og:description\" content=\"CH-101 waterborne one-component fluorocarbon emulsion is a copolymer of fluorine-containing monomer, olefinic monomer and functional monomer; it is a...\" \/>\n<meta property=\"og:url\" content=\"https:\/\/changhongchemical.com\/fr\/product\/ch-101\/\" \/>\n<meta property=\"og:site_name\" content=\"Changhong Chemical\" \/>\n<meta property=\"article:modified_time\" content=\"2025-05-12T02:58:11+00:00\" \/>\n<meta property=\"og:image\" content=\"https:\/\/changhongchemical.com\/wp-content\/uploads\/2025\/03\/CH-101.jpg\" \/>\n\t<meta property=\"og:image:width\" content=\"600\" \/>\n\t<meta property=\"og:image:height\" content=\"600\" \/>\n\t<meta property=\"og:image:type\" content=\"image\/jpeg\" \/>\n<meta name=\"twitter:card\" content=\"summary_large_image\" \/>\n<meta name=\"twitter:label1\" content=\"Dur\u00e9e de lecture estim\u00e9e\" \/>\n\t<meta name=\"twitter:data1\" content=\"2 minutes\" \/>\n<script type=\"application\/ld+json\" class=\"yoast-schema-graph\">{\"@context\":\"https:\\\/\\\/schema.org\",\"@graph\":[{\"@type\":\"WebPage\",\"@id\":\"https:\\\/\\\/changhongchemical.com\\\/product\\\/ch-101\\\/\",\"url\":\"https:\\\/\\\/changhongchemical.com\\\/product\\\/ch-101\\\/\",\"name\":\"China CHLUMOFIUOR\u00ae CH-101 waterborne one-component fluorocarbon emulsion Manufacturer - Changhong Chemical\",\"isPartOf\":{\"@id\":\"https:\\\/\\\/changhongchemical.com\\\/#website\"},\"primaryImageOfPage\":{\"@id\":\"https:\\\/\\\/changhongchemical.com\\\/product\\\/ch-101\\\/#primaryimage\"},\"image\":{\"@id\":\"https:\\\/\\\/changhongchemical.com\\\/product\\\/ch-101\\\/#primaryimage\"},\"thumbnailUrl\":\"https:\\\/\\\/changhongchemical.com\\\/wp-content\\\/uploads\\\/2025\\\/03\\\/CH-101.jpg\",\"datePublished\":\"2025-03-24T04:30:48+00:00\",\"dateModified\":\"2025-05-12T02:58:11+00:00\",\"description\":\"CH-101 waterborne one-component fluorocarbon emulsion is a copolymer of fluorine-containing monomer, olefinic monomer and functional monomer; it is a...\",\"breadcrumb\":{\"@id\":\"https:\\\/\\\/changhongchemical.com\\\/product\\\/ch-101\\\/#breadcrumb\"},\"inLanguage\":\"fr-FR\",\"potentialAction\":[{\"@type\":\"ReadAction\",\"target\":[\"https:\\\/\\\/changhongchemical.com\\\/product\\\/ch-101\\\/\"]}]},{\"@type\":\"ImageObject\",\"inLanguage\":\"fr-FR\",\"@id\":\"https:\\\/\\\/changhongchemical.com\\\/product\\\/ch-101\\\/#primaryimage\",\"url\":\"https:\\\/\\\/changhongchemical.com\\\/wp-content\\\/uploads\\\/2025\\\/03\\\/CH-101.jpg\",\"contentUrl\":\"https:\\\/\\\/changhongchemical.com\\\/wp-content\\\/uploads\\\/2025\\\/03\\\/CH-101.jpg\",\"width\":600,\"height\":600},{\"@type\":\"BreadcrumbList\",\"@id\":\"https:\\\/\\\/changhongchemical.com\\\/product\\\/ch-101\\\/#breadcrumb\",\"itemListElement\":[{\"@type\":\"ListItem\",\"position\":1,\"name\":\"Home\",\"item\":\"https:\\\/\\\/changhongchemical.com\\\/\"},{\"@type\":\"ListItem\",\"position\":2,\"name\":\"Products Changhong\",\"item\":\"https:\\\/\\\/changhongchemical.com\\\/product\\\/\"},{\"@type\":\"ListItem\",\"position\":3,\"name\":\"CHLUMOFIUOR\u00ae CH-101 waterborne one-component fluorocarbon emulsion\"}]},{\"@type\":\"WebSite\",\"@id\":\"https:\\\/\\\/changhongchemical.com\\\/#website\",\"url\":\"https:\\\/\\\/changhongchemical.com\\\/\",\"name\":\"Changhong Chemical\",\"description\":\"China chemical manufacturer \uff06 supplier\",\"publisher\":{\"@id\":\"https:\\\/\\\/changhongchemical.com\\\/#organization\"},\"potentialAction\":[{\"@type\":\"SearchAction\",\"target\":{\"@type\":\"EntryPoint\",\"urlTemplate\":\"https:\\\/\\\/changhongchemical.com\\\/?s={search_term_string}\"},\"query-input\":{\"@type\":\"PropertyValueSpecification\",\"valueRequired\":true,\"valueName\":\"search_term_string\"}}],\"inLanguage\":\"fr-FR\"},{\"@type\":\"Organization\",\"@id\":\"https:\\\/\\\/changhongchemical.com\\\/#organization\",\"name\":\"Changhong Chemical\",\"url\":\"https:\\\/\\\/changhongchemical.com\\\/\",\"logo\":{\"@type\":\"ImageObject\",\"inLanguage\":\"fr-FR\",\"@id\":\"https:\\\/\\\/changhongchemical.com\\\/#\\\/schema\\\/logo\\\/image\\\/\",\"url\":\"https:\\\/\\\/changhongchemical.com\\\/wp-content\\\/uploads\\\/2020\\\/08\\\/cropped-longchang-logo.png\",\"contentUrl\":\"https:\\\/\\\/changhongchemical.com\\\/wp-content\\\/uploads\\\/2020\\\/08\\\/cropped-longchang-logo.png\",\"width\":512,\"height\":512,\"caption\":\"Changhong Chemical\"},\"image\":{\"@id\":\"https:\\\/\\\/changhongchemical.com\\\/#\\\/schema\\\/logo\\\/image\\\/\"}}]}<\/script>\n<!-- \/ Yoast SEO plugin. -->","yoast_head_json":{"title":"CHLUMOFIUOR\u00ae CH-101 \u00e9mulsion fluorocarbon\u00e9e monocomposante \u00e0 base d'eau, Chine - Changhong Chemical","description":"CH-101 waterborne one-component fluorocarbon emulsion is a copolymer of fluorine-containing monomer, olefinic monomer and functional monomer; it is a...","robots":{"index":"index","follow":"follow","max-snippet":"max-snippet:-1","max-image-preview":"max-image-preview:large","max-video-preview":"max-video-preview:-1"},"canonical":"https:\/\/changhongchemical.com\/fr\/product\/ch-101\/","og_locale":"fr_FR","og_type":"article","og_title":"China CHLUMOFIUOR\u00ae CH-101 waterborne one-component fluorocarbon emulsion Manufacturer - Changhong Chemical","og_description":"CH-101 waterborne one-component fluorocarbon emulsion is a copolymer of fluorine-containing monomer, olefinic monomer and functional monomer; it is a...","og_url":"https:\/\/changhongchemical.com\/fr\/product\/ch-101\/","og_site_name":"Changhong Chemical","article_modified_time":"2025-05-12T02:58:11+00:00","og_image":[{"width":600,"height":600,"url":"https:\/\/changhongchemical.com\/wp-content\/uploads\/2025\/03\/CH-101.jpg","type":"image\/jpeg"}],"twitter_card":"summary_large_image","twitter_misc":{"Dur\u00e9e de lecture estim\u00e9e":"2 minutes"},"schema":{"@context":"https:\/\/schema.org","@graph":[{"@type":"WebPage","@id":"https:\/\/changhongchemical.com\/product\/ch-101\/","url":"https:\/\/changhongchemical.com\/product\/ch-101\/","name":"CHLUMOFIUOR\u00ae CH-101 \u00e9mulsion fluorocarbon\u00e9e monocomposante \u00e0 base d'eau, Chine - Changhong Chemical","isPartOf":{"@id":"https:\/\/changhongchemical.com\/#website"},"primaryImageOfPage":{"@id":"https:\/\/changhongchemical.com\/product\/ch-101\/#primaryimage"},"image":{"@id":"https:\/\/changhongchemical.com\/product\/ch-101\/#primaryimage"},"thumbnailUrl":"https:\/\/changhongchemical.com\/wp-content\/uploads\/2025\/03\/CH-101.jpg","datePublished":"2025-03-24T04:30:48+00:00","dateModified":"2025-05-12T02:58:11+00:00","description":"CH-101 waterborne one-component fluorocarbon emulsion is a copolymer of fluorine-containing monomer, olefinic monomer and functional monomer; it is a...","breadcrumb":{"@id":"https:\/\/changhongchemical.com\/product\/ch-101\/#breadcrumb"},"inLanguage":"fr-FR","potentialAction":[{"@type":"ReadAction","target":["https:\/\/changhongchemical.com\/product\/ch-101\/"]}]},{"@type":"ImageObject","inLanguage":"fr-FR","@id":"https:\/\/changhongchemical.com\/product\/ch-101\/#primaryimage","url":"https:\/\/changhongchemical.com\/wp-content\/uploads\/2025\/03\/CH-101.jpg","contentUrl":"https:\/\/changhongchemical.com\/wp-content\/uploads\/2025\/03\/CH-101.jpg","width":600,"height":600},{"@type":"BreadcrumbList","@id":"https:\/\/changhongchemical.com\/product\/ch-101\/#breadcrumb","itemListElement":[{"@type":"ListItem","position":1,"name":"Home","item":"https:\/\/changhongchemical.com\/"},{"@type":"ListItem","position":2,"name":"Products Changhong","item":"https:\/\/changhongchemical.com\/product\/"},{"@type":"ListItem","position":3,"name":"CHLUMOFIUOR\u00ae CH-101 waterborne one-component fluorocarbon emulsion"}]},{"@type":"WebSite","@id":"https:\/\/changhongchemical.com\/#website","url":"https:\/\/changhongchemical.com\/","name":"Changhong Chemical","description":"Fabricant chinois de produits chimiques \uff06 fournisseur","publisher":{"@id":"https:\/\/changhongchemical.com\/#organization"},"potentialAction":[{"@type":"SearchAction","target":{"@type":"EntryPoint","urlTemplate":"https:\/\/changhongchemical.com\/?s={search_term_string}"},"query-input":{"@type":"PropertyValueSpecification","valueRequired":true,"valueName":"search_term_string"}}],"inLanguage":"fr-FR"},{"@type":"Organization","@id":"https:\/\/changhongchemical.com\/#organization","name":"Changhong Chemical","url":"https:\/\/changhongchemical.com\/","logo":{"@type":"ImageObject","inLanguage":"fr-FR","@id":"https:\/\/changhongchemical.com\/#\/schema\/logo\/image\/","url":"https:\/\/changhongchemical.com\/wp-content\/uploads\/2020\/08\/cropped-longchang-logo.png","contentUrl":"https:\/\/changhongchemical.com\/wp-content\/uploads\/2020\/08\/cropped-longchang-logo.png","width":512,"height":512,"caption":"Changhong Chemical"},"image":{"@id":"https:\/\/changhongchemical.com\/#\/schema\/logo\/image\/"}}]}},"_links":{"self":[{"href":"https:\/\/changhongchemical.com\/fr\/wp-json\/wp\/v2\/product\/8198","targetHints":{"allow":["GET"]}}],"collection":[{"href":"https:\/\/changhongchemical.com\/fr\/wp-json\/wp\/v2\/product"}],"about":[{"href":"https:\/\/changhongchemical.com\/fr\/wp-json\/wp\/v2\/types\/product"}],"replies":[{"embeddable":true,"href":"https:\/\/changhongchemical.com\/fr\/wp-json\/wp\/v2\/comments?post=8198"}],"wp:featuredmedia":[{"embeddable":true,"href":"https:\/\/changhongchemical.com\/fr\/wp-json\/wp\/v2\/media\/8199"}],"wp:attachment":[{"href":"https:\/\/changhongchemical.com\/fr\/wp-json\/wp\/v2\/media?parent=8198"}],"wp:term":[{"taxonomy":"product_brand","embeddable":true,"href":"https:\/\/changhongchemical.com\/fr\/wp-json\/wp\/v2\/product_brand?post=8198"},{"taxonomy":"product_cat","embeddable":true,"href":"https:\/\/changhongchemical.com\/fr\/wp-json\/wp\/v2\/product_cat?post=8198"},{"taxonomy":"product_tag","embeddable":true,"href":"https:\/\/changhongchemical.com\/fr\/wp-json\/wp\/v2\/product_tag?post=8198"}],"curies":[{"name":"wp","href":"https:\/\/api.w.org\/{rel}","templated":true}]}}