{"id":8193,"date":"2025-03-24T04:17:38","date_gmt":"2025-03-24T04:17:38","guid":{"rendered":"https:\/\/changhongchemical.com\/?post_type=product&#038;p=8193"},"modified":"2025-05-12T02:58:53","modified_gmt":"2025-05-12T02:58:53","slug":"ch-201","status":"publish","type":"product","link":"https:\/\/changhongchemical.com\/fr\/product\/ch-201\/","title":{"rendered":"CHLUMOFIUOR\u00ae CH-201 FEVE dispersion aqueuse de r\u00e9sine"},"content":{"rendered":"<p>Indice de performance :<br \/>\nAspect : liquide blanc laiteux<br \/>\nTeneur en fluor solide (%) : 24\u00b12<br \/>\nTeneur en mati\u00e8res solides (%) : 40\u00b12<br \/>\nDensit\u00e9 (g\/mL) : 1,1\u00b10,05@20\u00b0C<br \/>\nIndice d'hydroxyle (mgKOH\/g) : 60\u00b15<br \/>\nValeur du pH : 7,0\uff5e8,0<\/p>\n<p>Caract\u00e9ristiques du produit.<br \/>\nExcellente r\u00e9sistance aux intemp\u00e9ries, aux taches, au jaunissement, \u00e0 la brillance, au brouillard salin et \u00e0 l'abrasion.<br \/>\nDomaines d'application : Le produit est utilis\u00e9 dans les murs-rideaux, les profil\u00e9s et d'autres industries.<br \/>\nUtilis\u00e9 pour les murs-rideaux, les profil\u00e9s, l'anticorrosion, la protection du b\u00e9ton et d'autres domaines d\u00e9coratifs ext\u00e9rieurs soumis \u00e0 de fortes intemp\u00e9ries.<br \/>\nEmballage et stockage.<br \/>\nCe produit est conditionn\u00e9 en 200Kg\/tambour. Le produit doit \u00eatre stock\u00e9 dans des conteneurs ferm\u00e9s, \u00e9viter le gel et les temp\u00e9ratures \u00e9lev\u00e9es, temp\u00e9rature de stockage 5 ~ 30 \u2103, dur\u00e9e de conservation d'un an.<\/p>\n<p>Autre nom\uff1a<\/p>\n<p>Dispersion de r\u00e9sine \u00e0 base d'eau FEVE<\/p>\n<p>\u00c9mulsion aqueuse de r\u00e9sine FEVE<\/p>\n<p>Dispersion de la r\u00e9sine aqueuse FEVE<\/p>\n<p>Dispersion de r\u00e9sine aqueuse FEVE<\/p>\n<h2><strong><b>Contactez-nous d\u00e8s maintenant !<\/b><\/strong><\/h2>\n<h4><strong><b>Si vous avez besoin de Price, veuillez indiquer vos coordonn\u00e9es dans le formulaire ci-dessous. Nous vous contacterons g\u00e9n\u00e9ralement dans les 24 heures. Vous pouvez \u00e9galement m'envoyer un courriel\u00a0<span style=\"color: #00ccff;\"><a style=\"color: #00ccff;\" href=\"mailto:info@changhongchemical.com\">info@changhongchemical.com<\/a><\/span>\u00a0pendant les heures de travail ( 8:30 am to 6:00 pm UTC+8 Mon.~Sat. ) ou utilisez le chat en direct du site web pour obtenir une r\u00e9ponse rapide.<\/b><\/strong><\/h4>","protected":false},"excerpt":{"rendered":"<p>La dispersion de r\u00e9sine en phase aqueuse CH-201 FEVE est une r\u00e9sine fluor\u00e9e en phase aqueuse fabriqu\u00e9e par copolym\u00e9risation altern\u00e9e (FEVE) de chlorure de trifluoro\u00e9thyl\u00e8ne et d'\u00e9ther vinylique par un proc\u00e9d\u00e9 sp\u00e9cial. Le rev\u00eatement fluorocarbon\u00e9 en phase aqueuse pr\u00e9par\u00e9 par ce produit poss\u00e8de d'excellentes propri\u00e9t\u00e9s telles que la r\u00e9sistance aux intemp\u00e9ries, la r\u00e9sistance aux taches, l'absence de jaunissement, la haute brillance, la r\u00e9sistance au brouillard salin et la r\u00e9sistance \u00e0 l'abrasion. Il est largement utilis\u00e9 pour les murs-rideaux, les profil\u00e9s, l'anticorrosion, la protection du b\u00e9ton et d'autres d\u00e9corations ext\u00e9rieures r\u00e9sistantes aux intemp\u00e9ries.<\/p>","protected":false},"featured_media":8194,"comment_status":"closed","ping_status":"closed","template":"","meta":[],"product_brand":[],"product_cat":[186],"product_tag":[],"class_list":{"0":"post-8193","1":"product","2":"type-product","3":"status-publish","4":"has-post-thumbnail","6":"product_cat-fluorocarbon-resin","8":"first","9":"instock","10":"shipping-taxable","11":"product-type-simple"},"yoast_head":"<!-- This site is optimized with the Yoast SEO plugin v27.4 - https:\/\/yoast.com\/product\/yoast-seo-wordpress\/ -->\n<title>China CHLUMOFIUOR\u00ae CH-201 FEVE aqueous resin dispersion Manufacturer - Changhong Chemical<\/title>\n<meta name=\"description\" content=\"CH-201 FEVE waterborne resin dispersion is a waterborne fluorine resin made by alternating copolymerization (FEVE) of trifluoroethylene chloride and vinyl...\" \/>\n<meta name=\"robots\" content=\"index, follow, max-snippet:-1, max-image-preview:large, max-video-preview:-1\" \/>\n<link rel=\"canonical\" href=\"https:\/\/changhongchemical.com\/fr\/product\/ch-201\/\" \/>\n<meta property=\"og:locale\" content=\"fr_FR\" \/>\n<meta property=\"og:type\" content=\"article\" \/>\n<meta property=\"og:title\" content=\"China CHLUMOFIUOR\u00ae CH-201 FEVE aqueous resin dispersion Manufacturer - Changhong Chemical\" \/>\n<meta property=\"og:description\" content=\"CH-201 FEVE waterborne resin dispersion is a waterborne fluorine resin made by alternating copolymerization (FEVE) of trifluoroethylene chloride and vinyl...\" \/>\n<meta property=\"og:url\" content=\"https:\/\/changhongchemical.com\/fr\/product\/ch-201\/\" \/>\n<meta property=\"og:site_name\" content=\"Changhong Chemical\" \/>\n<meta property=\"article:modified_time\" content=\"2025-05-12T02:58:53+00:00\" \/>\n<meta property=\"og:image\" content=\"https:\/\/changhongchemical.com\/wp-content\/uploads\/2025\/03\/CH-201.jpg\" \/>\n\t<meta property=\"og:image:width\" content=\"600\" \/>\n\t<meta property=\"og:image:height\" content=\"600\" \/>\n\t<meta property=\"og:image:type\" content=\"image\/jpeg\" \/>\n<meta name=\"twitter:card\" content=\"summary_large_image\" \/>\n<meta name=\"twitter:label1\" content=\"Dur\u00e9e de lecture estim\u00e9e\" \/>\n\t<meta name=\"twitter:data1\" content=\"1 minute\" \/>\n<script type=\"application\/ld+json\" class=\"yoast-schema-graph\">{\"@context\":\"https:\\\/\\\/schema.org\",\"@graph\":[{\"@type\":\"WebPage\",\"@id\":\"https:\\\/\\\/changhongchemical.com\\\/product\\\/ch-201\\\/\",\"url\":\"https:\\\/\\\/changhongchemical.com\\\/product\\\/ch-201\\\/\",\"name\":\"China CHLUMOFIUOR\u00ae CH-201 FEVE aqueous resin dispersion Manufacturer - Changhong Chemical\",\"isPartOf\":{\"@id\":\"https:\\\/\\\/changhongchemical.com\\\/#website\"},\"primaryImageOfPage\":{\"@id\":\"https:\\\/\\\/changhongchemical.com\\\/product\\\/ch-201\\\/#primaryimage\"},\"image\":{\"@id\":\"https:\\\/\\\/changhongchemical.com\\\/product\\\/ch-201\\\/#primaryimage\"},\"thumbnailUrl\":\"https:\\\/\\\/changhongchemical.com\\\/wp-content\\\/uploads\\\/2025\\\/03\\\/CH-201.jpg\",\"datePublished\":\"2025-03-24T04:17:38+00:00\",\"dateModified\":\"2025-05-12T02:58:53+00:00\",\"description\":\"CH-201 FEVE waterborne resin dispersion is a waterborne fluorine resin made by alternating copolymerization (FEVE) of trifluoroethylene chloride and vinyl...\",\"breadcrumb\":{\"@id\":\"https:\\\/\\\/changhongchemical.com\\\/product\\\/ch-201\\\/#breadcrumb\"},\"inLanguage\":\"fr-FR\",\"potentialAction\":[{\"@type\":\"ReadAction\",\"target\":[\"https:\\\/\\\/changhongchemical.com\\\/product\\\/ch-201\\\/\"]}]},{\"@type\":\"ImageObject\",\"inLanguage\":\"fr-FR\",\"@id\":\"https:\\\/\\\/changhongchemical.com\\\/product\\\/ch-201\\\/#primaryimage\",\"url\":\"https:\\\/\\\/changhongchemical.com\\\/wp-content\\\/uploads\\\/2025\\\/03\\\/CH-201.jpg\",\"contentUrl\":\"https:\\\/\\\/changhongchemical.com\\\/wp-content\\\/uploads\\\/2025\\\/03\\\/CH-201.jpg\",\"width\":600,\"height\":600},{\"@type\":\"BreadcrumbList\",\"@id\":\"https:\\\/\\\/changhongchemical.com\\\/product\\\/ch-201\\\/#breadcrumb\",\"itemListElement\":[{\"@type\":\"ListItem\",\"position\":1,\"name\":\"Home\",\"item\":\"https:\\\/\\\/changhongchemical.com\\\/\"},{\"@type\":\"ListItem\",\"position\":2,\"name\":\"Products Changhong\",\"item\":\"https:\\\/\\\/changhongchemical.com\\\/product\\\/\"},{\"@type\":\"ListItem\",\"position\":3,\"name\":\"CHLUMOFIUOR\u00ae CH-201 FEVE aqueous resin dispersion\"}]},{\"@type\":\"WebSite\",\"@id\":\"https:\\\/\\\/changhongchemical.com\\\/#website\",\"url\":\"https:\\\/\\\/changhongchemical.com\\\/\",\"name\":\"Changhong Chemical\",\"description\":\"China chemical manufacturer \uff06 supplier\",\"publisher\":{\"@id\":\"https:\\\/\\\/changhongchemical.com\\\/#organization\"},\"potentialAction\":[{\"@type\":\"SearchAction\",\"target\":{\"@type\":\"EntryPoint\",\"urlTemplate\":\"https:\\\/\\\/changhongchemical.com\\\/?s={search_term_string}\"},\"query-input\":{\"@type\":\"PropertyValueSpecification\",\"valueRequired\":true,\"valueName\":\"search_term_string\"}}],\"inLanguage\":\"fr-FR\"},{\"@type\":\"Organization\",\"@id\":\"https:\\\/\\\/changhongchemical.com\\\/#organization\",\"name\":\"Changhong Chemical\",\"url\":\"https:\\\/\\\/changhongchemical.com\\\/\",\"logo\":{\"@type\":\"ImageObject\",\"inLanguage\":\"fr-FR\",\"@id\":\"https:\\\/\\\/changhongchemical.com\\\/#\\\/schema\\\/logo\\\/image\\\/\",\"url\":\"https:\\\/\\\/changhongchemical.com\\\/wp-content\\\/uploads\\\/2020\\\/08\\\/cropped-longchang-logo.png\",\"contentUrl\":\"https:\\\/\\\/changhongchemical.com\\\/wp-content\\\/uploads\\\/2020\\\/08\\\/cropped-longchang-logo.png\",\"width\":512,\"height\":512,\"caption\":\"Changhong Chemical\"},\"image\":{\"@id\":\"https:\\\/\\\/changhongchemical.com\\\/#\\\/schema\\\/logo\\\/image\\\/\"}}]}<\/script>\n<!-- \/ Yoast SEO plugin. -->","yoast_head_json":{"title":"CHLUMOFIUOR\u00ae CH-201 FEVE dispersion aqueuse de r\u00e9sine fabricant chinois - Changhong Chemical","description":"CH-201 FEVE waterborne resin dispersion is a waterborne fluorine resin made by alternating copolymerization (FEVE) of trifluoroethylene chloride and vinyl...","robots":{"index":"index","follow":"follow","max-snippet":"max-snippet:-1","max-image-preview":"max-image-preview:large","max-video-preview":"max-video-preview:-1"},"canonical":"https:\/\/changhongchemical.com\/fr\/product\/ch-201\/","og_locale":"fr_FR","og_type":"article","og_title":"China CHLUMOFIUOR\u00ae CH-201 FEVE aqueous resin dispersion Manufacturer - Changhong Chemical","og_description":"CH-201 FEVE waterborne resin dispersion is a waterborne fluorine resin made by alternating copolymerization (FEVE) of trifluoroethylene chloride and vinyl...","og_url":"https:\/\/changhongchemical.com\/fr\/product\/ch-201\/","og_site_name":"Changhong Chemical","article_modified_time":"2025-05-12T02:58:53+00:00","og_image":[{"width":600,"height":600,"url":"https:\/\/changhongchemical.com\/wp-content\/uploads\/2025\/03\/CH-201.jpg","type":"image\/jpeg"}],"twitter_card":"summary_large_image","twitter_misc":{"Dur\u00e9e de lecture estim\u00e9e":"1 minute"},"schema":{"@context":"https:\/\/schema.org","@graph":[{"@type":"WebPage","@id":"https:\/\/changhongchemical.com\/product\/ch-201\/","url":"https:\/\/changhongchemical.com\/product\/ch-201\/","name":"CHLUMOFIUOR\u00ae CH-201 FEVE dispersion aqueuse de r\u00e9sine fabricant chinois - Changhong Chemical","isPartOf":{"@id":"https:\/\/changhongchemical.com\/#website"},"primaryImageOfPage":{"@id":"https:\/\/changhongchemical.com\/product\/ch-201\/#primaryimage"},"image":{"@id":"https:\/\/changhongchemical.com\/product\/ch-201\/#primaryimage"},"thumbnailUrl":"https:\/\/changhongchemical.com\/wp-content\/uploads\/2025\/03\/CH-201.jpg","datePublished":"2025-03-24T04:17:38+00:00","dateModified":"2025-05-12T02:58:53+00:00","description":"CH-201 FEVE waterborne resin dispersion is a waterborne fluorine resin made by alternating copolymerization (FEVE) of trifluoroethylene chloride and vinyl...","breadcrumb":{"@id":"https:\/\/changhongchemical.com\/product\/ch-201\/#breadcrumb"},"inLanguage":"fr-FR","potentialAction":[{"@type":"ReadAction","target":["https:\/\/changhongchemical.com\/product\/ch-201\/"]}]},{"@type":"ImageObject","inLanguage":"fr-FR","@id":"https:\/\/changhongchemical.com\/product\/ch-201\/#primaryimage","url":"https:\/\/changhongchemical.com\/wp-content\/uploads\/2025\/03\/CH-201.jpg","contentUrl":"https:\/\/changhongchemical.com\/wp-content\/uploads\/2025\/03\/CH-201.jpg","width":600,"height":600},{"@type":"BreadcrumbList","@id":"https:\/\/changhongchemical.com\/product\/ch-201\/#breadcrumb","itemListElement":[{"@type":"ListItem","position":1,"name":"Home","item":"https:\/\/changhongchemical.com\/"},{"@type":"ListItem","position":2,"name":"Products Changhong","item":"https:\/\/changhongchemical.com\/product\/"},{"@type":"ListItem","position":3,"name":"CHLUMOFIUOR\u00ae CH-201 FEVE aqueous resin dispersion"}]},{"@type":"WebSite","@id":"https:\/\/changhongchemical.com\/#website","url":"https:\/\/changhongchemical.com\/","name":"Changhong Chemical","description":"Fabricant chinois de produits chimiques \uff06 fournisseur","publisher":{"@id":"https:\/\/changhongchemical.com\/#organization"},"potentialAction":[{"@type":"SearchAction","target":{"@type":"EntryPoint","urlTemplate":"https:\/\/changhongchemical.com\/?s={search_term_string}"},"query-input":{"@type":"PropertyValueSpecification","valueRequired":true,"valueName":"search_term_string"}}],"inLanguage":"fr-FR"},{"@type":"Organization","@id":"https:\/\/changhongchemical.com\/#organization","name":"Changhong Chemical","url":"https:\/\/changhongchemical.com\/","logo":{"@type":"ImageObject","inLanguage":"fr-FR","@id":"https:\/\/changhongchemical.com\/#\/schema\/logo\/image\/","url":"https:\/\/changhongchemical.com\/wp-content\/uploads\/2020\/08\/cropped-longchang-logo.png","contentUrl":"https:\/\/changhongchemical.com\/wp-content\/uploads\/2020\/08\/cropped-longchang-logo.png","width":512,"height":512,"caption":"Changhong Chemical"},"image":{"@id":"https:\/\/changhongchemical.com\/#\/schema\/logo\/image\/"}}]}},"_links":{"self":[{"href":"https:\/\/changhongchemical.com\/fr\/wp-json\/wp\/v2\/product\/8193","targetHints":{"allow":["GET"]}}],"collection":[{"href":"https:\/\/changhongchemical.com\/fr\/wp-json\/wp\/v2\/product"}],"about":[{"href":"https:\/\/changhongchemical.com\/fr\/wp-json\/wp\/v2\/types\/product"}],"replies":[{"embeddable":true,"href":"https:\/\/changhongchemical.com\/fr\/wp-json\/wp\/v2\/comments?post=8193"}],"wp:featuredmedia":[{"embeddable":true,"href":"https:\/\/changhongchemical.com\/fr\/wp-json\/wp\/v2\/media\/8194"}],"wp:attachment":[{"href":"https:\/\/changhongchemical.com\/fr\/wp-json\/wp\/v2\/media?parent=8193"}],"wp:term":[{"taxonomy":"product_brand","embeddable":true,"href":"https:\/\/changhongchemical.com\/fr\/wp-json\/wp\/v2\/product_brand?post=8193"},{"taxonomy":"product_cat","embeddable":true,"href":"https:\/\/changhongchemical.com\/fr\/wp-json\/wp\/v2\/product_cat?post=8193"},{"taxonomy":"product_tag","embeddable":true,"href":"https:\/\/changhongchemical.com\/fr\/wp-json\/wp\/v2\/product_tag?post=8193"}],"curies":[{"name":"wp","href":"https:\/\/api.w.org\/{rel}","templated":true}]}}