{"id":8182,"date":"2025-03-24T03:40:45","date_gmt":"2025-03-24T03:40:45","guid":{"rendered":"https:\/\/changhongchemical.com\/?post_type=product&#038;p=8182"},"modified":"2025-05-12T02:59:20","modified_gmt":"2025-05-12T02:59:20","slug":"ch-902","status":"publish","type":"product","link":"https:\/\/changhongchemical.com\/fr\/product\/ch-902\/","title":{"rendered":"CHLUMOFIUOR\u00ae CH-902 R\u00e9sine fluorosilicone FEVE en phase aqueuse"},"content":{"rendered":"<p>Indice de performance :<br \/>\nAspect : liquide blanc laiteux<br \/>\nTeneur en fluor (%) : 24\u00b11<br \/>\nTeneur en mati\u00e8res solides (%) : 40\u00b11<br \/>\nDensit\u00e9 (g\/mL) : 1,1\u00b10,05@20\u00b0C<br \/>\nIndice d'hydroxyle (mgKOH\/g) : 65\u00b15<\/p>\n<p>Caract\u00e9ristiques du produit.<br \/>\nHaute r\u00e9sistance aux intemp\u00e9ries, anti-t\u00e2ches, haute brillance, r\u00e9sistance au brouillard salin, r\u00e9sistance \u00e0 l'abrasion, forte hydrophobie, fortes propri\u00e9t\u00e9s autonettoyantes.<br \/>\nDomaines d'application : Principalement utilis\u00e9 dans les rev\u00eatements autonettoyants \u00e0 haute performance.<br \/>\nPrincipalement utilis\u00e9 dans les rev\u00eatements autonettoyants \u00e0 haute performance<br \/>\nEmballage et stockage.<br \/>\nCe produit est conditionn\u00e9 en 200Kg\/tambour. Le produit doit \u00eatre stock\u00e9 dans des conteneurs ferm\u00e9s, \u00e9viter le gel et les temp\u00e9ratures \u00e9lev\u00e9es, temp\u00e9rature de stockage 5 ~ 30 \u2103, dur\u00e9e de conservation d'un an.<\/p>\n<p>Autre nom\uff1a<\/p>\n<p>R\u00e9sine fluorosilicone FEVE \u00e0 base d'eau<\/p>\n<p>R\u00e9sine aqueuse de fluorosilicone FEVE<\/p>\n<p>FEVE r\u00e9sine fluorosilicone, en phase aqueuse<\/p>\n<p>R\u00e9sine fluorosilicone FEVE \u00e0 base d'eau<\/p>\n<h2><strong><b>Contactez-nous d\u00e8s maintenant !<\/b><\/strong><\/h2>\n<h4><strong><b>Si vous avez besoin de Price, veuillez indiquer vos coordonn\u00e9es dans le formulaire ci-dessous. Nous vous contacterons g\u00e9n\u00e9ralement dans les 24 heures. Vous pouvez \u00e9galement m'envoyer un courriel\u00a0<span style=\"color: #00ccff;\"><a style=\"color: #00ccff;\" href=\"mailto:info@changhongchemical.com\">info@changhongchemical.com<\/a><\/span>\u00a0pendant les heures de travail ( 8:30 am to 6:00 pm UTC+8 Mon.~Sat. ) ou utilisez le chat en direct du site web pour obtenir une r\u00e9ponse rapide.<\/b><\/strong><\/h4>","protected":false},"excerpt":{"rendered":"<p>La r\u00e9sine fluorosilicone FEVE CH-902 en phase aqueuse est le produit de la copolym\u00e9risation de monom\u00e8res contenant du fluor et de monom\u00e8res de silicone. Elle est produite par une technologie sp\u00e9ciale de transfert de phase et a les m\u00eames performances que les produits \u00e0 base de solvant apr\u00e8s durcissement. Elle peut \u00eatre transform\u00e9e en un syst\u00e8me \u00e0 deux composants avec un agent de durcissement isocyanate en phase aqueuse ou en un syst\u00e8me de cuisson \u00e0 un composant avec une r\u00e9sine amin\u00e9e.<\/p>","protected":false},"featured_media":8183,"comment_status":"closed","ping_status":"closed","template":"","meta":[],"product_brand":[],"product_cat":[186],"product_tag":[],"class_list":{"0":"post-8182","1":"product","2":"type-product","3":"status-publish","4":"has-post-thumbnail","6":"product_cat-fluorocarbon-resin","8":"first","9":"instock","10":"shipping-taxable","11":"product-type-simple"},"yoast_head":"<!-- This site is optimized with the Yoast SEO plugin v27.4 - https:\/\/yoast.com\/product\/yoast-seo-wordpress\/ -->\n<title>China CHLUMOFIUOR\u00ae CH-902 Waterborne FEVE Fluorosilicone Resin Manufacturer - Changhong Chemical<\/title>\n<meta name=\"description\" content=\"CH-902 waterborne FEVE type fluorosilicone resin is the product of copolymerization of fluorine-containing monomers and silicone monomers, and is produced...\" \/>\n<meta name=\"robots\" content=\"index, follow, max-snippet:-1, max-image-preview:large, max-video-preview:-1\" \/>\n<link rel=\"canonical\" href=\"https:\/\/changhongchemical.com\/fr\/product\/ch-902\/\" \/>\n<meta property=\"og:locale\" content=\"fr_FR\" \/>\n<meta property=\"og:type\" content=\"article\" \/>\n<meta property=\"og:title\" content=\"China CHLUMOFIUOR\u00ae CH-902 Waterborne FEVE Fluorosilicone Resin Manufacturer - Changhong Chemical\" \/>\n<meta property=\"og:description\" content=\"CH-902 waterborne FEVE type fluorosilicone resin is the product of copolymerization of fluorine-containing monomers and silicone monomers, and is produced...\" \/>\n<meta property=\"og:url\" content=\"https:\/\/changhongchemical.com\/fr\/product\/ch-902\/\" \/>\n<meta property=\"og:site_name\" content=\"Changhong Chemical\" \/>\n<meta property=\"article:modified_time\" content=\"2025-05-12T02:59:20+00:00\" \/>\n<meta property=\"og:image\" content=\"https:\/\/changhongchemical.com\/wp-content\/uploads\/2025\/03\/CH-902.jpg\" \/>\n\t<meta property=\"og:image:width\" content=\"600\" \/>\n\t<meta property=\"og:image:height\" content=\"600\" \/>\n\t<meta property=\"og:image:type\" content=\"image\/jpeg\" \/>\n<meta name=\"twitter:card\" content=\"summary_large_image\" \/>\n<meta name=\"twitter:label1\" content=\"Dur\u00e9e de lecture estim\u00e9e\" \/>\n\t<meta name=\"twitter:data1\" content=\"1 minute\" \/>\n<script type=\"application\/ld+json\" class=\"yoast-schema-graph\">{\"@context\":\"https:\\\/\\\/schema.org\",\"@graph\":[{\"@type\":\"WebPage\",\"@id\":\"https:\\\/\\\/changhongchemical.com\\\/product\\\/ch-902\\\/\",\"url\":\"https:\\\/\\\/changhongchemical.com\\\/product\\\/ch-902\\\/\",\"name\":\"China CHLUMOFIUOR\u00ae CH-902 Waterborne FEVE Fluorosilicone Resin Manufacturer - Changhong Chemical\",\"isPartOf\":{\"@id\":\"https:\\\/\\\/changhongchemical.com\\\/#website\"},\"primaryImageOfPage\":{\"@id\":\"https:\\\/\\\/changhongchemical.com\\\/product\\\/ch-902\\\/#primaryimage\"},\"image\":{\"@id\":\"https:\\\/\\\/changhongchemical.com\\\/product\\\/ch-902\\\/#primaryimage\"},\"thumbnailUrl\":\"https:\\\/\\\/changhongchemical.com\\\/wp-content\\\/uploads\\\/2025\\\/03\\\/CH-902.jpg\",\"datePublished\":\"2025-03-24T03:40:45+00:00\",\"dateModified\":\"2025-05-12T02:59:20+00:00\",\"description\":\"CH-902 waterborne FEVE type fluorosilicone resin is the product of copolymerization of fluorine-containing monomers and silicone monomers, and is produced...\",\"breadcrumb\":{\"@id\":\"https:\\\/\\\/changhongchemical.com\\\/product\\\/ch-902\\\/#breadcrumb\"},\"inLanguage\":\"fr-FR\",\"potentialAction\":[{\"@type\":\"ReadAction\",\"target\":[\"https:\\\/\\\/changhongchemical.com\\\/product\\\/ch-902\\\/\"]}]},{\"@type\":\"ImageObject\",\"inLanguage\":\"fr-FR\",\"@id\":\"https:\\\/\\\/changhongchemical.com\\\/product\\\/ch-902\\\/#primaryimage\",\"url\":\"https:\\\/\\\/changhongchemical.com\\\/wp-content\\\/uploads\\\/2025\\\/03\\\/CH-902.jpg\",\"contentUrl\":\"https:\\\/\\\/changhongchemical.com\\\/wp-content\\\/uploads\\\/2025\\\/03\\\/CH-902.jpg\",\"width\":600,\"height\":600},{\"@type\":\"BreadcrumbList\",\"@id\":\"https:\\\/\\\/changhongchemical.com\\\/product\\\/ch-902\\\/#breadcrumb\",\"itemListElement\":[{\"@type\":\"ListItem\",\"position\":1,\"name\":\"Home\",\"item\":\"https:\\\/\\\/changhongchemical.com\\\/\"},{\"@type\":\"ListItem\",\"position\":2,\"name\":\"Products Changhong\",\"item\":\"https:\\\/\\\/changhongchemical.com\\\/product\\\/\"},{\"@type\":\"ListItem\",\"position\":3,\"name\":\"CHLUMOFIUOR\u00ae CH-902 Waterborne FEVE Fluorosilicone Resin\"}]},{\"@type\":\"WebSite\",\"@id\":\"https:\\\/\\\/changhongchemical.com\\\/#website\",\"url\":\"https:\\\/\\\/changhongchemical.com\\\/\",\"name\":\"Changhong Chemical\",\"description\":\"China chemical manufacturer \uff06 supplier\",\"publisher\":{\"@id\":\"https:\\\/\\\/changhongchemical.com\\\/#organization\"},\"potentialAction\":[{\"@type\":\"SearchAction\",\"target\":{\"@type\":\"EntryPoint\",\"urlTemplate\":\"https:\\\/\\\/changhongchemical.com\\\/?s={search_term_string}\"},\"query-input\":{\"@type\":\"PropertyValueSpecification\",\"valueRequired\":true,\"valueName\":\"search_term_string\"}}],\"inLanguage\":\"fr-FR\"},{\"@type\":\"Organization\",\"@id\":\"https:\\\/\\\/changhongchemical.com\\\/#organization\",\"name\":\"Changhong Chemical\",\"url\":\"https:\\\/\\\/changhongchemical.com\\\/\",\"logo\":{\"@type\":\"ImageObject\",\"inLanguage\":\"fr-FR\",\"@id\":\"https:\\\/\\\/changhongchemical.com\\\/#\\\/schema\\\/logo\\\/image\\\/\",\"url\":\"https:\\\/\\\/changhongchemical.com\\\/wp-content\\\/uploads\\\/2020\\\/08\\\/cropped-longchang-logo.png\",\"contentUrl\":\"https:\\\/\\\/changhongchemical.com\\\/wp-content\\\/uploads\\\/2020\\\/08\\\/cropped-longchang-logo.png\",\"width\":512,\"height\":512,\"caption\":\"Changhong Chemical\"},\"image\":{\"@id\":\"https:\\\/\\\/changhongchemical.com\\\/#\\\/schema\\\/logo\\\/image\\\/\"}}]}<\/script>\n<!-- \/ Yoast SEO plugin. -->","yoast_head_json":{"title":"CHLUMOFIUOR\u00ae CH-902 R\u00e9sine Fluorosilicone FEVE en phase aqueuse - Changhong Chemical","description":"CH-902 waterborne FEVE type fluorosilicone resin is the product of copolymerization of fluorine-containing monomers and silicone monomers, and is produced...","robots":{"index":"index","follow":"follow","max-snippet":"max-snippet:-1","max-image-preview":"max-image-preview:large","max-video-preview":"max-video-preview:-1"},"canonical":"https:\/\/changhongchemical.com\/fr\/product\/ch-902\/","og_locale":"fr_FR","og_type":"article","og_title":"China CHLUMOFIUOR\u00ae CH-902 Waterborne FEVE Fluorosilicone Resin Manufacturer - Changhong Chemical","og_description":"CH-902 waterborne FEVE type fluorosilicone resin is the product of copolymerization of fluorine-containing monomers and silicone monomers, and is produced...","og_url":"https:\/\/changhongchemical.com\/fr\/product\/ch-902\/","og_site_name":"Changhong Chemical","article_modified_time":"2025-05-12T02:59:20+00:00","og_image":[{"width":600,"height":600,"url":"https:\/\/changhongchemical.com\/wp-content\/uploads\/2025\/03\/CH-902.jpg","type":"image\/jpeg"}],"twitter_card":"summary_large_image","twitter_misc":{"Dur\u00e9e de lecture estim\u00e9e":"1 minute"},"schema":{"@context":"https:\/\/schema.org","@graph":[{"@type":"WebPage","@id":"https:\/\/changhongchemical.com\/product\/ch-902\/","url":"https:\/\/changhongchemical.com\/product\/ch-902\/","name":"CHLUMOFIUOR\u00ae CH-902 R\u00e9sine Fluorosilicone FEVE en phase aqueuse - Changhong Chemical","isPartOf":{"@id":"https:\/\/changhongchemical.com\/#website"},"primaryImageOfPage":{"@id":"https:\/\/changhongchemical.com\/product\/ch-902\/#primaryimage"},"image":{"@id":"https:\/\/changhongchemical.com\/product\/ch-902\/#primaryimage"},"thumbnailUrl":"https:\/\/changhongchemical.com\/wp-content\/uploads\/2025\/03\/CH-902.jpg","datePublished":"2025-03-24T03:40:45+00:00","dateModified":"2025-05-12T02:59:20+00:00","description":"CH-902 waterborne FEVE type fluorosilicone resin is the product of copolymerization of fluorine-containing monomers and silicone monomers, and is produced...","breadcrumb":{"@id":"https:\/\/changhongchemical.com\/product\/ch-902\/#breadcrumb"},"inLanguage":"fr-FR","potentialAction":[{"@type":"ReadAction","target":["https:\/\/changhongchemical.com\/product\/ch-902\/"]}]},{"@type":"ImageObject","inLanguage":"fr-FR","@id":"https:\/\/changhongchemical.com\/product\/ch-902\/#primaryimage","url":"https:\/\/changhongchemical.com\/wp-content\/uploads\/2025\/03\/CH-902.jpg","contentUrl":"https:\/\/changhongchemical.com\/wp-content\/uploads\/2025\/03\/CH-902.jpg","width":600,"height":600},{"@type":"BreadcrumbList","@id":"https:\/\/changhongchemical.com\/product\/ch-902\/#breadcrumb","itemListElement":[{"@type":"ListItem","position":1,"name":"Home","item":"https:\/\/changhongchemical.com\/"},{"@type":"ListItem","position":2,"name":"Products Changhong","item":"https:\/\/changhongchemical.com\/product\/"},{"@type":"ListItem","position":3,"name":"CHLUMOFIUOR\u00ae CH-902 Waterborne FEVE Fluorosilicone Resin"}]},{"@type":"WebSite","@id":"https:\/\/changhongchemical.com\/#website","url":"https:\/\/changhongchemical.com\/","name":"Changhong Chemical","description":"Fabricant chinois de produits chimiques \uff06 fournisseur","publisher":{"@id":"https:\/\/changhongchemical.com\/#organization"},"potentialAction":[{"@type":"SearchAction","target":{"@type":"EntryPoint","urlTemplate":"https:\/\/changhongchemical.com\/?s={search_term_string}"},"query-input":{"@type":"PropertyValueSpecification","valueRequired":true,"valueName":"search_term_string"}}],"inLanguage":"fr-FR"},{"@type":"Organization","@id":"https:\/\/changhongchemical.com\/#organization","name":"Changhong Chemical","url":"https:\/\/changhongchemical.com\/","logo":{"@type":"ImageObject","inLanguage":"fr-FR","@id":"https:\/\/changhongchemical.com\/#\/schema\/logo\/image\/","url":"https:\/\/changhongchemical.com\/wp-content\/uploads\/2020\/08\/cropped-longchang-logo.png","contentUrl":"https:\/\/changhongchemical.com\/wp-content\/uploads\/2020\/08\/cropped-longchang-logo.png","width":512,"height":512,"caption":"Changhong Chemical"},"image":{"@id":"https:\/\/changhongchemical.com\/#\/schema\/logo\/image\/"}}]}},"_links":{"self":[{"href":"https:\/\/changhongchemical.com\/fr\/wp-json\/wp\/v2\/product\/8182","targetHints":{"allow":["GET"]}}],"collection":[{"href":"https:\/\/changhongchemical.com\/fr\/wp-json\/wp\/v2\/product"}],"about":[{"href":"https:\/\/changhongchemical.com\/fr\/wp-json\/wp\/v2\/types\/product"}],"replies":[{"embeddable":true,"href":"https:\/\/changhongchemical.com\/fr\/wp-json\/wp\/v2\/comments?post=8182"}],"wp:featuredmedia":[{"embeddable":true,"href":"https:\/\/changhongchemical.com\/fr\/wp-json\/wp\/v2\/media\/8183"}],"wp:attachment":[{"href":"https:\/\/changhongchemical.com\/fr\/wp-json\/wp\/v2\/media?parent=8182"}],"wp:term":[{"taxonomy":"product_brand","embeddable":true,"href":"https:\/\/changhongchemical.com\/fr\/wp-json\/wp\/v2\/product_brand?post=8182"},{"taxonomy":"product_cat","embeddable":true,"href":"https:\/\/changhongchemical.com\/fr\/wp-json\/wp\/v2\/product_cat?post=8182"},{"taxonomy":"product_tag","embeddable":true,"href":"https:\/\/changhongchemical.com\/fr\/wp-json\/wp\/v2\/product_tag?post=8182"}],"curies":[{"name":"wp","href":"https:\/\/api.w.org\/{rel}","templated":true}]}}