{"id":8175,"date":"2025-03-24T03:28:17","date_gmt":"2025-03-24T03:28:17","guid":{"rendered":"https:\/\/changhongchemical.com\/?post_type=product&#038;p=8175"},"modified":"2025-05-12T02:59:26","modified_gmt":"2025-05-12T02:59:26","slug":"ch-901-solvent-based-fluorosilicone-resin","status":"publish","type":"product","link":"https:\/\/changhongchemical.com\/fr\/product\/ch-901-solvent-based-fluorosilicone-resin\/","title":{"rendered":"CHLUMOFIUOR\u00ae CH-901 R\u00e9sine fluorosilicone \u00e0 base de solvant"},"content":{"rendered":"<p>Indice de performance :<br \/>\nAspect : liquide jaune clair<br \/>\nTeneur en fluor (%) : 24\u00b11<br \/>\nTeneur en mati\u00e8res solides (%) : \u226550<br \/>\nTemp\u00e9rature de transition vitreuse (\u00b0C) : 35\u00b11<br \/>\nViscosit\u00e9 (S) : 90\uff5e180 (23\u00b12\u00b0C, gobelets enduits-4)<br \/>\nDensit\u00e9 (g\/mL) : 1,1\u00b10,05@20\u00b0C<br \/>\nIndice d'hydroxyle (mgKOH\/g) : 23\u00b13<br \/>\nIndice d'acidit\u00e9 (mgKOH\/g) : 3\u00b11<\/p>\n<p>Caract\u00e9ristiques du produit.<br \/>\nExcellente r\u00e9sistance aux intemp\u00e9ries, anticorrosion, haut pouvoir d\u00e9coratif, forte hydrophobie, fort pouvoir autonettoyant.<br \/>\nDomaines d'application : principalement utilis\u00e9 dans les rev\u00eatements autonettoyants \u00e0 haute performance.<br \/>\nPrincipalement utilis\u00e9 dans les rev\u00eatements autonettoyants \u00e0 haute performance<br \/>\nEmballage et stockage.<br \/>\nLa sp\u00e9cification d'emballage est de 200Kg\/tambour. Le produit doit \u00eatre stock\u00e9 dans des r\u00e9cipients ferm\u00e9s, dans un endroit frais et sec, en \u00e9vitant tout contact avec l'eau et la vapeur. La dur\u00e9e de conservation est d'un an.<\/p>\n<p>Autre nom :<\/p>\n<p>R\u00e9sine fluorosilicone en phase solvant<\/p>\n<p>R\u00e9sine fluorosilicone, \u00e0 base de solvant<\/p>\n<p>R\u00e9sine fluorosilicone de type solvant<\/p>\n<p>Syst\u00e8me \u00e0 base de solvant de r\u00e9sine fluorosilicone<\/p>\n<h2><strong><b>Contactez-nous d\u00e8s maintenant !<\/b><\/strong><\/h2>\n<h4><strong><b>Si vous avez besoin de Price, veuillez indiquer vos coordonn\u00e9es dans le formulaire ci-dessous. Nous vous contacterons g\u00e9n\u00e9ralement dans les 24 heures. Vous pouvez \u00e9galement m'envoyer un courriel\u00a0<span style=\"color: #00ccff;\"><a style=\"color: #00ccff;\" href=\"mailto:info@changhongchemical.com\">info@changhongchemical.com<\/a><\/span>\u00a0pendant les heures de travail ( 8:30 am to 6:00 pm UTC+8 Mon.~Sat. ) ou utilisez le chat en direct du site web pour obtenir une r\u00e9ponse rapide.<\/b><\/strong><\/h4>","protected":false},"excerpt":{"rendered":"<p>La r\u00e9sine fluorosilicone CH-901 \u00e0 base de solvant est un produit de copolym\u00e9risation du chlorure de trifluoro\u00e9thyl\u00e8ne avec l'ester vinylique et d'autres monom\u00e8res fonctionnels, qui peut \u00eatre durci en un film \u00e0 temp\u00e9rature ambiante, et peut \u00e9galement \u00eatre transform\u00e9 en peinture au four fluorocarbon\u00e9e par cuisson \u00e0 temp\u00e9rature moyenne. Il pr\u00e9sente une excellente durabilit\u00e9 aux intemp\u00e9ries, une r\u00e9sistance \u00e0 la corrosion, une r\u00e9sistance chimique, un fort pouvoir autonettoyant, une forte hydrophobie, des propri\u00e9t\u00e9s d\u00e9coratives \u00e9lev\u00e9es, et convient particuli\u00e8rement \u00e0 la production de rev\u00eatements industriels et architecturaux ultra-durables aux intemp\u00e9ries.<\/p>","protected":false},"featured_media":8176,"comment_status":"closed","ping_status":"closed","template":"","meta":[],"product_brand":[],"product_cat":[186],"product_tag":[],"class_list":{"0":"post-8175","1":"product","2":"type-product","3":"status-publish","4":"has-post-thumbnail","6":"product_cat-fluorocarbon-resin","8":"first","9":"instock","10":"shipping-taxable","11":"product-type-simple"},"yoast_head":"<!-- This site is optimized with the Yoast SEO plugin v27.4 - https:\/\/yoast.com\/product\/yoast-seo-wordpress\/ -->\n<title>China CHLUMOFIUOR\u00ae CH-901 Solvent-based Fluorosilicone Resin Manufacturer - Changhong Chemical<\/title>\n<meta name=\"description\" content=\"CH-901 solvent-based fluorosilicone resin is a product of copolymerization of trifluoroethylene chloride with vinyl ester and other functional monomers...\" \/>\n<meta name=\"robots\" content=\"index, follow, max-snippet:-1, max-image-preview:large, max-video-preview:-1\" \/>\n<link rel=\"canonical\" href=\"https:\/\/changhongchemical.com\/fr\/product\/ch-901-solvent-based-fluorosilicone-resin\/\" \/>\n<meta property=\"og:locale\" content=\"fr_FR\" \/>\n<meta property=\"og:type\" content=\"article\" \/>\n<meta property=\"og:title\" content=\"China CHLUMOFIUOR\u00ae CH-901 Solvent-based Fluorosilicone Resin Manufacturer - Changhong Chemical\" \/>\n<meta property=\"og:description\" content=\"CH-901 solvent-based fluorosilicone resin is a product of copolymerization of trifluoroethylene chloride with vinyl ester and other functional monomers...\" \/>\n<meta property=\"og:url\" content=\"https:\/\/changhongchemical.com\/fr\/product\/ch-901-solvent-based-fluorosilicone-resin\/\" \/>\n<meta property=\"og:site_name\" content=\"Changhong Chemical\" \/>\n<meta property=\"article:modified_time\" content=\"2025-05-12T02:59:26+00:00\" \/>\n<meta property=\"og:image\" content=\"https:\/\/changhongchemical.com\/wp-content\/uploads\/2025\/03\/ch-901.jpg\" \/>\n\t<meta property=\"og:image:width\" content=\"600\" \/>\n\t<meta property=\"og:image:height\" content=\"600\" \/>\n\t<meta property=\"og:image:type\" content=\"image\/jpeg\" \/>\n<meta name=\"twitter:card\" content=\"summary_large_image\" \/>\n<meta name=\"twitter:label1\" content=\"Dur\u00e9e de lecture estim\u00e9e\" \/>\n\t<meta name=\"twitter:data1\" content=\"1 minute\" \/>\n<script type=\"application\/ld+json\" class=\"yoast-schema-graph\">{\"@context\":\"https:\\\/\\\/schema.org\",\"@graph\":[{\"@type\":\"WebPage\",\"@id\":\"https:\\\/\\\/changhongchemical.com\\\/product\\\/ch-901-solvent-based-fluorosilicone-resin\\\/\",\"url\":\"https:\\\/\\\/changhongchemical.com\\\/product\\\/ch-901-solvent-based-fluorosilicone-resin\\\/\",\"name\":\"China CHLUMOFIUOR\u00ae CH-901 Solvent-based Fluorosilicone Resin Manufacturer - Changhong Chemical\",\"isPartOf\":{\"@id\":\"https:\\\/\\\/changhongchemical.com\\\/#website\"},\"primaryImageOfPage\":{\"@id\":\"https:\\\/\\\/changhongchemical.com\\\/product\\\/ch-901-solvent-based-fluorosilicone-resin\\\/#primaryimage\"},\"image\":{\"@id\":\"https:\\\/\\\/changhongchemical.com\\\/product\\\/ch-901-solvent-based-fluorosilicone-resin\\\/#primaryimage\"},\"thumbnailUrl\":\"https:\\\/\\\/changhongchemical.com\\\/wp-content\\\/uploads\\\/2025\\\/03\\\/ch-901.jpg\",\"datePublished\":\"2025-03-24T03:28:17+00:00\",\"dateModified\":\"2025-05-12T02:59:26+00:00\",\"description\":\"CH-901 solvent-based fluorosilicone resin is a product of copolymerization of trifluoroethylene chloride with vinyl ester and other functional monomers...\",\"breadcrumb\":{\"@id\":\"https:\\\/\\\/changhongchemical.com\\\/product\\\/ch-901-solvent-based-fluorosilicone-resin\\\/#breadcrumb\"},\"inLanguage\":\"fr-FR\",\"potentialAction\":[{\"@type\":\"ReadAction\",\"target\":[\"https:\\\/\\\/changhongchemical.com\\\/product\\\/ch-901-solvent-based-fluorosilicone-resin\\\/\"]}]},{\"@type\":\"ImageObject\",\"inLanguage\":\"fr-FR\",\"@id\":\"https:\\\/\\\/changhongchemical.com\\\/product\\\/ch-901-solvent-based-fluorosilicone-resin\\\/#primaryimage\",\"url\":\"https:\\\/\\\/changhongchemical.com\\\/wp-content\\\/uploads\\\/2025\\\/03\\\/ch-901.jpg\",\"contentUrl\":\"https:\\\/\\\/changhongchemical.com\\\/wp-content\\\/uploads\\\/2025\\\/03\\\/ch-901.jpg\",\"width\":600,\"height\":600},{\"@type\":\"BreadcrumbList\",\"@id\":\"https:\\\/\\\/changhongchemical.com\\\/product\\\/ch-901-solvent-based-fluorosilicone-resin\\\/#breadcrumb\",\"itemListElement\":[{\"@type\":\"ListItem\",\"position\":1,\"name\":\"Home\",\"item\":\"https:\\\/\\\/changhongchemical.com\\\/\"},{\"@type\":\"ListItem\",\"position\":2,\"name\":\"Products Changhong\",\"item\":\"https:\\\/\\\/changhongchemical.com\\\/product\\\/\"},{\"@type\":\"ListItem\",\"position\":3,\"name\":\"CHLUMOFIUOR\u00ae CH-901 Solvent-based Fluorosilicone Resin\"}]},{\"@type\":\"WebSite\",\"@id\":\"https:\\\/\\\/changhongchemical.com\\\/#website\",\"url\":\"https:\\\/\\\/changhongchemical.com\\\/\",\"name\":\"Changhong Chemical\",\"description\":\"China chemical manufacturer \uff06 supplier\",\"publisher\":{\"@id\":\"https:\\\/\\\/changhongchemical.com\\\/#organization\"},\"potentialAction\":[{\"@type\":\"SearchAction\",\"target\":{\"@type\":\"EntryPoint\",\"urlTemplate\":\"https:\\\/\\\/changhongchemical.com\\\/?s={search_term_string}\"},\"query-input\":{\"@type\":\"PropertyValueSpecification\",\"valueRequired\":true,\"valueName\":\"search_term_string\"}}],\"inLanguage\":\"fr-FR\"},{\"@type\":\"Organization\",\"@id\":\"https:\\\/\\\/changhongchemical.com\\\/#organization\",\"name\":\"Changhong Chemical\",\"url\":\"https:\\\/\\\/changhongchemical.com\\\/\",\"logo\":{\"@type\":\"ImageObject\",\"inLanguage\":\"fr-FR\",\"@id\":\"https:\\\/\\\/changhongchemical.com\\\/#\\\/schema\\\/logo\\\/image\\\/\",\"url\":\"https:\\\/\\\/changhongchemical.com\\\/wp-content\\\/uploads\\\/2020\\\/08\\\/cropped-longchang-logo.png\",\"contentUrl\":\"https:\\\/\\\/changhongchemical.com\\\/wp-content\\\/uploads\\\/2020\\\/08\\\/cropped-longchang-logo.png\",\"width\":512,\"height\":512,\"caption\":\"Changhong Chemical\"},\"image\":{\"@id\":\"https:\\\/\\\/changhongchemical.com\\\/#\\\/schema\\\/logo\\\/image\\\/\"}}]}<\/script>\n<!-- \/ Yoast SEO plugin. -->","yoast_head_json":{"title":"CHLUMOFIUOR\u00ae CH-901 R\u00e9sine fluorosilicone \u00e0 base de solvant, Chine - Changhong Chemical","description":"CH-901 solvent-based fluorosilicone resin is a product of copolymerization of trifluoroethylene chloride with vinyl ester and other functional monomers...","robots":{"index":"index","follow":"follow","max-snippet":"max-snippet:-1","max-image-preview":"max-image-preview:large","max-video-preview":"max-video-preview:-1"},"canonical":"https:\/\/changhongchemical.com\/fr\/product\/ch-901-solvent-based-fluorosilicone-resin\/","og_locale":"fr_FR","og_type":"article","og_title":"China CHLUMOFIUOR\u00ae CH-901 Solvent-based Fluorosilicone Resin Manufacturer - Changhong Chemical","og_description":"CH-901 solvent-based fluorosilicone resin is a product of copolymerization of trifluoroethylene chloride with vinyl ester and other functional monomers...","og_url":"https:\/\/changhongchemical.com\/fr\/product\/ch-901-solvent-based-fluorosilicone-resin\/","og_site_name":"Changhong Chemical","article_modified_time":"2025-05-12T02:59:26+00:00","og_image":[{"width":600,"height":600,"url":"https:\/\/changhongchemical.com\/wp-content\/uploads\/2025\/03\/ch-901.jpg","type":"image\/jpeg"}],"twitter_card":"summary_large_image","twitter_misc":{"Dur\u00e9e de lecture estim\u00e9e":"1 minute"},"schema":{"@context":"https:\/\/schema.org","@graph":[{"@type":"WebPage","@id":"https:\/\/changhongchemical.com\/product\/ch-901-solvent-based-fluorosilicone-resin\/","url":"https:\/\/changhongchemical.com\/product\/ch-901-solvent-based-fluorosilicone-resin\/","name":"CHLUMOFIUOR\u00ae CH-901 R\u00e9sine fluorosilicone \u00e0 base de solvant, Chine - Changhong Chemical","isPartOf":{"@id":"https:\/\/changhongchemical.com\/#website"},"primaryImageOfPage":{"@id":"https:\/\/changhongchemical.com\/product\/ch-901-solvent-based-fluorosilicone-resin\/#primaryimage"},"image":{"@id":"https:\/\/changhongchemical.com\/product\/ch-901-solvent-based-fluorosilicone-resin\/#primaryimage"},"thumbnailUrl":"https:\/\/changhongchemical.com\/wp-content\/uploads\/2025\/03\/ch-901.jpg","datePublished":"2025-03-24T03:28:17+00:00","dateModified":"2025-05-12T02:59:26+00:00","description":"CH-901 solvent-based fluorosilicone resin is a product of copolymerization of trifluoroethylene chloride with vinyl ester and other functional monomers...","breadcrumb":{"@id":"https:\/\/changhongchemical.com\/product\/ch-901-solvent-based-fluorosilicone-resin\/#breadcrumb"},"inLanguage":"fr-FR","potentialAction":[{"@type":"ReadAction","target":["https:\/\/changhongchemical.com\/product\/ch-901-solvent-based-fluorosilicone-resin\/"]}]},{"@type":"ImageObject","inLanguage":"fr-FR","@id":"https:\/\/changhongchemical.com\/product\/ch-901-solvent-based-fluorosilicone-resin\/#primaryimage","url":"https:\/\/changhongchemical.com\/wp-content\/uploads\/2025\/03\/ch-901.jpg","contentUrl":"https:\/\/changhongchemical.com\/wp-content\/uploads\/2025\/03\/ch-901.jpg","width":600,"height":600},{"@type":"BreadcrumbList","@id":"https:\/\/changhongchemical.com\/product\/ch-901-solvent-based-fluorosilicone-resin\/#breadcrumb","itemListElement":[{"@type":"ListItem","position":1,"name":"Home","item":"https:\/\/changhongchemical.com\/"},{"@type":"ListItem","position":2,"name":"Products Changhong","item":"https:\/\/changhongchemical.com\/product\/"},{"@type":"ListItem","position":3,"name":"CHLUMOFIUOR\u00ae CH-901 Solvent-based Fluorosilicone Resin"}]},{"@type":"WebSite","@id":"https:\/\/changhongchemical.com\/#website","url":"https:\/\/changhongchemical.com\/","name":"Changhong Chemical","description":"Fabricant chinois de produits chimiques \uff06 fournisseur","publisher":{"@id":"https:\/\/changhongchemical.com\/#organization"},"potentialAction":[{"@type":"SearchAction","target":{"@type":"EntryPoint","urlTemplate":"https:\/\/changhongchemical.com\/?s={search_term_string}"},"query-input":{"@type":"PropertyValueSpecification","valueRequired":true,"valueName":"search_term_string"}}],"inLanguage":"fr-FR"},{"@type":"Organization","@id":"https:\/\/changhongchemical.com\/#organization","name":"Changhong Chemical","url":"https:\/\/changhongchemical.com\/","logo":{"@type":"ImageObject","inLanguage":"fr-FR","@id":"https:\/\/changhongchemical.com\/#\/schema\/logo\/image\/","url":"https:\/\/changhongchemical.com\/wp-content\/uploads\/2020\/08\/cropped-longchang-logo.png","contentUrl":"https:\/\/changhongchemical.com\/wp-content\/uploads\/2020\/08\/cropped-longchang-logo.png","width":512,"height":512,"caption":"Changhong Chemical"},"image":{"@id":"https:\/\/changhongchemical.com\/#\/schema\/logo\/image\/"}}]}},"_links":{"self":[{"href":"https:\/\/changhongchemical.com\/fr\/wp-json\/wp\/v2\/product\/8175","targetHints":{"allow":["GET"]}}],"collection":[{"href":"https:\/\/changhongchemical.com\/fr\/wp-json\/wp\/v2\/product"}],"about":[{"href":"https:\/\/changhongchemical.com\/fr\/wp-json\/wp\/v2\/types\/product"}],"replies":[{"embeddable":true,"href":"https:\/\/changhongchemical.com\/fr\/wp-json\/wp\/v2\/comments?post=8175"}],"wp:featuredmedia":[{"embeddable":true,"href":"https:\/\/changhongchemical.com\/fr\/wp-json\/wp\/v2\/media\/8176"}],"wp:attachment":[{"href":"https:\/\/changhongchemical.com\/fr\/wp-json\/wp\/v2\/media?parent=8175"}],"wp:term":[{"taxonomy":"product_brand","embeddable":true,"href":"https:\/\/changhongchemical.com\/fr\/wp-json\/wp\/v2\/product_brand?post=8175"},{"taxonomy":"product_cat","embeddable":true,"href":"https:\/\/changhongchemical.com\/fr\/wp-json\/wp\/v2\/product_cat?post=8175"},{"taxonomy":"product_tag","embeddable":true,"href":"https:\/\/changhongchemical.com\/fr\/wp-json\/wp\/v2\/product_tag?post=8175"}],"curies":[{"name":"wp","href":"https:\/\/api.w.org\/{rel}","templated":true}]}}