{"id":6059,"date":"2023-04-30T12:57:39","date_gmt":"2023-04-30T12:57:39","guid":{"rendered":"https:\/\/changhongchemical.com\/?post_type=product&#038;p=6059"},"modified":"2026-04-24T01:40:47","modified_gmt":"2026-04-24T01:40:47","slug":"lcsorb-uv-928-cas-73936-91-1","status":"publish","type":"product","link":"https:\/\/changhongchemical.com\/fr\/product\/lcsorb-uv-928-cas-73936-91-1\/","title":{"rendered":"CHLUMIUV\u00ae UV-928 CAS 73936-91-1"},"content":{"rendered":"<h1><strong>UV-928 CAS 73936-91-1<\/strong><\/h1>\n<table style=\"border-collapse: collapse; width: 265.52pt;\" border=\"0\" width=\"354\" cellspacing=\"0\" cellpadding=\"0\">\n<tbody>\n<tr style=\"height: 13.50pt;\">\n<td class=\"et2\" style=\"height: 13.50pt; width: 125.25pt;\" width=\"167\" height=\"18\">Apparence<\/td>\n<td class=\"et2\" style=\"width: 140.25pt;\" width=\"187\">cristal jaune clair<\/td>\n<\/tr>\n<tr style=\"height: 13.50pt;\">\n<td class=\"et2\" style=\"height: 13.50pt;\" height=\"18\">Contenu<\/td>\n<td class=\"et2\">\u226598%<\/td>\n<\/tr>\n<tr style=\"height: 13.50pt;\">\n<td class=\"et2\" style=\"height: 13.50pt;\" height=\"18\">Point de fusion<\/td>\n<td class=\"et2\">108-112\u00b0C<\/td>\n<\/tr>\n<tr style=\"height: 13.50pt;\">\n<td class=\"et2\" style=\"height: 13.50pt;\" height=\"18\">Mati\u00e8res volatiles<\/td>\n<td class=\"et2\">\u2264 0,3%<\/td>\n<\/tr>\n<tr style=\"height: 13.50pt;\">\n<td class=\"et2\" style=\"height: 13.50pt;\" height=\"18\">Fr\u00eane<\/td>\n<td class=\"et2\">\u2264 0,1%<\/td>\n<\/tr>\n<tr style=\"height: 13.50pt;\">\n<td class=\"et3\" style=\"height: 27.00pt;\" rowspan=\"2\" height=\"36\">Transmission de la lumi\u00e8re :<\/td>\n<td class=\"et2\">460nm : \u2265 97%<\/td>\n<\/tr>\n<tr style=\"height: 13.50pt;\">\n<td class=\"et2\">500nm : \u226598%<\/td>\n<\/tr>\n<\/tbody>\n<\/table>\n<h2><strong>UV-928 Utilisation<\/strong><\/h2>\n<p>1. Absorbeur d'UV L'UV-928 est un absorbeur d'UV \u00e0 base de benzotriazole, capable d'absorber la lumi\u00e8re UV de 270 \u00e0 380 nm, avec des pics d'absorption de 303 nm et 343 nm. Il pr\u00e9sente une bonne compatibilit\u00e9, une faible volatilit\u00e9, une bonne dispersibilit\u00e9, une faible migration, une bonne stabilit\u00e9 thermique et une grande efficacit\u00e9 d'absorption. Il convient aux syst\u00e8mes de durcissement \u00e0 haute temp\u00e9rature, aux rev\u00eatements en poudre, aux rev\u00eatements de bobines d'acier et, en particulier, au rev\u00eatement de surface des rev\u00eatements. Combin\u00e9 aux stabilisateurs de lumi\u00e8re UV292 et UV123, il peut am\u00e9liorer de mani\u00e8re significative la durabilit\u00e9 du rev\u00eatement et inhiber la perte de lumi\u00e8re, la d\u00e9coloration, la fissuration et la d\u00e9lamination du rev\u00eatement. Le dosage g\u00e9n\u00e9ral est de 1,0-3,0%.<\/p>\n<p>2. Applicable \u00e0 : Absorbeur d'UV pour les rev\u00eatements \u00e0 haute performance. Avec une large gamme de propri\u00e9t\u00e9s d'absorption, il peut prot\u00e9ger efficacement les rev\u00eatements et autres mat\u00e9riaux photosensibles. Il pr\u00e9sente \u00e9galement une solubilit\u00e9 \u00e9lev\u00e9e, une r\u00e9sistance aux temp\u00e9ratures \u00e9lev\u00e9es et une bonne durabilit\u00e9 environnementale. Il convient particuli\u00e8rement aux syst\u00e8mes de durcissement \u00e0 haute temp\u00e9rature, tels que les rev\u00eatements en poudre, les rev\u00eatements en acier en bobine, etc.<\/p>\n<h2><strong>Contactez-nous d\u00e8s maintenant !<\/strong><\/h2>\n<p><strong>Si vous avez besoin de COA, MSDS ou TDS de <span style=\"color: #00ccff;\"><a style=\"color: #00ccff;\" href=\"https:\/\/changhongchemical.com\/product-category\/lcsorb-uv-absorber\/\">Absorbeur d'UV lcsorb<\/a><\/span>Si vous avez besoin d'aide, veuillez indiquer vos coordonn\u00e9es dans le formulaire ci-dessous. Nous vous contacterons g\u00e9n\u00e9ralement dans les 24 heures. Vous pouvez \u00e9galement m'envoyer un courriel <span style=\"color: #00ccff;\"><a style=\"color: #00ccff;\" href=\"mailto:info@changhongchemical.com\">info@changhongchemical.com<\/a> <\/span>pendant les heures de travail ( 8:30 am to 6:00 pm UTC+8 Mon.~Sat. ) ou utilisez le chat en direct du site web pour obtenir une r\u00e9ponse rapide.<\/strong><\/p>","protected":false},"excerpt":{"rendered":"<p>UV-928 CAS 73936-91-1 Appearance light yellow crystal Content \u226598% Melting point 108-112\u00b0C Volatile matter \u2264 0.3% Ash \u2264 0.1% Light transmittance: 460nm: \u2265 97% 500nm: \u226598% UV-928 Usage 1. UV absorber UV-928 is a benzotriazole UV absorber, capable&#8230;<\/p>","protected":false},"featured_media":7951,"comment_status":"closed","ping_status":"closed","template":"","meta":[],"product_brand":[],"product_cat":[139],"product_tag":[],"class_list":{"0":"post-6059","1":"product","2":"type-product","3":"status-publish","4":"has-post-thumbnail","6":"product_cat-uv-absorber","8":"first","9":"instock","10":"shipping-taxable","11":"product-type-simple"},"yoast_head":"<!-- This site is optimized with the Yoast SEO plugin v27.4 - https:\/\/yoast.com\/product\/yoast-seo-wordpress\/ -->\n<title>China CHLUMIUV\u00ae UV-928 CAS 73936-91-1 Manufacturer - Changhong Chemical<\/title>\n<meta name=\"description\" content=\"UV-928 CAS 73936-91-1 Appearance light yellow crystal Content \u226598% Melting point 108-112\u00b0C Volatile matter \u2264 0.3% Ash \u2264 0.1% Light transmittance: 460nm: \u2265...\" \/>\n<meta name=\"robots\" content=\"index, follow, max-snippet:-1, max-image-preview:large, max-video-preview:-1\" \/>\n<link rel=\"canonical\" href=\"https:\/\/changhongchemical.com\/fr\/product\/lcsorb-uv-928-cas-73936-91-1\/\" \/>\n<meta property=\"og:locale\" content=\"fr_FR\" \/>\n<meta property=\"og:type\" content=\"article\" \/>\n<meta property=\"og:title\" content=\"China CHLUMIUV\u00ae UV-928 CAS 73936-91-1 Manufacturer - Changhong Chemical\" \/>\n<meta property=\"og:description\" content=\"UV-928 CAS 73936-91-1 Appearance light yellow crystal Content \u226598% Melting point 108-112\u00b0C Volatile matter \u2264 0.3% Ash \u2264 0.1% Light transmittance: 460nm: \u2265...\" \/>\n<meta property=\"og:url\" content=\"https:\/\/changhongchemical.com\/fr\/product\/lcsorb-uv-928-cas-73936-91-1\/\" \/>\n<meta property=\"og:site_name\" content=\"Changhong Chemical\" \/>\n<meta property=\"article:modified_time\" content=\"2026-04-24T01:40:47+00:00\" \/>\n<meta property=\"og:image\" content=\"https:\/\/changhongchemical.com\/wp-content\/uploads\/2023\/04\/73936-91-1.jpg\" \/>\n\t<meta property=\"og:image:width\" content=\"600\" \/>\n\t<meta property=\"og:image:height\" content=\"600\" \/>\n\t<meta property=\"og:image:type\" content=\"image\/jpeg\" \/>\n<meta name=\"twitter:card\" content=\"summary_large_image\" \/>\n<meta name=\"twitter:label1\" content=\"Dur\u00e9e de lecture estim\u00e9e\" \/>\n\t<meta name=\"twitter:data1\" content=\"2 minutes\" \/>\n<script type=\"application\/ld+json\" class=\"yoast-schema-graph\">{\"@context\":\"https:\\\/\\\/schema.org\",\"@graph\":[{\"@type\":\"WebPage\",\"@id\":\"https:\\\/\\\/changhongchemical.com\\\/product\\\/lcsorb-uv-928-cas-73936-91-1\\\/\",\"url\":\"https:\\\/\\\/changhongchemical.com\\\/product\\\/lcsorb-uv-928-cas-73936-91-1\\\/\",\"name\":\"China CHLUMIUV\u00ae UV-928 CAS 73936-91-1 Manufacturer - Changhong Chemical\",\"isPartOf\":{\"@id\":\"https:\\\/\\\/changhongchemical.com\\\/#website\"},\"primaryImageOfPage\":{\"@id\":\"https:\\\/\\\/changhongchemical.com\\\/product\\\/lcsorb-uv-928-cas-73936-91-1\\\/#primaryimage\"},\"image\":{\"@id\":\"https:\\\/\\\/changhongchemical.com\\\/product\\\/lcsorb-uv-928-cas-73936-91-1\\\/#primaryimage\"},\"thumbnailUrl\":\"https:\\\/\\\/changhongchemical.com\\\/wp-content\\\/uploads\\\/2023\\\/04\\\/73936-91-1.jpg\",\"datePublished\":\"2023-04-30T12:57:39+00:00\",\"dateModified\":\"2026-04-24T01:40:47+00:00\",\"description\":\"UV-928 CAS 73936-91-1 Appearance light yellow crystal Content \u226598% Melting point 108-112\u00b0C Volatile matter \u2264 0.3% Ash \u2264 0.1% Light transmittance: 460nm: \u2265...\",\"breadcrumb\":{\"@id\":\"https:\\\/\\\/changhongchemical.com\\\/product\\\/lcsorb-uv-928-cas-73936-91-1\\\/#breadcrumb\"},\"inLanguage\":\"fr-FR\",\"potentialAction\":[{\"@type\":\"ReadAction\",\"target\":[\"https:\\\/\\\/changhongchemical.com\\\/product\\\/lcsorb-uv-928-cas-73936-91-1\\\/\"]}]},{\"@type\":\"ImageObject\",\"inLanguage\":\"fr-FR\",\"@id\":\"https:\\\/\\\/changhongchemical.com\\\/product\\\/lcsorb-uv-928-cas-73936-91-1\\\/#primaryimage\",\"url\":\"https:\\\/\\\/changhongchemical.com\\\/wp-content\\\/uploads\\\/2023\\\/04\\\/73936-91-1.jpg\",\"contentUrl\":\"https:\\\/\\\/changhongchemical.com\\\/wp-content\\\/uploads\\\/2023\\\/04\\\/73936-91-1.jpg\",\"width\":600,\"height\":600},{\"@type\":\"BreadcrumbList\",\"@id\":\"https:\\\/\\\/changhongchemical.com\\\/product\\\/lcsorb-uv-928-cas-73936-91-1\\\/#breadcrumb\",\"itemListElement\":[{\"@type\":\"ListItem\",\"position\":1,\"name\":\"Home\",\"item\":\"https:\\\/\\\/changhongchemical.com\\\/\"},{\"@type\":\"ListItem\",\"position\":2,\"name\":\"Products Changhong\",\"item\":\"https:\\\/\\\/changhongchemical.com\\\/product\\\/\"},{\"@type\":\"ListItem\",\"position\":3,\"name\":\"CHLUMIUV\u00ae UV-928 CAS 73936-91-1\"}]},{\"@type\":\"WebSite\",\"@id\":\"https:\\\/\\\/changhongchemical.com\\\/#website\",\"url\":\"https:\\\/\\\/changhongchemical.com\\\/\",\"name\":\"Changhong Chemical\",\"description\":\"China chemical manufacturer \uff06 supplier\",\"publisher\":{\"@id\":\"https:\\\/\\\/changhongchemical.com\\\/#organization\"},\"potentialAction\":[{\"@type\":\"SearchAction\",\"target\":{\"@type\":\"EntryPoint\",\"urlTemplate\":\"https:\\\/\\\/changhongchemical.com\\\/?s={search_term_string}\"},\"query-input\":{\"@type\":\"PropertyValueSpecification\",\"valueRequired\":true,\"valueName\":\"search_term_string\"}}],\"inLanguage\":\"fr-FR\"},{\"@type\":\"Organization\",\"@id\":\"https:\\\/\\\/changhongchemical.com\\\/#organization\",\"name\":\"Changhong Chemical\",\"url\":\"https:\\\/\\\/changhongchemical.com\\\/\",\"logo\":{\"@type\":\"ImageObject\",\"inLanguage\":\"fr-FR\",\"@id\":\"https:\\\/\\\/changhongchemical.com\\\/#\\\/schema\\\/logo\\\/image\\\/\",\"url\":\"https:\\\/\\\/changhongchemical.com\\\/wp-content\\\/uploads\\\/2020\\\/08\\\/cropped-longchang-logo.png\",\"contentUrl\":\"https:\\\/\\\/changhongchemical.com\\\/wp-content\\\/uploads\\\/2020\\\/08\\\/cropped-longchang-logo.png\",\"width\":512,\"height\":512,\"caption\":\"Changhong Chemical\"},\"image\":{\"@id\":\"https:\\\/\\\/changhongchemical.com\\\/#\\\/schema\\\/logo\\\/image\\\/\"}}]}<\/script>\n<!-- \/ Yoast SEO plugin. -->","yoast_head_json":{"title":"CHLUMIUV\u00ae UV-928 CAS 73936-91-1 fabricant chinois - Changhong Chemical","description":"UV-928 CAS 73936-91-1 Appearance light yellow crystal Content \u226598% Melting point 108-112\u00b0C Volatile matter \u2264 0.3% Ash \u2264 0.1% Light transmittance: 460nm: \u2265...","robots":{"index":"index","follow":"follow","max-snippet":"max-snippet:-1","max-image-preview":"max-image-preview:large","max-video-preview":"max-video-preview:-1"},"canonical":"https:\/\/changhongchemical.com\/fr\/product\/lcsorb-uv-928-cas-73936-91-1\/","og_locale":"fr_FR","og_type":"article","og_title":"China CHLUMIUV\u00ae UV-928 CAS 73936-91-1 Manufacturer - Changhong Chemical","og_description":"UV-928 CAS 73936-91-1 Appearance light yellow crystal Content \u226598% Melting point 108-112\u00b0C Volatile matter \u2264 0.3% Ash \u2264 0.1% Light transmittance: 460nm: \u2265...","og_url":"https:\/\/changhongchemical.com\/fr\/product\/lcsorb-uv-928-cas-73936-91-1\/","og_site_name":"Changhong Chemical","article_modified_time":"2026-04-24T01:40:47+00:00","og_image":[{"width":600,"height":600,"url":"https:\/\/changhongchemical.com\/wp-content\/uploads\/2023\/04\/73936-91-1.jpg","type":"image\/jpeg"}],"twitter_card":"summary_large_image","twitter_misc":{"Dur\u00e9e de lecture estim\u00e9e":"2 minutes"},"schema":{"@context":"https:\/\/schema.org","@graph":[{"@type":"WebPage","@id":"https:\/\/changhongchemical.com\/product\/lcsorb-uv-928-cas-73936-91-1\/","url":"https:\/\/changhongchemical.com\/product\/lcsorb-uv-928-cas-73936-91-1\/","name":"CHLUMIUV\u00ae UV-928 CAS 73936-91-1 fabricant chinois - Changhong Chemical","isPartOf":{"@id":"https:\/\/changhongchemical.com\/#website"},"primaryImageOfPage":{"@id":"https:\/\/changhongchemical.com\/product\/lcsorb-uv-928-cas-73936-91-1\/#primaryimage"},"image":{"@id":"https:\/\/changhongchemical.com\/product\/lcsorb-uv-928-cas-73936-91-1\/#primaryimage"},"thumbnailUrl":"https:\/\/changhongchemical.com\/wp-content\/uploads\/2023\/04\/73936-91-1.jpg","datePublished":"2023-04-30T12:57:39+00:00","dateModified":"2026-04-24T01:40:47+00:00","description":"UV-928 CAS 73936-91-1 Appearance light yellow crystal Content \u226598% Melting point 108-112\u00b0C Volatile matter \u2264 0.3% Ash \u2264 0.1% Light transmittance: 460nm: \u2265...","breadcrumb":{"@id":"https:\/\/changhongchemical.com\/product\/lcsorb-uv-928-cas-73936-91-1\/#breadcrumb"},"inLanguage":"fr-FR","potentialAction":[{"@type":"ReadAction","target":["https:\/\/changhongchemical.com\/product\/lcsorb-uv-928-cas-73936-91-1\/"]}]},{"@type":"ImageObject","inLanguage":"fr-FR","@id":"https:\/\/changhongchemical.com\/product\/lcsorb-uv-928-cas-73936-91-1\/#primaryimage","url":"https:\/\/changhongchemical.com\/wp-content\/uploads\/2023\/04\/73936-91-1.jpg","contentUrl":"https:\/\/changhongchemical.com\/wp-content\/uploads\/2023\/04\/73936-91-1.jpg","width":600,"height":600},{"@type":"BreadcrumbList","@id":"https:\/\/changhongchemical.com\/product\/lcsorb-uv-928-cas-73936-91-1\/#breadcrumb","itemListElement":[{"@type":"ListItem","position":1,"name":"Home","item":"https:\/\/changhongchemical.com\/"},{"@type":"ListItem","position":2,"name":"Products Changhong","item":"https:\/\/changhongchemical.com\/product\/"},{"@type":"ListItem","position":3,"name":"CHLUMIUV\u00ae UV-928 CAS 73936-91-1"}]},{"@type":"WebSite","@id":"https:\/\/changhongchemical.com\/#website","url":"https:\/\/changhongchemical.com\/","name":"Changhong Chemical","description":"Fabricant chinois de produits chimiques \uff06 fournisseur","publisher":{"@id":"https:\/\/changhongchemical.com\/#organization"},"potentialAction":[{"@type":"SearchAction","target":{"@type":"EntryPoint","urlTemplate":"https:\/\/changhongchemical.com\/?s={search_term_string}"},"query-input":{"@type":"PropertyValueSpecification","valueRequired":true,"valueName":"search_term_string"}}],"inLanguage":"fr-FR"},{"@type":"Organization","@id":"https:\/\/changhongchemical.com\/#organization","name":"Changhong Chemical","url":"https:\/\/changhongchemical.com\/","logo":{"@type":"ImageObject","inLanguage":"fr-FR","@id":"https:\/\/changhongchemical.com\/#\/schema\/logo\/image\/","url":"https:\/\/changhongchemical.com\/wp-content\/uploads\/2020\/08\/cropped-longchang-logo.png","contentUrl":"https:\/\/changhongchemical.com\/wp-content\/uploads\/2020\/08\/cropped-longchang-logo.png","width":512,"height":512,"caption":"Changhong Chemical"},"image":{"@id":"https:\/\/changhongchemical.com\/#\/schema\/logo\/image\/"}}]}},"_links":{"self":[{"href":"https:\/\/changhongchemical.com\/fr\/wp-json\/wp\/v2\/product\/6059","targetHints":{"allow":["GET"]}}],"collection":[{"href":"https:\/\/changhongchemical.com\/fr\/wp-json\/wp\/v2\/product"}],"about":[{"href":"https:\/\/changhongchemical.com\/fr\/wp-json\/wp\/v2\/types\/product"}],"replies":[{"embeddable":true,"href":"https:\/\/changhongchemical.com\/fr\/wp-json\/wp\/v2\/comments?post=6059"}],"wp:featuredmedia":[{"embeddable":true,"href":"https:\/\/changhongchemical.com\/fr\/wp-json\/wp\/v2\/media\/7951"}],"wp:attachment":[{"href":"https:\/\/changhongchemical.com\/fr\/wp-json\/wp\/v2\/media?parent=6059"}],"wp:term":[{"taxonomy":"product_brand","embeddable":true,"href":"https:\/\/changhongchemical.com\/fr\/wp-json\/wp\/v2\/product_brand?post=6059"},{"taxonomy":"product_cat","embeddable":true,"href":"https:\/\/changhongchemical.com\/fr\/wp-json\/wp\/v2\/product_cat?post=6059"},{"taxonomy":"product_tag","embeddable":true,"href":"https:\/\/changhongchemical.com\/fr\/wp-json\/wp\/v2\/product_tag?post=6059"}],"curies":[{"name":"wp","href":"https:\/\/api.w.org\/{rel}","templated":true}]}}