{"id":6048,"date":"2023-04-21T08:11:04","date_gmt":"2023-04-21T08:11:04","guid":{"rendered":"https:\/\/changhongchemical.com\/?post_type=product&#038;p=6048"},"modified":"2026-01-08T03:36:50","modified_gmt":"2026-01-08T03:36:50","slug":"lcsorb-uv-3638-cas-18600-59-4","status":"publish","type":"product","link":"https:\/\/changhongchemical.com\/fr\/product\/lcsorb-uv-3638-cas-18600-59-4\/","title":{"rendered":"CHLUMIUV\u00ae UV-3638 CAS 18600-59-4"},"content":{"rendered":"<h1><strong>UV-3638 CAS 18600-59-4<\/strong><\/h1>\n<table style=\"border-collapse: collapse; width: 232.53pt;\" border=\"0\" width=\"310\" cellspacing=\"0\" cellpadding=\"0\">\n<tbody>\n<tr style=\"height: 17.25pt;\">\n<td class=\"et2\" style=\"height: 17.25pt; width: 106.50pt;\" width=\"142\" height=\"23\">Apparence<\/td>\n<td class=\"et3\" style=\"width: 126.00pt;\" width=\"168\">Poudre blanche<\/td>\n<\/tr>\n<tr style=\"height: 17.25pt;\">\n<td class=\"et2\" style=\"height: 17.25pt; width: 106.50pt;\" width=\"142\" height=\"23\">Poids mol\u00e9culaire<\/td>\n<td class=\"et4\" style=\"width: 126.00pt;\" width=\"168\">368.3<\/td>\n<\/tr>\n<tr style=\"height: 17.25pt;\">\n<td class=\"et2\" style=\"height: 17.25pt; width: 106.50pt;\" width=\"142\" height=\"23\">Contenu<\/td>\n<td class=\"et3\" style=\"width: 126.00pt;\" width=\"168\">\u226599.0%<\/td>\n<\/tr>\n<tr style=\"height: 18.00pt;\">\n<td class=\"et2\" style=\"height: 18.00pt; width: 106.50pt;\" width=\"142\" height=\"24\">Point de fusion<\/td>\n<td class=\"et3\" style=\"width: 126.00pt;\" width=\"168\">310-315<span class=\"font0\">\u2103<\/span><\/td>\n<\/tr>\n<tr style=\"height: 17.25pt;\">\n<td class=\"et2\" style=\"height: 17.25pt; width: 106.50pt;\" width=\"142\" height=\"23\">Point d'\u00e9bullition<\/td>\n<td class=\"et3\" style=\"width: 126.00pt;\" width=\"168\">522.8\u00b0C<\/td>\n<\/tr>\n<tr style=\"height: 17.25pt;\">\n<td class=\"et2\" style=\"height: 17.25pt; width: 106.50pt;\" width=\"142\" height=\"23\">Densit\u00e9@20\u00b0C<\/td>\n<td class=\"et3\" style=\"width: 126.00pt;\" width=\"168\">1,41g\/cm3<\/td>\n<\/tr>\n<tr style=\"height: 17.25pt;\">\n<td class=\"et2\" style=\"height: 17.25pt; width: 106.50pt;\" width=\"142\" height=\"23\">Fr\u00eane<\/td>\n<td class=\"et3\" style=\"width: 126.00pt;\" width=\"168\">\u22640.1%<\/td>\n<\/tr>\n<tr style=\"height: 17.25pt;\">\n<td class=\"et2\" style=\"height: 17.25pt; width: 106.50pt;\" width=\"142\" height=\"23\">Volatiles<\/td>\n<td class=\"et3\" style=\"width: 126.00pt;\" width=\"168\">\u22640.3%<\/td>\n<\/tr>\n<tr style=\"height: 17.25pt;\">\n<td class=\"et5\" style=\"height: 34.50pt; width: 106.50pt;\" rowspan=\"2\" width=\"142\" height=\"46\">Transmission de la lumi\u00e8re<\/td>\n<td class=\"et3\" style=\"width: 126.00pt;\" width=\"168\">460 nm\u226596%<\/td>\n<\/tr>\n<tr style=\"height: 17.25pt;\">\n<td class=\"et3\" style=\"width: 126.00pt;\" width=\"168\">500 nm\u226599%<\/td>\n<\/tr>\n<\/tbody>\n<\/table>\n<h2><\/h2>\n<h2>UV-3638 Utilisation<\/h2>\n<p>1. L'UV-3638 est un absorbeur d'UV efficace : il a une tr\u00e8s grande capacit\u00e9 d'absorption des UV, une r\u00e9sistance au traitement \u00e0 haute temp\u00e9rature, une r\u00e9sistance \u00e0 la pression \u00e9lev\u00e9e, une r\u00e9sistance aux acides et aux alcalis, aucune d\u00e9composition, aucune pr\u00e9cipitation, aucune migration, aucun changement d'odeur. Tr\u00e8s faible volatilit\u00e9, forte efficacit\u00e9 d'absorption, plusieurs fois sup\u00e9rieure \u00e0 l'absorption ordinaire des UV, aucun effet sur la couleur du substrat, bonne compatibilit\u00e9 avec la r\u00e9sine, ne participe pas \u00e0 la r\u00e9action du processus de polym\u00e9risation. Particuli\u00e8rement pour les animaux de compagnie et les PC, il pr\u00e9sente une excellente stabilit\u00e9. Principalement utilis\u00e9 dans les fibres pour animaux de compagnie, les films pour animaux de compagnie, les tranches de bouteilles pour animaux de compagnie, pour prot\u00e9ger le contenu des bouteilles pour animaux de compagnie des dommages caus\u00e9s par les UV, les panneaux solaires coextrud\u00e9s en PC.<\/p>\n<p>2. Absorbeur d'UV L'UV-3638 est un absorbeur d'UV \u00e0 base de benzoxazinone capable d'absorber 200 \u00e0 400 nm de lumi\u00e8re UV. La gamme d'absorption couvre les UVA, les UVB et les UVC, avec un pic d'absorption \u00e0 350 nm. L'efficacit\u00e9 d'absorption est plusieurs fois sup\u00e9rieure \u00e0 celle des absorbeurs UV couramment utilis\u00e9s, avec une temp\u00e9rature de perte de chaleur pouvant atteindre 371 degr\u00e9s Celsius. Il pr\u00e9sente une r\u00e9sistance \u00e9lev\u00e9e \u00e0 la temp\u00e9rature, une r\u00e9sistance \u00e0 l'extraction, une faible volatilit\u00e9, une faible migration, une large plage d'absorption et une efficacit\u00e9 d'absorption \u00e9lev\u00e9e, ainsi qu'une capacit\u00e9 \u00e0 retarder le jaunissement des couleurs et \u00e0 bloquer la perte physique. Il convient aux PET, PBT, PAR, PES, PSU, PPO, PPS, PC, PA soumis \u00e0 un traitement \u00e0 haute temp\u00e9rature, en particulier aux films, feuilles et plaques transparents en PET, aux films, feuilles et plaques transparents en PC, aux films optiques, aux lentilles optiques et aux plaques de diffusion de la lumi\u00e8re. Le dosage g\u00e9n\u00e9ral est de 0,1-0,5%.<\/p>\n<p>&nbsp;<\/p>\n<h2><strong>Contactez-nous d\u00e8s maintenant !<\/strong><\/h2>\n<p><strong>Si vous avez besoin de COA, MSDS ou TDS de <span style=\"color: #00ccff;\"><a style=\"color: #00ccff;\" href=\"https:\/\/changhongchemical.com\/product-category\/lcsorb-uv-absorber\/\">Absorbeur d'UV lcsorb<\/a><\/span>Si vous avez besoin d'aide, veuillez indiquer vos coordonn\u00e9es dans le formulaire ci-dessous. Nous vous contacterons g\u00e9n\u00e9ralement dans les 24 heures. Vous pouvez \u00e9galement m'envoyer un courriel <span style=\"color: #00ccff;\"><a style=\"color: #00ccff;\" href=\"mailto:info@changhongchemical.com\">info@changhongchemical.com<\/a> <\/span>pendant les heures de travail ( 8:30 am to 6:00 pm UTC+8 Mon.~Sat. ) ou utilisez le chat en direct du site web pour obtenir une r\u00e9ponse rapide.<\/strong><\/p>","protected":false},"excerpt":{"rendered":"<p>UV-3638 CAS 18600-59-4 Apparence Poudre blanche Poids mol\u00e9culaire 368,3 Contenu \u226599,0% Point de fusion 310-315\u2103 Point d'\u00e9bullition 522,8\u00b0C Densit\u00e9@20\u00b0C 1,41g\/cm3 Cendres \u22640,1% Volatiles \u22640,3% Transmission de la lumi\u00e8re 460 nm\u226596% 500 nm\u226599% UV-3638 Utilisation 1. UV-3638 est un absorbeur UV efficace : il a une tr\u00e8s large absorption des UV, une r\u00e9sistance au traitement \u00e0 haute temp\u00e9rature ; une r\u00e9sistance \u00e0 la haute pression ; une r\u00e9sistance aux acides et aux alcalis [...]<\/p>","protected":false},"featured_media":7954,"comment_status":"closed","ping_status":"closed","template":"","meta":[],"product_brand":[],"product_cat":[139],"product_tag":[],"class_list":{"0":"post-6048","1":"product","2":"type-product","3":"status-publish","4":"has-post-thumbnail","6":"product_cat-uv-absorber","8":"first","9":"instock","10":"shipping-taxable","11":"product-type-simple"},"yoast_head":"<!-- This site is optimized with the Yoast SEO plugin v23.3 - https:\/\/yoast.com\/wordpress\/plugins\/seo\/ -->\n<title>China CHLUMIUV\u00ae UV-3638 CAS 18600-59-4 Manufacturer - Changhong Chemical<\/title>\n<meta name=\"description\" content=\"CHLUMIUV\u00ae UV-3638 CAS 18600-59-4 is a key product of Changhong Chemical. We provide the best price. We are the leading manufacturer in China with the best quality and competitive price.\" \/>\n<meta name=\"robots\" content=\"index, follow, max-snippet:-1, max-image-preview:large, max-video-preview:-1\" \/>\n<link rel=\"canonical\" href=\"https:\/\/changhongchemical.com\/fr\/product\/lcsorb-uv-3638-cas-18600-59-4\/\" \/>\n<meta property=\"og:locale\" content=\"fr_FR\" \/>\n<meta property=\"og:type\" content=\"article\" \/>\n<meta property=\"og:title\" content=\"China CHLUMIUV\u00ae UV-3638 CAS 18600-59-4 Manufacturer - Changhong Chemical\" \/>\n<meta property=\"og:description\" content=\"CHLUMIUV\u00ae UV-3638 CAS 18600-59-4 is a key product of Changhong Chemical. We provide the best price. We are the leading manufacturer in China with the best quality and competitive price.\" \/>\n<meta property=\"og:url\" content=\"https:\/\/changhongchemical.com\/fr\/product\/lcsorb-uv-3638-cas-18600-59-4\/\" \/>\n<meta property=\"og:site_name\" content=\"Changhong Chemical\" \/>\n<meta property=\"article:modified_time\" content=\"2026-01-08T03:36:50+00:00\" \/>\n<meta property=\"og:image\" content=\"https:\/\/changhongchemical.com\/wp-content\/uploads\/2023\/04\/18600-59-4.jpg\" \/>\n\t<meta property=\"og:image:width\" content=\"600\" \/>\n\t<meta property=\"og:image:height\" content=\"600\" \/>\n\t<meta property=\"og:image:type\" content=\"image\/jpeg\" \/>\n<meta name=\"twitter:card\" content=\"summary_large_image\" \/>\n<meta name=\"twitter:label1\" content=\"Dur\u00e9e de lecture estim\u00e9e\" \/>\n\t<meta name=\"twitter:data1\" content=\"2 minutes\" \/>\n<script type=\"application\/ld+json\" class=\"yoast-schema-graph\">{\"@context\":\"https:\/\/schema.org\",\"@graph\":[{\"@type\":\"WebPage\",\"@id\":\"https:\/\/changhongchemical.com\/product\/lcsorb-uv-3638-cas-18600-59-4\/\",\"url\":\"https:\/\/changhongchemical.com\/product\/lcsorb-uv-3638-cas-18600-59-4\/\",\"name\":\"China CHLUMIUV\u00ae UV-3638 CAS 18600-59-4 Manufacturer - Changhong Chemical\",\"isPartOf\":{\"@id\":\"https:\/\/changhongchemical.com\/#website\"},\"primaryImageOfPage\":{\"@id\":\"https:\/\/changhongchemical.com\/product\/lcsorb-uv-3638-cas-18600-59-4\/#primaryimage\"},\"image\":{\"@id\":\"https:\/\/changhongchemical.com\/product\/lcsorb-uv-3638-cas-18600-59-4\/#primaryimage\"},\"thumbnailUrl\":\"https:\/\/changhongchemical.com\/wp-content\/uploads\/2023\/04\/18600-59-4.jpg\",\"datePublished\":\"2023-04-21T08:11:04+00:00\",\"dateModified\":\"2026-01-08T03:36:50+00:00\",\"description\":\"CHLUMIUV\u00ae UV-3638 CAS 18600-59-4 is a key product of Changhong Chemical. We provide the best price. We are the leading manufacturer in China with the best quality and competitive price.\",\"breadcrumb\":{\"@id\":\"https:\/\/changhongchemical.com\/product\/lcsorb-uv-3638-cas-18600-59-4\/#breadcrumb\"},\"inLanguage\":\"fr-FR\",\"potentialAction\":[{\"@type\":\"ReadAction\",\"target\":[\"https:\/\/changhongchemical.com\/product\/lcsorb-uv-3638-cas-18600-59-4\/\"]}]},{\"@type\":\"ImageObject\",\"inLanguage\":\"fr-FR\",\"@id\":\"https:\/\/changhongchemical.com\/product\/lcsorb-uv-3638-cas-18600-59-4\/#primaryimage\",\"url\":\"https:\/\/changhongchemical.com\/wp-content\/uploads\/2023\/04\/18600-59-4.jpg\",\"contentUrl\":\"https:\/\/changhongchemical.com\/wp-content\/uploads\/2023\/04\/18600-59-4.jpg\",\"width\":600,\"height\":600},{\"@type\":\"BreadcrumbList\",\"@id\":\"https:\/\/changhongchemical.com\/product\/lcsorb-uv-3638-cas-18600-59-4\/#breadcrumb\",\"itemListElement\":[{\"@type\":\"ListItem\",\"position\":1,\"name\":\"Home\",\"item\":\"https:\/\/changhongchemical.com\/\"},{\"@type\":\"ListItem\",\"position\":2,\"name\":\"Products Changhong\",\"item\":\"https:\/\/changhongchemical.com\/product\/\"},{\"@type\":\"ListItem\",\"position\":3,\"name\":\"CHLUMIUV\u00ae UV-3638 CAS 18600-59-4\"}]},{\"@type\":\"WebSite\",\"@id\":\"https:\/\/changhongchemical.com\/#website\",\"url\":\"https:\/\/changhongchemical.com\/\",\"name\":\"Changhong Chemical\",\"description\":\"China chemical manufacturer \uff06 supplier\",\"publisher\":{\"@id\":\"https:\/\/changhongchemical.com\/#organization\"},\"potentialAction\":[{\"@type\":\"SearchAction\",\"target\":{\"@type\":\"EntryPoint\",\"urlTemplate\":\"https:\/\/changhongchemical.com\/?s={search_term_string}\"},\"query-input\":\"required name=search_term_string\"}],\"inLanguage\":\"fr-FR\"},{\"@type\":\"Organization\",\"@id\":\"https:\/\/changhongchemical.com\/#organization\",\"name\":\"Changhong Chemical\",\"url\":\"https:\/\/changhongchemical.com\/\",\"logo\":{\"@type\":\"ImageObject\",\"inLanguage\":\"fr-FR\",\"@id\":\"https:\/\/changhongchemical.com\/#\/schema\/logo\/image\/\",\"url\":\"https:\/\/changhongchemical.com\/wp-content\/uploads\/2020\/08\/cropped-longchang-logo.png\",\"contentUrl\":\"https:\/\/changhongchemical.com\/wp-content\/uploads\/2020\/08\/cropped-longchang-logo.png\",\"width\":512,\"height\":512,\"caption\":\"Changhong Chemical\"},\"image\":{\"@id\":\"https:\/\/changhongchemical.com\/#\/schema\/logo\/image\/\"}}]}<\/script>\n<!-- \/ Yoast SEO plugin. -->","yoast_head_json":{"title":"CHLUMIUV\u00ae UV-3638 CAS 18600-59-4 fabricant chinois - Changhong Chemical","description":"CHLUMIUV\u00ae UV-3638 CAS 18600-59-4 est un produit cl\u00e9 de Changhong Chemical. Nous fournissons le meilleur prix. Nous sommes le principal fabricant en Chine avec la meilleure qualit\u00e9 et un prix comp\u00e9titif.","robots":{"index":"index","follow":"follow","max-snippet":"max-snippet:-1","max-image-preview":"max-image-preview:large","max-video-preview":"max-video-preview:-1"},"canonical":"https:\/\/changhongchemical.com\/fr\/product\/lcsorb-uv-3638-cas-18600-59-4\/","og_locale":"fr_FR","og_type":"article","og_title":"China CHLUMIUV\u00ae UV-3638 CAS 18600-59-4 Manufacturer - Changhong Chemical","og_description":"CHLUMIUV\u00ae UV-3638 CAS 18600-59-4 is a key product of Changhong Chemical. We provide the best price. We are the leading manufacturer in China with the best quality and competitive price.","og_url":"https:\/\/changhongchemical.com\/fr\/product\/lcsorb-uv-3638-cas-18600-59-4\/","og_site_name":"Changhong Chemical","article_modified_time":"2026-01-08T03:36:50+00:00","og_image":[{"width":600,"height":600,"url":"https:\/\/changhongchemical.com\/wp-content\/uploads\/2023\/04\/18600-59-4.jpg","type":"image\/jpeg"}],"twitter_card":"summary_large_image","twitter_misc":{"Dur\u00e9e de lecture estim\u00e9e":"2 minutes"},"schema":{"@context":"https:\/\/schema.org","@graph":[{"@type":"WebPage","@id":"https:\/\/changhongchemical.com\/product\/lcsorb-uv-3638-cas-18600-59-4\/","url":"https:\/\/changhongchemical.com\/product\/lcsorb-uv-3638-cas-18600-59-4\/","name":"CHLUMIUV\u00ae UV-3638 CAS 18600-59-4 fabricant chinois - Changhong Chemical","isPartOf":{"@id":"https:\/\/changhongchemical.com\/#website"},"primaryImageOfPage":{"@id":"https:\/\/changhongchemical.com\/product\/lcsorb-uv-3638-cas-18600-59-4\/#primaryimage"},"image":{"@id":"https:\/\/changhongchemical.com\/product\/lcsorb-uv-3638-cas-18600-59-4\/#primaryimage"},"thumbnailUrl":"https:\/\/changhongchemical.com\/wp-content\/uploads\/2023\/04\/18600-59-4.jpg","datePublished":"2023-04-21T08:11:04+00:00","dateModified":"2026-01-08T03:36:50+00:00","description":"CHLUMIUV\u00ae UV-3638 CAS 18600-59-4 est un produit cl\u00e9 de Changhong Chemical. Nous fournissons le meilleur prix. Nous sommes le principal fabricant en Chine avec la meilleure qualit\u00e9 et un prix comp\u00e9titif.","breadcrumb":{"@id":"https:\/\/changhongchemical.com\/product\/lcsorb-uv-3638-cas-18600-59-4\/#breadcrumb"},"inLanguage":"fr-FR","potentialAction":[{"@type":"ReadAction","target":["https:\/\/changhongchemical.com\/product\/lcsorb-uv-3638-cas-18600-59-4\/"]}]},{"@type":"ImageObject","inLanguage":"fr-FR","@id":"https:\/\/changhongchemical.com\/product\/lcsorb-uv-3638-cas-18600-59-4\/#primaryimage","url":"https:\/\/changhongchemical.com\/wp-content\/uploads\/2023\/04\/18600-59-4.jpg","contentUrl":"https:\/\/changhongchemical.com\/wp-content\/uploads\/2023\/04\/18600-59-4.jpg","width":600,"height":600},{"@type":"BreadcrumbList","@id":"https:\/\/changhongchemical.com\/product\/lcsorb-uv-3638-cas-18600-59-4\/#breadcrumb","itemListElement":[{"@type":"ListItem","position":1,"name":"Home","item":"https:\/\/changhongchemical.com\/"},{"@type":"ListItem","position":2,"name":"Products Changhong","item":"https:\/\/changhongchemical.com\/product\/"},{"@type":"ListItem","position":3,"name":"CHLUMIUV\u00ae UV-3638 CAS 18600-59-4"}]},{"@type":"WebSite","@id":"https:\/\/changhongchemical.com\/#website","url":"https:\/\/changhongchemical.com\/","name":"Changhong Chemical","description":"Fabricant chinois de produits chimiques \uff06 fournisseur","publisher":{"@id":"https:\/\/changhongchemical.com\/#organization"},"potentialAction":[{"@type":"SearchAction","target":{"@type":"EntryPoint","urlTemplate":"https:\/\/changhongchemical.com\/?s={search_term_string}"},"query-input":"required name=search_term_string"}],"inLanguage":"fr-FR"},{"@type":"Organization","@id":"https:\/\/changhongchemical.com\/#organization","name":"Changhong Chemical","url":"https:\/\/changhongchemical.com\/","logo":{"@type":"ImageObject","inLanguage":"fr-FR","@id":"https:\/\/changhongchemical.com\/#\/schema\/logo\/image\/","url":"https:\/\/changhongchemical.com\/wp-content\/uploads\/2020\/08\/cropped-longchang-logo.png","contentUrl":"https:\/\/changhongchemical.com\/wp-content\/uploads\/2020\/08\/cropped-longchang-logo.png","width":512,"height":512,"caption":"Changhong Chemical"},"image":{"@id":"https:\/\/changhongchemical.com\/#\/schema\/logo\/image\/"}}]}},"_links":{"self":[{"href":"https:\/\/changhongchemical.com\/fr\/wp-json\/wp\/v2\/product\/6048","targetHints":{"allow":["GET"]}}],"collection":[{"href":"https:\/\/changhongchemical.com\/fr\/wp-json\/wp\/v2\/product"}],"about":[{"href":"https:\/\/changhongchemical.com\/fr\/wp-json\/wp\/v2\/types\/product"}],"replies":[{"embeddable":true,"href":"https:\/\/changhongchemical.com\/fr\/wp-json\/wp\/v2\/comments?post=6048"}],"wp:featuredmedia":[{"embeddable":true,"href":"https:\/\/changhongchemical.com\/fr\/wp-json\/wp\/v2\/media\/7954"}],"wp:attachment":[{"href":"https:\/\/changhongchemical.com\/fr\/wp-json\/wp\/v2\/media?parent=6048"}],"wp:term":[{"taxonomy":"product_brand","embeddable":true,"href":"https:\/\/changhongchemical.com\/fr\/wp-json\/wp\/v2\/product_brand?post=6048"},{"taxonomy":"product_cat","embeddable":true,"href":"https:\/\/changhongchemical.com\/fr\/wp-json\/wp\/v2\/product_cat?post=6048"},{"taxonomy":"product_tag","embeddable":true,"href":"https:\/\/changhongchemical.com\/fr\/wp-json\/wp\/v2\/product_tag?post=6048"}],"curies":[{"name":"wp","href":"https:\/\/api.w.org\/{rel}","templated":true}]}}