{"id":6043,"date":"2023-04-19T11:25:44","date_gmt":"2023-04-19T11:25:44","guid":{"rendered":"https:\/\/changhongchemical.com\/?post_type=product&#038;p=6043"},"modified":"2026-04-24T01:40:48","modified_gmt":"2026-04-24T01:40:48","slug":"lcsorb-uv-3039-cas-6197-30-4","status":"publish","type":"product","link":"https:\/\/changhongchemical.com\/fr\/product\/lcsorb-uv-3039-cas-6197-30-4\/","title":{"rendered":"CHLUMIUV\u00ae UV-3039 \/ Octocril\u00e8ne CAS 6197-30-4"},"content":{"rendered":"<h1><strong>UV-3039 \/ Octocril\u00e8ne CAS 6197-30-4<\/strong><\/h1>\n<table style=\"border-collapse: collapse; width: 200.28pt;\" border=\"0\" width=\"267\" cellspacing=\"0\" cellpadding=\"0\">\n<tbody>\n<tr style=\"height: 13.50pt;\">\n<td class=\"et2\" style=\"height: 13.50pt; width: 84.75pt;\" width=\"113\" height=\"18\">Apparence<\/td>\n<td class=\"et3\" style=\"width: 115.50pt;\" width=\"154\">Liquide jaune p\u00e2le<\/td>\n<\/tr>\n<tr style=\"height: 13.50pt;\">\n<td class=\"et2\" style=\"height: 13.50pt;\" height=\"18\">Contenu<\/td>\n<td class=\"et3\">\u226598%<\/td>\n<\/tr>\n<tr style=\"height: 13.50pt;\">\n<td class=\"et2\" style=\"height: 13.50pt;\" height=\"18\">Chromaticit\u00e9<\/td>\n<td class=\"et3\">\u2264 6<\/td>\n<\/tr>\n<tr style=\"height: 13.50pt;\">\n<td class=\"et2\" style=\"height: 13.50pt;\" height=\"18\">Indice d'acidit\u00e9<\/td>\n<td class=\"et3\">\u2264 1mgKOH\/g<\/td>\n<\/tr>\n<\/tbody>\n<\/table>\n<h2><\/h2>\n<h2><strong>UV-3039 Utilisation<\/strong><\/h2>\n<p>1. Absorbeur d'UV L'UV-3039 est un absorbeur d'UV acrylique liquide, un \u00e9cran solaire soluble dans l'huile, capable d'absorber la lumi\u00e8re UV de 280 \u00e0 350 nm, avec un pic d'absorption de 303 nm. Il pr\u00e9sente une bonne compatibilit\u00e9, une faible volatilit\u00e9, une bonne dispersion et une grande efficacit\u00e9 d'absorption. Il est facilement soluble dans les plastifiants et les solvants polaires et non polaires.<\/p>\n<p>2. Convient aux \u00e9mulsions de PVC, PUR, PMMA, organosilici\u00e9s, en particulier pour les plastisols de PVC et de PVC. L'effet synergique est remarquable lorsqu'il est utilis\u00e9 avec des stabilisateurs de lumi\u00e8re et des antioxydants. Le dosage g\u00e9n\u00e9ral est de 0,1-0,5%.<\/p>\n<h2><strong>UV-3039 <\/strong><strong>Stockage :<\/strong><\/h2>\n<p>Les produits sont conserv\u00e9s dans un entrep\u00f4t sec, propre et bien ventil\u00e9.<br \/>\n\u00c9viter l'exposition \u00e0 la lumi\u00e8re et \u00e0 la chaleur pour pr\u00e9venir l'oxydation.<br \/>\nProt\u00e9ger le produit des fuites, de la pluie et de l'insolation pendant le transport.<\/p>\n<p>&nbsp;<\/p>\n<h2><strong>Contactez-nous d\u00e8s maintenant !<\/strong><\/h2>\n<p><strong>Si vous avez besoin de COA, MSDS ou TDS de <span style=\"color: #00ccff;\"><a style=\"color: #00ccff;\" href=\"https:\/\/changhongchemical.com\/product-category\/lcsorb-uv-absorber\/\">Absorbeur d'UV lcsorb<\/a><\/span>Si vous avez besoin d'aide, veuillez indiquer vos coordonn\u00e9es dans le formulaire ci-dessous. Nous vous contacterons g\u00e9n\u00e9ralement dans les 24 heures. Vous pouvez \u00e9galement m'envoyer un courriel <span style=\"color: #00ccff;\"><a style=\"color: #00ccff;\" href=\"mailto:info@changhongchemical.com\">info@changhongchemical.com<\/a> <\/span>pendant les heures de travail ( 8:30 am to 6:00 pm UTC+8 Mon.~Sat. ) ou utilisez le chat en direct du site web pour obtenir une r\u00e9ponse rapide.<\/strong><\/p>","protected":false},"excerpt":{"rendered":"<p>UV-3039 \/ Octocrilene CAS 6197-30-4 Appearance Pale yellow liquid Content \u226598% Chromaticity \u2264 6 Acid value \u2264 1mgKOH\/g UV-3039 Usage 1. UV absorber UV-3039 is a liquid acrylate UV absorber, oil soluble sunscreen, capable of absorbing 280-350nm UV&#8230;<\/p>","protected":false},"featured_media":7956,"comment_status":"closed","ping_status":"closed","template":"","meta":[],"product_brand":[],"product_cat":[139],"product_tag":[],"class_list":{"0":"post-6043","1":"product","2":"type-product","3":"status-publish","4":"has-post-thumbnail","6":"product_cat-uv-absorber","8":"first","9":"instock","10":"shipping-taxable","11":"product-type-simple"},"yoast_head":"<!-- This site is optimized with the Yoast SEO plugin v27.4 - https:\/\/yoast.com\/product\/yoast-seo-wordpress\/ -->\n<title>China CHLUMIUV\u00ae UV-3039 \/ Octocrilene CAS 6197-30-4 Manufacturer - Changhong Chemical<\/title>\n<meta name=\"description\" content=\"UV-3039 \/ Octocrilene CAS 6197-30-4 Appearance Pale yellow liquid Content \u226598% Chromaticity \u2264 6 Acid value \u2264 1mgKOH\/g UV-3039 Usage 1. UV absorber UV-3039...\" \/>\n<meta name=\"robots\" content=\"index, follow, max-snippet:-1, max-image-preview:large, max-video-preview:-1\" \/>\n<link rel=\"canonical\" href=\"https:\/\/changhongchemical.com\/fr\/product\/lcsorb-uv-3039-cas-6197-30-4\/\" \/>\n<meta property=\"og:locale\" content=\"fr_FR\" \/>\n<meta property=\"og:type\" content=\"article\" \/>\n<meta property=\"og:title\" content=\"China CHLUMIUV\u00ae UV-3039 \/ Octocrilene CAS 6197-30-4 Manufacturer - Changhong Chemical\" \/>\n<meta property=\"og:description\" content=\"UV-3039 \/ Octocrilene CAS 6197-30-4 Appearance Pale yellow liquid Content \u226598% Chromaticity \u2264 6 Acid value \u2264 1mgKOH\/g UV-3039 Usage 1. UV absorber UV-3039...\" \/>\n<meta property=\"og:url\" content=\"https:\/\/changhongchemical.com\/fr\/product\/lcsorb-uv-3039-cas-6197-30-4\/\" \/>\n<meta property=\"og:site_name\" content=\"Changhong Chemical\" \/>\n<meta property=\"article:modified_time\" content=\"2026-04-24T01:40:48+00:00\" \/>\n<meta property=\"og:image\" content=\"https:\/\/changhongchemical.com\/wp-content\/uploads\/2023\/04\/6197-30-4.jpg\" \/>\n\t<meta property=\"og:image:width\" content=\"600\" \/>\n\t<meta property=\"og:image:height\" content=\"600\" \/>\n\t<meta property=\"og:image:type\" content=\"image\/jpeg\" \/>\n<meta name=\"twitter:card\" content=\"summary_large_image\" \/>\n<meta name=\"twitter:label1\" content=\"Dur\u00e9e de lecture estim\u00e9e\" \/>\n\t<meta name=\"twitter:data1\" content=\"2 minutes\" \/>\n<script type=\"application\/ld+json\" class=\"yoast-schema-graph\">{\"@context\":\"https:\\\/\\\/schema.org\",\"@graph\":[{\"@type\":\"WebPage\",\"@id\":\"https:\\\/\\\/changhongchemical.com\\\/product\\\/lcsorb-uv-3039-cas-6197-30-4\\\/\",\"url\":\"https:\\\/\\\/changhongchemical.com\\\/product\\\/lcsorb-uv-3039-cas-6197-30-4\\\/\",\"name\":\"China CHLUMIUV\u00ae UV-3039 \\\/ Octocrilene CAS 6197-30-4 Manufacturer - Changhong Chemical\",\"isPartOf\":{\"@id\":\"https:\\\/\\\/changhongchemical.com\\\/#website\"},\"primaryImageOfPage\":{\"@id\":\"https:\\\/\\\/changhongchemical.com\\\/product\\\/lcsorb-uv-3039-cas-6197-30-4\\\/#primaryimage\"},\"image\":{\"@id\":\"https:\\\/\\\/changhongchemical.com\\\/product\\\/lcsorb-uv-3039-cas-6197-30-4\\\/#primaryimage\"},\"thumbnailUrl\":\"https:\\\/\\\/changhongchemical.com\\\/wp-content\\\/uploads\\\/2023\\\/04\\\/6197-30-4.jpg\",\"datePublished\":\"2023-04-19T11:25:44+00:00\",\"dateModified\":\"2026-04-24T01:40:48+00:00\",\"description\":\"UV-3039 \\\/ Octocrilene CAS 6197-30-4 Appearance Pale yellow liquid Content \u226598% Chromaticity \u2264 6 Acid value \u2264 1mgKOH\\\/g UV-3039 Usage 1. UV absorber UV-3039...\",\"breadcrumb\":{\"@id\":\"https:\\\/\\\/changhongchemical.com\\\/product\\\/lcsorb-uv-3039-cas-6197-30-4\\\/#breadcrumb\"},\"inLanguage\":\"fr-FR\",\"potentialAction\":[{\"@type\":\"ReadAction\",\"target\":[\"https:\\\/\\\/changhongchemical.com\\\/product\\\/lcsorb-uv-3039-cas-6197-30-4\\\/\"]}]},{\"@type\":\"ImageObject\",\"inLanguage\":\"fr-FR\",\"@id\":\"https:\\\/\\\/changhongchemical.com\\\/product\\\/lcsorb-uv-3039-cas-6197-30-4\\\/#primaryimage\",\"url\":\"https:\\\/\\\/changhongchemical.com\\\/wp-content\\\/uploads\\\/2023\\\/04\\\/6197-30-4.jpg\",\"contentUrl\":\"https:\\\/\\\/changhongchemical.com\\\/wp-content\\\/uploads\\\/2023\\\/04\\\/6197-30-4.jpg\",\"width\":600,\"height\":600},{\"@type\":\"BreadcrumbList\",\"@id\":\"https:\\\/\\\/changhongchemical.com\\\/product\\\/lcsorb-uv-3039-cas-6197-30-4\\\/#breadcrumb\",\"itemListElement\":[{\"@type\":\"ListItem\",\"position\":1,\"name\":\"Home\",\"item\":\"https:\\\/\\\/changhongchemical.com\\\/\"},{\"@type\":\"ListItem\",\"position\":2,\"name\":\"Products Changhong\",\"item\":\"https:\\\/\\\/changhongchemical.com\\\/product\\\/\"},{\"@type\":\"ListItem\",\"position\":3,\"name\":\"CHLUMIUV\u00ae UV-3039 \\\/ Octocrilene CAS 6197-30-4\"}]},{\"@type\":\"WebSite\",\"@id\":\"https:\\\/\\\/changhongchemical.com\\\/#website\",\"url\":\"https:\\\/\\\/changhongchemical.com\\\/\",\"name\":\"Changhong Chemical\",\"description\":\"China chemical manufacturer \uff06 supplier\",\"publisher\":{\"@id\":\"https:\\\/\\\/changhongchemical.com\\\/#organization\"},\"potentialAction\":[{\"@type\":\"SearchAction\",\"target\":{\"@type\":\"EntryPoint\",\"urlTemplate\":\"https:\\\/\\\/changhongchemical.com\\\/?s={search_term_string}\"},\"query-input\":{\"@type\":\"PropertyValueSpecification\",\"valueRequired\":true,\"valueName\":\"search_term_string\"}}],\"inLanguage\":\"fr-FR\"},{\"@type\":\"Organization\",\"@id\":\"https:\\\/\\\/changhongchemical.com\\\/#organization\",\"name\":\"Changhong Chemical\",\"url\":\"https:\\\/\\\/changhongchemical.com\\\/\",\"logo\":{\"@type\":\"ImageObject\",\"inLanguage\":\"fr-FR\",\"@id\":\"https:\\\/\\\/changhongchemical.com\\\/#\\\/schema\\\/logo\\\/image\\\/\",\"url\":\"https:\\\/\\\/changhongchemical.com\\\/wp-content\\\/uploads\\\/2020\\\/08\\\/cropped-longchang-logo.png\",\"contentUrl\":\"https:\\\/\\\/changhongchemical.com\\\/wp-content\\\/uploads\\\/2020\\\/08\\\/cropped-longchang-logo.png\",\"width\":512,\"height\":512,\"caption\":\"Changhong Chemical\"},\"image\":{\"@id\":\"https:\\\/\\\/changhongchemical.com\\\/#\\\/schema\\\/logo\\\/image\\\/\"}}]}<\/script>\n<!-- \/ Yoast SEO plugin. -->","yoast_head_json":{"title":"CHLUMIUV\u00ae UV-3039 \/ Octocril\u00e8ne CAS 6197-30-4 fabricant chinois - Changhong Chemical","description":"UV-3039 \/ Octocrilene CAS 6197-30-4 Appearance Pale yellow liquid Content \u226598% Chromaticity \u2264 6 Acid value \u2264 1mgKOH\/g UV-3039 Usage 1. UV absorber UV-3039...","robots":{"index":"index","follow":"follow","max-snippet":"max-snippet:-1","max-image-preview":"max-image-preview:large","max-video-preview":"max-video-preview:-1"},"canonical":"https:\/\/changhongchemical.com\/fr\/product\/lcsorb-uv-3039-cas-6197-30-4\/","og_locale":"fr_FR","og_type":"article","og_title":"China CHLUMIUV\u00ae UV-3039 \/ Octocrilene CAS 6197-30-4 Manufacturer - Changhong Chemical","og_description":"UV-3039 \/ Octocrilene CAS 6197-30-4 Appearance Pale yellow liquid Content \u226598% Chromaticity \u2264 6 Acid value \u2264 1mgKOH\/g UV-3039 Usage 1. UV absorber UV-3039...","og_url":"https:\/\/changhongchemical.com\/fr\/product\/lcsorb-uv-3039-cas-6197-30-4\/","og_site_name":"Changhong Chemical","article_modified_time":"2026-04-24T01:40:48+00:00","og_image":[{"width":600,"height":600,"url":"https:\/\/changhongchemical.com\/wp-content\/uploads\/2023\/04\/6197-30-4.jpg","type":"image\/jpeg"}],"twitter_card":"summary_large_image","twitter_misc":{"Dur\u00e9e de lecture estim\u00e9e":"2 minutes"},"schema":{"@context":"https:\/\/schema.org","@graph":[{"@type":"WebPage","@id":"https:\/\/changhongchemical.com\/product\/lcsorb-uv-3039-cas-6197-30-4\/","url":"https:\/\/changhongchemical.com\/product\/lcsorb-uv-3039-cas-6197-30-4\/","name":"CHLUMIUV\u00ae UV-3039 \/ Octocril\u00e8ne CAS 6197-30-4 fabricant chinois - Changhong Chemical","isPartOf":{"@id":"https:\/\/changhongchemical.com\/#website"},"primaryImageOfPage":{"@id":"https:\/\/changhongchemical.com\/product\/lcsorb-uv-3039-cas-6197-30-4\/#primaryimage"},"image":{"@id":"https:\/\/changhongchemical.com\/product\/lcsorb-uv-3039-cas-6197-30-4\/#primaryimage"},"thumbnailUrl":"https:\/\/changhongchemical.com\/wp-content\/uploads\/2023\/04\/6197-30-4.jpg","datePublished":"2023-04-19T11:25:44+00:00","dateModified":"2026-04-24T01:40:48+00:00","description":"UV-3039 \/ Octocrilene CAS 6197-30-4 Appearance Pale yellow liquid Content \u226598% Chromaticity \u2264 6 Acid value \u2264 1mgKOH\/g UV-3039 Usage 1. UV absorber UV-3039...","breadcrumb":{"@id":"https:\/\/changhongchemical.com\/product\/lcsorb-uv-3039-cas-6197-30-4\/#breadcrumb"},"inLanguage":"fr-FR","potentialAction":[{"@type":"ReadAction","target":["https:\/\/changhongchemical.com\/product\/lcsorb-uv-3039-cas-6197-30-4\/"]}]},{"@type":"ImageObject","inLanguage":"fr-FR","@id":"https:\/\/changhongchemical.com\/product\/lcsorb-uv-3039-cas-6197-30-4\/#primaryimage","url":"https:\/\/changhongchemical.com\/wp-content\/uploads\/2023\/04\/6197-30-4.jpg","contentUrl":"https:\/\/changhongchemical.com\/wp-content\/uploads\/2023\/04\/6197-30-4.jpg","width":600,"height":600},{"@type":"BreadcrumbList","@id":"https:\/\/changhongchemical.com\/product\/lcsorb-uv-3039-cas-6197-30-4\/#breadcrumb","itemListElement":[{"@type":"ListItem","position":1,"name":"Home","item":"https:\/\/changhongchemical.com\/"},{"@type":"ListItem","position":2,"name":"Products Changhong","item":"https:\/\/changhongchemical.com\/product\/"},{"@type":"ListItem","position":3,"name":"CHLUMIUV\u00ae UV-3039 \/ Octocrilene CAS 6197-30-4"}]},{"@type":"WebSite","@id":"https:\/\/changhongchemical.com\/#website","url":"https:\/\/changhongchemical.com\/","name":"Changhong Chemical","description":"Fabricant chinois de produits chimiques \uff06 fournisseur","publisher":{"@id":"https:\/\/changhongchemical.com\/#organization"},"potentialAction":[{"@type":"SearchAction","target":{"@type":"EntryPoint","urlTemplate":"https:\/\/changhongchemical.com\/?s={search_term_string}"},"query-input":{"@type":"PropertyValueSpecification","valueRequired":true,"valueName":"search_term_string"}}],"inLanguage":"fr-FR"},{"@type":"Organization","@id":"https:\/\/changhongchemical.com\/#organization","name":"Changhong Chemical","url":"https:\/\/changhongchemical.com\/","logo":{"@type":"ImageObject","inLanguage":"fr-FR","@id":"https:\/\/changhongchemical.com\/#\/schema\/logo\/image\/","url":"https:\/\/changhongchemical.com\/wp-content\/uploads\/2020\/08\/cropped-longchang-logo.png","contentUrl":"https:\/\/changhongchemical.com\/wp-content\/uploads\/2020\/08\/cropped-longchang-logo.png","width":512,"height":512,"caption":"Changhong Chemical"},"image":{"@id":"https:\/\/changhongchemical.com\/#\/schema\/logo\/image\/"}}]}},"_links":{"self":[{"href":"https:\/\/changhongchemical.com\/fr\/wp-json\/wp\/v2\/product\/6043","targetHints":{"allow":["GET"]}}],"collection":[{"href":"https:\/\/changhongchemical.com\/fr\/wp-json\/wp\/v2\/product"}],"about":[{"href":"https:\/\/changhongchemical.com\/fr\/wp-json\/wp\/v2\/types\/product"}],"replies":[{"embeddable":true,"href":"https:\/\/changhongchemical.com\/fr\/wp-json\/wp\/v2\/comments?post=6043"}],"wp:featuredmedia":[{"embeddable":true,"href":"https:\/\/changhongchemical.com\/fr\/wp-json\/wp\/v2\/media\/7956"}],"wp:attachment":[{"href":"https:\/\/changhongchemical.com\/fr\/wp-json\/wp\/v2\/media?parent=6043"}],"wp:term":[{"taxonomy":"product_brand","embeddable":true,"href":"https:\/\/changhongchemical.com\/fr\/wp-json\/wp\/v2\/product_brand?post=6043"},{"taxonomy":"product_cat","embeddable":true,"href":"https:\/\/changhongchemical.com\/fr\/wp-json\/wp\/v2\/product_cat?post=6043"},{"taxonomy":"product_tag","embeddable":true,"href":"https:\/\/changhongchemical.com\/fr\/wp-json\/wp\/v2\/product_tag?post=6043"}],"curies":[{"name":"wp","href":"https:\/\/api.w.org\/{rel}","templated":true}]}}