{"id":5752,"date":"2022-11-26T14:20:39","date_gmt":"2022-11-26T14:20:39","guid":{"rendered":"https:\/\/changhongchemical.com\/?post_type=product&#038;p=5752"},"modified":"2026-01-08T04:11:23","modified_gmt":"2026-01-08T04:11:23","slug":"lcsorb-uv-326-cas-3896-11-5","status":"publish","type":"product","link":"https:\/\/changhongchemical.com\/fr\/product\/lcsorb-uv-326-cas-3896-11-5\/","title":{"rendered":"CHLUMIUV\u00ae UV-326 \/Tinuvin-326 \/Eversorb 73 CAS 3896-11-5"},"content":{"rendered":"<h1>UV-326 \/Tinuvin-326 \/Eversorb 73 CAS 3896-11-5<\/h1>\n<table style=\"border-collapse: collapse; width: 316.52pt;\" border=\"0\" width=\"422\" cellspacing=\"0\" cellpadding=\"0\">\n<tbody>\n<tr style=\"height: 13.50pt;\">\n<td class=\"et2\" style=\"height: 13.50pt; width: 106.50pt;\" width=\"142\" height=\"18\">Apparence<\/td>\n<td class=\"et2\" style=\"width: 210.00pt;\" width=\"280\">Poudre cristalline jaune clair<\/td>\n<\/tr>\n<tr style=\"height: 13.50pt;\">\n<td class=\"et2\" style=\"height: 13.50pt; width: 106.50pt;\" width=\"142\" height=\"18\">Contenu<\/td>\n<td class=\"et2\" style=\"width: 210.00pt;\" width=\"280\">\u226599%(HPLC)<\/td>\n<\/tr>\n<tr style=\"height: 27.00pt;\">\n<td class=\"et2\" style=\"height: 27.00pt; width: 106.50pt;\" width=\"142\" height=\"36\">Point de fusion<\/td>\n<td class=\"et2\" style=\"width: 210.00pt;\" width=\"280\">137-142\u2103<\/td>\n<\/tr>\n<tr style=\"height: 13.50pt;\">\n<td class=\"et2\" style=\"height: 13.50pt; width: 106.50pt;\" width=\"142\" height=\"18\">Fr\u00eane<\/td>\n<td class=\"et2\" style=\"width: 210.00pt;\" width=\"280\">\u22640.1%<\/td>\n<\/tr>\n<tr style=\"height: 13.50pt;\">\n<td class=\"et2\" style=\"height: 13.50pt; width: 106.50pt;\" width=\"142\" height=\"18\">Volatile<\/td>\n<td class=\"et2\" style=\"width: 210.00pt;\" width=\"280\">\u22640.5%<\/td>\n<\/tr>\n<tr style=\"height: 13.50pt;\">\n<td class=\"et2\" style=\"height: 13.50pt; width: 106.50pt;\" width=\"142\" height=\"18\">Transmittance<\/td>\n<td class=\"et2\" style=\"width: 210.00pt;\" width=\"280\">460nm\u226593%\uff0c500nm\u226596%<\/td>\n<\/tr>\n<\/tbody>\n<\/table>\n<p>&nbsp;<\/p>\n<p><strong><em>lcsorb\u00ae<\/em>\u00a0UV-326\u00a0<\/strong>est un absorbeur d'ultraviolets \u00e0 haut rendement, qui peut absorber efficacement la lumi\u00e8re ultraviolette d'une longueur d'onde de 270 \u00e0 380 nanom\u00e8tres.<\/p>\n<p>1. Sans odeur, r\u00e9sistance aux temp\u00e9ratures \u00e9lev\u00e9es, bonne stabilit\u00e9 thermique.<\/p>\n<p>2. Il ne jaunit pas dans des conditions alcalines et r\u00e9siste \u00e0 l'huile.<\/p>\n<p>3. Ce produit absorbe \u00e0 peine la lumi\u00e8re visible et convient particuli\u00e8rement aux produits incolores, transparents et de couleur claire.<\/p>\n<p>4. Principalement utilis\u00e9 pour la polyol\u00e9fine (en particulier les produits de qualit\u00e9 alimentaire), le chlorure de polyvinyle, le polyamide, la r\u00e9sine ABS, la r\u00e9sine AS et le polyur\u00e9thane, etc.<\/p>\n<p>&nbsp;<\/p>\n<p><strong>Application\uff1a<\/strong><\/p>\n<p>1. Ce produit est un absorbeur d'ultraviolets \u00e0 haut rendement, qui peut absorber efficacement la lumi\u00e8re ultraviolette d'une longueur d'onde de 270 \u00e0 380 nanom\u00e8tres.<\/p>\n<p>2. Sans odeur, r\u00e9sistance aux temp\u00e9ratures \u00e9lev\u00e9es, bonne stabilit\u00e9 thermique.<\/p>\n<p>3. Il ne jaunit pas dans des conditions alcalines et r\u00e9siste \u00e0 l'huile.<\/p>\n<p>4. Ce produit absorbe \u00e0 peine la lumi\u00e8re visible et convient particuli\u00e8rement aux produits incolores, transparents et de couleur claire.<\/p>\n<p>5. Principalement utilis\u00e9 pour la polyol\u00e9fine (en particulier les produits de qualit\u00e9 alimentaire), le chlorure de polyvinyle, le polyamide, la r\u00e9sine ABS, la r\u00e9sine AS et le polyur\u00e9thane, etc.<\/p>\n<p><strong>Stockage :<\/strong><br \/>\nLes produits sont conserv\u00e9s dans un entrep\u00f4t sec, propre et bien ventil\u00e9.<br \/>\n\u00c9viter l'exposition \u00e0 la lumi\u00e8re et \u00e0 la chaleur pour pr\u00e9venir l'oxydation.<br \/>\nProt\u00e9ger le produit des fuites, de la pluie et de l'insolation pendant le transport.<\/p>\n<h2>Autre nom :<\/h2>\n<p>Bumetrizole ;<\/p>\n<p>Bumetrizolum ;<\/p>\n<p>Tinuvin-326 ;<\/p>\n<p>Absorbeur d'UV-6 ;<\/p>\n<p>Bumetrizol ;<\/p>\n<p>Eversorb 73 ;<\/p>\n<p>RIASORB UV-326 ;<\/p>\n<p>Milestab 326 ;<\/p>\n<h2><strong>Contactez-nous d\u00e8s maintenant !<\/strong><\/h2>\n<p><strong>Si vous avez besoin de COA, MSDS ou TDS de <span style=\"color: #00ccff;\"><a style=\"color: #00ccff;\" href=\"https:\/\/changhongchemical.com\/product-category\/lcsorb-uv-absorber\/\">Absorbeur d'UV lcsorb<\/a><\/span>Si vous avez besoin d'aide, veuillez indiquer vos coordonn\u00e9es dans le formulaire ci-dessous. Nous vous contacterons g\u00e9n\u00e9ralement dans les 24 heures. Vous pouvez \u00e9galement m'envoyer un courriel <span style=\"color: #00ccff;\"><a style=\"color: #00ccff;\" href=\"mailto:info@changhongchemical.com\">info@changhongchemical.com<\/a> <\/span>pendant les heures de travail ( 8:30 am to 6:00 pm UTC+8 Mon.~Sat. ) ou utilisez le chat en direct du site web pour obtenir une r\u00e9ponse rapide.<\/strong><\/p>","protected":false},"excerpt":{"rendered":"<p>Nom du produit : Absorbeur d'UV UV-326 \/ Tinuvin-326<\/p>\n<p><strong>Nom chimique<\/strong>:2-tert-butyl-6-(5-chloro-2H-benzotriazol-2-yl)-4-m\u00e9thylph\u00e9nol<\/p>\n<p><strong>Synonyme :<\/strong>Tinuvin-326;Absorbeur UV-6;Bumitrizole;Eversorb 73;EVERSTAB 326;LOWILITE 26;Milestab 326;RIASORB UV-326;TK 11048<\/p>\n<p>Cas No. : 3896-11-5<\/p>\n<p>MF : C17H18ClN3O<\/p>\n<p>Puret\u00e9 : \u226599%(HPLC)<\/p>","protected":false},"featured_media":7962,"comment_status":"closed","ping_status":"closed","template":"","meta":[],"product_brand":[],"product_cat":[139],"product_tag":[],"class_list":{"0":"post-5752","1":"product","2":"type-product","3":"status-publish","4":"has-post-thumbnail","6":"product_cat-uv-absorber","8":"first","9":"instock","10":"shipping-taxable","11":"product-type-simple"},"yoast_head":"<!-- This site is optimized with the Yoast SEO plugin v27.4 - https:\/\/yoast.com\/product\/yoast-seo-wordpress\/ -->\n<title>China UV-326 \/Tinuvin-326 \/Eversorb 73 CAS 3896-11-5 manufacturer - Changhong Chemical<\/title>\n<meta name=\"description\" content=\"UV-326 \/Tinuvin-326 \/Eversorb 73 CAS 3896-11-5 is a key product of Changhong Chemical. We provide the best price. We are the leading manufacturer in China with the best quality and competitive price. Other Name:\u00a0Bumetrizole;\u00a0Bumetrizolum;\u00a0Tinuvin-326;\u00a0UV Absorber-6;\u00a0Bumetrizol;\u00a0Eversorb 73;\u00a0RIASORB UV-326;\u00a0Milestab 326;\u00a0\" \/>\n<meta name=\"robots\" content=\"index, follow, max-snippet:-1, max-image-preview:large, max-video-preview:-1\" \/>\n<link rel=\"canonical\" href=\"https:\/\/changhongchemical.com\/fr\/product\/lcsorb-uv-326-cas-3896-11-5\/\" \/>\n<meta property=\"og:locale\" content=\"fr_FR\" \/>\n<meta property=\"og:type\" content=\"article\" \/>\n<meta property=\"og:title\" content=\"China UV-326 \/Tinuvin-326 \/Eversorb 73 CAS 3896-11-5 manufacturer - Changhong Chemical\" \/>\n<meta property=\"og:description\" content=\"UV-326 \/Tinuvin-326 \/Eversorb 73 CAS 3896-11-5 is a key product of Changhong Chemical. We provide the best price. We are the leading manufacturer in China with the best quality and competitive price. Other Name:\u00a0Bumetrizole;\u00a0Bumetrizolum;\u00a0Tinuvin-326;\u00a0UV Absorber-6;\u00a0Bumetrizol;\u00a0Eversorb 73;\u00a0RIASORB UV-326;\u00a0Milestab 326;\u00a0\" \/>\n<meta property=\"og:url\" content=\"https:\/\/changhongchemical.com\/fr\/product\/lcsorb-uv-326-cas-3896-11-5\/\" \/>\n<meta property=\"og:site_name\" content=\"Changhong Chemical\" \/>\n<meta property=\"article:modified_time\" content=\"2026-01-08T04:11:23+00:00\" \/>\n<meta property=\"og:image\" content=\"https:\/\/changhongchemical.com\/wp-content\/uploads\/2022\/11\/3896-11-5.jpg\" \/>\n\t<meta property=\"og:image:width\" content=\"600\" \/>\n\t<meta property=\"og:image:height\" content=\"600\" \/>\n\t<meta property=\"og:image:type\" content=\"image\/jpeg\" \/>\n<meta name=\"twitter:card\" content=\"summary_large_image\" \/>\n<meta name=\"twitter:label1\" content=\"Dur\u00e9e de lecture estim\u00e9e\" \/>\n\t<meta name=\"twitter:data1\" content=\"2 minutes\" \/>\n<script type=\"application\/ld+json\" class=\"yoast-schema-graph\">{\"@context\":\"https:\\\/\\\/schema.org\",\"@graph\":[{\"@type\":\"WebPage\",\"@id\":\"https:\\\/\\\/changhongchemical.com\\\/product\\\/lcsorb-uv-326-cas-3896-11-5\\\/\",\"url\":\"https:\\\/\\\/changhongchemical.com\\\/product\\\/lcsorb-uv-326-cas-3896-11-5\\\/\",\"name\":\"China UV-326 \\\/Tinuvin-326 \\\/Eversorb 73 CAS 3896-11-5 manufacturer - Changhong Chemical\",\"isPartOf\":{\"@id\":\"https:\\\/\\\/changhongchemical.com\\\/#website\"},\"primaryImageOfPage\":{\"@id\":\"https:\\\/\\\/changhongchemical.com\\\/product\\\/lcsorb-uv-326-cas-3896-11-5\\\/#primaryimage\"},\"image\":{\"@id\":\"https:\\\/\\\/changhongchemical.com\\\/product\\\/lcsorb-uv-326-cas-3896-11-5\\\/#primaryimage\"},\"thumbnailUrl\":\"https:\\\/\\\/changhongchemical.com\\\/wp-content\\\/uploads\\\/2022\\\/11\\\/3896-11-5.jpg\",\"datePublished\":\"2022-11-26T14:20:39+00:00\",\"dateModified\":\"2026-01-08T04:11:23+00:00\",\"description\":\"UV-326 \\\/Tinuvin-326 \\\/Eversorb 73 CAS 3896-11-5 is a key product of Changhong Chemical. We provide the best price. We are the leading manufacturer in China with the best quality and competitive price. Other Name:\u00a0Bumetrizole;\u00a0Bumetrizolum;\u00a0Tinuvin-326;\u00a0UV Absorber-6;\u00a0Bumetrizol;\u00a0Eversorb 73;\u00a0RIASORB UV-326;\u00a0Milestab 326;\u00a0\",\"breadcrumb\":{\"@id\":\"https:\\\/\\\/changhongchemical.com\\\/product\\\/lcsorb-uv-326-cas-3896-11-5\\\/#breadcrumb\"},\"inLanguage\":\"fr-FR\",\"potentialAction\":[{\"@type\":\"ReadAction\",\"target\":[\"https:\\\/\\\/changhongchemical.com\\\/product\\\/lcsorb-uv-326-cas-3896-11-5\\\/\"]}]},{\"@type\":\"ImageObject\",\"inLanguage\":\"fr-FR\",\"@id\":\"https:\\\/\\\/changhongchemical.com\\\/product\\\/lcsorb-uv-326-cas-3896-11-5\\\/#primaryimage\",\"url\":\"https:\\\/\\\/changhongchemical.com\\\/wp-content\\\/uploads\\\/2022\\\/11\\\/3896-11-5.jpg\",\"contentUrl\":\"https:\\\/\\\/changhongchemical.com\\\/wp-content\\\/uploads\\\/2022\\\/11\\\/3896-11-5.jpg\",\"width\":600,\"height\":600},{\"@type\":\"BreadcrumbList\",\"@id\":\"https:\\\/\\\/changhongchemical.com\\\/product\\\/lcsorb-uv-326-cas-3896-11-5\\\/#breadcrumb\",\"itemListElement\":[{\"@type\":\"ListItem\",\"position\":1,\"name\":\"Home\",\"item\":\"https:\\\/\\\/changhongchemical.com\\\/\"},{\"@type\":\"ListItem\",\"position\":2,\"name\":\"Products Changhong\",\"item\":\"https:\\\/\\\/changhongchemical.com\\\/product\\\/\"},{\"@type\":\"ListItem\",\"position\":3,\"name\":\"CHLUMIUV\u00ae UV-326 \\\/Tinuvin-326 \\\/Eversorb 73 CAS 3896-11-5\"}]},{\"@type\":\"WebSite\",\"@id\":\"https:\\\/\\\/changhongchemical.com\\\/#website\",\"url\":\"https:\\\/\\\/changhongchemical.com\\\/\",\"name\":\"Changhong Chemical\",\"description\":\"China chemical manufacturer \uff06 supplier\",\"publisher\":{\"@id\":\"https:\\\/\\\/changhongchemical.com\\\/#organization\"},\"potentialAction\":[{\"@type\":\"SearchAction\",\"target\":{\"@type\":\"EntryPoint\",\"urlTemplate\":\"https:\\\/\\\/changhongchemical.com\\\/?s={search_term_string}\"},\"query-input\":{\"@type\":\"PropertyValueSpecification\",\"valueRequired\":true,\"valueName\":\"search_term_string\"}}],\"inLanguage\":\"fr-FR\"},{\"@type\":\"Organization\",\"@id\":\"https:\\\/\\\/changhongchemical.com\\\/#organization\",\"name\":\"Changhong Chemical\",\"url\":\"https:\\\/\\\/changhongchemical.com\\\/\",\"logo\":{\"@type\":\"ImageObject\",\"inLanguage\":\"fr-FR\",\"@id\":\"https:\\\/\\\/changhongchemical.com\\\/#\\\/schema\\\/logo\\\/image\\\/\",\"url\":\"https:\\\/\\\/changhongchemical.com\\\/wp-content\\\/uploads\\\/2020\\\/08\\\/cropped-longchang-logo.png\",\"contentUrl\":\"https:\\\/\\\/changhongchemical.com\\\/wp-content\\\/uploads\\\/2020\\\/08\\\/cropped-longchang-logo.png\",\"width\":512,\"height\":512,\"caption\":\"Changhong Chemical\"},\"image\":{\"@id\":\"https:\\\/\\\/changhongchemical.com\\\/#\\\/schema\\\/logo\\\/image\\\/\"}}]}<\/script>\n<!-- \/ Yoast SEO plugin. -->","yoast_head_json":{"title":"China UV-326 \/Tinuvin-326 \/Eversorb 73 CAS 3896-11-5 manufacturer - Changhong Chemical","description":"UV-326 \/Tinuvin-326 \/Eversorb 73 CAS 3896-11-5 est un produit cl\u00e9 de Changhong Chemical. Nous fournissons le meilleur prix. Nous sommes le principal fabricant en Chine avec la meilleure qualit\u00e9 et un prix comp\u00e9titif. Autre nom : Bumetrizole ; Bumetrizolum ; Tinuvin-326 ; UV Absorber-6 ; Bumetrizol ; Eversorb 73 ; RIASORB UV-326 ; Milestab 326 ;\u00a0","robots":{"index":"index","follow":"follow","max-snippet":"max-snippet:-1","max-image-preview":"max-image-preview:large","max-video-preview":"max-video-preview:-1"},"canonical":"https:\/\/changhongchemical.com\/fr\/product\/lcsorb-uv-326-cas-3896-11-5\/","og_locale":"fr_FR","og_type":"article","og_title":"China UV-326 \/Tinuvin-326 \/Eversorb 73 CAS 3896-11-5 manufacturer - Changhong Chemical","og_description":"UV-326 \/Tinuvin-326 \/Eversorb 73 CAS 3896-11-5 is a key product of Changhong Chemical. We provide the best price. We are the leading manufacturer in China with the best quality and competitive price. Other Name:\u00a0Bumetrizole;\u00a0Bumetrizolum;\u00a0Tinuvin-326;\u00a0UV Absorber-6;\u00a0Bumetrizol;\u00a0Eversorb 73;\u00a0RIASORB UV-326;\u00a0Milestab 326;\u00a0","og_url":"https:\/\/changhongchemical.com\/fr\/product\/lcsorb-uv-326-cas-3896-11-5\/","og_site_name":"Changhong Chemical","article_modified_time":"2026-01-08T04:11:23+00:00","og_image":[{"width":600,"height":600,"url":"https:\/\/changhongchemical.com\/wp-content\/uploads\/2022\/11\/3896-11-5.jpg","type":"image\/jpeg"}],"twitter_card":"summary_large_image","twitter_misc":{"Dur\u00e9e de lecture estim\u00e9e":"2 minutes"},"schema":{"@context":"https:\/\/schema.org","@graph":[{"@type":"WebPage","@id":"https:\/\/changhongchemical.com\/product\/lcsorb-uv-326-cas-3896-11-5\/","url":"https:\/\/changhongchemical.com\/product\/lcsorb-uv-326-cas-3896-11-5\/","name":"China UV-326 \/Tinuvin-326 \/Eversorb 73 CAS 3896-11-5 manufacturer - Changhong Chemical","isPartOf":{"@id":"https:\/\/changhongchemical.com\/#website"},"primaryImageOfPage":{"@id":"https:\/\/changhongchemical.com\/product\/lcsorb-uv-326-cas-3896-11-5\/#primaryimage"},"image":{"@id":"https:\/\/changhongchemical.com\/product\/lcsorb-uv-326-cas-3896-11-5\/#primaryimage"},"thumbnailUrl":"https:\/\/changhongchemical.com\/wp-content\/uploads\/2022\/11\/3896-11-5.jpg","datePublished":"2022-11-26T14:20:39+00:00","dateModified":"2026-01-08T04:11:23+00:00","description":"UV-326 \/Tinuvin-326 \/Eversorb 73 CAS 3896-11-5 est un produit cl\u00e9 de Changhong Chemical. Nous fournissons le meilleur prix. Nous sommes le principal fabricant en Chine avec la meilleure qualit\u00e9 et un prix comp\u00e9titif. Autre nom : Bumetrizole ; Bumetrizolum ; Tinuvin-326 ; UV Absorber-6 ; Bumetrizol ; Eversorb 73 ; RIASORB UV-326 ; Milestab 326 ;\u00a0","breadcrumb":{"@id":"https:\/\/changhongchemical.com\/product\/lcsorb-uv-326-cas-3896-11-5\/#breadcrumb"},"inLanguage":"fr-FR","potentialAction":[{"@type":"ReadAction","target":["https:\/\/changhongchemical.com\/product\/lcsorb-uv-326-cas-3896-11-5\/"]}]},{"@type":"ImageObject","inLanguage":"fr-FR","@id":"https:\/\/changhongchemical.com\/product\/lcsorb-uv-326-cas-3896-11-5\/#primaryimage","url":"https:\/\/changhongchemical.com\/wp-content\/uploads\/2022\/11\/3896-11-5.jpg","contentUrl":"https:\/\/changhongchemical.com\/wp-content\/uploads\/2022\/11\/3896-11-5.jpg","width":600,"height":600},{"@type":"BreadcrumbList","@id":"https:\/\/changhongchemical.com\/product\/lcsorb-uv-326-cas-3896-11-5\/#breadcrumb","itemListElement":[{"@type":"ListItem","position":1,"name":"Home","item":"https:\/\/changhongchemical.com\/"},{"@type":"ListItem","position":2,"name":"Products Changhong","item":"https:\/\/changhongchemical.com\/product\/"},{"@type":"ListItem","position":3,"name":"CHLUMIUV\u00ae UV-326 \/Tinuvin-326 \/Eversorb 73 CAS 3896-11-5"}]},{"@type":"WebSite","@id":"https:\/\/changhongchemical.com\/#website","url":"https:\/\/changhongchemical.com\/","name":"Changhong Chemical","description":"Fabricant chinois de produits chimiques \uff06 fournisseur","publisher":{"@id":"https:\/\/changhongchemical.com\/#organization"},"potentialAction":[{"@type":"SearchAction","target":{"@type":"EntryPoint","urlTemplate":"https:\/\/changhongchemical.com\/?s={search_term_string}"},"query-input":{"@type":"PropertyValueSpecification","valueRequired":true,"valueName":"search_term_string"}}],"inLanguage":"fr-FR"},{"@type":"Organization","@id":"https:\/\/changhongchemical.com\/#organization","name":"Changhong Chemical","url":"https:\/\/changhongchemical.com\/","logo":{"@type":"ImageObject","inLanguage":"fr-FR","@id":"https:\/\/changhongchemical.com\/#\/schema\/logo\/image\/","url":"https:\/\/changhongchemical.com\/wp-content\/uploads\/2020\/08\/cropped-longchang-logo.png","contentUrl":"https:\/\/changhongchemical.com\/wp-content\/uploads\/2020\/08\/cropped-longchang-logo.png","width":512,"height":512,"caption":"Changhong Chemical"},"image":{"@id":"https:\/\/changhongchemical.com\/#\/schema\/logo\/image\/"}}]}},"_links":{"self":[{"href":"https:\/\/changhongchemical.com\/fr\/wp-json\/wp\/v2\/product\/5752","targetHints":{"allow":["GET"]}}],"collection":[{"href":"https:\/\/changhongchemical.com\/fr\/wp-json\/wp\/v2\/product"}],"about":[{"href":"https:\/\/changhongchemical.com\/fr\/wp-json\/wp\/v2\/types\/product"}],"replies":[{"embeddable":true,"href":"https:\/\/changhongchemical.com\/fr\/wp-json\/wp\/v2\/comments?post=5752"}],"wp:featuredmedia":[{"embeddable":true,"href":"https:\/\/changhongchemical.com\/fr\/wp-json\/wp\/v2\/media\/7962"}],"wp:attachment":[{"href":"https:\/\/changhongchemical.com\/fr\/wp-json\/wp\/v2\/media?parent=5752"}],"wp:term":[{"taxonomy":"product_brand","embeddable":true,"href":"https:\/\/changhongchemical.com\/fr\/wp-json\/wp\/v2\/product_brand?post=5752"},{"taxonomy":"product_cat","embeddable":true,"href":"https:\/\/changhongchemical.com\/fr\/wp-json\/wp\/v2\/product_cat?post=5752"},{"taxonomy":"product_tag","embeddable":true,"href":"https:\/\/changhongchemical.com\/fr\/wp-json\/wp\/v2\/product_tag?post=5752"}],"curies":[{"name":"wp","href":"https:\/\/api.w.org\/{rel}","templated":true}]}}