{"id":3369,"date":"2020-10-14T07:42:41","date_gmt":"2020-10-14T07:42:41","guid":{"rendered":"https:\/\/changhongchemical.com\/?post_type=product&#038;p=3369"},"modified":"2026-01-06T08:57:37","modified_gmt":"2026-01-06T08:57:37","slug":"light-stabilizer-123-tinuvin-123-cas-129757-67-1","status":"publish","type":"product","link":"https:\/\/changhongchemical.com\/fr\/product\/light-stabilizer-123-tinuvin-123-cas-129757-67-1\/","title":{"rendered":"CHLUMILS\u00ae UV-123 \/ HALS 123 \/ Light Stabilizer 123 \/ Tinuvin 123 CAS 129757-67-1"},"content":{"rendered":"<h1><strong>UV-123 \/ Stabilisateur de lumi\u00e8re 123 \/ Tinuvin 123<\/strong><\/h1>\n<p>&nbsp;<\/p>\n<table class=\"table-1\" cellspacing=\"0\">\n<tbody>\n<tr>\n<td>\n<h4>Objet<\/h4>\n<\/td>\n<td>\n<h4>Index<\/h4>\n<\/td>\n<\/tr>\n<tr>\n<td>\n<h4>Apparence<\/h4>\n<\/td>\n<td>\n<h4>Liquide jaune p\u00e2le<\/h4>\n<\/td>\n<\/tr>\n<tr>\n<td>\n<h4>Point d'\u00e9bullition<\/h4>\n<\/td>\n<td>\n<h4>499,8\u00b0C \u00e0 760 mmHg<\/h4>\n<\/td>\n<\/tr>\n<tr>\n<td>\n<h4>Point d'\u00e9clair<\/h4>\n<\/td>\n<td>\n<h4>256\u00b0C<\/h4>\n<\/td>\n<\/tr>\n<tr>\n<td>\n<h4>Pression de vapeur<\/h4>\n<\/td>\n<td>\n<h4>4,03E-10mmHg \u00e0 25\u00b0C<\/h4>\n<\/td>\n<\/tr>\n<\/tbody>\n<\/table>\n<h2><\/h2>\n<h2><strong>Qu'est-ce que le stabilisateur de lumi\u00e8re 123 (Tinuvin 123) ?<\/strong><\/h2>\n<h4>Le stabilisateur de lumi\u00e8re 123 est un pi\u00e9geur de radicaux tr\u00e8s efficace qui appartient \u00e0 la famille des stabilisateurs de lumi\u00e8re \u00e0 amines encombr\u00e9es (HALS), des stabilisateurs bas\u00e9s sur une fonctionnalit\u00e9 d'amino-\u00e9ther.<\/h4>\n<h2><strong>Utilisation du stabilisateur de lumi\u00e8re 123 (Tinuvin 123)<\/strong><\/h2>\n<h4>1. Le stabilisateur de lumi\u00e8re 123 (Tinuvin 123) est un HALS liquide \u00e0 faible basicit\u00e9 et d'une stabilit\u00e9 \u00e0 la lumi\u00e8re exceptionnelle dans des applications telles que les rev\u00eatements, les encres d'imprimerie et les laques de polyur\u00e9thane.<\/h4>\n<h4>2. Il emp\u00eache le gonflement, le d\u00e9collement ou le farinage de la surface des peintures pigment\u00e9es et convient particuli\u00e8rement aux rev\u00eatements automobiles et industriels \u00e0 haute teneur en solides et atalys\u00e9s \u00e0 l'acide, avec une grande efficacit\u00e9.<\/h4>\n<h4>3. Bien qu'il ne soit pas soluble dans l'eau, sa forme liquide permet une \u00e9mulsification facile dans l'eau. Il a \u00e9galement un fort effet synergique lorsqu'il est utilis\u00e9 avec un absorbeur d'UV.<\/h4>\n<h4>Ce produit peut remplacer UV-123 ; UV 123 ; Tinuvin 123 ; THASORB UV-123 ; SUNSORB LS-123 ; Omnistab LS 123 ; Omnistab 123 ; Milestab 123 ; Eversorb 95 ; Chiguard 101.<\/h4>\n<p>&nbsp;<\/p>\n<h2><strong>Stabilisateur de lumi\u00e8re 123 (Tinuvin 123) Emballage et exp\u00e9dition<\/strong><\/h2>\n<h4>Emballage : 25kg ou 200L\/tambour.<\/h4>\n<h4>Livraison : dans les 5 \u00e0 7 jours ouvrables.<\/h4>\n<h4><\/h4>\n<h2><strong>Stockage du stabilisateur l\u00e9ger 123 (Tinuvin 123)<\/strong><\/h2>\n<h4>Stock\u00e9 dans un endroit frais et sec, \u00e0 l'abri de la lumi\u00e8re directe du soleil.<\/h4>\n<p>&nbsp;<\/p>\n<h2><strong>Produits de la m\u00eame s\u00e9rie<\/strong><\/h2>\n<table width=\"546\">\n<tbody>\n<tr>\n<td width=\"399\">\n<h4><a href=\"https:\/\/changhongchemical.com\/product\/hals-119-light-stabilizer-119-chimassorb-119\/\"><span style=\"color: #0000ff;\">HALS 119 \/ STABILISATEUR DE LUMI\u00c8RE 119 \/ CHIMASSORB 119<\/span><\/a><\/h4>\n<\/td>\n<td width=\"147\">\n<h4>106990-43-6<\/h4>\n<\/td>\n<\/tr>\n<tr>\n<td>\n<h4>HALS 123 \/ STABILISATEUR DE LUMI\u00c8RE 123 \/ TINUVIN 123<\/h4>\n<\/td>\n<td>\n<h4>129757-67-1<\/h4>\n<\/td>\n<\/tr>\n<tr>\n<td>\n<h4><a href=\"https:\/\/changhongchemical.com\/product\/light-stabilizer-622-tinuvin-622-cas-65447-77-0\/\"><span style=\"color: #0000ff;\">HALS 622 \/ STABILISATEUR DE LUMI\u00c8RE 622 \/ TINUVIN 622<\/span><\/a><\/h4>\n<\/td>\n<td>\n<h4><span style=\"color: #000000;\">65447-77-0<\/span><\/h4>\n<\/td>\n<\/tr>\n<tr>\n<td>\n<h4><a href=\"https:\/\/changhongchemical.com\/product\/light-stabilizer-770-tinuvin-770-cas-52829-07-9\/\"><span style=\"color: #0000ff;\">HALS 770 \/ STABILISATEUR DE LUMI\u00c8RE 770 \/ TINUVIN 770<\/span><\/a><\/h4>\n<\/td>\n<td>\n<h4>52829-07-9<\/h4>\n<\/td>\n<\/tr>\n<tr>\n<td>\n<h4><a href=\"https:\/\/changhongchemical.com\/product\/uv-light-stabilizer-783-tinuvin-783\/\"><span style=\"color: #0000ff;\">HALS 783 \/ UV LIGHT STABILIZER 783 \/ TINUVIN 783<\/span><\/a><\/h4>\n<\/td>\n<td><\/td>\n<\/tr>\n<tr>\n<td>\n<h4><a href=\"https:\/\/changhongchemical.com\/product\/light-stabilizer-791-tinuvin-791\/\"><span style=\"color: #0000ff;\">HALS 791 \/ STABILISATEUR DE LUMI\u00c8RE 791 \/ TINUVIN 791<\/span><\/a><\/h4>\n<\/td>\n<td><\/td>\n<\/tr>\n<tr>\n<td>\n<h4><a href=\"https:\/\/changhongchemical.com\/product\/light-stabilizer-944-cas-70624-18-9\/\"><span style=\"color: #0000ff;\">HALS 944 LIGHT STABILIZER-944 CHIMASORB 944<\/span><\/a><\/h4>\n<\/td>\n<td>\n<h4>70624-18-9 \/ 71878-19-8<\/h4>\n<\/td>\n<\/tr>\n<\/tbody>\n<\/table>\n<h2><strong><b>Contactez-nous d\u00e8s maintenant !<\/b><\/strong><\/h2>\n<h4><strong><b>Si vous avez besoin de COA, MSDS ou TDS, veuillez indiquer vos coordonn\u00e9es dans le formulaire ci-dessous. Nous vous contacterons g\u00e9n\u00e9ralement dans les 24 heures. <\/b><\/strong> Vous pouvez \u00e9galement m'envoyer un courriel <a href=\"mailto:info@changhongchemical.com\"><span style=\"color: #0000ff;\"><strong>info@longchangchemical<\/strong><\/span>.com<\/a> pendant les heures de travail ( 8:30 am to 6:00 pm UTC+8 Mon.~Sat. ) ou utilisez le chat en direct du site web pour obtenir une r\u00e9ponse rapide.<\/h4>","protected":false},"excerpt":{"rendered":"<h4>Nom chimique : S\u00e9bacate de bis-(1-octyloxy-2,2,6,6-t\u00e9tram\u00e9thyl-4-pip\u00e9ridinyle)<\/h4>\n<h4>Nom du produit : Stabilisateur de lumi\u00e8re 123 ; HALS HS-112<\/h4>\n<h4>Noms commerciaux : UV-123 ; UV 123 ; Tinuvin 123 ; THASORB UV-123 ; SUNSORB LS-123 ; Omnistab LS 123 ; Omnistab 123 ; Milestab 123 ; Eversorb 95 ; Chiguard 101<\/h4>\n<h4>Num\u00e9ro CAS : 129757-67-1<\/h4>\n<h4>Formule mol\u00e9culaire : C40H80N2O6<\/h4>\n<h4>Poids mol\u00e9culaire : 737,15<\/h4>\n<h4>Structure mol\u00e9culaire :<img decoding=\"async\" title=\"TINUVIN 123 Structure\" src=\"https:\/\/changhongchemical.com\/wp-content\/uploads\/product-details\/20200612005835.png\" alt=\"TINUVIN 123 Structure\" width=\"273\" height=\"192\" border=\"0\" vspace=\"0\" \/><\/h4>","protected":false},"featured_media":3370,"comment_status":"open","ping_status":"closed","template":"","meta":[],"product_brand":[],"product_cat":[104],"product_tag":[],"class_list":{"0":"post-3369","1":"product","2":"type-product","3":"status-publish","4":"has-post-thumbnail","6":"product_cat-light-stabilizer","8":"first","9":"instock","10":"shipping-taxable","11":"product-type-simple"},"yoast_head":"<!-- This site is optimized with the Yoast SEO plugin v27.4 - https:\/\/yoast.com\/product\/yoast-seo-wordpress\/ -->\n<title>China HALS 123 \/ Light stabilizer 123 \/ Tinuvin 123 CAS 129757-67-1 manufacturer - Changhong Chemical<\/title>\n<meta name=\"description\" content=\"Changhong Chemical is a leading supplier and manufacturer of HALS 123 \/ Light stabilizer 123 \/ Tinuvin 123 CAS 129757-67-1 in China. Buy Light stabilizer 123 \/ Tinuvin 123 in china. We can provide the best Tinuvin 123 price. This product can replace UV-123; UV 123; Tinuvin 123; THASORB UV-123; SUNSORB LS-123; Omnistab LS 123; Omnistab 123; Milestab 123; Eversorb 95; Chiguard 101.\" \/>\n<meta name=\"robots\" content=\"index, follow, max-snippet:-1, max-image-preview:large, max-video-preview:-1\" \/>\n<link rel=\"canonical\" href=\"https:\/\/changhongchemical.com\/fr\/product\/light-stabilizer-123-tinuvin-123-cas-129757-67-1\/\" \/>\n<meta property=\"og:locale\" content=\"fr_FR\" \/>\n<meta property=\"og:type\" content=\"article\" \/>\n<meta property=\"og:title\" content=\"China HALS 123 \/ Light stabilizer 123 \/ Tinuvin 123 CAS 129757-67-1 manufacturer - Changhong Chemical\" \/>\n<meta property=\"og:description\" content=\"Changhong Chemical is a leading supplier and manufacturer of HALS 123 \/ Light stabilizer 123 \/ Tinuvin 123 CAS 129757-67-1 in China. Buy Light stabilizer 123 \/ Tinuvin 123 in china. We can provide the best Tinuvin 123 price. This product can replace UV-123; UV 123; Tinuvin 123; THASORB UV-123; SUNSORB LS-123; Omnistab LS 123; Omnistab 123; Milestab 123; Eversorb 95; Chiguard 101.\" \/>\n<meta property=\"og:url\" content=\"https:\/\/changhongchemical.com\/fr\/product\/light-stabilizer-123-tinuvin-123-cas-129757-67-1\/\" \/>\n<meta property=\"og:site_name\" content=\"Changhong Chemical\" \/>\n<meta property=\"article:modified_time\" content=\"2026-01-06T08:57:37+00:00\" \/>\n<meta property=\"og:image\" content=\"https:\/\/changhongchemical.com\/wp-content\/uploads\/2020\/10\/Light-Stabilizer-123-appearance.jpg\" \/>\n\t<meta property=\"og:image:width\" content=\"600\" \/>\n\t<meta property=\"og:image:height\" content=\"800\" \/>\n\t<meta property=\"og:image:type\" content=\"image\/jpeg\" \/>\n<meta name=\"twitter:card\" content=\"summary_large_image\" \/>\n<meta name=\"twitter:label1\" content=\"Dur\u00e9e de lecture estim\u00e9e\" \/>\n\t<meta name=\"twitter:data1\" content=\"2 minutes\" \/>\n<script type=\"application\/ld+json\" class=\"yoast-schema-graph\">{\"@context\":\"https:\\\/\\\/schema.org\",\"@graph\":[{\"@type\":\"WebPage\",\"@id\":\"https:\\\/\\\/changhongchemical.com\\\/product\\\/light-stabilizer-123-tinuvin-123-cas-129757-67-1\\\/\",\"url\":\"https:\\\/\\\/changhongchemical.com\\\/product\\\/light-stabilizer-123-tinuvin-123-cas-129757-67-1\\\/\",\"name\":\"China HALS 123 \\\/ Light stabilizer 123 \\\/ Tinuvin 123 CAS 129757-67-1 manufacturer - Changhong Chemical\",\"isPartOf\":{\"@id\":\"https:\\\/\\\/changhongchemical.com\\\/#website\"},\"primaryImageOfPage\":{\"@id\":\"https:\\\/\\\/changhongchemical.com\\\/product\\\/light-stabilizer-123-tinuvin-123-cas-129757-67-1\\\/#primaryimage\"},\"image\":{\"@id\":\"https:\\\/\\\/changhongchemical.com\\\/product\\\/light-stabilizer-123-tinuvin-123-cas-129757-67-1\\\/#primaryimage\"},\"thumbnailUrl\":\"https:\\\/\\\/changhongchemical.com\\\/wp-content\\\/uploads\\\/2020\\\/10\\\/Light-Stabilizer-123-appearance.jpg\",\"datePublished\":\"2020-10-14T07:42:41+00:00\",\"dateModified\":\"2026-01-06T08:57:37+00:00\",\"description\":\"Changhong Chemical is a leading supplier and manufacturer of HALS 123 \\\/ Light stabilizer 123 \\\/ Tinuvin 123 CAS 129757-67-1 in China. Buy Light stabilizer 123 \\\/ Tinuvin 123 in china. We can provide the best Tinuvin 123 price. This product can replace UV-123; UV 123; Tinuvin 123; THASORB UV-123; SUNSORB LS-123; Omnistab LS 123; Omnistab 123; Milestab 123; Eversorb 95; Chiguard 101.\",\"breadcrumb\":{\"@id\":\"https:\\\/\\\/changhongchemical.com\\\/product\\\/light-stabilizer-123-tinuvin-123-cas-129757-67-1\\\/#breadcrumb\"},\"inLanguage\":\"fr-FR\",\"potentialAction\":[{\"@type\":\"ReadAction\",\"target\":[\"https:\\\/\\\/changhongchemical.com\\\/product\\\/light-stabilizer-123-tinuvin-123-cas-129757-67-1\\\/\"]}]},{\"@type\":\"ImageObject\",\"inLanguage\":\"fr-FR\",\"@id\":\"https:\\\/\\\/changhongchemical.com\\\/product\\\/light-stabilizer-123-tinuvin-123-cas-129757-67-1\\\/#primaryimage\",\"url\":\"https:\\\/\\\/changhongchemical.com\\\/wp-content\\\/uploads\\\/2020\\\/10\\\/Light-Stabilizer-123-appearance.jpg\",\"contentUrl\":\"https:\\\/\\\/changhongchemical.com\\\/wp-content\\\/uploads\\\/2020\\\/10\\\/Light-Stabilizer-123-appearance.jpg\",\"width\":600,\"height\":800,\"caption\":\"Light Stabilizer 123 appearance\"},{\"@type\":\"BreadcrumbList\",\"@id\":\"https:\\\/\\\/changhongchemical.com\\\/product\\\/light-stabilizer-123-tinuvin-123-cas-129757-67-1\\\/#breadcrumb\",\"itemListElement\":[{\"@type\":\"ListItem\",\"position\":1,\"name\":\"Home\",\"item\":\"https:\\\/\\\/changhongchemical.com\\\/\"},{\"@type\":\"ListItem\",\"position\":2,\"name\":\"Products Changhong\",\"item\":\"https:\\\/\\\/changhongchemical.com\\\/product\\\/\"},{\"@type\":\"ListItem\",\"position\":3,\"name\":\"CHLUMILS\u00ae UV-123 \\\/ HALS 123 \\\/ Light Stabilizer 123 \\\/ Tinuvin 123 CAS 129757-67-1\"}]},{\"@type\":\"WebSite\",\"@id\":\"https:\\\/\\\/changhongchemical.com\\\/#website\",\"url\":\"https:\\\/\\\/changhongchemical.com\\\/\",\"name\":\"Changhong Chemical\",\"description\":\"China chemical manufacturer \uff06 supplier\",\"publisher\":{\"@id\":\"https:\\\/\\\/changhongchemical.com\\\/#organization\"},\"potentialAction\":[{\"@type\":\"SearchAction\",\"target\":{\"@type\":\"EntryPoint\",\"urlTemplate\":\"https:\\\/\\\/changhongchemical.com\\\/?s={search_term_string}\"},\"query-input\":{\"@type\":\"PropertyValueSpecification\",\"valueRequired\":true,\"valueName\":\"search_term_string\"}}],\"inLanguage\":\"fr-FR\"},{\"@type\":\"Organization\",\"@id\":\"https:\\\/\\\/changhongchemical.com\\\/#organization\",\"name\":\"Changhong Chemical\",\"url\":\"https:\\\/\\\/changhongchemical.com\\\/\",\"logo\":{\"@type\":\"ImageObject\",\"inLanguage\":\"fr-FR\",\"@id\":\"https:\\\/\\\/changhongchemical.com\\\/#\\\/schema\\\/logo\\\/image\\\/\",\"url\":\"https:\\\/\\\/changhongchemical.com\\\/wp-content\\\/uploads\\\/2020\\\/08\\\/cropped-longchang-logo.png\",\"contentUrl\":\"https:\\\/\\\/changhongchemical.com\\\/wp-content\\\/uploads\\\/2020\\\/08\\\/cropped-longchang-logo.png\",\"width\":512,\"height\":512,\"caption\":\"Changhong Chemical\"},\"image\":{\"@id\":\"https:\\\/\\\/changhongchemical.com\\\/#\\\/schema\\\/logo\\\/image\\\/\"}}]}<\/script>\n<!-- \/ Yoast SEO plugin. -->","yoast_head_json":{"title":"China HALS 123 \/ Light stabilizer 123 \/ Tinuvin 123 CAS 129757-67-1 manufacturer - Changhong Chemical","description":"Changhong Chemical est un fournisseur et fabricant leader de HALS 123 \/ Light stabilizer 123 \/ Tinuvin 123 CAS 129757-67-1 en Chine. Acheter stabilisateur de lumi\u00e8re 123 \/ Tinuvin 123 en Chine. Nous pouvons vous fournir le meilleur prix de Tinuvin 123. Ce produit peut remplacer UV-123 ; UV 123 ; Tinuvin 123 ; THASORB UV-123 ; SUNSORB LS-123 ; Omnistab LS 123 ; Omnistab 123 ; Milestab 123 ; Eversorb 95 ; Chiguard 101.","robots":{"index":"index","follow":"follow","max-snippet":"max-snippet:-1","max-image-preview":"max-image-preview:large","max-video-preview":"max-video-preview:-1"},"canonical":"https:\/\/changhongchemical.com\/fr\/product\/light-stabilizer-123-tinuvin-123-cas-129757-67-1\/","og_locale":"fr_FR","og_type":"article","og_title":"China HALS 123 \/ Light stabilizer 123 \/ Tinuvin 123 CAS 129757-67-1 manufacturer - Changhong Chemical","og_description":"Changhong Chemical is a leading supplier and manufacturer of HALS 123 \/ Light stabilizer 123 \/ Tinuvin 123 CAS 129757-67-1 in China. Buy Light stabilizer 123 \/ Tinuvin 123 in china. We can provide the best Tinuvin 123 price. This product can replace UV-123; UV 123; Tinuvin 123; THASORB UV-123; SUNSORB LS-123; Omnistab LS 123; Omnistab 123; Milestab 123; Eversorb 95; Chiguard 101.","og_url":"https:\/\/changhongchemical.com\/fr\/product\/light-stabilizer-123-tinuvin-123-cas-129757-67-1\/","og_site_name":"Changhong Chemical","article_modified_time":"2026-01-06T08:57:37+00:00","og_image":[{"width":600,"height":800,"url":"https:\/\/changhongchemical.com\/wp-content\/uploads\/2020\/10\/Light-Stabilizer-123-appearance.jpg","type":"image\/jpeg"}],"twitter_card":"summary_large_image","twitter_misc":{"Dur\u00e9e de lecture estim\u00e9e":"2 minutes"},"schema":{"@context":"https:\/\/schema.org","@graph":[{"@type":"WebPage","@id":"https:\/\/changhongchemical.com\/product\/light-stabilizer-123-tinuvin-123-cas-129757-67-1\/","url":"https:\/\/changhongchemical.com\/product\/light-stabilizer-123-tinuvin-123-cas-129757-67-1\/","name":"China HALS 123 \/ Light stabilizer 123 \/ Tinuvin 123 CAS 129757-67-1 manufacturer - Changhong Chemical","isPartOf":{"@id":"https:\/\/changhongchemical.com\/#website"},"primaryImageOfPage":{"@id":"https:\/\/changhongchemical.com\/product\/light-stabilizer-123-tinuvin-123-cas-129757-67-1\/#primaryimage"},"image":{"@id":"https:\/\/changhongchemical.com\/product\/light-stabilizer-123-tinuvin-123-cas-129757-67-1\/#primaryimage"},"thumbnailUrl":"https:\/\/changhongchemical.com\/wp-content\/uploads\/2020\/10\/Light-Stabilizer-123-appearance.jpg","datePublished":"2020-10-14T07:42:41+00:00","dateModified":"2026-01-06T08:57:37+00:00","description":"Changhong Chemical est un fournisseur et fabricant leader de HALS 123 \/ Light stabilizer 123 \/ Tinuvin 123 CAS 129757-67-1 en Chine. Acheter stabilisateur de lumi\u00e8re 123 \/ Tinuvin 123 en Chine. Nous pouvons vous fournir le meilleur prix de Tinuvin 123. Ce produit peut remplacer UV-123 ; UV 123 ; Tinuvin 123 ; THASORB UV-123 ; SUNSORB LS-123 ; Omnistab LS 123 ; Omnistab 123 ; Milestab 123 ; Eversorb 95 ; Chiguard 101.","breadcrumb":{"@id":"https:\/\/changhongchemical.com\/product\/light-stabilizer-123-tinuvin-123-cas-129757-67-1\/#breadcrumb"},"inLanguage":"fr-FR","potentialAction":[{"@type":"ReadAction","target":["https:\/\/changhongchemical.com\/product\/light-stabilizer-123-tinuvin-123-cas-129757-67-1\/"]}]},{"@type":"ImageObject","inLanguage":"fr-FR","@id":"https:\/\/changhongchemical.com\/product\/light-stabilizer-123-tinuvin-123-cas-129757-67-1\/#primaryimage","url":"https:\/\/changhongchemical.com\/wp-content\/uploads\/2020\/10\/Light-Stabilizer-123-appearance.jpg","contentUrl":"https:\/\/changhongchemical.com\/wp-content\/uploads\/2020\/10\/Light-Stabilizer-123-appearance.jpg","width":600,"height":800,"caption":"Light Stabilizer 123 appearance"},{"@type":"BreadcrumbList","@id":"https:\/\/changhongchemical.com\/product\/light-stabilizer-123-tinuvin-123-cas-129757-67-1\/#breadcrumb","itemListElement":[{"@type":"ListItem","position":1,"name":"Home","item":"https:\/\/changhongchemical.com\/"},{"@type":"ListItem","position":2,"name":"Products Changhong","item":"https:\/\/changhongchemical.com\/product\/"},{"@type":"ListItem","position":3,"name":"CHLUMILS\u00ae UV-123 \/ HALS 123 \/ Light Stabilizer 123 \/ Tinuvin 123 CAS 129757-67-1"}]},{"@type":"WebSite","@id":"https:\/\/changhongchemical.com\/#website","url":"https:\/\/changhongchemical.com\/","name":"Changhong Chemical","description":"Fabricant chinois de produits chimiques \uff06 fournisseur","publisher":{"@id":"https:\/\/changhongchemical.com\/#organization"},"potentialAction":[{"@type":"SearchAction","target":{"@type":"EntryPoint","urlTemplate":"https:\/\/changhongchemical.com\/?s={search_term_string}"},"query-input":{"@type":"PropertyValueSpecification","valueRequired":true,"valueName":"search_term_string"}}],"inLanguage":"fr-FR"},{"@type":"Organization","@id":"https:\/\/changhongchemical.com\/#organization","name":"Changhong Chemical","url":"https:\/\/changhongchemical.com\/","logo":{"@type":"ImageObject","inLanguage":"fr-FR","@id":"https:\/\/changhongchemical.com\/#\/schema\/logo\/image\/","url":"https:\/\/changhongchemical.com\/wp-content\/uploads\/2020\/08\/cropped-longchang-logo.png","contentUrl":"https:\/\/changhongchemical.com\/wp-content\/uploads\/2020\/08\/cropped-longchang-logo.png","width":512,"height":512,"caption":"Changhong Chemical"},"image":{"@id":"https:\/\/changhongchemical.com\/#\/schema\/logo\/image\/"}}]}},"_links":{"self":[{"href":"https:\/\/changhongchemical.com\/fr\/wp-json\/wp\/v2\/product\/3369","targetHints":{"allow":["GET"]}}],"collection":[{"href":"https:\/\/changhongchemical.com\/fr\/wp-json\/wp\/v2\/product"}],"about":[{"href":"https:\/\/changhongchemical.com\/fr\/wp-json\/wp\/v2\/types\/product"}],"replies":[{"embeddable":true,"href":"https:\/\/changhongchemical.com\/fr\/wp-json\/wp\/v2\/comments?post=3369"}],"wp:featuredmedia":[{"embeddable":true,"href":"https:\/\/changhongchemical.com\/fr\/wp-json\/wp\/v2\/media\/3370"}],"wp:attachment":[{"href":"https:\/\/changhongchemical.com\/fr\/wp-json\/wp\/v2\/media?parent=3369"}],"wp:term":[{"taxonomy":"product_brand","embeddable":true,"href":"https:\/\/changhongchemical.com\/fr\/wp-json\/wp\/v2\/product_brand?post=3369"},{"taxonomy":"product_cat","embeddable":true,"href":"https:\/\/changhongchemical.com\/fr\/wp-json\/wp\/v2\/product_cat?post=3369"},{"taxonomy":"product_tag","embeddable":true,"href":"https:\/\/changhongchemical.com\/fr\/wp-json\/wp\/v2\/product_tag?post=3369"}],"curies":[{"name":"wp","href":"https:\/\/api.w.org\/{rel}","templated":true}]}}