{"id":9293,"date":"2025-11-17T02:01:28","date_gmt":"2025-11-17T02:01:28","guid":{"rendered":"https:\/\/changhongchemical.com\/?post_type=product&#038;p=9293"},"modified":"2025-11-17T02:01:28","modified_gmt":"2025-11-17T02:01:28","slug":"chluminitone","status":"publish","type":"product","link":"https:\/\/changhongchemical.com\/de\/product\/chluminitone\/","title":{"rendered":"CHLUMINIT\u00aeONE"},"content":{"rendered":"<p><b>Spezifikation <\/b><\/p>\n<p>\u00c4u\u00dferes Erscheinungsbild: Wei\u00dfes bis cremefarbenes Pulver<\/p>\n<p>Inhalt: \u226598.0%<\/p>\n<p>Schmelzpunkt: 100-120\u00b0C<\/p>\n<p>L\u00f6slichkeit: Unl\u00f6slich in Wasser, l\u00f6slich in den meisten \u00fcblichen organischen L\u00f6sungsmitteln, Monomeren, Pr\u00e4polymeren; vertr\u00e4glich mit<\/p>\n<p>Harze.<\/p>\n<p><b>Anwendungen <\/b><\/p>\n<p>Klare Beschichtungen f\u00fcr Holz, Kunststoff, Papier, Metall, optische Fasern; Beschichtungen f\u00fcr Fu\u00dfb\u00f6den; Klebstoffe; Druckfarben, insbesondere<\/p>\n<p>f\u00fcr Lebensmittelverpackungen; Druckplatten.<\/p>\n<p>Die optimale Konzentration liegt zwischen 0,5 und 5% nach Gewicht und h\u00e4ngt von der Zusammensetzung des Systems, der Dicke und der<\/p>\n<p>gew\u00fcnschte Aush\u00e4rtungsgeschwindigkeit.<\/p>\n<p><b>Sicherheit und Handhabung <\/b><\/p>\n<p>Die folgenden Vorsichtsma\u00dfnahmen sollten bei der Handhabung beachtet werden:<\/p>\n<p>- Sorgen Sie f\u00fcr einen klaren und gut bel\u00fcfteten Arbeitsbereich<\/p>\n<p>- Kontakt mit der Haut vermeiden (Handschuhe)<\/p>\n<p>- Tragen Sie eine Schutzbrille, um Augenreizungen zu vermeiden<\/p>\n<p>Haltbarkeit: 12 Monate, wenn HRcure-ONE an einem trockenen Ort unter 25\u00b0C im Dunkeln gelagert wird.<\/p>","protected":false},"excerpt":{"rendered":"<p>&nbsp;<\/p>\n<p><strong>Hinweise zur Bewerbung<\/strong><\/p>\n<p>ist ein oligomeres polyfunktionelles \u0251-Hydroxyketon, das sich durch hohe Reaktivit\u00e4t und Nichtvergilbung auszeichnet<\/p>\n<p>Eigenschaften. Es wird besonders empfohlen, wenn keine Migration, geringer Geruch und geringe Vergilbung erforderlich sind.<\/p>\n<p>Es ist f\u00fcr wasserbasierte UV-h\u00e4rtende Systeme geeignet, wenn es in einem wasservertr\u00e4glichen L\u00f6sungsmittel vorverd\u00fcnnt wird.<\/p>","protected":false},"featured_media":0,"comment_status":"closed","ping_status":"closed","template":"","meta":[],"product_brand":[],"product_cat":[154],"product_tag":[],"class_list":{"0":"post-9293","1":"product","2":"type-product","3":"status-publish","5":"product_cat-aproducts","7":"first","8":"instock","9":"shipping-taxable","10":"product-type-simple"},"yoast_head":"<!-- This site is optimized with the Yoast SEO plugin v27.4 - https:\/\/yoast.com\/product\/yoast-seo-wordpress\/ -->\n<title>CHLUMINIT\u00aeONE - Changhong Chemical<\/title>\n<meta name=\"description\" content=\"is an oligomeric polyfunctional \u0251-hydroxyketone characterized by high reactivity and non-yellowingproperties. It is particularly recommended when no migration, low odor and low yellowing characteristics are required.It is suitable for water based UV curable systems when prediluted in a water compatible solvent.\" \/>\n<meta name=\"robots\" content=\"index, follow, max-snippet:-1, max-image-preview:large, max-video-preview:-1\" \/>\n<link rel=\"canonical\" href=\"https:\/\/changhongchemical.com\/de\/product\/chluminitone\/\" \/>\n<meta property=\"og:locale\" content=\"de_DE\" \/>\n<meta property=\"og:type\" content=\"article\" \/>\n<meta property=\"og:title\" content=\"CHLUMINIT\u00aeONE - Changhong Chemical\" \/>\n<meta property=\"og:description\" content=\"is an oligomeric polyfunctional \u0251-hydroxyketone characterized by high reactivity and non-yellowingproperties. It is particularly recommended when no migration, low odor and low yellowing characteristics are required.It is suitable for water based UV curable systems when prediluted in a water compatible solvent.\" \/>\n<meta property=\"og:url\" content=\"https:\/\/changhongchemical.com\/de\/product\/chluminitone\/\" \/>\n<meta property=\"og:site_name\" content=\"Changhong Chemical\" \/>\n<meta property=\"og:image\" content=\"https:\/\/changhongchemical.com\/wp-content\/uploads\/2024\/02\/logo-jpeg.jpg\" \/>\n\t<meta property=\"og:image:width\" content=\"1000\" \/>\n\t<meta property=\"og:image:height\" content=\"1000\" \/>\n\t<meta property=\"og:image:type\" content=\"image\/jpeg\" \/>\n<meta name=\"twitter:card\" content=\"summary_large_image\" \/>\n<meta name=\"twitter:label1\" content=\"Gesch\u00e4tzte Lesezeit\" \/>\n\t<meta name=\"twitter:data1\" content=\"1\u00a0Minute\" \/>\n<script type=\"application\/ld+json\" class=\"yoast-schema-graph\">{\"@context\":\"https:\\\/\\\/schema.org\",\"@graph\":[{\"@type\":\"WebPage\",\"@id\":\"https:\\\/\\\/changhongchemical.com\\\/product\\\/chluminitone\\\/\",\"url\":\"https:\\\/\\\/changhongchemical.com\\\/product\\\/chluminitone\\\/\",\"name\":\"CHLUMINIT\u00aeONE - Changhong Chemical\",\"isPartOf\":{\"@id\":\"https:\\\/\\\/changhongchemical.com\\\/#website\"},\"datePublished\":\"2025-11-17T02:01:28+00:00\",\"description\":\"is an oligomeric polyfunctional \u0251-hydroxyketone characterized by high reactivity and non-yellowingproperties. It is particularly recommended when no migration, low odor and low yellowing characteristics are required.It is suitable for water based UV curable systems when prediluted in a water compatible solvent.\",\"breadcrumb\":{\"@id\":\"https:\\\/\\\/changhongchemical.com\\\/product\\\/chluminitone\\\/#breadcrumb\"},\"inLanguage\":\"de\",\"potentialAction\":[{\"@type\":\"ReadAction\",\"target\":[\"https:\\\/\\\/changhongchemical.com\\\/product\\\/chluminitone\\\/\"]}]},{\"@type\":\"BreadcrumbList\",\"@id\":\"https:\\\/\\\/changhongchemical.com\\\/product\\\/chluminitone\\\/#breadcrumb\",\"itemListElement\":[{\"@type\":\"ListItem\",\"position\":1,\"name\":\"Home\",\"item\":\"https:\\\/\\\/changhongchemical.com\\\/\"},{\"@type\":\"ListItem\",\"position\":2,\"name\":\"Products Changhong\",\"item\":\"https:\\\/\\\/changhongchemical.com\\\/product\\\/\"},{\"@type\":\"ListItem\",\"position\":3,\"name\":\"CHLUMINIT\u00aeONE\"}]},{\"@type\":\"WebSite\",\"@id\":\"https:\\\/\\\/changhongchemical.com\\\/#website\",\"url\":\"https:\\\/\\\/changhongchemical.com\\\/\",\"name\":\"Changhong Chemical\",\"description\":\"China chemical manufacturer \uff06 supplier\",\"publisher\":{\"@id\":\"https:\\\/\\\/changhongchemical.com\\\/#organization\"},\"potentialAction\":[{\"@type\":\"SearchAction\",\"target\":{\"@type\":\"EntryPoint\",\"urlTemplate\":\"https:\\\/\\\/changhongchemical.com\\\/?s={search_term_string}\"},\"query-input\":{\"@type\":\"PropertyValueSpecification\",\"valueRequired\":true,\"valueName\":\"search_term_string\"}}],\"inLanguage\":\"de\"},{\"@type\":\"Organization\",\"@id\":\"https:\\\/\\\/changhongchemical.com\\\/#organization\",\"name\":\"Changhong Chemical\",\"url\":\"https:\\\/\\\/changhongchemical.com\\\/\",\"logo\":{\"@type\":\"ImageObject\",\"inLanguage\":\"de\",\"@id\":\"https:\\\/\\\/changhongchemical.com\\\/#\\\/schema\\\/logo\\\/image\\\/\",\"url\":\"https:\\\/\\\/changhongchemical.com\\\/wp-content\\\/uploads\\\/2020\\\/08\\\/cropped-longchang-logo.png\",\"contentUrl\":\"https:\\\/\\\/changhongchemical.com\\\/wp-content\\\/uploads\\\/2020\\\/08\\\/cropped-longchang-logo.png\",\"width\":512,\"height\":512,\"caption\":\"Changhong Chemical\"},\"image\":{\"@id\":\"https:\\\/\\\/changhongchemical.com\\\/#\\\/schema\\\/logo\\\/image\\\/\"}}]}<\/script>\n<!-- \/ Yoast SEO plugin. -->","yoast_head_json":{"title":"CHLUMINIT\u00aeONE - Changhong Chemical","description":"ist ein oligomeres polyfunktionelles \u0251-Hydroxyketon, das sich durch hohe Reaktivit\u00e4t und nicht vergilbende Eigenschaften auszeichnet. Es ist besonders empfehlenswert, wenn keine Migration, geringer Geruch und geringe Vergilbung erforderlich sind und eignet sich f\u00fcr wasserbasierte UV-h\u00e4rtende Systeme, wenn es in einem wasservertr\u00e4glichen L\u00f6sungsmittel vorverd\u00fcnnt wird.","robots":{"index":"index","follow":"follow","max-snippet":"max-snippet:-1","max-image-preview":"max-image-preview:large","max-video-preview":"max-video-preview:-1"},"canonical":"https:\/\/changhongchemical.com\/de\/product\/chluminitone\/","og_locale":"de_DE","og_type":"article","og_title":"CHLUMINIT\u00aeONE - Changhong Chemical","og_description":"is an oligomeric polyfunctional \u0251-hydroxyketone characterized by high reactivity and non-yellowingproperties. It is particularly recommended when no migration, low odor and low yellowing characteristics are required.It is suitable for water based UV curable systems when prediluted in a water compatible solvent.","og_url":"https:\/\/changhongchemical.com\/de\/product\/chluminitone\/","og_site_name":"Changhong Chemical","og_image":[{"width":1000,"height":1000,"url":"https:\/\/changhongchemical.com\/wp-content\/uploads\/2024\/02\/logo-jpeg.jpg","type":"image\/jpeg"}],"twitter_card":"summary_large_image","twitter_misc":{"Gesch\u00e4tzte Lesezeit":"1\u00a0Minute"},"schema":{"@context":"https:\/\/schema.org","@graph":[{"@type":"WebPage","@id":"https:\/\/changhongchemical.com\/product\/chluminitone\/","url":"https:\/\/changhongchemical.com\/product\/chluminitone\/","name":"CHLUMINIT\u00aeONE - Changhong Chemical","isPartOf":{"@id":"https:\/\/changhongchemical.com\/#website"},"datePublished":"2025-11-17T02:01:28+00:00","description":"ist ein oligomeres polyfunktionelles \u0251-Hydroxyketon, das sich durch hohe Reaktivit\u00e4t und nicht vergilbende Eigenschaften auszeichnet. Es ist besonders empfehlenswert, wenn keine Migration, geringer Geruch und geringe Vergilbung erforderlich sind und eignet sich f\u00fcr wasserbasierte UV-h\u00e4rtende Systeme, wenn es in einem wasservertr\u00e4glichen L\u00f6sungsmittel vorverd\u00fcnnt wird.","breadcrumb":{"@id":"https:\/\/changhongchemical.com\/product\/chluminitone\/#breadcrumb"},"inLanguage":"de","potentialAction":[{"@type":"ReadAction","target":["https:\/\/changhongchemical.com\/product\/chluminitone\/"]}]},{"@type":"BreadcrumbList","@id":"https:\/\/changhongchemical.com\/product\/chluminitone\/#breadcrumb","itemListElement":[{"@type":"ListItem","position":1,"name":"Home","item":"https:\/\/changhongchemical.com\/"},{"@type":"ListItem","position":2,"name":"Products Changhong","item":"https:\/\/changhongchemical.com\/product\/"},{"@type":"ListItem","position":3,"name":"CHLUMINIT\u00aeONE"}]},{"@type":"WebSite","@id":"https:\/\/changhongchemical.com\/#website","url":"https:\/\/changhongchemical.com\/","name":"Changhong Chemical","description":"China Hersteller von Chemikalien \uff06 Lieferant","publisher":{"@id":"https:\/\/changhongchemical.com\/#organization"},"potentialAction":[{"@type":"SearchAction","target":{"@type":"EntryPoint","urlTemplate":"https:\/\/changhongchemical.com\/?s={search_term_string}"},"query-input":{"@type":"PropertyValueSpecification","valueRequired":true,"valueName":"search_term_string"}}],"inLanguage":"de"},{"@type":"Organization","@id":"https:\/\/changhongchemical.com\/#organization","name":"Changhong Chemical","url":"https:\/\/changhongchemical.com\/","logo":{"@type":"ImageObject","inLanguage":"de","@id":"https:\/\/changhongchemical.com\/#\/schema\/logo\/image\/","url":"https:\/\/changhongchemical.com\/wp-content\/uploads\/2020\/08\/cropped-longchang-logo.png","contentUrl":"https:\/\/changhongchemical.com\/wp-content\/uploads\/2020\/08\/cropped-longchang-logo.png","width":512,"height":512,"caption":"Changhong Chemical"},"image":{"@id":"https:\/\/changhongchemical.com\/#\/schema\/logo\/image\/"}}]}},"_links":{"self":[{"href":"https:\/\/changhongchemical.com\/de\/wp-json\/wp\/v2\/product\/9293","targetHints":{"allow":["GET"]}}],"collection":[{"href":"https:\/\/changhongchemical.com\/de\/wp-json\/wp\/v2\/product"}],"about":[{"href":"https:\/\/changhongchemical.com\/de\/wp-json\/wp\/v2\/types\/product"}],"replies":[{"embeddable":true,"href":"https:\/\/changhongchemical.com\/de\/wp-json\/wp\/v2\/comments?post=9293"}],"wp:attachment":[{"href":"https:\/\/changhongchemical.com\/de\/wp-json\/wp\/v2\/media?parent=9293"}],"wp:term":[{"taxonomy":"product_brand","embeddable":true,"href":"https:\/\/changhongchemical.com\/de\/wp-json\/wp\/v2\/product_brand?post=9293"},{"taxonomy":"product_cat","embeddable":true,"href":"https:\/\/changhongchemical.com\/de\/wp-json\/wp\/v2\/product_cat?post=9293"},{"taxonomy":"product_tag","embeddable":true,"href":"https:\/\/changhongchemical.com\/de\/wp-json\/wp\/v2\/product_tag?post=9293"}],"curies":[{"name":"wp","href":"https:\/\/api.w.org\/{rel}","templated":true}]}}