{"id":8524,"date":"2025-05-06T06:27:49","date_gmt":"2025-05-06T06:27:49","guid":{"rendered":"https:\/\/changhongchemical.com\/?post_type=product&#038;p=8524"},"modified":"2025-05-06T06:59:24","modified_gmt":"2025-05-06T06:59:24","slug":"chluminit-201s","status":"publish","type":"product","link":"https:\/\/changhongchemical.com\/de\/product\/chluminit-201s\/","title":{"rendered":"CHLUMINIT\u00ae 201S CAS 89452-37-9, 71449-78-0"},"content":{"rendered":"<h2>Triphenylsulfoniumhexafluorantimonatsalz gemischter Art<\/h2>\n<h2><strong><b>Technische Parameter<\/b><\/strong><\/h2>\n<p>Erscheinungsbild\uff1aOff-wei\u00dfes Pulver<\/p>\n<p>Reinheit (HPLC)\uff1a\u226599.00%<\/p>\n<p>Trocknungsverlust\uff1a\u22641.00%<\/p>\n<h2><strong><b>Vorteile<\/b><\/strong><\/h2>\n<p>Hohe Aktivit\u00e4t<\/p>\n<p>Gutes Kosten-Nutzen-Verh\u00e4ltnis<\/p>\n<h2><strong><b>Anwendungen<\/b><\/strong><\/h2>\n<p>CHLUMINIT\u00ae-201S wird haupts\u00e4chlich f\u00fcr Epoxidbeschichtungen, Spezialfarben und Klebstoffe verwendet. Die empfohlene Dosierung betr\u00e4gt 1~3%.<\/p>\n<h2><strong><b>Lagerung &amp; <\/b><\/strong><strong><b>P<\/b><\/strong><strong><b>ackaging<\/b><\/strong><\/h2>\n<p>In einem fest verschlossenen Beh\u00e4lter aufbewahren und an einem k\u00fchlen, trockenen, dunklen und bel\u00fcfteten Ort lagern. G\u00fcltig ab dem Produktionsdatum, innerhalb von 2 Jahren. Verpackung: 20kg\/Fass.<\/p>\n<h2><strong><b>UV-Absorptionsspektren<\/b><\/strong><\/h2>\n<p><img decoding=\"async\" class=\"alignnone size-full wp-image-8525\" src=\"https:\/\/changhongchemical.com\/wp-content\/uploads\/2025\/05\/201s2.webp\" alt=\"\" width=\"795\" height=\"362\" srcset=\"https:\/\/changhongchemical.com\/wp-content\/uploads\/2025\/05\/201s2.webp 795w, https:\/\/changhongchemical.com\/wp-content\/uploads\/2025\/05\/201s2-768x350.webp 768w, https:\/\/changhongchemical.com\/wp-content\/uploads\/2025\/05\/201s2-18x8.webp 18w, https:\/\/changhongchemical.com\/wp-content\/uploads\/2025\/05\/201s2-600x273.webp 600w\" sizes=\"(max-width: 795px) 100vw, 795px\" \/><\/p>\n<h1>Kontakt<\/h1>\n<h4><strong><b>Wenn Sie einen Preis ben\u00f6tigen, tragen Sie bitte Ihre Kontaktdaten in das unten stehende Formular ein. Wir werden uns in der Regel innerhalb von 24 Stunden mit Ihnen in Verbindung setzen. Sie k\u00f6nnen mir auch mailen\u00a0<span style=\"color: #00ccff;\"><a style=\"color: #00ccff;\" href=\"mailto:info@changhongchemical.com\">info@changhongchemical.com<\/a><\/span>\u00a0w\u00e4hrend der Gesch\u00e4ftszeiten ( 8:30 bis 18:00 Uhr UTC+8 Mo.~Sa. ) oder nutzen Sie den Live-Chat auf der Website, um eine schnelle Antwort zu erhalten.<\/b><\/strong><\/h4>\n<p>&nbsp;<\/p>","protected":false},"excerpt":{"rendered":"<p><strong>Allgemeine Informationen<\/strong><\/p>\n<p>CHLUMINIT\u00ae-201S ist ein allgemeiner kationischer Photoinitiator, der zur einfacheren Anwendung in Propylencarbonat gel\u00f6st ist. Mit seiner hohen Aktivit\u00e4t und hohen Kosten ist er einer der ausgereiftesten kationischen Fotoinitiatoren, der haupts\u00e4chlich in kationischen Systemen wie Beschichtungen, Tinten und Klebstoffen eingesetzt wird.<\/p>\n<p><strong>Informationen zum Produkt<\/strong><\/p>\n<p>Chemische Bezeichnung\uff1aTriphenylsulfoniumhexafluoroantimonat-Salz vom gemischten Typ.<\/p>\n<p>CAS NO\uff1a89452-37-9, 71449-78-0<\/p>","protected":false},"featured_media":8526,"comment_status":"closed","ping_status":"closed","template":"","meta":[],"product_brand":[],"product_cat":[175,174],"product_tag":[],"class_list":{"0":"post-8524","1":"product","2":"type-product","3":"status-publish","4":"has-post-thumbnail","6":"product_cat-cationic-photoinitiator","7":"product_cat-photoinitiator","9":"first","10":"instock","11":"shipping-taxable","12":"product-type-simple"},"yoast_head":"<!-- This site is optimized with the Yoast SEO plugin v27.4 - https:\/\/yoast.com\/product\/yoast-seo-wordpress\/ -->\n<title>China CHLUMINIT\u00ae 201S CAS 89452-37-9, 71449-78-0 Manufacturer - Changhong Chemical<\/title>\n<meta name=\"description\" content=\"General information CHLUMINIT\u00ae-201S is a general cationic photoinitiator, which is dissolved in propylene carbonate for ease of use...\" \/>\n<meta name=\"robots\" content=\"index, follow, max-snippet:-1, max-image-preview:large, max-video-preview:-1\" \/>\n<link rel=\"canonical\" href=\"https:\/\/changhongchemical.com\/de\/product\/chluminit-201s\/\" \/>\n<meta property=\"og:locale\" content=\"de_DE\" \/>\n<meta property=\"og:type\" content=\"article\" \/>\n<meta property=\"og:title\" content=\"China CHLUMINIT\u00ae 201S CAS 89452-37-9, 71449-78-0 Manufacturer - Changhong Chemical\" \/>\n<meta property=\"og:description\" content=\"General information CHLUMINIT\u00ae-201S is a general cationic photoinitiator, which is dissolved in propylene carbonate for ease of use...\" \/>\n<meta property=\"og:url\" content=\"https:\/\/changhongchemical.com\/de\/product\/chluminit-201s\/\" \/>\n<meta property=\"og:site_name\" content=\"Changhong Chemical\" \/>\n<meta property=\"article:modified_time\" content=\"2025-05-06T06:59:24+00:00\" \/>\n<meta property=\"og:image\" content=\"https:\/\/changhongchemical.com\/wp-content\/uploads\/2025\/05\/201s-300x300-1.webp\" \/>\n\t<meta property=\"og:image:width\" content=\"300\" \/>\n\t<meta property=\"og:image:height\" content=\"300\" \/>\n\t<meta property=\"og:image:type\" content=\"image\/webp\" \/>\n<meta name=\"twitter:card\" content=\"summary_large_image\" \/>\n<meta name=\"twitter:label1\" content=\"Gesch\u00e4tzte Lesezeit\" \/>\n\t<meta name=\"twitter:data1\" content=\"1\u00a0Minute\" \/>\n<script type=\"application\/ld+json\" class=\"yoast-schema-graph\">{\"@context\":\"https:\\\/\\\/schema.org\",\"@graph\":[{\"@type\":\"WebPage\",\"@id\":\"https:\\\/\\\/changhongchemical.com\\\/product\\\/chluminit-201s\\\/\",\"url\":\"https:\\\/\\\/changhongchemical.com\\\/product\\\/chluminit-201s\\\/\",\"name\":\"China CHLUMINIT\u00ae 201S CAS 89452-37-9, 71449-78-0 Manufacturer - Changhong Chemical\",\"isPartOf\":{\"@id\":\"https:\\\/\\\/changhongchemical.com\\\/#website\"},\"primaryImageOfPage\":{\"@id\":\"https:\\\/\\\/changhongchemical.com\\\/product\\\/chluminit-201s\\\/#primaryimage\"},\"image\":{\"@id\":\"https:\\\/\\\/changhongchemical.com\\\/product\\\/chluminit-201s\\\/#primaryimage\"},\"thumbnailUrl\":\"https:\\\/\\\/changhongchemical.com\\\/wp-content\\\/uploads\\\/2025\\\/05\\\/201s-300x300-1.webp\",\"datePublished\":\"2025-05-06T06:27:49+00:00\",\"dateModified\":\"2025-05-06T06:59:24+00:00\",\"description\":\"General information CHLUMINIT\u00ae-201S is a general cationic photoinitiator, which is dissolved in propylene carbonate for ease of use...\",\"breadcrumb\":{\"@id\":\"https:\\\/\\\/changhongchemical.com\\\/product\\\/chluminit-201s\\\/#breadcrumb\"},\"inLanguage\":\"de\",\"potentialAction\":[{\"@type\":\"ReadAction\",\"target\":[\"https:\\\/\\\/changhongchemical.com\\\/product\\\/chluminit-201s\\\/\"]}]},{\"@type\":\"ImageObject\",\"inLanguage\":\"de\",\"@id\":\"https:\\\/\\\/changhongchemical.com\\\/product\\\/chluminit-201s\\\/#primaryimage\",\"url\":\"https:\\\/\\\/changhongchemical.com\\\/wp-content\\\/uploads\\\/2025\\\/05\\\/201s-300x300-1.webp\",\"contentUrl\":\"https:\\\/\\\/changhongchemical.com\\\/wp-content\\\/uploads\\\/2025\\\/05\\\/201s-300x300-1.webp\",\"width\":300,\"height\":300},{\"@type\":\"BreadcrumbList\",\"@id\":\"https:\\\/\\\/changhongchemical.com\\\/product\\\/chluminit-201s\\\/#breadcrumb\",\"itemListElement\":[{\"@type\":\"ListItem\",\"position\":1,\"name\":\"Home\",\"item\":\"https:\\\/\\\/changhongchemical.com\\\/\"},{\"@type\":\"ListItem\",\"position\":2,\"name\":\"Products Changhong\",\"item\":\"https:\\\/\\\/changhongchemical.com\\\/product\\\/\"},{\"@type\":\"ListItem\",\"position\":3,\"name\":\"CHLUMINIT\u00ae 201S CAS 89452-37-9, 71449-78-0\"}]},{\"@type\":\"WebSite\",\"@id\":\"https:\\\/\\\/changhongchemical.com\\\/#website\",\"url\":\"https:\\\/\\\/changhongchemical.com\\\/\",\"name\":\"Changhong Chemical\",\"description\":\"China chemical manufacturer \uff06 supplier\",\"publisher\":{\"@id\":\"https:\\\/\\\/changhongchemical.com\\\/#organization\"},\"potentialAction\":[{\"@type\":\"SearchAction\",\"target\":{\"@type\":\"EntryPoint\",\"urlTemplate\":\"https:\\\/\\\/changhongchemical.com\\\/?s={search_term_string}\"},\"query-input\":{\"@type\":\"PropertyValueSpecification\",\"valueRequired\":true,\"valueName\":\"search_term_string\"}}],\"inLanguage\":\"de\"},{\"@type\":\"Organization\",\"@id\":\"https:\\\/\\\/changhongchemical.com\\\/#organization\",\"name\":\"Changhong Chemical\",\"url\":\"https:\\\/\\\/changhongchemical.com\\\/\",\"logo\":{\"@type\":\"ImageObject\",\"inLanguage\":\"de\",\"@id\":\"https:\\\/\\\/changhongchemical.com\\\/#\\\/schema\\\/logo\\\/image\\\/\",\"url\":\"https:\\\/\\\/changhongchemical.com\\\/wp-content\\\/uploads\\\/2020\\\/08\\\/cropped-longchang-logo.png\",\"contentUrl\":\"https:\\\/\\\/changhongchemical.com\\\/wp-content\\\/uploads\\\/2020\\\/08\\\/cropped-longchang-logo.png\",\"width\":512,\"height\":512,\"caption\":\"Changhong Chemical\"},\"image\":{\"@id\":\"https:\\\/\\\/changhongchemical.com\\\/#\\\/schema\\\/logo\\\/image\\\/\"}}]}<\/script>\n<!-- \/ Yoast SEO plugin. -->","yoast_head_json":{"title":"China CHLUMINIT\u00ae 201S CAS 89452-37-9, 71449-78-0 Hersteller - Changhong Chemical","description":"General information CHLUMINIT\u00ae-201S is a general cationic photoinitiator, which is dissolved in propylene carbonate for ease of use...","robots":{"index":"index","follow":"follow","max-snippet":"max-snippet:-1","max-image-preview":"max-image-preview:large","max-video-preview":"max-video-preview:-1"},"canonical":"https:\/\/changhongchemical.com\/de\/product\/chluminit-201s\/","og_locale":"de_DE","og_type":"article","og_title":"China CHLUMINIT\u00ae 201S CAS 89452-37-9, 71449-78-0 Manufacturer - Changhong Chemical","og_description":"General information CHLUMINIT\u00ae-201S is a general cationic photoinitiator, which is dissolved in propylene carbonate for ease of use...","og_url":"https:\/\/changhongchemical.com\/de\/product\/chluminit-201s\/","og_site_name":"Changhong Chemical","article_modified_time":"2025-05-06T06:59:24+00:00","og_image":[{"width":300,"height":300,"url":"https:\/\/changhongchemical.com\/wp-content\/uploads\/2025\/05\/201s-300x300-1.webp","type":"image\/webp"}],"twitter_card":"summary_large_image","twitter_misc":{"Gesch\u00e4tzte Lesezeit":"1\u00a0Minute"},"schema":{"@context":"https:\/\/schema.org","@graph":[{"@type":"WebPage","@id":"https:\/\/changhongchemical.com\/product\/chluminit-201s\/","url":"https:\/\/changhongchemical.com\/product\/chluminit-201s\/","name":"China CHLUMINIT\u00ae 201S CAS 89452-37-9, 71449-78-0 Hersteller - Changhong Chemical","isPartOf":{"@id":"https:\/\/changhongchemical.com\/#website"},"primaryImageOfPage":{"@id":"https:\/\/changhongchemical.com\/product\/chluminit-201s\/#primaryimage"},"image":{"@id":"https:\/\/changhongchemical.com\/product\/chluminit-201s\/#primaryimage"},"thumbnailUrl":"https:\/\/changhongchemical.com\/wp-content\/uploads\/2025\/05\/201s-300x300-1.webp","datePublished":"2025-05-06T06:27:49+00:00","dateModified":"2025-05-06T06:59:24+00:00","description":"General information CHLUMINIT\u00ae-201S is a general cationic photoinitiator, which is dissolved in propylene carbonate for ease of use...","breadcrumb":{"@id":"https:\/\/changhongchemical.com\/product\/chluminit-201s\/#breadcrumb"},"inLanguage":"de","potentialAction":[{"@type":"ReadAction","target":["https:\/\/changhongchemical.com\/product\/chluminit-201s\/"]}]},{"@type":"ImageObject","inLanguage":"de","@id":"https:\/\/changhongchemical.com\/product\/chluminit-201s\/#primaryimage","url":"https:\/\/changhongchemical.com\/wp-content\/uploads\/2025\/05\/201s-300x300-1.webp","contentUrl":"https:\/\/changhongchemical.com\/wp-content\/uploads\/2025\/05\/201s-300x300-1.webp","width":300,"height":300},{"@type":"BreadcrumbList","@id":"https:\/\/changhongchemical.com\/product\/chluminit-201s\/#breadcrumb","itemListElement":[{"@type":"ListItem","position":1,"name":"Home","item":"https:\/\/changhongchemical.com\/"},{"@type":"ListItem","position":2,"name":"Products Changhong","item":"https:\/\/changhongchemical.com\/product\/"},{"@type":"ListItem","position":3,"name":"CHLUMINIT\u00ae 201S CAS 89452-37-9, 71449-78-0"}]},{"@type":"WebSite","@id":"https:\/\/changhongchemical.com\/#website","url":"https:\/\/changhongchemical.com\/","name":"Changhong Chemical","description":"China Hersteller von Chemikalien \uff06 Lieferant","publisher":{"@id":"https:\/\/changhongchemical.com\/#organization"},"potentialAction":[{"@type":"SearchAction","target":{"@type":"EntryPoint","urlTemplate":"https:\/\/changhongchemical.com\/?s={search_term_string}"},"query-input":{"@type":"PropertyValueSpecification","valueRequired":true,"valueName":"search_term_string"}}],"inLanguage":"de"},{"@type":"Organization","@id":"https:\/\/changhongchemical.com\/#organization","name":"Changhong Chemical","url":"https:\/\/changhongchemical.com\/","logo":{"@type":"ImageObject","inLanguage":"de","@id":"https:\/\/changhongchemical.com\/#\/schema\/logo\/image\/","url":"https:\/\/changhongchemical.com\/wp-content\/uploads\/2020\/08\/cropped-longchang-logo.png","contentUrl":"https:\/\/changhongchemical.com\/wp-content\/uploads\/2020\/08\/cropped-longchang-logo.png","width":512,"height":512,"caption":"Changhong Chemical"},"image":{"@id":"https:\/\/changhongchemical.com\/#\/schema\/logo\/image\/"}}]}},"_links":{"self":[{"href":"https:\/\/changhongchemical.com\/de\/wp-json\/wp\/v2\/product\/8524","targetHints":{"allow":["GET"]}}],"collection":[{"href":"https:\/\/changhongchemical.com\/de\/wp-json\/wp\/v2\/product"}],"about":[{"href":"https:\/\/changhongchemical.com\/de\/wp-json\/wp\/v2\/types\/product"}],"replies":[{"embeddable":true,"href":"https:\/\/changhongchemical.com\/de\/wp-json\/wp\/v2\/comments?post=8524"}],"wp:featuredmedia":[{"embeddable":true,"href":"https:\/\/changhongchemical.com\/de\/wp-json\/wp\/v2\/media\/8526"}],"wp:attachment":[{"href":"https:\/\/changhongchemical.com\/de\/wp-json\/wp\/v2\/media?parent=8524"}],"wp:term":[{"taxonomy":"product_brand","embeddable":true,"href":"https:\/\/changhongchemical.com\/de\/wp-json\/wp\/v2\/product_brand?post=8524"},{"taxonomy":"product_cat","embeddable":true,"href":"https:\/\/changhongchemical.com\/de\/wp-json\/wp\/v2\/product_cat?post=8524"},{"taxonomy":"product_tag","embeddable":true,"href":"https:\/\/changhongchemical.com\/de\/wp-json\/wp\/v2\/product_tag?post=8524"}],"curies":[{"name":"wp","href":"https:\/\/api.w.org\/{rel}","templated":true}]}}