{"id":8392,"date":"2025-03-26T08:34:41","date_gmt":"2025-03-26T08:34:41","guid":{"rendered":"https:\/\/changhongchemical.com\/?post_type=product&#038;p=8392"},"modified":"2025-05-12T03:01:36","modified_gmt":"2025-05-12T03:01:36","slug":"ninafluorobutyl-vinyl","status":"publish","type":"product","link":"https:\/\/changhongchemical.com\/de\/product\/ninafluorobutyl-vinyl\/","title":{"rendered":"CHLUMOFIUOR\u00ae Ninafluorobutyl-Vinyl"},"content":{"rendered":"<p>Produkt-Indikatoren<\/p>\n<table style=\"border-collapse: collapse; width: 730.52pt;\" border=\"0\" width=\"974\" cellspacing=\"0\" cellpadding=\"0\">\n<tbody>\n<tr style=\"height: 13.50pt;\">\n<td style=\"height: 13.50pt; width: 145.50pt;\" width=\"194\" height=\"18\">Modell<\/td>\n<td style=\"width: 97.50pt;\" width=\"130\"><\/td>\n<td style=\"width: 156.75pt;\" width=\"209\"><\/td>\n<td style=\"width: 168.00pt;\" width=\"224\"><\/td>\n<td style=\"width: 162.75pt;\" width=\"217\"><\/td>\n<\/tr>\n<tr style=\"height: 13.50pt;\">\n<td style=\"height: 13.50pt;\" height=\"18\"><\/td>\n<td><\/td>\n<td>FL\u00ae PFBE01<\/td>\n<td>FL\u00ae PFBE02<\/td>\n<td>FL\u00ae PFBE03<\/td>\n<\/tr>\n<tr style=\"height: 13.50pt;\">\n<td style=\"height: 13.50pt;\" height=\"18\">Komponenten<\/td>\n<td>Einheit: PFBE<\/td>\n<td>Technische Daten<\/td>\n<td>Technische Daten<\/td>\n<td>Technische Daten<\/td>\n<\/tr>\n<tr style=\"height: 13.50pt;\">\n<td style=\"height: 13.50pt;\" height=\"18\">Perfluorobutylethylen<\/td>\n<td>%<\/td>\n<td>&gt;98<\/td>\n<td>&gt;99<\/td>\n<td>&gt;99.5<\/td>\n<\/tr>\n<tr style=\"height: 13.50pt;\">\n<td style=\"height: 13.50pt;\" height=\"18\">Perfluorhexan<\/td>\n<td>%<\/td>\n<td>&lt;2.0<\/td>\n<td>\/<\/td>\n<td>&lt;2.0<\/td>\n<\/tr>\n<tr style=\"height: 13.50pt;\">\n<td style=\"height: 13.50pt;\" height=\"18\">Perfluorhexylethylen<\/td>\n<td>%<\/td>\n<td>&lt;1.0<\/td>\n<td>\/<\/td>\n<td>&lt;1.0<\/td>\n<\/tr>\n<tr style=\"height: 13.50pt;\">\n<td style=\"height: 13.50pt;\" height=\"18\">Jod gesamt<\/td>\n<td>ppm<\/td>\n<td>&lt;150<\/td>\n<td>\/<\/td>\n<td>&lt;150<\/td>\n<\/tr>\n<\/tbody>\n<\/table>\n<p>Anwendungsbereiche:<\/p>\n<p>Oberfl\u00e4chenbehandlung und Schmierung, Reinigung, L\u00f6sungsmittel\/K\u00e4ltemittel, fluorierte Siliconharze und Silane<\/p>\n<p>Tabelle der Parameter f\u00fcr physikalische Eigenschaften<\/p>\n<table width=\"788\">\n<tbody>\n<tr>\n<td width=\"330\">CAS-Name<\/td>\n<td width=\"458\">3,3,4,4,5,5,5,6,6,6-Nonafluoro-1-hexene<\/td>\n<\/tr>\n<tr>\n<td>Andere Namen<\/td>\n<td>PFBE<\/td>\n<\/tr>\n<tr>\n<td>Molekulare Formel<\/td>\n<td>C4F9CH=CH2<\/td>\n<\/tr>\n<tr>\n<td width=\"330\">Molekulargewicht<\/td>\n<td>246<\/td>\n<\/tr>\n<tr>\n<td>Morphologie<\/td>\n<td>Fl\u00fcssig<\/td>\n<\/tr>\n<tr>\n<td>Farbe<\/td>\n<td>Farblos und klar<\/td>\n<\/tr>\n<tr>\n<td>Geruch<\/td>\n<td>Ether<\/td>\n<\/tr>\n<tr>\n<td>Siedepunkt<\/td>\n<td>58 (136\u00b0F)<\/td>\n<\/tr>\n<tr>\n<td>Fluorgehalt, wt%<\/td>\n<td>69.5<\/td>\n<\/tr>\n<tr>\n<td>Dichte 25(77)<\/td>\n<td width=\"458\">1,4 g\/cm3<\/td>\n<\/tr>\n<tr>\n<td width=\"330\">Verdickungspunkt<\/td>\n<td>&lt;25(77\u00b0F)<\/td>\n<\/tr>\n<tr>\n<td width=\"330\">Viskosit\u00e4t, 25(77)<\/td>\n<td>&lt;7 cp<\/td>\n<\/tr>\n<tr>\n<td>Flammpunkt<\/td>\n<td>Nicht entflammbar<\/td>\n<\/tr>\n<\/tbody>\n<\/table>\n<p>Pers\u00f6nliche Erste Hilfe, Lagerung und Handhabung<\/p>\n<p>Dieses Produkt ist reizend f\u00fcr Haut und Augen. Um eine Exposition zu vermeiden, tragen Sie geeignete Handschuhe, eine Schutzbrille und andere Schutzausr\u00fcstung, wenn Sie dieses Produkt verwenden, und lesen Sie vor der Verwendung das SDB.<\/p>\n<p>Informationen zu Verpackung und Versand<\/p>\n<p>Dieses Produkt ist kein DOT-, IMO- oder IATA-R\u00f6hrenprodukt.<\/p>\n<h2><strong><b>Kontaktieren Sie uns jetzt!<\/b><\/strong><\/h2>\n<h4><strong><b>Wenn Sie einen Preis ben\u00f6tigen, tragen Sie bitte Ihre Kontaktdaten in das unten stehende Formular ein. Wir werden uns in der Regel innerhalb von 24 Stunden mit Ihnen in Verbindung setzen. Sie k\u00f6nnen mir auch mailen\u00a0<span style=\"color: #00ccff;\"><a style=\"color: #00ccff;\" href=\"mailto:info@changhongchemical.com\">info@changhongchemical.com<\/a><\/span>\u00a0w\u00e4hrend der Gesch\u00e4ftszeiten ( 8:30 bis 18:00 Uhr UTC+8 Mo.~Sa. ) oder nutzen Sie den Live-Chat auf der Website, um eine schnelle Antwort zu erhalten.<\/b><\/strong><\/h4>","protected":false},"excerpt":{"rendered":"<p>I. Einleitung<\/p>\n<p>Ninafluorbutylvinyl ist ein fluoriertes Olefin, das als Additiv, Verarbeitungshilfsmittel oder Copolymermonomer f\u00fcr die radikalische Polymerisation verwendet werden kann. Es enth\u00e4lt vier fluorierte Kohlenstoffatome und ist eines der vielen fluorierten Spezialmonomere, die von Fluorine Edge angeboten werden.<\/p>\n<p>Anwendungen<\/p>\n<p>Ninafluorbutylvinyl ist ein fluoriertes Monomer mit ausgezeichneter Leistung, das zur Verringerung der Oberfl\u00e4chenenergie, zur Verbesserung der chemischen Stabilit\u00e4t und zur Erh\u00f6hung der Oberfl\u00e4chengleitf\u00e4higkeit eingesetzt werden kann. Es kann als Monomer f\u00fcr die radikalische Polymerisation in w\u00e4ssrigen oder nicht-w\u00e4ssrigen Systemen verwendet werden und kann auch mit Kunststoffen gemischt werden, um als Formtrennmittel zu wirken.<\/p>","protected":false},"featured_media":0,"comment_status":"closed","ping_status":"closed","template":"","meta":[],"product_brand":[],"product_cat":[188],"product_tag":[],"class_list":{"0":"post-8392","1":"product","2":"type-product","3":"status-publish","5":"product_cat-fluorinated-fine-chemicals","7":"first","8":"instock","9":"shipping-taxable","10":"product-type-simple"},"yoast_head":"<!-- This site is optimized with the Yoast SEO plugin v27.4 - https:\/\/yoast.com\/product\/yoast-seo-wordpress\/ -->\n<title>China CHLUMOFIUOR\u00ae Ninafluorobutyl vinyl Manufacturer - Changhong Chemical<\/title>\n<meta name=\"description\" content=\"I. Introduction Ninafluorobutyl vinyl is a fluorinated olefin that can be used as an additive, processing aid, or copolymer monomer for free radical...\" \/>\n<meta name=\"robots\" content=\"index, follow, max-snippet:-1, max-image-preview:large, max-video-preview:-1\" \/>\n<link rel=\"canonical\" href=\"https:\/\/changhongchemical.com\/de\/product\/ninafluorobutyl-vinyl\/\" \/>\n<meta property=\"og:locale\" content=\"de_DE\" \/>\n<meta property=\"og:type\" content=\"article\" \/>\n<meta property=\"og:title\" content=\"China CHLUMOFIUOR\u00ae Ninafluorobutyl vinyl Manufacturer - Changhong Chemical\" \/>\n<meta property=\"og:description\" content=\"I. Introduction Ninafluorobutyl vinyl is a fluorinated olefin that can be used as an additive, processing aid, or copolymer monomer for free radical...\" \/>\n<meta property=\"og:url\" content=\"https:\/\/changhongchemical.com\/de\/product\/ninafluorobutyl-vinyl\/\" \/>\n<meta property=\"og:site_name\" content=\"Changhong Chemical\" \/>\n<meta property=\"article:modified_time\" content=\"2025-05-12T03:01:36+00:00\" \/>\n<meta property=\"og:image\" content=\"https:\/\/changhongchemical.com\/wp-content\/uploads\/2024\/02\/logo-jpeg.jpg\" \/>\n\t<meta property=\"og:image:width\" content=\"1000\" \/>\n\t<meta property=\"og:image:height\" content=\"1000\" \/>\n\t<meta property=\"og:image:type\" content=\"image\/jpeg\" \/>\n<meta name=\"twitter:card\" content=\"summary_large_image\" \/>\n<meta name=\"twitter:label1\" content=\"Gesch\u00e4tzte Lesezeit\" \/>\n\t<meta name=\"twitter:data1\" content=\"1\u00a0Minute\" \/>\n<script type=\"application\/ld+json\" class=\"yoast-schema-graph\">{\"@context\":\"https:\\\/\\\/schema.org\",\"@graph\":[{\"@type\":\"WebPage\",\"@id\":\"https:\\\/\\\/changhongchemical.com\\\/product\\\/ninafluorobutyl-vinyl\\\/\",\"url\":\"https:\\\/\\\/changhongchemical.com\\\/product\\\/ninafluorobutyl-vinyl\\\/\",\"name\":\"China CHLUMOFIUOR\u00ae Ninafluorobutyl vinyl Manufacturer - Changhong Chemical\",\"isPartOf\":{\"@id\":\"https:\\\/\\\/changhongchemical.com\\\/#website\"},\"datePublished\":\"2025-03-26T08:34:41+00:00\",\"dateModified\":\"2025-05-12T03:01:36+00:00\",\"description\":\"I. Introduction Ninafluorobutyl vinyl is a fluorinated olefin that can be used as an additive, processing aid, or copolymer monomer for free radical...\",\"breadcrumb\":{\"@id\":\"https:\\\/\\\/changhongchemical.com\\\/product\\\/ninafluorobutyl-vinyl\\\/#breadcrumb\"},\"inLanguage\":\"de\",\"potentialAction\":[{\"@type\":\"ReadAction\",\"target\":[\"https:\\\/\\\/changhongchemical.com\\\/product\\\/ninafluorobutyl-vinyl\\\/\"]}]},{\"@type\":\"BreadcrumbList\",\"@id\":\"https:\\\/\\\/changhongchemical.com\\\/product\\\/ninafluorobutyl-vinyl\\\/#breadcrumb\",\"itemListElement\":[{\"@type\":\"ListItem\",\"position\":1,\"name\":\"Home\",\"item\":\"https:\\\/\\\/changhongchemical.com\\\/\"},{\"@type\":\"ListItem\",\"position\":2,\"name\":\"Products Changhong\",\"item\":\"https:\\\/\\\/changhongchemical.com\\\/product\\\/\"},{\"@type\":\"ListItem\",\"position\":3,\"name\":\"CHLUMOFIUOR\u00ae Ninafluorobutyl vinyl\"}]},{\"@type\":\"WebSite\",\"@id\":\"https:\\\/\\\/changhongchemical.com\\\/#website\",\"url\":\"https:\\\/\\\/changhongchemical.com\\\/\",\"name\":\"Changhong Chemical\",\"description\":\"China chemical manufacturer \uff06 supplier\",\"publisher\":{\"@id\":\"https:\\\/\\\/changhongchemical.com\\\/#organization\"},\"potentialAction\":[{\"@type\":\"SearchAction\",\"target\":{\"@type\":\"EntryPoint\",\"urlTemplate\":\"https:\\\/\\\/changhongchemical.com\\\/?s={search_term_string}\"},\"query-input\":{\"@type\":\"PropertyValueSpecification\",\"valueRequired\":true,\"valueName\":\"search_term_string\"}}],\"inLanguage\":\"de\"},{\"@type\":\"Organization\",\"@id\":\"https:\\\/\\\/changhongchemical.com\\\/#organization\",\"name\":\"Changhong Chemical\",\"url\":\"https:\\\/\\\/changhongchemical.com\\\/\",\"logo\":{\"@type\":\"ImageObject\",\"inLanguage\":\"de\",\"@id\":\"https:\\\/\\\/changhongchemical.com\\\/#\\\/schema\\\/logo\\\/image\\\/\",\"url\":\"https:\\\/\\\/changhongchemical.com\\\/wp-content\\\/uploads\\\/2020\\\/08\\\/cropped-longchang-logo.png\",\"contentUrl\":\"https:\\\/\\\/changhongchemical.com\\\/wp-content\\\/uploads\\\/2020\\\/08\\\/cropped-longchang-logo.png\",\"width\":512,\"height\":512,\"caption\":\"Changhong Chemical\"},\"image\":{\"@id\":\"https:\\\/\\\/changhongchemical.com\\\/#\\\/schema\\\/logo\\\/image\\\/\"}}]}<\/script>\n<!-- \/ Yoast SEO plugin. -->","yoast_head_json":{"title":"China CHLUMOFIUOR\u00ae Ninafluorobutyl vinyl Hersteller - Changhong Chemical","description":"I. Introduction Ninafluorobutyl vinyl is a fluorinated olefin that can be used as an additive, processing aid, or copolymer monomer for free radical...","robots":{"index":"index","follow":"follow","max-snippet":"max-snippet:-1","max-image-preview":"max-image-preview:large","max-video-preview":"max-video-preview:-1"},"canonical":"https:\/\/changhongchemical.com\/de\/product\/ninafluorobutyl-vinyl\/","og_locale":"de_DE","og_type":"article","og_title":"China CHLUMOFIUOR\u00ae Ninafluorobutyl vinyl Manufacturer - Changhong Chemical","og_description":"I. Introduction Ninafluorobutyl vinyl is a fluorinated olefin that can be used as an additive, processing aid, or copolymer monomer for free radical...","og_url":"https:\/\/changhongchemical.com\/de\/product\/ninafluorobutyl-vinyl\/","og_site_name":"Changhong Chemical","article_modified_time":"2025-05-12T03:01:36+00:00","og_image":[{"width":1000,"height":1000,"url":"https:\/\/changhongchemical.com\/wp-content\/uploads\/2024\/02\/logo-jpeg.jpg","type":"image\/jpeg"}],"twitter_card":"summary_large_image","twitter_misc":{"Gesch\u00e4tzte Lesezeit":"1\u00a0Minute"},"schema":{"@context":"https:\/\/schema.org","@graph":[{"@type":"WebPage","@id":"https:\/\/changhongchemical.com\/product\/ninafluorobutyl-vinyl\/","url":"https:\/\/changhongchemical.com\/product\/ninafluorobutyl-vinyl\/","name":"China CHLUMOFIUOR\u00ae Ninafluorobutyl vinyl Hersteller - Changhong Chemical","isPartOf":{"@id":"https:\/\/changhongchemical.com\/#website"},"datePublished":"2025-03-26T08:34:41+00:00","dateModified":"2025-05-12T03:01:36+00:00","description":"I. Introduction Ninafluorobutyl vinyl is a fluorinated olefin that can be used as an additive, processing aid, or copolymer monomer for free radical...","breadcrumb":{"@id":"https:\/\/changhongchemical.com\/product\/ninafluorobutyl-vinyl\/#breadcrumb"},"inLanguage":"de","potentialAction":[{"@type":"ReadAction","target":["https:\/\/changhongchemical.com\/product\/ninafluorobutyl-vinyl\/"]}]},{"@type":"BreadcrumbList","@id":"https:\/\/changhongchemical.com\/product\/ninafluorobutyl-vinyl\/#breadcrumb","itemListElement":[{"@type":"ListItem","position":1,"name":"Home","item":"https:\/\/changhongchemical.com\/"},{"@type":"ListItem","position":2,"name":"Products Changhong","item":"https:\/\/changhongchemical.com\/product\/"},{"@type":"ListItem","position":3,"name":"CHLUMOFIUOR\u00ae Ninafluorobutyl vinyl"}]},{"@type":"WebSite","@id":"https:\/\/changhongchemical.com\/#website","url":"https:\/\/changhongchemical.com\/","name":"Changhong Chemical","description":"China Hersteller von Chemikalien \uff06 Lieferant","publisher":{"@id":"https:\/\/changhongchemical.com\/#organization"},"potentialAction":[{"@type":"SearchAction","target":{"@type":"EntryPoint","urlTemplate":"https:\/\/changhongchemical.com\/?s={search_term_string}"},"query-input":{"@type":"PropertyValueSpecification","valueRequired":true,"valueName":"search_term_string"}}],"inLanguage":"de"},{"@type":"Organization","@id":"https:\/\/changhongchemical.com\/#organization","name":"Changhong Chemical","url":"https:\/\/changhongchemical.com\/","logo":{"@type":"ImageObject","inLanguage":"de","@id":"https:\/\/changhongchemical.com\/#\/schema\/logo\/image\/","url":"https:\/\/changhongchemical.com\/wp-content\/uploads\/2020\/08\/cropped-longchang-logo.png","contentUrl":"https:\/\/changhongchemical.com\/wp-content\/uploads\/2020\/08\/cropped-longchang-logo.png","width":512,"height":512,"caption":"Changhong Chemical"},"image":{"@id":"https:\/\/changhongchemical.com\/#\/schema\/logo\/image\/"}}]}},"_links":{"self":[{"href":"https:\/\/changhongchemical.com\/de\/wp-json\/wp\/v2\/product\/8392","targetHints":{"allow":["GET"]}}],"collection":[{"href":"https:\/\/changhongchemical.com\/de\/wp-json\/wp\/v2\/product"}],"about":[{"href":"https:\/\/changhongchemical.com\/de\/wp-json\/wp\/v2\/types\/product"}],"replies":[{"embeddable":true,"href":"https:\/\/changhongchemical.com\/de\/wp-json\/wp\/v2\/comments?post=8392"}],"wp:attachment":[{"href":"https:\/\/changhongchemical.com\/de\/wp-json\/wp\/v2\/media?parent=8392"}],"wp:term":[{"taxonomy":"product_brand","embeddable":true,"href":"https:\/\/changhongchemical.com\/de\/wp-json\/wp\/v2\/product_brand?post=8392"},{"taxonomy":"product_cat","embeddable":true,"href":"https:\/\/changhongchemical.com\/de\/wp-json\/wp\/v2\/product_cat?post=8392"},{"taxonomy":"product_tag","embeddable":true,"href":"https:\/\/changhongchemical.com\/de\/wp-json\/wp\/v2\/product_tag?post=8392"}],"curies":[{"name":"wp","href":"https:\/\/api.w.org\/{rel}","templated":true}]}}