{"id":8382,"date":"2025-03-27T09:07:16","date_gmt":"2025-03-27T09:07:16","guid":{"rendered":"https:\/\/changhongchemical.com\/?post_type=product&#038;p=8382"},"modified":"2025-05-12T03:00:13","modified_gmt":"2025-05-12T03:00:13","slug":"perfluoropolyether-grease","status":"publish","type":"product","link":"https:\/\/changhongchemical.com\/de\/product\/perfluoropolyether-grease\/","title":{"rendered":"CHLUMOFIUOR\u00ae Perfluorpolyether-Fett"},"content":{"rendered":"<p><strong>S<\/strong><strong>Besonderheit:<\/strong><\/p>\n<p>Ausgezeichnete Chemikalien- und L\u00f6sungsmittelbest\u00e4ndigkeit Ausgezeichnete thermische Eigenschaften, sehr breiter Betriebstemperaturbereich<\/p>\n<p>Ausgezeichnete thermische Eigenschaften, sehr breiter Betriebstemperaturbereich Ausgezeichnete elektrische Eigenschaften und Strahlungsbest\u00e4ndigkeit Gute Vertr\u00e4glichkeit mit Metallen, Kunststoffen und Gummi<\/p>\n<p>Inert gegen\u00fcber fl\u00fcssigem und gasf\u00f6rmigem Sauerstoff Leichte Formulierung in Fetten<\/p>\n<p>Ausgezeichneter Viskosit\u00e4tsindex Geringe Verdunstungsverluste<\/p>\n<p>Hervorragende Wassersp\u00fcleigenschaften Gute Abriebeigenschaften bei hohen und niedrigen Temperaturen<\/p>\n<p>Umweltsicher, ungiftig, nicht brennbar, kein potenzieller Ozonabbau<\/p>\n<p><strong>Anwendung:<\/strong><\/p>\n<p>Halbleiterindustrie (Vakuumpumpen\u00f6l), Elektronikindustrie (W\u00e4rme\u00fcbertragungsfl\u00fcssigkeit, Fl\u00fcssigkeit f\u00fcr Zuverl\u00e4ssigkeitspr\u00fcfungen), Elektronikschmierung (Festplatten), Schmierung in der Luftfahrtindustrie, Schmierung in der Automobilindustrie, Industrieschmierung (Lager, Zahnr\u00e4der), Schmierung in der Papierindustrie (Wellpappe).<\/p>\n<p>1\u3001 Elektronische Fl\u00fcssigkeit<\/p>\n<p>Halbleiter-\u00c4tzger\u00e4te und Festplattenreinigung, Reinigung von Partikelverunreinigungen, Reinigung von Touchscreen-Oberfl\u00e4chen, Fl\u00fcssigkeit f\u00fcr Zuverl\u00e4ssigkeitstests in der Elektronikindustrie<\/p>\n<table style=\"border-collapse: collapse; width: 616.52pt;\" border=\"0\" width=\"822\" cellspacing=\"0\" cellpadding=\"0\">\n<tbody>\n<tr style=\"height: 13.50pt;\">\n<td class=\"et2\" style=\"height: 13.50pt; width: 616.50pt;\" colspan=\"3\" width=\"822\" height=\"18\">Produktspezifikationen f\u00fcr elektronische Fl\u00fcssigkeiten<\/td>\n<\/tr>\n<tr style=\"height: 13.50pt;\">\n<td class=\"et2\" style=\"height: 13.50pt;\" height=\"18\">Physikalische Eigenschaften<\/td>\n<td class=\"et2\">FL\u00ae ET01<\/td>\n<td class=\"et2\">FL\u00aeET02<\/td>\n<\/tr>\n<tr style=\"height: 13.50pt;\">\n<td class=\"et2\" style=\"height: 13.50pt;\" height=\"18\">Erscheinungsbild<\/td>\n<td class=\"et2\">Farblos und transparent<\/td>\n<td class=\"et2\">Farblos und transparent<\/td>\n<\/tr>\n<tr style=\"height: 13.50pt;\">\n<td class=\"et2\" style=\"height: 13.50pt;\" height=\"18\">Kinematische Viskosit\u00e4t (20\u2103,cSt)<\/td>\n<td class=\"et2\">&lt;30<\/td>\n<td class=\"et2\">30-60<\/td>\n<\/tr>\n<tr style=\"height: 40.50pt;\">\n<td class=\"et2\" style=\"height: 40.50pt;\" height=\"54\">Neutralisationszahl (KOH, %)<\/td>\n<td class=\"et2\">\u22640.03<\/td>\n<td class=\"et3\" style=\"width: 176.25pt;\" width=\"235\">\u22640.03<\/td>\n<\/tr>\n<\/tbody>\n<\/table>\n<p>2\u3001 Vakuumpumpen\u00f6l<\/p>\n<p>Vakuumpumpen\u00f6l f\u00fcr Ionen\u00e4tzanlagen in der Halbleiter- und integrierten Schaltkreisindustrie.<\/p>\n<table style=\"border-collapse: collapse; width: 616.52pt;\" border=\"0\" width=\"822\" cellspacing=\"0\" cellpadding=\"0\">\n<tbody>\n<tr style=\"height: 13.50pt;\">\n<td class=\"et2\" style=\"height: 13.50pt; width: 616.50pt;\" colspan=\"3\" width=\"822\" height=\"18\">Produktspezifikationen f\u00fcr Vakuumpumpen\u00f6l<\/td>\n<\/tr>\n<tr style=\"height: 13.50pt;\">\n<td class=\"et2\" style=\"height: 13.50pt;\" height=\"18\">Physikalische Eigenschaften<\/td>\n<td class=\"et2\">FL\u00aeVPL16<\/td>\n<td class=\"et2\">FL\u00aeVPL25FL\u00aeVPL25<\/td>\n<\/tr>\n<tr style=\"height: 13.50pt;\">\n<td class=\"et2\" style=\"height: 13.50pt;\" height=\"18\">Erscheinungsbild<\/td>\n<td class=\"et2\">Farblos und transparent<\/td>\n<td class=\"et2\">Farblos und transparent<\/td>\n<\/tr>\n<tr style=\"height: 13.50pt;\">\n<td class=\"et2\" style=\"height: 13.50pt;\" height=\"18\">Kinematische Viskosit\u00e4t (20\u2103,cSt)<\/td>\n<td class=\"et2\">145-175<\/td>\n<td class=\"et2\">250-290<\/td>\n<\/tr>\n<tr style=\"height: 14.00pt;\">\n<td class=\"et2\" style=\"height: 14.00pt;\" height=\"18\">Pourpoint (\u2103)<\/td>\n<td class=\"et2\">-45<\/td>\n<td class=\"et4\" style=\"width: 176.25pt;\" width=\"235\">-35<\/td>\n<\/tr>\n<tr style=\"height: 13.50pt;\">\n<td class=\"et2\" style=\"height: 13.50pt;\" height=\"18\">Oberfl\u00e4chenspannung (20\u2103, g\/cm3)<\/td>\n<td class=\"et2\">22<\/td>\n<td class=\"et2\">22<\/td>\n<\/tr>\n<tr style=\"height: 13.50pt;\">\n<td class=\"et2\" style=\"height: 13.50pt;\" height=\"18\">Verdunstungsverlust (149\u2103, 22h, %)<\/td>\n<td class=\"et2\">\u22647<\/td>\n<td class=\"et2\">\u22645<\/td>\n<\/tr>\n<tr style=\"height: 13.50pt;\">\n<td class=\"et2\" style=\"height: 13.50pt;\" height=\"18\">Neutralisationszahl (KOH, %)<\/td>\n<td class=\"et2\">\u22640.03<\/td>\n<td class=\"et2\">\u22640.03<\/td>\n<\/tr>\n<\/tbody>\n<\/table>\n<p>3\u3001 Schmierfettbasis\u00f6l<\/p>\n<p>Hochleistungsschmiermittel und Grund\u00f6l f\u00fcr Fette, die im Maschinenbau, in der Automobilindustrie, in der chemischen Industrie, in der Luftfahrt, im Milit\u00e4r, in der Nuklearindustrie und in anderen Industriezweigen verwendet werden.<\/p>\n<table style=\"border-collapse: collapse; width: 1010.27pt;\" border=\"0\" width=\"1347\" cellspacing=\"0\" cellpadding=\"0\">\n<tbody>\n<tr style=\"height: 13.50pt;\">\n<td class=\"et2\" style=\"height: 13.50pt; width: 1010.25pt;\" colspan=\"5\" width=\"1347\" height=\"18\">Fettbasis\u00f6l Produkt Technische Spezifikation<\/td>\n<\/tr>\n<tr style=\"height: 13.50pt;\">\n<td class=\"et2\" style=\"height: 13.50pt;\" colspan=\"2\" height=\"18\">Physikalische Eigenschaften<\/td>\n<td class=\"et2\">FL\u00aeL700<\/td>\n<td class=\"et2\">FL\u00aeL1500<\/td>\n<td class=\"et3\" style=\"width: 160.50pt;\" width=\"214\">FL\u00aeL1800<\/td>\n<\/tr>\n<tr style=\"height: 13.50pt;\">\n<td class=\"et2\" style=\"height: 13.50pt;\" colspan=\"2\" height=\"18\">Erscheinungsbild<\/td>\n<td class=\"et2\">Farblos und transparent<\/td>\n<td class=\"et2\">Farblos und transparent<\/td>\n<td class=\"et2\">Farblos und transparent<\/td>\n<\/tr>\n<tr style=\"height: 13.50pt;\">\n<td class=\"et2\" style=\"height: 41.00pt;\" rowspan=\"3\" height=\"54\">Kinematische Viskosit\u00e4t (cSt)<\/td>\n<td class=\"et2\">20\u2103<\/td>\n<td class=\"et2\">600-800<\/td>\n<td class=\"et2\">1400-1600<\/td>\n<td class=\"et3\" style=\"width: 160.50pt;\" width=\"214\">1700-1950<\/td>\n<\/tr>\n<tr style=\"height: 14.00pt;\">\n<td class=\"et2\">40\u2103<\/td>\n<td class=\"et3\" style=\"width: 233.25pt;\" width=\"311\">180-230<\/td>\n<td class=\"et3\" style=\"width: 176.25pt;\" width=\"235\">390-450<\/td>\n<td class=\"et2\">490-530<\/td>\n<\/tr>\n<tr style=\"height: 13.50pt;\">\n<td class=\"et2\">100\u2103<\/td>\n<td class=\"et2\">18-25<\/td>\n<td class=\"et2\">34-43<\/td>\n<td class=\"et2\">43-50<\/td>\n<\/tr>\n<tr style=\"height: 13.50pt;\">\n<td class=\"et2\" style=\"height: 13.50pt;\" colspan=\"2\" height=\"18\">Pourpoint (\u2103)<\/td>\n<td class=\"et3\" style=\"width: 233.25pt;\" width=\"311\">-27<\/td>\n<td class=\"et2\">-25<\/td>\n<td class=\"et2\">-20<\/td>\n<\/tr>\n<tr style=\"height: 13.50pt;\">\n<td class=\"et2\" style=\"height: 13.50pt;\" colspan=\"2\" height=\"18\">Oberfl\u00e4chenspannung (20\u00b0C, g\/cm3)<\/td>\n<td class=\"et2\">23<\/td>\n<td class=\"et2\">24<\/td>\n<td class=\"et2\">24<\/td>\n<\/tr>\n<tr style=\"height: 13.50pt;\">\n<td class=\"et2\" style=\"height: 27.00pt;\" rowspan=\"2\" height=\"36\">Verdunstungsverlust (%)<\/td>\n<td class=\"et2\">149\u2103\uff0c22h<\/td>\n<td class=\"et2\">\u22641<\/td>\n<td class=\"et2\">\u22641<\/td>\n<td class=\"et2\">\u22641<\/td>\n<\/tr>\n<tr style=\"height: 13.50pt;\">\n<td class=\"et2\">204\u2103\uff0c22h<\/td>\n<td class=\"et2\">\u22643<\/td>\n<td class=\"et2\">\u22641<\/td>\n<td class=\"et2\">\u22641<\/td>\n<\/tr>\n<tr style=\"height: 13.50pt;\">\n<td class=\"et2\" style=\"height: 13.50pt;\" colspan=\"2\" height=\"18\">Neutralisationszahl (KOH, %)<\/td>\n<td class=\"et2\">\u22640.03<\/td>\n<td class=\"et2\">\u22640.03<\/td>\n<td class=\"et2\">\u22640.03<\/td>\n<\/tr>\n<\/tbody>\n<\/table>\n<h2><strong><b>Kontaktieren Sie uns jetzt!<\/b><\/strong><\/h2>\n<h4><strong><b>Wenn Sie einen Preis ben\u00f6tigen, tragen Sie bitte Ihre Kontaktdaten in das unten stehende Formular ein. Wir werden uns in der Regel innerhalb von 24 Stunden mit Ihnen in Verbindung setzen. Sie k\u00f6nnen mir auch mailen\u00a0<span style=\"color: #00ccff;\"><a style=\"color: #00ccff;\" href=\"mailto:info@changhongchemical.com\">info@changhongchemical.com<\/a><\/span>\u00a0w\u00e4hrend der Gesch\u00e4ftszeiten ( 8:30 bis 18:00 Uhr UTC+8 Mo.~Sa. ) oder nutzen Sie den Live-Chat auf der Website, um eine schnelle Antwort zu erhalten.<\/b><\/strong><\/h4>","protected":false},"excerpt":{"rendered":"<p>Perfluorpolyether (PFPE) ist eine spezielle Klasse von Perfluorpolymerverbindungen mit einem durchschnittlichen Molekulargewicht von 500 bis 15.000 und nur drei Elementen im Molek\u00fcl, C, F und O. PFPE hat hervorragende physikalische und chemische Eigenschaften, wie z. B. ausgezeichnete Hitzebest\u00e4ndigkeit, Tieftemperaturleistung, Oxidationsbest\u00e4ndigkeit, chemische Stabilit\u00e4t (Best\u00e4ndigkeit gegen starke S\u00e4uren, Laugen, fl\u00fcssigen Sauerstoff usw.), Schmierung usw. Es wird in einem breiten Spektrum von Anwendungen eingesetzt. Es verf\u00fcgt \u00fcber ausgezeichnete physikalisch-chemische Eigenschaften, wie z. B. ausgezeichnete Hitzebest\u00e4ndigkeit, Tieftemperaturleistung, Oxidationsbest\u00e4ndigkeit, chemische Stabilit\u00e4t (Best\u00e4ndigkeit gegen sehr starke S\u00e4uren, Laugen, fl\u00fcssigen Sauerstoff usw.), Schmierf\u00e4higkeit usw., und wird in gro\u00dfem Umfang verwendet.<\/p>","protected":false},"featured_media":8383,"comment_status":"closed","ping_status":"closed","template":"","meta":[],"product_brand":[],"product_cat":[188],"product_tag":[],"class_list":{"0":"post-8382","1":"product","2":"type-product","3":"status-publish","4":"has-post-thumbnail","6":"product_cat-fluorinated-fine-chemicals","8":"first","9":"instock","10":"shipping-taxable","11":"product-type-simple"},"yoast_head":"<!-- This site is optimized with the Yoast SEO plugin v27.4 - https:\/\/yoast.com\/product\/yoast-seo-wordpress\/ -->\n<title>China CHLUMOFIUOR\u00ae Perfluoropolyether grease Manufacturer - Changhong Chemical<\/title>\n<meta name=\"description\" content=\"Perfluoropolyethers (PFPE) is a special class of perfluoropolymer compounds with average molecular weight ranging from 500 to 15,000 and only three...\" \/>\n<meta name=\"robots\" content=\"index, follow, max-snippet:-1, max-image-preview:large, max-video-preview:-1\" \/>\n<link rel=\"canonical\" href=\"https:\/\/changhongchemical.com\/de\/product\/perfluoropolyether-grease\/\" \/>\n<meta property=\"og:locale\" content=\"de_DE\" \/>\n<meta property=\"og:type\" content=\"article\" \/>\n<meta property=\"og:title\" content=\"China CHLUMOFIUOR\u00ae Perfluoropolyether grease Manufacturer - Changhong Chemical\" \/>\n<meta property=\"og:description\" content=\"Perfluoropolyethers (PFPE) is a special class of perfluoropolymer compounds with average molecular weight ranging from 500 to 15,000 and only three...\" \/>\n<meta property=\"og:url\" content=\"https:\/\/changhongchemical.com\/de\/product\/perfluoropolyether-grease\/\" \/>\n<meta property=\"og:site_name\" content=\"Changhong Chemical\" \/>\n<meta property=\"article:modified_time\" content=\"2025-05-12T03:00:13+00:00\" \/>\n<meta property=\"og:image\" content=\"https:\/\/changhongchemical.com\/wp-content\/uploads\/2025\/03\/2-1.jpg\" \/>\n\t<meta property=\"og:image:width\" content=\"300\" \/>\n\t<meta property=\"og:image:height\" content=\"300\" \/>\n\t<meta property=\"og:image:type\" content=\"image\/jpeg\" \/>\n<meta name=\"twitter:card\" content=\"summary_large_image\" \/>\n<meta name=\"twitter:label1\" content=\"Gesch\u00e4tzte Lesezeit\" \/>\n\t<meta name=\"twitter:data1\" content=\"2\u00a0Minuten\" \/>\n<script type=\"application\/ld+json\" class=\"yoast-schema-graph\">{\"@context\":\"https:\\\/\\\/schema.org\",\"@graph\":[{\"@type\":\"WebPage\",\"@id\":\"https:\\\/\\\/changhongchemical.com\\\/product\\\/perfluoropolyether-grease\\\/\",\"url\":\"https:\\\/\\\/changhongchemical.com\\\/product\\\/perfluoropolyether-grease\\\/\",\"name\":\"China CHLUMOFIUOR\u00ae Perfluoropolyether grease Manufacturer - Changhong Chemical\",\"isPartOf\":{\"@id\":\"https:\\\/\\\/changhongchemical.com\\\/#website\"},\"primaryImageOfPage\":{\"@id\":\"https:\\\/\\\/changhongchemical.com\\\/product\\\/perfluoropolyether-grease\\\/#primaryimage\"},\"image\":{\"@id\":\"https:\\\/\\\/changhongchemical.com\\\/product\\\/perfluoropolyether-grease\\\/#primaryimage\"},\"thumbnailUrl\":\"https:\\\/\\\/changhongchemical.com\\\/wp-content\\\/uploads\\\/2025\\\/03\\\/2-1.jpg\",\"datePublished\":\"2025-03-27T09:07:16+00:00\",\"dateModified\":\"2025-05-12T03:00:13+00:00\",\"description\":\"Perfluoropolyethers (PFPE) is a special class of perfluoropolymer compounds with average molecular weight ranging from 500 to 15,000 and only three...\",\"breadcrumb\":{\"@id\":\"https:\\\/\\\/changhongchemical.com\\\/product\\\/perfluoropolyether-grease\\\/#breadcrumb\"},\"inLanguage\":\"de\",\"potentialAction\":[{\"@type\":\"ReadAction\",\"target\":[\"https:\\\/\\\/changhongchemical.com\\\/product\\\/perfluoropolyether-grease\\\/\"]}]},{\"@type\":\"ImageObject\",\"inLanguage\":\"de\",\"@id\":\"https:\\\/\\\/changhongchemical.com\\\/product\\\/perfluoropolyether-grease\\\/#primaryimage\",\"url\":\"https:\\\/\\\/changhongchemical.com\\\/wp-content\\\/uploads\\\/2025\\\/03\\\/2-1.jpg\",\"contentUrl\":\"https:\\\/\\\/changhongchemical.com\\\/wp-content\\\/uploads\\\/2025\\\/03\\\/2-1.jpg\",\"width\":300,\"height\":300},{\"@type\":\"BreadcrumbList\",\"@id\":\"https:\\\/\\\/changhongchemical.com\\\/product\\\/perfluoropolyether-grease\\\/#breadcrumb\",\"itemListElement\":[{\"@type\":\"ListItem\",\"position\":1,\"name\":\"Home\",\"item\":\"https:\\\/\\\/changhongchemical.com\\\/\"},{\"@type\":\"ListItem\",\"position\":2,\"name\":\"Products Changhong\",\"item\":\"https:\\\/\\\/changhongchemical.com\\\/product\\\/\"},{\"@type\":\"ListItem\",\"position\":3,\"name\":\"CHLUMOFIUOR\u00ae Perfluoropolyether grease\"}]},{\"@type\":\"WebSite\",\"@id\":\"https:\\\/\\\/changhongchemical.com\\\/#website\",\"url\":\"https:\\\/\\\/changhongchemical.com\\\/\",\"name\":\"Changhong Chemical\",\"description\":\"China chemical manufacturer \uff06 supplier\",\"publisher\":{\"@id\":\"https:\\\/\\\/changhongchemical.com\\\/#organization\"},\"potentialAction\":[{\"@type\":\"SearchAction\",\"target\":{\"@type\":\"EntryPoint\",\"urlTemplate\":\"https:\\\/\\\/changhongchemical.com\\\/?s={search_term_string}\"},\"query-input\":{\"@type\":\"PropertyValueSpecification\",\"valueRequired\":true,\"valueName\":\"search_term_string\"}}],\"inLanguage\":\"de\"},{\"@type\":\"Organization\",\"@id\":\"https:\\\/\\\/changhongchemical.com\\\/#organization\",\"name\":\"Changhong Chemical\",\"url\":\"https:\\\/\\\/changhongchemical.com\\\/\",\"logo\":{\"@type\":\"ImageObject\",\"inLanguage\":\"de\",\"@id\":\"https:\\\/\\\/changhongchemical.com\\\/#\\\/schema\\\/logo\\\/image\\\/\",\"url\":\"https:\\\/\\\/changhongchemical.com\\\/wp-content\\\/uploads\\\/2020\\\/08\\\/cropped-longchang-logo.png\",\"contentUrl\":\"https:\\\/\\\/changhongchemical.com\\\/wp-content\\\/uploads\\\/2020\\\/08\\\/cropped-longchang-logo.png\",\"width\":512,\"height\":512,\"caption\":\"Changhong Chemical\"},\"image\":{\"@id\":\"https:\\\/\\\/changhongchemical.com\\\/#\\\/schema\\\/logo\\\/image\\\/\"}}]}<\/script>\n<!-- \/ Yoast SEO plugin. -->","yoast_head_json":{"title":"China CHLUMOFIUOR\u00ae Perfluorpolyether-Fett Hersteller - Changhong Chemical","description":"Perfluoropolyethers (PFPE) is a special class of perfluoropolymer compounds with average molecular weight ranging from 500 to 15,000 and only three...","robots":{"index":"index","follow":"follow","max-snippet":"max-snippet:-1","max-image-preview":"max-image-preview:large","max-video-preview":"max-video-preview:-1"},"canonical":"https:\/\/changhongchemical.com\/de\/product\/perfluoropolyether-grease\/","og_locale":"de_DE","og_type":"article","og_title":"China CHLUMOFIUOR\u00ae Perfluoropolyether grease Manufacturer - Changhong Chemical","og_description":"Perfluoropolyethers (PFPE) is a special class of perfluoropolymer compounds with average molecular weight ranging from 500 to 15,000 and only three...","og_url":"https:\/\/changhongchemical.com\/de\/product\/perfluoropolyether-grease\/","og_site_name":"Changhong Chemical","article_modified_time":"2025-05-12T03:00:13+00:00","og_image":[{"width":300,"height":300,"url":"https:\/\/changhongchemical.com\/wp-content\/uploads\/2025\/03\/2-1.jpg","type":"image\/jpeg"}],"twitter_card":"summary_large_image","twitter_misc":{"Gesch\u00e4tzte Lesezeit":"2\u00a0Minuten"},"schema":{"@context":"https:\/\/schema.org","@graph":[{"@type":"WebPage","@id":"https:\/\/changhongchemical.com\/product\/perfluoropolyether-grease\/","url":"https:\/\/changhongchemical.com\/product\/perfluoropolyether-grease\/","name":"China CHLUMOFIUOR\u00ae Perfluorpolyether-Fett Hersteller - Changhong Chemical","isPartOf":{"@id":"https:\/\/changhongchemical.com\/#website"},"primaryImageOfPage":{"@id":"https:\/\/changhongchemical.com\/product\/perfluoropolyether-grease\/#primaryimage"},"image":{"@id":"https:\/\/changhongchemical.com\/product\/perfluoropolyether-grease\/#primaryimage"},"thumbnailUrl":"https:\/\/changhongchemical.com\/wp-content\/uploads\/2025\/03\/2-1.jpg","datePublished":"2025-03-27T09:07:16+00:00","dateModified":"2025-05-12T03:00:13+00:00","description":"Perfluoropolyethers (PFPE) is a special class of perfluoropolymer compounds with average molecular weight ranging from 500 to 15,000 and only three...","breadcrumb":{"@id":"https:\/\/changhongchemical.com\/product\/perfluoropolyether-grease\/#breadcrumb"},"inLanguage":"de","potentialAction":[{"@type":"ReadAction","target":["https:\/\/changhongchemical.com\/product\/perfluoropolyether-grease\/"]}]},{"@type":"ImageObject","inLanguage":"de","@id":"https:\/\/changhongchemical.com\/product\/perfluoropolyether-grease\/#primaryimage","url":"https:\/\/changhongchemical.com\/wp-content\/uploads\/2025\/03\/2-1.jpg","contentUrl":"https:\/\/changhongchemical.com\/wp-content\/uploads\/2025\/03\/2-1.jpg","width":300,"height":300},{"@type":"BreadcrumbList","@id":"https:\/\/changhongchemical.com\/product\/perfluoropolyether-grease\/#breadcrumb","itemListElement":[{"@type":"ListItem","position":1,"name":"Home","item":"https:\/\/changhongchemical.com\/"},{"@type":"ListItem","position":2,"name":"Products Changhong","item":"https:\/\/changhongchemical.com\/product\/"},{"@type":"ListItem","position":3,"name":"CHLUMOFIUOR\u00ae Perfluoropolyether grease"}]},{"@type":"WebSite","@id":"https:\/\/changhongchemical.com\/#website","url":"https:\/\/changhongchemical.com\/","name":"Changhong Chemical","description":"China Hersteller von Chemikalien \uff06 Lieferant","publisher":{"@id":"https:\/\/changhongchemical.com\/#organization"},"potentialAction":[{"@type":"SearchAction","target":{"@type":"EntryPoint","urlTemplate":"https:\/\/changhongchemical.com\/?s={search_term_string}"},"query-input":{"@type":"PropertyValueSpecification","valueRequired":true,"valueName":"search_term_string"}}],"inLanguage":"de"},{"@type":"Organization","@id":"https:\/\/changhongchemical.com\/#organization","name":"Changhong Chemical","url":"https:\/\/changhongchemical.com\/","logo":{"@type":"ImageObject","inLanguage":"de","@id":"https:\/\/changhongchemical.com\/#\/schema\/logo\/image\/","url":"https:\/\/changhongchemical.com\/wp-content\/uploads\/2020\/08\/cropped-longchang-logo.png","contentUrl":"https:\/\/changhongchemical.com\/wp-content\/uploads\/2020\/08\/cropped-longchang-logo.png","width":512,"height":512,"caption":"Changhong Chemical"},"image":{"@id":"https:\/\/changhongchemical.com\/#\/schema\/logo\/image\/"}}]}},"_links":{"self":[{"href":"https:\/\/changhongchemical.com\/de\/wp-json\/wp\/v2\/product\/8382","targetHints":{"allow":["GET"]}}],"collection":[{"href":"https:\/\/changhongchemical.com\/de\/wp-json\/wp\/v2\/product"}],"about":[{"href":"https:\/\/changhongchemical.com\/de\/wp-json\/wp\/v2\/types\/product"}],"replies":[{"embeddable":true,"href":"https:\/\/changhongchemical.com\/de\/wp-json\/wp\/v2\/comments?post=8382"}],"wp:featuredmedia":[{"embeddable":true,"href":"https:\/\/changhongchemical.com\/de\/wp-json\/wp\/v2\/media\/8383"}],"wp:attachment":[{"href":"https:\/\/changhongchemical.com\/de\/wp-json\/wp\/v2\/media?parent=8382"}],"wp:term":[{"taxonomy":"product_brand","embeddable":true,"href":"https:\/\/changhongchemical.com\/de\/wp-json\/wp\/v2\/product_brand?post=8382"},{"taxonomy":"product_cat","embeddable":true,"href":"https:\/\/changhongchemical.com\/de\/wp-json\/wp\/v2\/product_cat?post=8382"},{"taxonomy":"product_tag","embeddable":true,"href":"https:\/\/changhongchemical.com\/de\/wp-json\/wp\/v2\/product_tag?post=8382"}],"curies":[{"name":"wp","href":"https:\/\/api.w.org\/{rel}","templated":true}]}}