{"id":8377,"date":"2025-03-26T03:55:31","date_gmt":"2025-03-26T03:55:31","guid":{"rendered":"https:\/\/changhongchemical.com\/?post_type=product&#038;p=8377"},"modified":"2025-05-12T03:02:51","modified_gmt":"2025-05-12T03:02:51","slug":"hydrofluoroether-hfe-374","status":"publish","type":"product","link":"https:\/\/changhongchemical.com\/de\/product\/hydrofluoroether-hfe-374\/","title":{"rendered":"CHLUMOFIUOR\u00ae Hydrofluorether HFE-374"},"content":{"rendered":"<p>Hydrofluorethylether HFE-374, chemischer Name: 1,1,2,2-Tetrafluorethylether Als umweltfreundliches L\u00f6sungsmittel wird es h\u00e4ufig in der Pr\u00e4zisionsreinigung, als Trockenmittel usw. verwendet.<\/p>\n<table style=\"border-collapse: collapse; width: 511.52pt;\" border=\"0\" width=\"682\" cellspacing=\"0\" cellpadding=\"0\">\n<tbody>\n<tr style=\"height: 13.50pt;\">\n<td class=\"et3\" style=\"height: 13.50pt; width: 511.50pt;\" colspan=\"2\" width=\"682\" height=\"18\">Hydrofluor\u00e4ther FL\u00ae374 Produktspezifikationen<\/td>\n<\/tr>\n<tr style=\"height: 13.50pt;\">\n<td class=\"et3\" style=\"height: 13.50pt;\" height=\"18\">Physikalische Eigenschaften<\/td>\n<td class=\"et3\">FL\u00ae 374<\/td>\n<\/tr>\n<tr style=\"height: 13.50pt;\">\n<td class=\"et3\" style=\"height: 13.50pt;\" height=\"18\">Erscheinungsbild<\/td>\n<td class=\"et3\">Farblose und geruchlose transparente Fl\u00fcssigkeit<\/td>\n<\/tr>\n<tr style=\"height: 13.50pt;\">\n<td class=\"et3\" style=\"height: 13.50pt;\" height=\"18\">Siedepunkt (\u2103)<\/td>\n<td class=\"et3\">56.6<\/td>\n<\/tr>\n<tr style=\"height: 13.50pt;\">\n<td class=\"et3\" style=\"height: 13.50pt;\" height=\"18\">Schmelzpunkt (\u2103)<\/td>\n<td class=\"et3\">-86<\/td>\n<\/tr>\n<tr style=\"height: 13.50pt;\">\n<td class=\"et3\" style=\"height: 13.50pt;\" height=\"18\">Flammpunkt (\u2103)<\/td>\n<td class=\"et3\">-15<\/td>\n<\/tr>\n<tr style=\"height: 13.50pt;\">\n<td class=\"et3\" style=\"height: 13.50pt;\" height=\"18\">Dichte (g\/ml)<\/td>\n<td class=\"et3\">1.1987<\/td>\n<\/tr>\n<tr style=\"height: 13.50pt;\">\n<td class=\"et3\" style=\"height: 13.50pt;\" height=\"18\">Brechungsindex<\/td>\n<td class=\"et3\">1.294<\/td>\n<\/tr>\n<tr style=\"height: 13.50pt;\">\n<td class=\"et3\" style=\"height: 13.50pt;\" height=\"18\">Feuchtigkeitsgehalt (ppm)<\/td>\n<td class=\"et3\">\uff1c100<\/td>\n<\/tr>\n<tr style=\"height: 13.50pt;\">\n<td class=\"et3\" style=\"height: 13.50pt;\" height=\"18\">S\u00e4urewert (ppm)<\/td>\n<td class=\"et3\">\uff1c1<\/td>\n<\/tr>\n<tr style=\"height: 13.50pt;\">\n<td class=\"et3\" style=\"height: 13.50pt;\" height=\"18\">Nichtfl\u00fcchtiger R\u00fcckstand (ppm)<\/td>\n<td class=\"et3\">\uff1c100<\/td>\n<\/tr>\n<tr style=\"height: 13.50pt;\">\n<td class=\"et3\" style=\"height: 13.50pt;\" height=\"18\">ODP<\/td>\n<td class=\"et3\">0<\/td>\n<\/tr>\n<tr style=\"height: 13.50pt;\">\n<td class=\"et3\" style=\"height: 13.50pt;\" height=\"18\">GWP<\/td>\n<td class=\"et3\">47<\/td>\n<\/tr>\n<\/tbody>\n<\/table>\n<h2><strong><b>Kontaktieren Sie uns jetzt!<\/b><\/strong><\/h2>\n<h4><strong><b>Wenn Sie einen Preis ben\u00f6tigen, tragen Sie bitte Ihre Kontaktdaten in das unten stehende Formular ein. Wir werden uns in der Regel innerhalb von 24 Stunden mit Ihnen in Verbindung setzen. Sie k\u00f6nnen mir auch mailen\u00a0<span style=\"color: #00ccff;\"><a style=\"color: #00ccff;\" href=\"mailto:info@changhongchemical.com\">info@changhongchemical.com<\/a><\/span>\u00a0w\u00e4hrend der Gesch\u00e4ftszeiten ( 8:30 bis 18:00 Uhr UTC+8 Mo.~Sa. ) oder nutzen Sie den Live-Chat auf der Website, um eine schnelle Antwort zu erhalten.<\/b><\/strong><\/h4>","protected":false},"excerpt":{"rendered":"<p>Solvenz: leicht<\/p>\n<p>Zuverl\u00e4ssigkeit: extrem stabil<\/p>\n<p>Schnelle Trocknung: h\u00f6herer Siedepunkt, vollst\u00e4ndige Verfl\u00fcchtigung.<\/p>\n<p>Regeneration: Durch die Destillationsregeneration wird die Menge der Industrieabf\u00e4lle erheblich reduziert.<\/p>\n<p>Durchl\u00e4ssigkeit: niedrige Viskosit\u00e4t, niedrige Oberfl\u00e4chenspannung, hohe Dichte, hohe Flie\u00dff\u00e4higkeit.<\/p>\n<p>Umweltfreundlichkeit: kein Ozonabbau, erf\u00fcllt problemlos verschiedene Umweltstandards.<br \/>\nEmpfohlene Anwendungen:<\/p>\n<p>1, L\u00f6sungsmittelverd\u00fcnner 2, Feinreinigung<\/p>\n<p>3\u3001Trocknungsmittel 4\u3001Sonstiges usw.<\/p>","protected":false},"featured_media":0,"comment_status":"closed","ping_status":"closed","template":"","meta":[],"product_brand":[],"product_cat":[188],"product_tag":[],"class_list":{"0":"post-8377","1":"product","2":"type-product","3":"status-publish","5":"product_cat-fluorinated-fine-chemicals","7":"first","8":"instock","9":"shipping-taxable","10":"product-type-simple"},"yoast_head":"<!-- This site is optimized with the Yoast SEO plugin v27.4 - https:\/\/yoast.com\/product\/yoast-seo-wordpress\/ -->\n<title>China CHLUMOFIUOR\u00ae Hydrofluoroether HFE-374 Manufacturer - Changhong Chemical<\/title>\n<meta name=\"description\" content=\"Solvency: mild Reliability: extremely stable Quick drying: higher boiling point, complete volatilization. Regeneration: through distillation...\" \/>\n<meta name=\"robots\" content=\"index, follow, max-snippet:-1, max-image-preview:large, max-video-preview:-1\" \/>\n<link rel=\"canonical\" href=\"https:\/\/changhongchemical.com\/de\/product\/hydrofluoroether-hfe-374\/\" \/>\n<meta property=\"og:locale\" content=\"de_DE\" \/>\n<meta property=\"og:type\" content=\"article\" \/>\n<meta property=\"og:title\" content=\"China CHLUMOFIUOR\u00ae Hydrofluoroether HFE-374 Manufacturer - Changhong Chemical\" \/>\n<meta property=\"og:description\" content=\"Solvency: mild Reliability: extremely stable Quick drying: higher boiling point, complete volatilization. Regeneration: through distillation...\" \/>\n<meta property=\"og:url\" content=\"https:\/\/changhongchemical.com\/de\/product\/hydrofluoroether-hfe-374\/\" \/>\n<meta property=\"og:site_name\" content=\"Changhong Chemical\" \/>\n<meta property=\"article:modified_time\" content=\"2025-05-12T03:02:51+00:00\" \/>\n<meta property=\"og:image\" content=\"https:\/\/changhongchemical.com\/wp-content\/uploads\/2024\/02\/logo-jpeg.jpg\" \/>\n\t<meta property=\"og:image:width\" content=\"1000\" \/>\n\t<meta property=\"og:image:height\" content=\"1000\" \/>\n\t<meta property=\"og:image:type\" content=\"image\/jpeg\" \/>\n<meta name=\"twitter:card\" content=\"summary_large_image\" \/>\n<meta name=\"twitter:label1\" content=\"Gesch\u00e4tzte Lesezeit\" \/>\n\t<meta name=\"twitter:data1\" content=\"1\u00a0Minute\" \/>\n<script type=\"application\/ld+json\" class=\"yoast-schema-graph\">{\"@context\":\"https:\\\/\\\/schema.org\",\"@graph\":[{\"@type\":\"WebPage\",\"@id\":\"https:\\\/\\\/changhongchemical.com\\\/product\\\/hydrofluoroether-hfe-374\\\/\",\"url\":\"https:\\\/\\\/changhongchemical.com\\\/product\\\/hydrofluoroether-hfe-374\\\/\",\"name\":\"China CHLUMOFIUOR\u00ae Hydrofluoroether HFE-374 Manufacturer - Changhong Chemical\",\"isPartOf\":{\"@id\":\"https:\\\/\\\/changhongchemical.com\\\/#website\"},\"datePublished\":\"2025-03-26T03:55:31+00:00\",\"dateModified\":\"2025-05-12T03:02:51+00:00\",\"description\":\"Solvency: mild Reliability: extremely stable Quick drying: higher boiling point, complete volatilization. Regeneration: through distillation...\",\"breadcrumb\":{\"@id\":\"https:\\\/\\\/changhongchemical.com\\\/product\\\/hydrofluoroether-hfe-374\\\/#breadcrumb\"},\"inLanguage\":\"de\",\"potentialAction\":[{\"@type\":\"ReadAction\",\"target\":[\"https:\\\/\\\/changhongchemical.com\\\/product\\\/hydrofluoroether-hfe-374\\\/\"]}]},{\"@type\":\"BreadcrumbList\",\"@id\":\"https:\\\/\\\/changhongchemical.com\\\/product\\\/hydrofluoroether-hfe-374\\\/#breadcrumb\",\"itemListElement\":[{\"@type\":\"ListItem\",\"position\":1,\"name\":\"Home\",\"item\":\"https:\\\/\\\/changhongchemical.com\\\/\"},{\"@type\":\"ListItem\",\"position\":2,\"name\":\"Products Changhong\",\"item\":\"https:\\\/\\\/changhongchemical.com\\\/product\\\/\"},{\"@type\":\"ListItem\",\"position\":3,\"name\":\"CHLUMOFIUOR\u00ae Hydrofluoroether HFE-374\"}]},{\"@type\":\"WebSite\",\"@id\":\"https:\\\/\\\/changhongchemical.com\\\/#website\",\"url\":\"https:\\\/\\\/changhongchemical.com\\\/\",\"name\":\"Changhong Chemical\",\"description\":\"China chemical manufacturer \uff06 supplier\",\"publisher\":{\"@id\":\"https:\\\/\\\/changhongchemical.com\\\/#organization\"},\"potentialAction\":[{\"@type\":\"SearchAction\",\"target\":{\"@type\":\"EntryPoint\",\"urlTemplate\":\"https:\\\/\\\/changhongchemical.com\\\/?s={search_term_string}\"},\"query-input\":{\"@type\":\"PropertyValueSpecification\",\"valueRequired\":true,\"valueName\":\"search_term_string\"}}],\"inLanguage\":\"de\"},{\"@type\":\"Organization\",\"@id\":\"https:\\\/\\\/changhongchemical.com\\\/#organization\",\"name\":\"Changhong Chemical\",\"url\":\"https:\\\/\\\/changhongchemical.com\\\/\",\"logo\":{\"@type\":\"ImageObject\",\"inLanguage\":\"de\",\"@id\":\"https:\\\/\\\/changhongchemical.com\\\/#\\\/schema\\\/logo\\\/image\\\/\",\"url\":\"https:\\\/\\\/changhongchemical.com\\\/wp-content\\\/uploads\\\/2020\\\/08\\\/cropped-longchang-logo.png\",\"contentUrl\":\"https:\\\/\\\/changhongchemical.com\\\/wp-content\\\/uploads\\\/2020\\\/08\\\/cropped-longchang-logo.png\",\"width\":512,\"height\":512,\"caption\":\"Changhong Chemical\"},\"image\":{\"@id\":\"https:\\\/\\\/changhongchemical.com\\\/#\\\/schema\\\/logo\\\/image\\\/\"}}]}<\/script>\n<!-- \/ Yoast SEO plugin. -->","yoast_head_json":{"title":"China CHLUMOFIUOR\u00ae Hydrofluorether HFE-374 Hersteller - Changhong Chemical","description":"Solvency: mild Reliability: extremely stable Quick drying: higher boiling point, complete volatilization. Regeneration: through distillation...","robots":{"index":"index","follow":"follow","max-snippet":"max-snippet:-1","max-image-preview":"max-image-preview:large","max-video-preview":"max-video-preview:-1"},"canonical":"https:\/\/changhongchemical.com\/de\/product\/hydrofluoroether-hfe-374\/","og_locale":"de_DE","og_type":"article","og_title":"China CHLUMOFIUOR\u00ae Hydrofluoroether HFE-374 Manufacturer - Changhong Chemical","og_description":"Solvency: mild Reliability: extremely stable Quick drying: higher boiling point, complete volatilization. Regeneration: through distillation...","og_url":"https:\/\/changhongchemical.com\/de\/product\/hydrofluoroether-hfe-374\/","og_site_name":"Changhong Chemical","article_modified_time":"2025-05-12T03:02:51+00:00","og_image":[{"width":1000,"height":1000,"url":"https:\/\/changhongchemical.com\/wp-content\/uploads\/2024\/02\/logo-jpeg.jpg","type":"image\/jpeg"}],"twitter_card":"summary_large_image","twitter_misc":{"Gesch\u00e4tzte Lesezeit":"1\u00a0Minute"},"schema":{"@context":"https:\/\/schema.org","@graph":[{"@type":"WebPage","@id":"https:\/\/changhongchemical.com\/product\/hydrofluoroether-hfe-374\/","url":"https:\/\/changhongchemical.com\/product\/hydrofluoroether-hfe-374\/","name":"China CHLUMOFIUOR\u00ae Hydrofluorether HFE-374 Hersteller - Changhong Chemical","isPartOf":{"@id":"https:\/\/changhongchemical.com\/#website"},"datePublished":"2025-03-26T03:55:31+00:00","dateModified":"2025-05-12T03:02:51+00:00","description":"Solvency: mild Reliability: extremely stable Quick drying: higher boiling point, complete volatilization. Regeneration: through distillation...","breadcrumb":{"@id":"https:\/\/changhongchemical.com\/product\/hydrofluoroether-hfe-374\/#breadcrumb"},"inLanguage":"de","potentialAction":[{"@type":"ReadAction","target":["https:\/\/changhongchemical.com\/product\/hydrofluoroether-hfe-374\/"]}]},{"@type":"BreadcrumbList","@id":"https:\/\/changhongchemical.com\/product\/hydrofluoroether-hfe-374\/#breadcrumb","itemListElement":[{"@type":"ListItem","position":1,"name":"Home","item":"https:\/\/changhongchemical.com\/"},{"@type":"ListItem","position":2,"name":"Products Changhong","item":"https:\/\/changhongchemical.com\/product\/"},{"@type":"ListItem","position":3,"name":"CHLUMOFIUOR\u00ae Hydrofluoroether HFE-374"}]},{"@type":"WebSite","@id":"https:\/\/changhongchemical.com\/#website","url":"https:\/\/changhongchemical.com\/","name":"Changhong Chemical","description":"China Hersteller von Chemikalien \uff06 Lieferant","publisher":{"@id":"https:\/\/changhongchemical.com\/#organization"},"potentialAction":[{"@type":"SearchAction","target":{"@type":"EntryPoint","urlTemplate":"https:\/\/changhongchemical.com\/?s={search_term_string}"},"query-input":{"@type":"PropertyValueSpecification","valueRequired":true,"valueName":"search_term_string"}}],"inLanguage":"de"},{"@type":"Organization","@id":"https:\/\/changhongchemical.com\/#organization","name":"Changhong Chemical","url":"https:\/\/changhongchemical.com\/","logo":{"@type":"ImageObject","inLanguage":"de","@id":"https:\/\/changhongchemical.com\/#\/schema\/logo\/image\/","url":"https:\/\/changhongchemical.com\/wp-content\/uploads\/2020\/08\/cropped-longchang-logo.png","contentUrl":"https:\/\/changhongchemical.com\/wp-content\/uploads\/2020\/08\/cropped-longchang-logo.png","width":512,"height":512,"caption":"Changhong Chemical"},"image":{"@id":"https:\/\/changhongchemical.com\/#\/schema\/logo\/image\/"}}]}},"_links":{"self":[{"href":"https:\/\/changhongchemical.com\/de\/wp-json\/wp\/v2\/product\/8377","targetHints":{"allow":["GET"]}}],"collection":[{"href":"https:\/\/changhongchemical.com\/de\/wp-json\/wp\/v2\/product"}],"about":[{"href":"https:\/\/changhongchemical.com\/de\/wp-json\/wp\/v2\/types\/product"}],"replies":[{"embeddable":true,"href":"https:\/\/changhongchemical.com\/de\/wp-json\/wp\/v2\/comments?post=8377"}],"wp:attachment":[{"href":"https:\/\/changhongchemical.com\/de\/wp-json\/wp\/v2\/media?parent=8377"}],"wp:term":[{"taxonomy":"product_brand","embeddable":true,"href":"https:\/\/changhongchemical.com\/de\/wp-json\/wp\/v2\/product_brand?post=8377"},{"taxonomy":"product_cat","embeddable":true,"href":"https:\/\/changhongchemical.com\/de\/wp-json\/wp\/v2\/product_cat?post=8377"},{"taxonomy":"product_tag","embeddable":true,"href":"https:\/\/changhongchemical.com\/de\/wp-json\/wp\/v2\/product_tag?post=8377"}],"curies":[{"name":"wp","href":"https:\/\/api.w.org\/{rel}","templated":true}]}}