{"id":8370,"date":"2025-03-26T03:03:07","date_gmt":"2025-03-26T03:03:07","guid":{"rendered":"https:\/\/changhongchemical.com\/?post_type=product&#038;p=8370"},"modified":"2026-01-08T07:09:55","modified_gmt":"2026-01-08T07:09:55","slug":"perfluorobutylsulfonyl-fluoride","status":"publish","type":"product","link":"https:\/\/changhongchemical.com\/de\/product\/perfluorobutylsulfonyl-fluoride\/","title":{"rendered":"CHLUMOFIUOR\u00ae Perfluorbutylsulfonylfluorid CAS 375-72-4"},"content":{"rendered":"<p>Name\uff1aPerfluorobutylsulfonylfluorid<br \/>\nCAS-NR.: 375-72-4<br \/>\nEINECS: 206-792-6<br \/>\nMolekulargewicht: 302.09<br \/>\nSiedepunkt\uff1a64-66\u2103<br \/>\nDichte: 25\u2103---1,68g\/cm3<br \/>\nMolekulare Formel: C4F9SO2F<br \/>\nEigenschaften: farblos, transparent, unl\u00f6slich in Wasser, reizend, \u00e4tzend, fl\u00fcchtige Fl\u00fcssigkeit.<br \/>\nVerwendungen: Verwendung bei der Synthese verschiedener Fluortenside, Fluoroberfl\u00e4chenbehandlungsmittel und anderer Fluor-Feinchemikalien. Die nachgelagerten wasserabweisenden und \u00f6labweisenden oberfl\u00e4chenaktiven Rohstoffe von PFBSF k\u00f6nnen als Antischaummittel, Antistatikum, Reinigungsmittel, Verlaufsmittel usw. verwendet werden. Sie haben ein breites Anwendungsspektrum.<\/p>\n<p>Anderer Name:<\/p>\n<p>Nonafluorbutansulfonylfluorid<\/p>\n<p>Nonafluor-1 -butansulfonyl-Fluorid<\/p>\n<p>Perfluor-1 -butansulfonyl-Fluorid<\/p>\n<p>1,1,2,2,3,3,4,4,4 -Nonafluorbutan-1 -sulfonylfluorid<\/p>\n<h2><strong><b>Kontaktieren Sie uns jetzt!<\/b><\/strong><\/h2>\n<h4><strong><b>Wenn Sie einen Preis ben\u00f6tigen, tragen Sie bitte Ihre Kontaktdaten in das unten stehende Formular ein. Wir werden uns in der Regel innerhalb von 24 Stunden mit Ihnen in Verbindung setzen. Sie k\u00f6nnen mir auch mailen\u00a0<span style=\"color: #00ccff;\"><a style=\"color: #00ccff;\" href=\"mailto:info@changhongchemical.com\">info@changhongchemical.com<\/a><\/span>\u00a0w\u00e4hrend der Gesch\u00e4ftszeiten ( 8:30 bis 18:00 Uhr UTC+8 Mo.~Sa. ) oder nutzen Sie den Live-Chat auf der Website, um eine schnelle Antwort zu erhalten.<\/b><\/strong><\/h4>","protected":false},"excerpt":{"rendered":"<table style=\"border-collapse: collapse; width: 498.77pt;\" border=\"0\" width=\"665\" cellspacing=\"0\" cellpadding=\"0\">\n<tbody>\n<tr style=\"height: 20.00pt;\">\n<td class=\"et3\" style=\"height: 41.00pt; width: 163.50pt;\" colspan=\"2\" rowspan=\"2\" width=\"218\" height=\"54\">Inhalt<\/td>\n<td class=\"et3\" style=\"width: 335.25pt;\" colspan=\"3\" width=\"447\">Indikator<\/td>\n<\/tr>\n<tr style=\"height: 21.00pt;\">\n<td class=\"et3\">Hervorragende Qualit\u00e4t<\/td>\n<td class=\"et3\">Erste Klasse<\/td>\n<td class=\"et3\">Qualifiziertes Produkt<\/td>\n<\/tr>\n<tr style=\"height: 13.50pt;\">\n<td class=\"et3\" style=\"height: 13.50pt;\" colspan=\"2\" height=\"18\">Reinheit,GC<\/td>\n<td class=\"et3\">\u226598%<\/td>\n<td class=\"et3\">\u226597%<\/td>\n<td class=\"et3\">\u226595%<\/td>\n<\/tr>\n<tr style=\"height: 13.50pt;\">\n<td class=\"et3\" style=\"height: 13.50pt;\" colspan=\"2\" height=\"18\">PH<\/td>\n<td class=\"et3\">3.8-4.8<\/td>\n<td class=\"et3\">3.8-4.8<\/td>\n<td class=\"et3\">3.0-6.0<\/td>\n<\/tr>\n<tr style=\"height: 13.50pt;\">\n<td class=\"et3\" style=\"height: 13.50pt;\" colspan=\"2\" height=\"18\">Verunreinigungen<\/td>\n<td class=\"et5\">\u22642.0%<\/td>\n<td class=\"et3\">\u22643.0%<\/td>\n<td class=\"et3\">\u22645.0%<\/td>\n<\/tr>\n<\/tbody>\n<\/table>","protected":false},"featured_media":8371,"comment_status":"closed","ping_status":"closed","template":"","meta":[],"product_brand":[],"product_cat":[188],"product_tag":[],"class_list":{"0":"post-8370","1":"product","2":"type-product","3":"status-publish","4":"has-post-thumbnail","6":"product_cat-fluorinated-fine-chemicals","8":"first","9":"instock","10":"shipping-taxable","11":"product-type-simple"},"yoast_head":"<!-- This site is optimized with the Yoast SEO plugin v27.4 - https:\/\/yoast.com\/product\/yoast-seo-wordpress\/ -->\n<title>China CHLUMOFIUOR\u00ae Perfluorobutylsulfonyl fluoride CAS 375-72-4 Manufacturer - Changhong Chemical<\/title>\n<meta name=\"description\" content=\"&lt;tr style=&quot;height...\" \/>\n<meta name=\"robots\" content=\"index, follow, max-snippet:-1, max-image-preview:large, max-video-preview:-1\" \/>\n<link rel=\"canonical\" href=\"https:\/\/changhongchemical.com\/de\/product\/perfluorobutylsulfonyl-fluoride\/\" \/>\n<meta property=\"og:locale\" content=\"de_DE\" \/>\n<meta property=\"og:type\" content=\"article\" \/>\n<meta property=\"og:title\" content=\"China CHLUMOFIUOR\u00ae Perfluorobutylsulfonyl fluoride CAS 375-72-4 Manufacturer - Changhong Chemical\" \/>\n<meta property=\"og:description\" content=\"&lt;tr style=&quot;height...\" \/>\n<meta property=\"og:url\" content=\"https:\/\/changhongchemical.com\/de\/product\/perfluorobutylsulfonyl-fluoride\/\" \/>\n<meta property=\"og:site_name\" content=\"Changhong Chemical\" \/>\n<meta property=\"article:modified_time\" content=\"2026-01-08T07:09:55+00:00\" \/>\n<meta property=\"og:image\" content=\"https:\/\/changhongchemical.com\/wp-content\/uploads\/2025\/03\/2.jpg\" \/>\n\t<meta property=\"og:image:width\" content=\"300\" \/>\n\t<meta property=\"og:image:height\" content=\"300\" \/>\n\t<meta property=\"og:image:type\" content=\"image\/jpeg\" \/>\n<meta name=\"twitter:card\" content=\"summary_large_image\" \/>\n<meta name=\"twitter:label1\" content=\"Gesch\u00e4tzte Lesezeit\" \/>\n\t<meta name=\"twitter:data1\" content=\"1\u00a0Minute\" \/>\n<script type=\"application\/ld+json\" class=\"yoast-schema-graph\">{\"@context\":\"https:\\\/\\\/schema.org\",\"@graph\":[{\"@type\":\"WebPage\",\"@id\":\"https:\\\/\\\/changhongchemical.com\\\/product\\\/perfluorobutylsulfonyl-fluoride\\\/\",\"url\":\"https:\\\/\\\/changhongchemical.com\\\/product\\\/perfluorobutylsulfonyl-fluoride\\\/\",\"name\":\"China CHLUMOFIUOR\u00ae Perfluorobutylsulfonyl fluoride CAS 375-72-4 Manufacturer - Changhong Chemical\",\"isPartOf\":{\"@id\":\"https:\\\/\\\/changhongchemical.com\\\/#website\"},\"primaryImageOfPage\":{\"@id\":\"https:\\\/\\\/changhongchemical.com\\\/product\\\/perfluorobutylsulfonyl-fluoride\\\/#primaryimage\"},\"image\":{\"@id\":\"https:\\\/\\\/changhongchemical.com\\\/product\\\/perfluorobutylsulfonyl-fluoride\\\/#primaryimage\"},\"thumbnailUrl\":\"https:\\\/\\\/changhongchemical.com\\\/wp-content\\\/uploads\\\/2025\\\/03\\\/2.jpg\",\"datePublished\":\"2025-03-26T03:03:07+00:00\",\"dateModified\":\"2026-01-08T07:09:55+00:00\",\"description\":\"&lt;tr style=&quot;height...\",\"breadcrumb\":{\"@id\":\"https:\\\/\\\/changhongchemical.com\\\/product\\\/perfluorobutylsulfonyl-fluoride\\\/#breadcrumb\"},\"inLanguage\":\"de\",\"potentialAction\":[{\"@type\":\"ReadAction\",\"target\":[\"https:\\\/\\\/changhongchemical.com\\\/product\\\/perfluorobutylsulfonyl-fluoride\\\/\"]}]},{\"@type\":\"ImageObject\",\"inLanguage\":\"de\",\"@id\":\"https:\\\/\\\/changhongchemical.com\\\/product\\\/perfluorobutylsulfonyl-fluoride\\\/#primaryimage\",\"url\":\"https:\\\/\\\/changhongchemical.com\\\/wp-content\\\/uploads\\\/2025\\\/03\\\/2.jpg\",\"contentUrl\":\"https:\\\/\\\/changhongchemical.com\\\/wp-content\\\/uploads\\\/2025\\\/03\\\/2.jpg\",\"width\":300,\"height\":300},{\"@type\":\"BreadcrumbList\",\"@id\":\"https:\\\/\\\/changhongchemical.com\\\/product\\\/perfluorobutylsulfonyl-fluoride\\\/#breadcrumb\",\"itemListElement\":[{\"@type\":\"ListItem\",\"position\":1,\"name\":\"Home\",\"item\":\"https:\\\/\\\/changhongchemical.com\\\/\"},{\"@type\":\"ListItem\",\"position\":2,\"name\":\"Products Changhong\",\"item\":\"https:\\\/\\\/changhongchemical.com\\\/product\\\/\"},{\"@type\":\"ListItem\",\"position\":3,\"name\":\"CHLUMOFIUOR\u00ae Perfluorobutylsulfonyl fluoride CAS 375-72-4\"}]},{\"@type\":\"WebSite\",\"@id\":\"https:\\\/\\\/changhongchemical.com\\\/#website\",\"url\":\"https:\\\/\\\/changhongchemical.com\\\/\",\"name\":\"Changhong Chemical\",\"description\":\"China chemical manufacturer \uff06 supplier\",\"publisher\":{\"@id\":\"https:\\\/\\\/changhongchemical.com\\\/#organization\"},\"potentialAction\":[{\"@type\":\"SearchAction\",\"target\":{\"@type\":\"EntryPoint\",\"urlTemplate\":\"https:\\\/\\\/changhongchemical.com\\\/?s={search_term_string}\"},\"query-input\":{\"@type\":\"PropertyValueSpecification\",\"valueRequired\":true,\"valueName\":\"search_term_string\"}}],\"inLanguage\":\"de\"},{\"@type\":\"Organization\",\"@id\":\"https:\\\/\\\/changhongchemical.com\\\/#organization\",\"name\":\"Changhong Chemical\",\"url\":\"https:\\\/\\\/changhongchemical.com\\\/\",\"logo\":{\"@type\":\"ImageObject\",\"inLanguage\":\"de\",\"@id\":\"https:\\\/\\\/changhongchemical.com\\\/#\\\/schema\\\/logo\\\/image\\\/\",\"url\":\"https:\\\/\\\/changhongchemical.com\\\/wp-content\\\/uploads\\\/2020\\\/08\\\/cropped-longchang-logo.png\",\"contentUrl\":\"https:\\\/\\\/changhongchemical.com\\\/wp-content\\\/uploads\\\/2020\\\/08\\\/cropped-longchang-logo.png\",\"width\":512,\"height\":512,\"caption\":\"Changhong Chemical\"},\"image\":{\"@id\":\"https:\\\/\\\/changhongchemical.com\\\/#\\\/schema\\\/logo\\\/image\\\/\"}}]}<\/script>\n<!-- \/ Yoast SEO plugin. -->","yoast_head_json":{"title":"China CHLUMOFIUOR\u00ae Perfluorbutylsulfonylfluorid CAS 375-72-4 Hersteller - Changhong Chemical","description":"&lt;tr style=&quot;height...","robots":{"index":"index","follow":"follow","max-snippet":"max-snippet:-1","max-image-preview":"max-image-preview:large","max-video-preview":"max-video-preview:-1"},"canonical":"https:\/\/changhongchemical.com\/de\/product\/perfluorobutylsulfonyl-fluoride\/","og_locale":"de_DE","og_type":"article","og_title":"China CHLUMOFIUOR\u00ae Perfluorobutylsulfonyl fluoride CAS 375-72-4 Manufacturer - Changhong Chemical","og_description":"&lt;tr style=&quot;height...","og_url":"https:\/\/changhongchemical.com\/de\/product\/perfluorobutylsulfonyl-fluoride\/","og_site_name":"Changhong Chemical","article_modified_time":"2026-01-08T07:09:55+00:00","og_image":[{"width":300,"height":300,"url":"https:\/\/changhongchemical.com\/wp-content\/uploads\/2025\/03\/2.jpg","type":"image\/jpeg"}],"twitter_card":"summary_large_image","twitter_misc":{"Gesch\u00e4tzte Lesezeit":"1\u00a0Minute"},"schema":{"@context":"https:\/\/schema.org","@graph":[{"@type":"WebPage","@id":"https:\/\/changhongchemical.com\/product\/perfluorobutylsulfonyl-fluoride\/","url":"https:\/\/changhongchemical.com\/product\/perfluorobutylsulfonyl-fluoride\/","name":"China CHLUMOFIUOR\u00ae Perfluorbutylsulfonylfluorid CAS 375-72-4 Hersteller - Changhong Chemical","isPartOf":{"@id":"https:\/\/changhongchemical.com\/#website"},"primaryImageOfPage":{"@id":"https:\/\/changhongchemical.com\/product\/perfluorobutylsulfonyl-fluoride\/#primaryimage"},"image":{"@id":"https:\/\/changhongchemical.com\/product\/perfluorobutylsulfonyl-fluoride\/#primaryimage"},"thumbnailUrl":"https:\/\/changhongchemical.com\/wp-content\/uploads\/2025\/03\/2.jpg","datePublished":"2025-03-26T03:03:07+00:00","dateModified":"2026-01-08T07:09:55+00:00","description":"&lt;tr style=&quot;height...","breadcrumb":{"@id":"https:\/\/changhongchemical.com\/product\/perfluorobutylsulfonyl-fluoride\/#breadcrumb"},"inLanguage":"de","potentialAction":[{"@type":"ReadAction","target":["https:\/\/changhongchemical.com\/product\/perfluorobutylsulfonyl-fluoride\/"]}]},{"@type":"ImageObject","inLanguage":"de","@id":"https:\/\/changhongchemical.com\/product\/perfluorobutylsulfonyl-fluoride\/#primaryimage","url":"https:\/\/changhongchemical.com\/wp-content\/uploads\/2025\/03\/2.jpg","contentUrl":"https:\/\/changhongchemical.com\/wp-content\/uploads\/2025\/03\/2.jpg","width":300,"height":300},{"@type":"BreadcrumbList","@id":"https:\/\/changhongchemical.com\/product\/perfluorobutylsulfonyl-fluoride\/#breadcrumb","itemListElement":[{"@type":"ListItem","position":1,"name":"Home","item":"https:\/\/changhongchemical.com\/"},{"@type":"ListItem","position":2,"name":"Products Changhong","item":"https:\/\/changhongchemical.com\/product\/"},{"@type":"ListItem","position":3,"name":"CHLUMOFIUOR\u00ae Perfluorobutylsulfonyl fluoride CAS 375-72-4"}]},{"@type":"WebSite","@id":"https:\/\/changhongchemical.com\/#website","url":"https:\/\/changhongchemical.com\/","name":"Changhong Chemical","description":"China Hersteller von Chemikalien \uff06 Lieferant","publisher":{"@id":"https:\/\/changhongchemical.com\/#organization"},"potentialAction":[{"@type":"SearchAction","target":{"@type":"EntryPoint","urlTemplate":"https:\/\/changhongchemical.com\/?s={search_term_string}"},"query-input":{"@type":"PropertyValueSpecification","valueRequired":true,"valueName":"search_term_string"}}],"inLanguage":"de"},{"@type":"Organization","@id":"https:\/\/changhongchemical.com\/#organization","name":"Changhong Chemical","url":"https:\/\/changhongchemical.com\/","logo":{"@type":"ImageObject","inLanguage":"de","@id":"https:\/\/changhongchemical.com\/#\/schema\/logo\/image\/","url":"https:\/\/changhongchemical.com\/wp-content\/uploads\/2020\/08\/cropped-longchang-logo.png","contentUrl":"https:\/\/changhongchemical.com\/wp-content\/uploads\/2020\/08\/cropped-longchang-logo.png","width":512,"height":512,"caption":"Changhong Chemical"},"image":{"@id":"https:\/\/changhongchemical.com\/#\/schema\/logo\/image\/"}}]}},"_links":{"self":[{"href":"https:\/\/changhongchemical.com\/de\/wp-json\/wp\/v2\/product\/8370","targetHints":{"allow":["GET"]}}],"collection":[{"href":"https:\/\/changhongchemical.com\/de\/wp-json\/wp\/v2\/product"}],"about":[{"href":"https:\/\/changhongchemical.com\/de\/wp-json\/wp\/v2\/types\/product"}],"replies":[{"embeddable":true,"href":"https:\/\/changhongchemical.com\/de\/wp-json\/wp\/v2\/comments?post=8370"}],"wp:featuredmedia":[{"embeddable":true,"href":"https:\/\/changhongchemical.com\/de\/wp-json\/wp\/v2\/media\/8371"}],"wp:attachment":[{"href":"https:\/\/changhongchemical.com\/de\/wp-json\/wp\/v2\/media?parent=8370"}],"wp:term":[{"taxonomy":"product_brand","embeddable":true,"href":"https:\/\/changhongchemical.com\/de\/wp-json\/wp\/v2\/product_brand?post=8370"},{"taxonomy":"product_cat","embeddable":true,"href":"https:\/\/changhongchemical.com\/de\/wp-json\/wp\/v2\/product_cat?post=8370"},{"taxonomy":"product_tag","embeddable":true,"href":"https:\/\/changhongchemical.com\/de\/wp-json\/wp\/v2\/product_tag?post=8370"}],"curies":[{"name":"wp","href":"https:\/\/api.w.org\/{rel}","templated":true}]}}