{"id":8350,"date":"2025-03-25T07:04:20","date_gmt":"2025-03-25T07:04:20","guid":{"rendered":"https:\/\/changhongchemical.com\/?post_type=product&#038;p=8350"},"modified":"2026-01-08T07:41:41","modified_gmt":"2026-01-08T07:41:41","slug":"cbr-8-cas-423-55-2","status":"publish","type":"product","link":"https:\/\/changhongchemical.com\/de\/product\/cbr-8-cas-423-55-2\/","title":{"rendered":"CHLUMOFIUOR\u00ae CBr-8 Perfluorooctylbromid CAS 423-55-2"},"content":{"rendered":"<p>Leistungsindex<br \/>\nErscheinungsbild: farblose Fl\u00fcssigkeit<br \/>\nSiedepunkt (\u00b0C): 140@760mmHg<br \/>\nSchmelzpunkt (\u00b0C): 7.25<br \/>\nDichte (g\/ml): 1,9366 @ 16 \u00b0C<br \/>\nBrechungsindex: 1.296 @ 25 \u00b0C<br \/>\nFlammpunkt (\u00b0C): &gt;105<br \/>\nReinheit (GC): &gt;99%<br \/>\nAnwendungsbereiche<br \/>\nOrganische Fluor-Zwischenprodukte, pharmazeutische Zwischenprodukte, Material-Zwischenprodukte; mit hervorragender Sauerstofftransportkapazit\u00e4t, die in der Medizin als k\u00fcnstliches Blut, bei der Fl\u00fcssigkeitsbeatmung der Lunge (niedriger Dampfdruck, der verhindert, dass Gas in das Blut entweicht und das Risiko einer intratubul\u00e4ren Embolie verursacht) und bei verschiedenen Arten der Bildgebung verwendet wird.<br \/>\nVerpackung und Lagerung<br \/>\nDieses Produkt ist in 1L, 10L HDPE-Flaschen\/F\u00e4ssern und 25L Stahl-Kunststoff-Verbundf\u00e4ssern verpackt. Das Produkt sollte an einem bel\u00fcfteten und k\u00fchlen Ort unter Luftabschluss gelagert werden, Einzelheiten entnehmen Sie bitte dem Sicherheitsdatenblatt, die Haltbarkeit betr\u00e4gt ein Jahr.<\/p>\n<p>Anderer Name\uff1a<\/p>\n<p>1 - Bromheptadecafluoroktan<\/p>\n<p>Heptadecafluorooctylbromid<\/p>\n<p>Perflubron<\/p>\n<p>Heptadecafluor - n - octyl bromid<\/p>\n<p>Perfluor - n - octyl bromid<\/p>\n<h2><strong><b>Kontaktieren Sie uns jetzt!<\/b><\/strong><\/h2>\n<h4><strong><b>Wenn Sie einen Preis ben\u00f6tigen, tragen Sie bitte Ihre Kontaktdaten in das unten stehende Formular ein. Wir werden uns in der Regel innerhalb von 24 Stunden mit Ihnen in Verbindung setzen. Sie k\u00f6nnen mir auch mailen\u00a0<span style=\"color: #00ccff;\"><a style=\"color: #00ccff;\" href=\"mailto:info@changhongchemical.com\">info@changhongchemical.com<\/a><\/span>\u00a0w\u00e4hrend der Gesch\u00e4ftszeiten ( 8:30 bis 18:00 Uhr UTC+8 Mo.~Sa. ) oder nutzen Sie den Live-Chat auf der Website, um eine schnelle Antwort zu erhalten.<\/b><\/strong><\/h4>","protected":false},"excerpt":{"rendered":"<p>CBr-8<br \/>\nPerfluorooctylbromid<br \/>\nCAS-Nr.: 423-55-2<br \/>\nMolekulare Formel: BrCF2CF2CF2CF2CF2CF2CF2CF2CF3<br \/>\nMolekulargewicht: 498,96<br \/>\nEINECS-Nr.: 207-028-4<\/p>","protected":false},"featured_media":8351,"comment_status":"closed","ping_status":"closed","template":"","meta":[],"product_brand":[],"product_cat":[188],"product_tag":[],"class_list":{"0":"post-8350","1":"product","2":"type-product","3":"status-publish","4":"has-post-thumbnail","6":"product_cat-fluorinated-fine-chemicals","8":"first","9":"instock","10":"shipping-taxable","11":"product-type-simple"},"yoast_head":"<!-- This site is optimized with the Yoast SEO plugin v27.4 - https:\/\/yoast.com\/product\/yoast-seo-wordpress\/ -->\n<title>China CHLUMOFIUOR\u00ae CBr-8 Perfluorooctyl bromide CAS 423-55-2 Manufacturer - Changhong Chemical<\/title>\n<meta name=\"description\" content=\"CBr-8 Perfluorooctyl bromide CAS No.: 423-55-2 Molecular formula: BrCF2CF2CF2CF2CF2CF2CF2CF2CF3 Molecular weight: 498.96 EINECS No.: 207-028-4\" \/>\n<meta name=\"robots\" content=\"index, follow, max-snippet:-1, max-image-preview:large, max-video-preview:-1\" \/>\n<link rel=\"canonical\" href=\"https:\/\/changhongchemical.com\/de\/product\/cbr-8-cas-423-55-2\/\" \/>\n<meta property=\"og:locale\" content=\"de_DE\" \/>\n<meta property=\"og:type\" content=\"article\" \/>\n<meta property=\"og:title\" content=\"China CHLUMOFIUOR\u00ae CBr-8 Perfluorooctyl bromide CAS 423-55-2 Manufacturer - Changhong Chemical\" \/>\n<meta property=\"og:description\" content=\"CBr-8 Perfluorooctyl bromide CAS No.: 423-55-2 Molecular formula: BrCF2CF2CF2CF2CF2CF2CF2CF2CF3 Molecular weight: 498.96 EINECS No.: 207-028-4\" \/>\n<meta property=\"og:url\" content=\"https:\/\/changhongchemical.com\/de\/product\/cbr-8-cas-423-55-2\/\" \/>\n<meta property=\"og:site_name\" content=\"Changhong Chemical\" \/>\n<meta property=\"article:modified_time\" content=\"2026-01-08T07:41:41+00:00\" \/>\n<meta property=\"og:image\" content=\"https:\/\/changhongchemical.com\/wp-content\/uploads\/2025\/03\/CBR-8.jpg\" \/>\n\t<meta property=\"og:image:width\" content=\"300\" \/>\n\t<meta property=\"og:image:height\" content=\"300\" \/>\n\t<meta property=\"og:image:type\" content=\"image\/jpeg\" \/>\n<meta name=\"twitter:card\" content=\"summary_large_image\" \/>\n<meta name=\"twitter:label1\" content=\"Gesch\u00e4tzte Lesezeit\" \/>\n\t<meta name=\"twitter:data1\" content=\"2\u00a0Minuten\" \/>\n<script type=\"application\/ld+json\" class=\"yoast-schema-graph\">{\"@context\":\"https:\\\/\\\/schema.org\",\"@graph\":[{\"@type\":\"WebPage\",\"@id\":\"https:\\\/\\\/changhongchemical.com\\\/product\\\/cbr-8-cas-423-55-2\\\/\",\"url\":\"https:\\\/\\\/changhongchemical.com\\\/product\\\/cbr-8-cas-423-55-2\\\/\",\"name\":\"China CHLUMOFIUOR\u00ae CBr-8 Perfluorooctyl bromide CAS 423-55-2 Manufacturer - Changhong Chemical\",\"isPartOf\":{\"@id\":\"https:\\\/\\\/changhongchemical.com\\\/#website\"},\"primaryImageOfPage\":{\"@id\":\"https:\\\/\\\/changhongchemical.com\\\/product\\\/cbr-8-cas-423-55-2\\\/#primaryimage\"},\"image\":{\"@id\":\"https:\\\/\\\/changhongchemical.com\\\/product\\\/cbr-8-cas-423-55-2\\\/#primaryimage\"},\"thumbnailUrl\":\"https:\\\/\\\/changhongchemical.com\\\/wp-content\\\/uploads\\\/2025\\\/03\\\/CBR-8.jpg\",\"datePublished\":\"2025-03-25T07:04:20+00:00\",\"dateModified\":\"2026-01-08T07:41:41+00:00\",\"description\":\"CBr-8 Perfluorooctyl bromide CAS No.: 423-55-2 Molecular formula: BrCF2CF2CF2CF2CF2CF2CF2CF2CF3 Molecular weight: 498.96 EINECS No.: 207-028-4\",\"breadcrumb\":{\"@id\":\"https:\\\/\\\/changhongchemical.com\\\/product\\\/cbr-8-cas-423-55-2\\\/#breadcrumb\"},\"inLanguage\":\"de\",\"potentialAction\":[{\"@type\":\"ReadAction\",\"target\":[\"https:\\\/\\\/changhongchemical.com\\\/product\\\/cbr-8-cas-423-55-2\\\/\"]}]},{\"@type\":\"ImageObject\",\"inLanguage\":\"de\",\"@id\":\"https:\\\/\\\/changhongchemical.com\\\/product\\\/cbr-8-cas-423-55-2\\\/#primaryimage\",\"url\":\"https:\\\/\\\/changhongchemical.com\\\/wp-content\\\/uploads\\\/2025\\\/03\\\/CBR-8.jpg\",\"contentUrl\":\"https:\\\/\\\/changhongchemical.com\\\/wp-content\\\/uploads\\\/2025\\\/03\\\/CBR-8.jpg\",\"width\":300,\"height\":300},{\"@type\":\"BreadcrumbList\",\"@id\":\"https:\\\/\\\/changhongchemical.com\\\/product\\\/cbr-8-cas-423-55-2\\\/#breadcrumb\",\"itemListElement\":[{\"@type\":\"ListItem\",\"position\":1,\"name\":\"Home\",\"item\":\"https:\\\/\\\/changhongchemical.com\\\/\"},{\"@type\":\"ListItem\",\"position\":2,\"name\":\"Products Changhong\",\"item\":\"https:\\\/\\\/changhongchemical.com\\\/product\\\/\"},{\"@type\":\"ListItem\",\"position\":3,\"name\":\"CHLUMOFIUOR\u00ae CBr-8 Perfluorooctyl bromide CAS 423-55-2\"}]},{\"@type\":\"WebSite\",\"@id\":\"https:\\\/\\\/changhongchemical.com\\\/#website\",\"url\":\"https:\\\/\\\/changhongchemical.com\\\/\",\"name\":\"Changhong Chemical\",\"description\":\"China chemical manufacturer \uff06 supplier\",\"publisher\":{\"@id\":\"https:\\\/\\\/changhongchemical.com\\\/#organization\"},\"potentialAction\":[{\"@type\":\"SearchAction\",\"target\":{\"@type\":\"EntryPoint\",\"urlTemplate\":\"https:\\\/\\\/changhongchemical.com\\\/?s={search_term_string}\"},\"query-input\":{\"@type\":\"PropertyValueSpecification\",\"valueRequired\":true,\"valueName\":\"search_term_string\"}}],\"inLanguage\":\"de\"},{\"@type\":\"Organization\",\"@id\":\"https:\\\/\\\/changhongchemical.com\\\/#organization\",\"name\":\"Changhong Chemical\",\"url\":\"https:\\\/\\\/changhongchemical.com\\\/\",\"logo\":{\"@type\":\"ImageObject\",\"inLanguage\":\"de\",\"@id\":\"https:\\\/\\\/changhongchemical.com\\\/#\\\/schema\\\/logo\\\/image\\\/\",\"url\":\"https:\\\/\\\/changhongchemical.com\\\/wp-content\\\/uploads\\\/2020\\\/08\\\/cropped-longchang-logo.png\",\"contentUrl\":\"https:\\\/\\\/changhongchemical.com\\\/wp-content\\\/uploads\\\/2020\\\/08\\\/cropped-longchang-logo.png\",\"width\":512,\"height\":512,\"caption\":\"Changhong Chemical\"},\"image\":{\"@id\":\"https:\\\/\\\/changhongchemical.com\\\/#\\\/schema\\\/logo\\\/image\\\/\"}}]}<\/script>\n<!-- \/ Yoast SEO plugin. -->","yoast_head_json":{"title":"China CHLUMOFIUOR\u00ae CBr-8 Perfluorooctylbromid CAS 423-55-2 Hersteller - Changhong Chemical","description":"CBr-8 Perfluorooctyl bromide CAS No.: 423-55-2 Molecular formula: BrCF2CF2CF2CF2CF2CF2CF2CF2CF3 Molecular weight: 498.96 EINECS No.: 207-028-4","robots":{"index":"index","follow":"follow","max-snippet":"max-snippet:-1","max-image-preview":"max-image-preview:large","max-video-preview":"max-video-preview:-1"},"canonical":"https:\/\/changhongchemical.com\/de\/product\/cbr-8-cas-423-55-2\/","og_locale":"de_DE","og_type":"article","og_title":"China CHLUMOFIUOR\u00ae CBr-8 Perfluorooctyl bromide CAS 423-55-2 Manufacturer - Changhong Chemical","og_description":"CBr-8 Perfluorooctyl bromide CAS No.: 423-55-2 Molecular formula: BrCF2CF2CF2CF2CF2CF2CF2CF2CF3 Molecular weight: 498.96 EINECS No.: 207-028-4","og_url":"https:\/\/changhongchemical.com\/de\/product\/cbr-8-cas-423-55-2\/","og_site_name":"Changhong Chemical","article_modified_time":"2026-01-08T07:41:41+00:00","og_image":[{"width":300,"height":300,"url":"https:\/\/changhongchemical.com\/wp-content\/uploads\/2025\/03\/CBR-8.jpg","type":"image\/jpeg"}],"twitter_card":"summary_large_image","twitter_misc":{"Gesch\u00e4tzte Lesezeit":"2\u00a0Minuten"},"schema":{"@context":"https:\/\/schema.org","@graph":[{"@type":"WebPage","@id":"https:\/\/changhongchemical.com\/product\/cbr-8-cas-423-55-2\/","url":"https:\/\/changhongchemical.com\/product\/cbr-8-cas-423-55-2\/","name":"China CHLUMOFIUOR\u00ae CBr-8 Perfluorooctylbromid CAS 423-55-2 Hersteller - Changhong Chemical","isPartOf":{"@id":"https:\/\/changhongchemical.com\/#website"},"primaryImageOfPage":{"@id":"https:\/\/changhongchemical.com\/product\/cbr-8-cas-423-55-2\/#primaryimage"},"image":{"@id":"https:\/\/changhongchemical.com\/product\/cbr-8-cas-423-55-2\/#primaryimage"},"thumbnailUrl":"https:\/\/changhongchemical.com\/wp-content\/uploads\/2025\/03\/CBR-8.jpg","datePublished":"2025-03-25T07:04:20+00:00","dateModified":"2026-01-08T07:41:41+00:00","description":"CBr-8 Perfluorooctyl bromide CAS No.: 423-55-2 Molecular formula: BrCF2CF2CF2CF2CF2CF2CF2CF2CF3 Molecular weight: 498.96 EINECS No.: 207-028-4","breadcrumb":{"@id":"https:\/\/changhongchemical.com\/product\/cbr-8-cas-423-55-2\/#breadcrumb"},"inLanguage":"de","potentialAction":[{"@type":"ReadAction","target":["https:\/\/changhongchemical.com\/product\/cbr-8-cas-423-55-2\/"]}]},{"@type":"ImageObject","inLanguage":"de","@id":"https:\/\/changhongchemical.com\/product\/cbr-8-cas-423-55-2\/#primaryimage","url":"https:\/\/changhongchemical.com\/wp-content\/uploads\/2025\/03\/CBR-8.jpg","contentUrl":"https:\/\/changhongchemical.com\/wp-content\/uploads\/2025\/03\/CBR-8.jpg","width":300,"height":300},{"@type":"BreadcrumbList","@id":"https:\/\/changhongchemical.com\/product\/cbr-8-cas-423-55-2\/#breadcrumb","itemListElement":[{"@type":"ListItem","position":1,"name":"Home","item":"https:\/\/changhongchemical.com\/"},{"@type":"ListItem","position":2,"name":"Products Changhong","item":"https:\/\/changhongchemical.com\/product\/"},{"@type":"ListItem","position":3,"name":"CHLUMOFIUOR\u00ae CBr-8 Perfluorooctyl bromide CAS 423-55-2"}]},{"@type":"WebSite","@id":"https:\/\/changhongchemical.com\/#website","url":"https:\/\/changhongchemical.com\/","name":"Changhong Chemical","description":"China Hersteller von Chemikalien \uff06 Lieferant","publisher":{"@id":"https:\/\/changhongchemical.com\/#organization"},"potentialAction":[{"@type":"SearchAction","target":{"@type":"EntryPoint","urlTemplate":"https:\/\/changhongchemical.com\/?s={search_term_string}"},"query-input":{"@type":"PropertyValueSpecification","valueRequired":true,"valueName":"search_term_string"}}],"inLanguage":"de"},{"@type":"Organization","@id":"https:\/\/changhongchemical.com\/#organization","name":"Changhong Chemical","url":"https:\/\/changhongchemical.com\/","logo":{"@type":"ImageObject","inLanguage":"de","@id":"https:\/\/changhongchemical.com\/#\/schema\/logo\/image\/","url":"https:\/\/changhongchemical.com\/wp-content\/uploads\/2020\/08\/cropped-longchang-logo.png","contentUrl":"https:\/\/changhongchemical.com\/wp-content\/uploads\/2020\/08\/cropped-longchang-logo.png","width":512,"height":512,"caption":"Changhong Chemical"},"image":{"@id":"https:\/\/changhongchemical.com\/#\/schema\/logo\/image\/"}}]}},"_links":{"self":[{"href":"https:\/\/changhongchemical.com\/de\/wp-json\/wp\/v2\/product\/8350","targetHints":{"allow":["GET"]}}],"collection":[{"href":"https:\/\/changhongchemical.com\/de\/wp-json\/wp\/v2\/product"}],"about":[{"href":"https:\/\/changhongchemical.com\/de\/wp-json\/wp\/v2\/types\/product"}],"replies":[{"embeddable":true,"href":"https:\/\/changhongchemical.com\/de\/wp-json\/wp\/v2\/comments?post=8350"}],"wp:featuredmedia":[{"embeddable":true,"href":"https:\/\/changhongchemical.com\/de\/wp-json\/wp\/v2\/media\/8351"}],"wp:attachment":[{"href":"https:\/\/changhongchemical.com\/de\/wp-json\/wp\/v2\/media?parent=8350"}],"wp:term":[{"taxonomy":"product_brand","embeddable":true,"href":"https:\/\/changhongchemical.com\/de\/wp-json\/wp\/v2\/product_brand?post=8350"},{"taxonomy":"product_cat","embeddable":true,"href":"https:\/\/changhongchemical.com\/de\/wp-json\/wp\/v2\/product_cat?post=8350"},{"taxonomy":"product_tag","embeddable":true,"href":"https:\/\/changhongchemical.com\/de\/wp-json\/wp\/v2\/product_tag?post=8350"}],"curies":[{"name":"wp","href":"https:\/\/api.w.org\/{rel}","templated":true}]}}