{"id":8306,"date":"2025-03-25T03:38:19","date_gmt":"2025-03-25T03:38:19","guid":{"rendered":"https:\/\/changhongchemical.com\/?post_type=product&#038;p=8306"},"modified":"2026-01-08T08:54:12","modified_gmt":"2026-01-08T08:54:12","slug":"cht6-ep-cas-38565-52-5","status":"publish","type":"product","link":"https:\/\/changhongchemical.com\/de\/product\/cht6-ep-cas-38565-52-5\/","title":{"rendered":"CHLUMOFIUOR\u00ae CHT6-EP Perfluorhexylpropylenoxid CAS 38565-52-5"},"content":{"rendered":"<p>Leistungsindex<br \/>\nErscheinungsbild: farblose bis hellgelbe Fl\u00fcssigkeit<br \/>\nSiedepunkt (\u00b0C): 124@760 mmHg<br \/>\nSchmelzpunkt (\u00b0C): -51,7<br \/>\nDichte (g\/ml): 1.6478 @19\u00b0C<br \/>\nBrechungsindex: 1.3062 @15\u00b0C<br \/>\nFlammpunkt (\u00b0C): &gt;104<br \/>\nReinheit (GC): &gt;98<br \/>\nAnwendungsbereiche<br \/>\nDas neuartige fluorhaltige Epoxidmonomer kann in den Bereichen Beschichtungen, Druckfarben, Klebstoffe und Verbundwerkstoffe durch Lichth\u00e4rtung eingesetzt werden und eignet sich auch f\u00fcr die wasser- und \u00f6ldichte Behandlung von Lebensmittelverpackungen aus Papier.<br \/>\nVerpackung und Lagerung<br \/>\nDieses Produkt ist in 1L, 10L HDPE-Flaschen\/F\u00e4ssern und 25L Stahl-Kunststoff-Verbundf\u00e4ssern verpackt. Das Produkt wird an einem bel\u00fcfteten und k\u00fchlen Ort in einem versiegelten Beh\u00e4lter gelagert, siehe MSDS f\u00fcr Details, Haltbarkeit von einem Jahr.<\/p>\n<p>Anderer Name:<\/p>\n<p>1,2 - Epoxy - 1,1,2,3,3,3 - Hexafluor - 3 -\uff08perfluorhexyl\uff09propan<\/p>\n<h2><strong><b>Kontaktieren Sie uns jetzt!<\/b><\/strong><\/h2>\n<h4><strong><b>Wenn Sie einen Preis ben\u00f6tigen, tragen Sie bitte Ihre Kontaktdaten in das unten stehende Formular ein. Wir werden uns in der Regel innerhalb von 24 Stunden mit Ihnen in Verbindung setzen. Sie k\u00f6nnen mir auch mailen\u00a0<span style=\"color: #00ccff;\"><a style=\"color: #00ccff;\" href=\"mailto:info@changhongchemical.com\">info@changhongchemical.com<\/a><\/span>\u00a0w\u00e4hrend der Gesch\u00e4ftszeiten ( 8:30 bis 18:00 Uhr UTC+8 Mo.~Sa. ) oder nutzen Sie den Live-Chat auf der Website, um eine schnelle Antwort zu erhalten.<\/b><\/strong><\/h4>","protected":false},"excerpt":{"rendered":"<p>T6-EP<br \/>\n3-Perfluorhexyl-1,2-epoxypropan<br \/>\nCAS-Nr.: 38565-52-5<br \/>\nMolekulare Formel: C6F13CH2CH(O)CH2<br \/>\nMolekulargewicht: 376.12<br \/>\nEINECS-Nr.: 254-004-4<\/p>","protected":false},"featured_media":8307,"comment_status":"closed","ping_status":"closed","template":"","meta":[],"product_brand":[],"product_cat":[188],"product_tag":[],"class_list":{"0":"post-8306","1":"product","2":"type-product","3":"status-publish","4":"has-post-thumbnail","6":"product_cat-fluorinated-fine-chemicals","8":"first","9":"instock","10":"shipping-taxable","11":"product-type-simple"},"yoast_head":"<!-- This site is optimized with the Yoast SEO plugin v27.4 - https:\/\/yoast.com\/product\/yoast-seo-wordpress\/ -->\n<title>China CHLUMOFIUOR\u00ae CHT6-EP Perfluorohexyl propylene oxide CAS 38565-52-5 Manufacturer - Changhong Chemical<\/title>\n<meta name=\"description\" content=\"T6-EP 3-Perfluorohexyl-1,2-epoxypropane CAS No.: 38565-52-5 Molecular Formula: C6F13CH2CH(O)CH2 Molecular weight: 376.12 EINECS No.: 254-004-4\" \/>\n<meta name=\"robots\" content=\"index, follow, max-snippet:-1, max-image-preview:large, max-video-preview:-1\" \/>\n<link rel=\"canonical\" href=\"https:\/\/changhongchemical.com\/de\/product\/cht6-ep-cas-38565-52-5\/\" \/>\n<meta property=\"og:locale\" content=\"de_DE\" \/>\n<meta property=\"og:type\" content=\"article\" \/>\n<meta property=\"og:title\" content=\"China CHLUMOFIUOR\u00ae CHT6-EP Perfluorohexyl propylene oxide CAS 38565-52-5 Manufacturer - Changhong Chemical\" \/>\n<meta property=\"og:description\" content=\"T6-EP 3-Perfluorohexyl-1,2-epoxypropane CAS No.: 38565-52-5 Molecular Formula: C6F13CH2CH(O)CH2 Molecular weight: 376.12 EINECS No.: 254-004-4\" \/>\n<meta property=\"og:url\" content=\"https:\/\/changhongchemical.com\/de\/product\/cht6-ep-cas-38565-52-5\/\" \/>\n<meta property=\"og:site_name\" content=\"Changhong Chemical\" \/>\n<meta property=\"article:modified_time\" content=\"2026-01-08T08:54:12+00:00\" \/>\n<meta property=\"og:image\" content=\"https:\/\/changhongchemical.com\/wp-content\/uploads\/2025\/03\/CHT6-EP.jpg\" \/>\n\t<meta property=\"og:image:width\" content=\"300\" \/>\n\t<meta property=\"og:image:height\" content=\"300\" \/>\n\t<meta property=\"og:image:type\" content=\"image\/jpeg\" \/>\n<meta name=\"twitter:card\" content=\"summary_large_image\" \/>\n<meta name=\"twitter:label1\" content=\"Gesch\u00e4tzte Lesezeit\" \/>\n\t<meta name=\"twitter:data1\" content=\"1\u00a0Minute\" \/>\n<script type=\"application\/ld+json\" class=\"yoast-schema-graph\">{\"@context\":\"https:\\\/\\\/schema.org\",\"@graph\":[{\"@type\":\"WebPage\",\"@id\":\"https:\\\/\\\/changhongchemical.com\\\/product\\\/cht6-ep-cas-38565-52-5\\\/\",\"url\":\"https:\\\/\\\/changhongchemical.com\\\/product\\\/cht6-ep-cas-38565-52-5\\\/\",\"name\":\"China CHLUMOFIUOR\u00ae CHT6-EP Perfluorohexyl propylene oxide CAS 38565-52-5 Manufacturer - Changhong Chemical\",\"isPartOf\":{\"@id\":\"https:\\\/\\\/changhongchemical.com\\\/#website\"},\"primaryImageOfPage\":{\"@id\":\"https:\\\/\\\/changhongchemical.com\\\/product\\\/cht6-ep-cas-38565-52-5\\\/#primaryimage\"},\"image\":{\"@id\":\"https:\\\/\\\/changhongchemical.com\\\/product\\\/cht6-ep-cas-38565-52-5\\\/#primaryimage\"},\"thumbnailUrl\":\"https:\\\/\\\/changhongchemical.com\\\/wp-content\\\/uploads\\\/2025\\\/03\\\/CHT6-EP.jpg\",\"datePublished\":\"2025-03-25T03:38:19+00:00\",\"dateModified\":\"2026-01-08T08:54:12+00:00\",\"description\":\"T6-EP 3-Perfluorohexyl-1,2-epoxypropane CAS No.: 38565-52-5 Molecular Formula: C6F13CH2CH(O)CH2 Molecular weight: 376.12 EINECS No.: 254-004-4\",\"breadcrumb\":{\"@id\":\"https:\\\/\\\/changhongchemical.com\\\/product\\\/cht6-ep-cas-38565-52-5\\\/#breadcrumb\"},\"inLanguage\":\"de\",\"potentialAction\":[{\"@type\":\"ReadAction\",\"target\":[\"https:\\\/\\\/changhongchemical.com\\\/product\\\/cht6-ep-cas-38565-52-5\\\/\"]}]},{\"@type\":\"ImageObject\",\"inLanguage\":\"de\",\"@id\":\"https:\\\/\\\/changhongchemical.com\\\/product\\\/cht6-ep-cas-38565-52-5\\\/#primaryimage\",\"url\":\"https:\\\/\\\/changhongchemical.com\\\/wp-content\\\/uploads\\\/2025\\\/03\\\/CHT6-EP.jpg\",\"contentUrl\":\"https:\\\/\\\/changhongchemical.com\\\/wp-content\\\/uploads\\\/2025\\\/03\\\/CHT6-EP.jpg\",\"width\":300,\"height\":300},{\"@type\":\"BreadcrumbList\",\"@id\":\"https:\\\/\\\/changhongchemical.com\\\/product\\\/cht6-ep-cas-38565-52-5\\\/#breadcrumb\",\"itemListElement\":[{\"@type\":\"ListItem\",\"position\":1,\"name\":\"Home\",\"item\":\"https:\\\/\\\/changhongchemical.com\\\/\"},{\"@type\":\"ListItem\",\"position\":2,\"name\":\"Products Changhong\",\"item\":\"https:\\\/\\\/changhongchemical.com\\\/product\\\/\"},{\"@type\":\"ListItem\",\"position\":3,\"name\":\"CHLUMOFIUOR\u00ae CHT6-EP Perfluorohexyl propylene oxide CAS 38565-52-5\"}]},{\"@type\":\"WebSite\",\"@id\":\"https:\\\/\\\/changhongchemical.com\\\/#website\",\"url\":\"https:\\\/\\\/changhongchemical.com\\\/\",\"name\":\"Changhong Chemical\",\"description\":\"China chemical manufacturer \uff06 supplier\",\"publisher\":{\"@id\":\"https:\\\/\\\/changhongchemical.com\\\/#organization\"},\"potentialAction\":[{\"@type\":\"SearchAction\",\"target\":{\"@type\":\"EntryPoint\",\"urlTemplate\":\"https:\\\/\\\/changhongchemical.com\\\/?s={search_term_string}\"},\"query-input\":{\"@type\":\"PropertyValueSpecification\",\"valueRequired\":true,\"valueName\":\"search_term_string\"}}],\"inLanguage\":\"de\"},{\"@type\":\"Organization\",\"@id\":\"https:\\\/\\\/changhongchemical.com\\\/#organization\",\"name\":\"Changhong Chemical\",\"url\":\"https:\\\/\\\/changhongchemical.com\\\/\",\"logo\":{\"@type\":\"ImageObject\",\"inLanguage\":\"de\",\"@id\":\"https:\\\/\\\/changhongchemical.com\\\/#\\\/schema\\\/logo\\\/image\\\/\",\"url\":\"https:\\\/\\\/changhongchemical.com\\\/wp-content\\\/uploads\\\/2020\\\/08\\\/cropped-longchang-logo.png\",\"contentUrl\":\"https:\\\/\\\/changhongchemical.com\\\/wp-content\\\/uploads\\\/2020\\\/08\\\/cropped-longchang-logo.png\",\"width\":512,\"height\":512,\"caption\":\"Changhong Chemical\"},\"image\":{\"@id\":\"https:\\\/\\\/changhongchemical.com\\\/#\\\/schema\\\/logo\\\/image\\\/\"}}]}<\/script>\n<!-- \/ Yoast SEO plugin. -->","yoast_head_json":{"title":"China CHLUMOFIUOR\u00ae CHT6-EP Perfluorhexylpropylenoxid CAS 38565-52-5 Hersteller - Changhong Chemical","description":"T6-EP 3-Perfluorohexyl-1,2-epoxypropane CAS No.: 38565-52-5 Molecular Formula: C6F13CH2CH(O)CH2 Molecular weight: 376.12 EINECS No.: 254-004-4","robots":{"index":"index","follow":"follow","max-snippet":"max-snippet:-1","max-image-preview":"max-image-preview:large","max-video-preview":"max-video-preview:-1"},"canonical":"https:\/\/changhongchemical.com\/de\/product\/cht6-ep-cas-38565-52-5\/","og_locale":"de_DE","og_type":"article","og_title":"China CHLUMOFIUOR\u00ae CHT6-EP Perfluorohexyl propylene oxide CAS 38565-52-5 Manufacturer - Changhong Chemical","og_description":"T6-EP 3-Perfluorohexyl-1,2-epoxypropane CAS No.: 38565-52-5 Molecular Formula: C6F13CH2CH(O)CH2 Molecular weight: 376.12 EINECS No.: 254-004-4","og_url":"https:\/\/changhongchemical.com\/de\/product\/cht6-ep-cas-38565-52-5\/","og_site_name":"Changhong Chemical","article_modified_time":"2026-01-08T08:54:12+00:00","og_image":[{"width":300,"height":300,"url":"https:\/\/changhongchemical.com\/wp-content\/uploads\/2025\/03\/CHT6-EP.jpg","type":"image\/jpeg"}],"twitter_card":"summary_large_image","twitter_misc":{"Gesch\u00e4tzte Lesezeit":"1\u00a0Minute"},"schema":{"@context":"https:\/\/schema.org","@graph":[{"@type":"WebPage","@id":"https:\/\/changhongchemical.com\/product\/cht6-ep-cas-38565-52-5\/","url":"https:\/\/changhongchemical.com\/product\/cht6-ep-cas-38565-52-5\/","name":"China CHLUMOFIUOR\u00ae CHT6-EP Perfluorhexylpropylenoxid CAS 38565-52-5 Hersteller - Changhong Chemical","isPartOf":{"@id":"https:\/\/changhongchemical.com\/#website"},"primaryImageOfPage":{"@id":"https:\/\/changhongchemical.com\/product\/cht6-ep-cas-38565-52-5\/#primaryimage"},"image":{"@id":"https:\/\/changhongchemical.com\/product\/cht6-ep-cas-38565-52-5\/#primaryimage"},"thumbnailUrl":"https:\/\/changhongchemical.com\/wp-content\/uploads\/2025\/03\/CHT6-EP.jpg","datePublished":"2025-03-25T03:38:19+00:00","dateModified":"2026-01-08T08:54:12+00:00","description":"T6-EP 3-Perfluorohexyl-1,2-epoxypropane CAS No.: 38565-52-5 Molecular Formula: C6F13CH2CH(O)CH2 Molecular weight: 376.12 EINECS No.: 254-004-4","breadcrumb":{"@id":"https:\/\/changhongchemical.com\/product\/cht6-ep-cas-38565-52-5\/#breadcrumb"},"inLanguage":"de","potentialAction":[{"@type":"ReadAction","target":["https:\/\/changhongchemical.com\/product\/cht6-ep-cas-38565-52-5\/"]}]},{"@type":"ImageObject","inLanguage":"de","@id":"https:\/\/changhongchemical.com\/product\/cht6-ep-cas-38565-52-5\/#primaryimage","url":"https:\/\/changhongchemical.com\/wp-content\/uploads\/2025\/03\/CHT6-EP.jpg","contentUrl":"https:\/\/changhongchemical.com\/wp-content\/uploads\/2025\/03\/CHT6-EP.jpg","width":300,"height":300},{"@type":"BreadcrumbList","@id":"https:\/\/changhongchemical.com\/product\/cht6-ep-cas-38565-52-5\/#breadcrumb","itemListElement":[{"@type":"ListItem","position":1,"name":"Home","item":"https:\/\/changhongchemical.com\/"},{"@type":"ListItem","position":2,"name":"Products Changhong","item":"https:\/\/changhongchemical.com\/product\/"},{"@type":"ListItem","position":3,"name":"CHLUMOFIUOR\u00ae CHT6-EP Perfluorohexyl propylene oxide CAS 38565-52-5"}]},{"@type":"WebSite","@id":"https:\/\/changhongchemical.com\/#website","url":"https:\/\/changhongchemical.com\/","name":"Changhong Chemical","description":"China Hersteller von Chemikalien \uff06 Lieferant","publisher":{"@id":"https:\/\/changhongchemical.com\/#organization"},"potentialAction":[{"@type":"SearchAction","target":{"@type":"EntryPoint","urlTemplate":"https:\/\/changhongchemical.com\/?s={search_term_string}"},"query-input":{"@type":"PropertyValueSpecification","valueRequired":true,"valueName":"search_term_string"}}],"inLanguage":"de"},{"@type":"Organization","@id":"https:\/\/changhongchemical.com\/#organization","name":"Changhong Chemical","url":"https:\/\/changhongchemical.com\/","logo":{"@type":"ImageObject","inLanguage":"de","@id":"https:\/\/changhongchemical.com\/#\/schema\/logo\/image\/","url":"https:\/\/changhongchemical.com\/wp-content\/uploads\/2020\/08\/cropped-longchang-logo.png","contentUrl":"https:\/\/changhongchemical.com\/wp-content\/uploads\/2020\/08\/cropped-longchang-logo.png","width":512,"height":512,"caption":"Changhong Chemical"},"image":{"@id":"https:\/\/changhongchemical.com\/#\/schema\/logo\/image\/"}}]}},"_links":{"self":[{"href":"https:\/\/changhongchemical.com\/de\/wp-json\/wp\/v2\/product\/8306","targetHints":{"allow":["GET"]}}],"collection":[{"href":"https:\/\/changhongchemical.com\/de\/wp-json\/wp\/v2\/product"}],"about":[{"href":"https:\/\/changhongchemical.com\/de\/wp-json\/wp\/v2\/types\/product"}],"replies":[{"embeddable":true,"href":"https:\/\/changhongchemical.com\/de\/wp-json\/wp\/v2\/comments?post=8306"}],"wp:featuredmedia":[{"embeddable":true,"href":"https:\/\/changhongchemical.com\/de\/wp-json\/wp\/v2\/media\/8307"}],"wp:attachment":[{"href":"https:\/\/changhongchemical.com\/de\/wp-json\/wp\/v2\/media?parent=8306"}],"wp:term":[{"taxonomy":"product_brand","embeddable":true,"href":"https:\/\/changhongchemical.com\/de\/wp-json\/wp\/v2\/product_brand?post=8306"},{"taxonomy":"product_cat","embeddable":true,"href":"https:\/\/changhongchemical.com\/de\/wp-json\/wp\/v2\/product_cat?post=8306"},{"taxonomy":"product_tag","embeddable":true,"href":"https:\/\/changhongchemical.com\/de\/wp-json\/wp\/v2\/product_tag?post=8306"}],"curies":[{"name":"wp","href":"https:\/\/api.w.org\/{rel}","templated":true}]}}