{"id":8292,"date":"2025-03-25T02:26:47","date_gmt":"2025-03-25T02:26:47","guid":{"rendered":"https:\/\/changhongchemical.com\/?post_type=product&#038;p=8292"},"modified":"2025-05-12T02:51:04","modified_gmt":"2025-05-12T02:51:04","slug":"chz-05-12-hetero-chain-fluorinated-acrylates","status":"publish","type":"product","link":"https:\/\/changhongchemical.com\/de\/product\/chz-05-12-hetero-chain-fluorinated-acrylates\/","title":{"rendered":"CHLUMOFIUOR\u00ae CHZ 05-12 Heterokettenfluorierte Acrylate"},"content":{"rendered":"<p>Leistungsindex:<br \/>\nAussehen: farblose bis hellgelbe transparente Fl\u00fcssigkeit<br \/>\nDichte (g\/ml): 1.445@25\u00b0C<br \/>\nSiedepunkt (\u00b0C): 150-190@760mmHg<br \/>\nFlammpunkt (\u00b0C): 81-85<br \/>\nBrechungsindex: 1.361@25\u00b0C<br \/>\nL\u00f6slichkeit (wt%): unl\u00f6slich in Wasser, fast l\u00f6slich in allen L\u00f6sungsmitteln<br \/>\nReinheit: \u226596.0%<\/p>\n<h2><strong><b>Kontaktieren Sie uns jetzt!<\/b><\/strong><\/h2>\n<h4><strong><b>Wenn Sie einen Preis ben\u00f6tigen, tragen Sie bitte Ihre Kontaktdaten in das unten stehende Formular ein. Wir werden uns in der Regel innerhalb von 24 Stunden mit Ihnen in Verbindung setzen. Sie k\u00f6nnen mir auch mailen\u00a0<span style=\"color: #00ccff;\"><a style=\"color: #00ccff;\" href=\"mailto:info@changhongchemical.com\">info@changhongchemical.com<\/a><\/span>\u00a0w\u00e4hrend der Gesch\u00e4ftszeiten ( 8:30 bis 18:00 Uhr UTC+8 Mo.~Sa. ) oder nutzen Sie den Live-Chat auf der Website, um eine schnelle Antwort zu erhalten.<\/b><\/strong><\/h4>","protected":false},"excerpt":{"rendered":"<p>Heterokettenfluoriertes Acrylat<br \/>\nCAS-Nr.: N\/A<br \/>\nMolekulare Formel: N\/A<br \/>\nMolekulargewicht: N\/A<\/p>\n<p>Anwendungsbereich:<br \/>\nFluorierte Acrylemulsion, fluoriertes Acrylharz<br \/>\nLagerung und Transport von Verpackungen:<br \/>\nVerpackungsspezifikation: 25kg\/Fass, 250kg\/Fass. Vermeiden Sie Sonnenschein und Regen, St\u00f6\u00dfe und Extrusion, und transportieren Sie es als allgemeines Gefahrgut. Lagern Sie in einem k\u00fchlen, trockenen, bel\u00fcfteten, lichtgesch\u00fctzten Ort, weg von Hitze und Feuer. Es sollte im K\u00fchlhaus unter 25\u2103 gelagert werden.<\/p>","protected":false},"featured_media":0,"comment_status":"closed","ping_status":"closed","template":"","meta":[],"product_brand":[],"product_cat":[187],"product_tag":[],"class_list":{"0":"post-8292","1":"product","2":"type-product","3":"status-publish","5":"product_cat-functional-fluorinated-monomers","7":"first","8":"instock","9":"shipping-taxable","10":"product-type-simple"},"yoast_head":"<!-- This site is optimized with the Yoast SEO plugin v27.4 - https:\/\/yoast.com\/product\/yoast-seo-wordpress\/ -->\n<title>China CHLUMOFIUOR\u00ae CHZ 05-12 Hetero chain fluorinated acrylates Manufacturer - Changhong Chemical<\/title>\n<meta name=\"description\" content=\"Hetero chain fluorinated acrylate CAS No.: N\/A Molecular Formula: N\/A Molecular weight: N\/A Application field: Fluorinated acrylic emulsion...\" \/>\n<meta name=\"robots\" content=\"index, follow, max-snippet:-1, max-image-preview:large, max-video-preview:-1\" \/>\n<link rel=\"canonical\" href=\"https:\/\/changhongchemical.com\/de\/product\/chz-05-12-hetero-chain-fluorinated-acrylates\/\" \/>\n<meta property=\"og:locale\" content=\"de_DE\" \/>\n<meta property=\"og:type\" content=\"article\" \/>\n<meta property=\"og:title\" content=\"China CHLUMOFIUOR\u00ae CHZ 05-12 Hetero chain fluorinated acrylates Manufacturer - Changhong Chemical\" \/>\n<meta property=\"og:description\" content=\"Hetero chain fluorinated acrylate CAS No.: N\/A Molecular Formula: N\/A Molecular weight: N\/A Application field: Fluorinated acrylic emulsion...\" \/>\n<meta property=\"og:url\" content=\"https:\/\/changhongchemical.com\/de\/product\/chz-05-12-hetero-chain-fluorinated-acrylates\/\" \/>\n<meta property=\"og:site_name\" content=\"Changhong Chemical\" \/>\n<meta property=\"article:modified_time\" content=\"2025-05-12T02:51:04+00:00\" \/>\n<meta property=\"og:image\" content=\"https:\/\/changhongchemical.com\/wp-content\/uploads\/2024\/02\/logo-jpeg.jpg\" \/>\n\t<meta property=\"og:image:width\" content=\"1000\" \/>\n\t<meta property=\"og:image:height\" content=\"1000\" \/>\n\t<meta property=\"og:image:type\" content=\"image\/jpeg\" \/>\n<meta name=\"twitter:card\" content=\"summary_large_image\" \/>\n<meta name=\"twitter:label1\" content=\"Gesch\u00e4tzte Lesezeit\" \/>\n\t<meta name=\"twitter:data1\" content=\"1\u00a0Minute\" \/>\n<script type=\"application\/ld+json\" class=\"yoast-schema-graph\">{\"@context\":\"https:\\\/\\\/schema.org\",\"@graph\":[{\"@type\":\"WebPage\",\"@id\":\"https:\\\/\\\/changhongchemical.com\\\/product\\\/chz-05-12-hetero-chain-fluorinated-acrylates\\\/\",\"url\":\"https:\\\/\\\/changhongchemical.com\\\/product\\\/chz-05-12-hetero-chain-fluorinated-acrylates\\\/\",\"name\":\"China CHLUMOFIUOR\u00ae CHZ 05-12 Hetero chain fluorinated acrylates Manufacturer - Changhong Chemical\",\"isPartOf\":{\"@id\":\"https:\\\/\\\/changhongchemical.com\\\/#website\"},\"datePublished\":\"2025-03-25T02:26:47+00:00\",\"dateModified\":\"2025-05-12T02:51:04+00:00\",\"description\":\"Hetero chain fluorinated acrylate CAS No.: N\\\/A Molecular Formula: N\\\/A Molecular weight: N\\\/A Application field: Fluorinated acrylic emulsion...\",\"breadcrumb\":{\"@id\":\"https:\\\/\\\/changhongchemical.com\\\/product\\\/chz-05-12-hetero-chain-fluorinated-acrylates\\\/#breadcrumb\"},\"inLanguage\":\"de\",\"potentialAction\":[{\"@type\":\"ReadAction\",\"target\":[\"https:\\\/\\\/changhongchemical.com\\\/product\\\/chz-05-12-hetero-chain-fluorinated-acrylates\\\/\"]}]},{\"@type\":\"BreadcrumbList\",\"@id\":\"https:\\\/\\\/changhongchemical.com\\\/product\\\/chz-05-12-hetero-chain-fluorinated-acrylates\\\/#breadcrumb\",\"itemListElement\":[{\"@type\":\"ListItem\",\"position\":1,\"name\":\"Home\",\"item\":\"https:\\\/\\\/changhongchemical.com\\\/\"},{\"@type\":\"ListItem\",\"position\":2,\"name\":\"Products Changhong\",\"item\":\"https:\\\/\\\/changhongchemical.com\\\/product\\\/\"},{\"@type\":\"ListItem\",\"position\":3,\"name\":\"CHLUMOFIUOR\u00ae CHZ 05-12 Hetero chain fluorinated acrylates\"}]},{\"@type\":\"WebSite\",\"@id\":\"https:\\\/\\\/changhongchemical.com\\\/#website\",\"url\":\"https:\\\/\\\/changhongchemical.com\\\/\",\"name\":\"Changhong Chemical\",\"description\":\"China chemical manufacturer \uff06 supplier\",\"publisher\":{\"@id\":\"https:\\\/\\\/changhongchemical.com\\\/#organization\"},\"potentialAction\":[{\"@type\":\"SearchAction\",\"target\":{\"@type\":\"EntryPoint\",\"urlTemplate\":\"https:\\\/\\\/changhongchemical.com\\\/?s={search_term_string}\"},\"query-input\":{\"@type\":\"PropertyValueSpecification\",\"valueRequired\":true,\"valueName\":\"search_term_string\"}}],\"inLanguage\":\"de\"},{\"@type\":\"Organization\",\"@id\":\"https:\\\/\\\/changhongchemical.com\\\/#organization\",\"name\":\"Changhong Chemical\",\"url\":\"https:\\\/\\\/changhongchemical.com\\\/\",\"logo\":{\"@type\":\"ImageObject\",\"inLanguage\":\"de\",\"@id\":\"https:\\\/\\\/changhongchemical.com\\\/#\\\/schema\\\/logo\\\/image\\\/\",\"url\":\"https:\\\/\\\/changhongchemical.com\\\/wp-content\\\/uploads\\\/2020\\\/08\\\/cropped-longchang-logo.png\",\"contentUrl\":\"https:\\\/\\\/changhongchemical.com\\\/wp-content\\\/uploads\\\/2020\\\/08\\\/cropped-longchang-logo.png\",\"width\":512,\"height\":512,\"caption\":\"Changhong Chemical\"},\"image\":{\"@id\":\"https:\\\/\\\/changhongchemical.com\\\/#\\\/schema\\\/logo\\\/image\\\/\"}}]}<\/script>\n<!-- \/ Yoast SEO plugin. -->","yoast_head_json":{"title":"China CHLUMOFIUOR\u00ae CHZ 05-12 Heterokettenfluorierte Acrylate Hersteller - Changhong Chemical","description":"Hetero chain fluorinated acrylate CAS No.: N\/A Molecular Formula: N\/A Molecular weight: N\/A Application field: Fluorinated acrylic emulsion...","robots":{"index":"index","follow":"follow","max-snippet":"max-snippet:-1","max-image-preview":"max-image-preview:large","max-video-preview":"max-video-preview:-1"},"canonical":"https:\/\/changhongchemical.com\/de\/product\/chz-05-12-hetero-chain-fluorinated-acrylates\/","og_locale":"de_DE","og_type":"article","og_title":"China CHLUMOFIUOR\u00ae CHZ 05-12 Hetero chain fluorinated acrylates Manufacturer - Changhong Chemical","og_description":"Hetero chain fluorinated acrylate CAS No.: N\/A Molecular Formula: N\/A Molecular weight: N\/A Application field: Fluorinated acrylic emulsion...","og_url":"https:\/\/changhongchemical.com\/de\/product\/chz-05-12-hetero-chain-fluorinated-acrylates\/","og_site_name":"Changhong Chemical","article_modified_time":"2025-05-12T02:51:04+00:00","og_image":[{"width":1000,"height":1000,"url":"https:\/\/changhongchemical.com\/wp-content\/uploads\/2024\/02\/logo-jpeg.jpg","type":"image\/jpeg"}],"twitter_card":"summary_large_image","twitter_misc":{"Gesch\u00e4tzte Lesezeit":"1\u00a0Minute"},"schema":{"@context":"https:\/\/schema.org","@graph":[{"@type":"WebPage","@id":"https:\/\/changhongchemical.com\/product\/chz-05-12-hetero-chain-fluorinated-acrylates\/","url":"https:\/\/changhongchemical.com\/product\/chz-05-12-hetero-chain-fluorinated-acrylates\/","name":"China CHLUMOFIUOR\u00ae CHZ 05-12 Heterokettenfluorierte Acrylate Hersteller - Changhong Chemical","isPartOf":{"@id":"https:\/\/changhongchemical.com\/#website"},"datePublished":"2025-03-25T02:26:47+00:00","dateModified":"2025-05-12T02:51:04+00:00","description":"Hetero chain fluorinated acrylate CAS No.: N\/A Molecular Formula: N\/A Molecular weight: N\/A Application field: Fluorinated acrylic emulsion...","breadcrumb":{"@id":"https:\/\/changhongchemical.com\/product\/chz-05-12-hetero-chain-fluorinated-acrylates\/#breadcrumb"},"inLanguage":"de","potentialAction":[{"@type":"ReadAction","target":["https:\/\/changhongchemical.com\/product\/chz-05-12-hetero-chain-fluorinated-acrylates\/"]}]},{"@type":"BreadcrumbList","@id":"https:\/\/changhongchemical.com\/product\/chz-05-12-hetero-chain-fluorinated-acrylates\/#breadcrumb","itemListElement":[{"@type":"ListItem","position":1,"name":"Home","item":"https:\/\/changhongchemical.com\/"},{"@type":"ListItem","position":2,"name":"Products Changhong","item":"https:\/\/changhongchemical.com\/product\/"},{"@type":"ListItem","position":3,"name":"CHLUMOFIUOR\u00ae CHZ 05-12 Hetero chain fluorinated acrylates"}]},{"@type":"WebSite","@id":"https:\/\/changhongchemical.com\/#website","url":"https:\/\/changhongchemical.com\/","name":"Changhong Chemical","description":"China Hersteller von Chemikalien \uff06 Lieferant","publisher":{"@id":"https:\/\/changhongchemical.com\/#organization"},"potentialAction":[{"@type":"SearchAction","target":{"@type":"EntryPoint","urlTemplate":"https:\/\/changhongchemical.com\/?s={search_term_string}"},"query-input":{"@type":"PropertyValueSpecification","valueRequired":true,"valueName":"search_term_string"}}],"inLanguage":"de"},{"@type":"Organization","@id":"https:\/\/changhongchemical.com\/#organization","name":"Changhong Chemical","url":"https:\/\/changhongchemical.com\/","logo":{"@type":"ImageObject","inLanguage":"de","@id":"https:\/\/changhongchemical.com\/#\/schema\/logo\/image\/","url":"https:\/\/changhongchemical.com\/wp-content\/uploads\/2020\/08\/cropped-longchang-logo.png","contentUrl":"https:\/\/changhongchemical.com\/wp-content\/uploads\/2020\/08\/cropped-longchang-logo.png","width":512,"height":512,"caption":"Changhong Chemical"},"image":{"@id":"https:\/\/changhongchemical.com\/#\/schema\/logo\/image\/"}}]}},"_links":{"self":[{"href":"https:\/\/changhongchemical.com\/de\/wp-json\/wp\/v2\/product\/8292","targetHints":{"allow":["GET"]}}],"collection":[{"href":"https:\/\/changhongchemical.com\/de\/wp-json\/wp\/v2\/product"}],"about":[{"href":"https:\/\/changhongchemical.com\/de\/wp-json\/wp\/v2\/types\/product"}],"replies":[{"embeddable":true,"href":"https:\/\/changhongchemical.com\/de\/wp-json\/wp\/v2\/comments?post=8292"}],"wp:attachment":[{"href":"https:\/\/changhongchemical.com\/de\/wp-json\/wp\/v2\/media?parent=8292"}],"wp:term":[{"taxonomy":"product_brand","embeddable":true,"href":"https:\/\/changhongchemical.com\/de\/wp-json\/wp\/v2\/product_brand?post=8292"},{"taxonomy":"product_cat","embeddable":true,"href":"https:\/\/changhongchemical.com\/de\/wp-json\/wp\/v2\/product_cat?post=8292"},{"taxonomy":"product_tag","embeddable":true,"href":"https:\/\/changhongchemical.com\/de\/wp-json\/wp\/v2\/product_tag?post=8292"}],"curies":[{"name":"wp","href":"https:\/\/api.w.org\/{rel}","templated":true}]}}