{"id":8198,"date":"2025-03-24T04:30:48","date_gmt":"2025-03-24T04:30:48","guid":{"rendered":"https:\/\/changhongchemical.com\/?post_type=product&#038;p=8198"},"modified":"2025-05-12T02:58:11","modified_gmt":"2025-05-12T02:58:11","slug":"ch-101","status":"publish","type":"product","link":"https:\/\/changhongchemical.com\/de\/product\/ch-101\/","title":{"rendered":"CHLUMOFIUOR\u00ae CH-101 w\u00e4ssrige Einkomponenten-Fluorcarbonemulsion"},"content":{"rendered":"<p>Leistungsindex:<\/p>\n<p>Erscheinungsbild: milchig-wei\u00dfe Fl\u00fcssigkeit<\/p>\n<p>Gehalt an festem Fluor (%): 10\u00b11<\/p>\n<p>Feststoffgehalt (%): 45\u00b11<\/p>\n<p>Glas\u00fcbergangstemperatur (\u00b0C): 25\u00b15<\/p>\n<p>Viskosit\u00e4t (S): 10\uff5e20 (23\u00b12\u00b0C, beschichtete-4 Becher)<\/p>\n<p>Dichte (g\/ml): 1,1\u00b10,05@20\u00b0C<\/p>\n<p>pH-Wert: 6,5\uff5e8<\/p>\n<p>Mechanische Stabilit\u00e4t: Keine Anomalien (3000r\/min, 0,5h)<\/p>\n<p>Ionische Eigenschaften: anionisch<\/p>\n<p>&nbsp;<\/p>\n<p>Produktmerkmale.<\/p>\n<p>Sehr lange Witterungsbest\u00e4ndigkeit, hervorragende Schmutzresistenz, sehr geringe VOC-Emission, gr\u00fcner Umweltschutz, gute Verarbeitbarkeit; kann gerollt, gestrichen, gespritzt oder airless gespritzt werden<\/p>\n<p>Anwendungsbereiche: Innen- und Au\u00dfenw\u00e4nde von Geb\u00e4uden, Zement, Keramik, etc.<\/p>\n<p>Schutz und Dekoration von Innen- und Au\u00dfenw\u00e4nden von Geb\u00e4uden, Zement, Keramik, Metall, Holz und \u00dcberglasur.<\/p>\n<p>Verpackung und Lagerung.<\/p>\n<p>Die Verpackungsspezifikation f\u00fcr dieses Produkt ist 25kg\/Fass bzw. 200kg\/Fass. Das Produkt sollte in versiegelten Beh\u00e4ltern bei einer Temperatur von 5-30\u00b0C gelagert werden, vermeiden Sie Gefrieren und hohe Temperaturen, mit einer Haltbarkeit von 1 Jahr.<\/p>\n<p>Anderer Name:<\/p>\n<p>Einkomponenten-Fluorkohlenstoffemulsion auf Wasserbasis<\/p>\n<p>Einteilige w\u00e4ssrige Fluorkohlenstoffemulsion<\/p>\n<p>Fluorkohlenstoffemulsion auf Wasserbasis in einer Packung<\/p>\n<p>Einkomponenten-Fluorcarbon-Emulsion auf Wasserbasis<\/p>\n<h2><strong><b>Kontaktieren Sie uns jetzt!<\/b><\/strong><\/h2>\n<h4><strong><b>Wenn Sie einen Preis ben\u00f6tigen, tragen Sie bitte Ihre Kontaktdaten in das unten stehende Formular ein. Wir werden uns in der Regel innerhalb von 24 Stunden mit Ihnen in Verbindung setzen. Sie k\u00f6nnen mir auch mailen\u00a0<span style=\"color: #00ccff;\"><a style=\"color: #00ccff;\" href=\"mailto:info@changhongchemical.com\">info@changhongchemical.com<\/a><\/span>\u00a0w\u00e4hrend der Gesch\u00e4ftszeiten ( 8:30 bis 18:00 Uhr UTC+8 Mo.~Sa. ) oder nutzen Sie den Live-Chat auf der Website, um eine schnelle Antwort zu erhalten.<\/b><\/strong><\/h4>","protected":false},"excerpt":{"rendered":"<p>Die w\u00e4ssrige Einkomponenten-Fluorkohlenstoffemulsion CH-101 ist ein Copolymer aus einem fluorhaltigen Monomer, einem olefinischen Monomer und einem funktionellen Monomer; es handelt sich um eine Polymeremulsion mit einer Verbundstruktur aus hartem Kern und weicher Schale, die durch die Technologie der Samenemulsionspolymerisation hergestellt wird. Die w\u00e4ssrige Fluorkohlenstoffbeschichtung, die mit dieser Fluorkohlenstoffemulsion hergestellt wird, hat eine ultralange Witterungsbest\u00e4ndigkeit, UV-Best\u00e4ndigkeit, ausgezeichnete Wasserwei\u00dfbest\u00e4ndigkeit, S\u00e4ure-, Alkali- und Salzkorrosionsbest\u00e4ndigkeit und ver\u00e4ndert sich nicht unter saurem Regen, atmosph\u00e4rischer Verschmutzung und Salzspr\u00fchnebelkorrosionsbedingungen auf See. Extrem niedrige VOC-Emissionen, gr\u00fcner Umweltschutz, gute Bauleistung, etc. ist besonders geeignet f\u00fcr den Schutz von Innen- und Au\u00dfenw\u00e4nden der dekorativen und Abdeckung Licht, kann der Schutz Zeitraum bis zu 20 Jahren sein.<\/p>","protected":false},"featured_media":8199,"comment_status":"closed","ping_status":"closed","template":"","meta":[],"product_brand":[],"product_cat":[186],"product_tag":[],"class_list":{"0":"post-8198","1":"product","2":"type-product","3":"status-publish","4":"has-post-thumbnail","6":"product_cat-fluorocarbon-resin","8":"first","9":"instock","10":"shipping-taxable","11":"product-type-simple"},"yoast_head":"<!-- This site is optimized with the Yoast SEO plugin v27.4 - https:\/\/yoast.com\/product\/yoast-seo-wordpress\/ -->\n<title>China CHLUMOFIUOR\u00ae CH-101 waterborne one-component fluorocarbon emulsion Manufacturer - Changhong Chemical<\/title>\n<meta name=\"description\" content=\"CH-101 waterborne one-component fluorocarbon emulsion is a copolymer of fluorine-containing monomer, olefinic monomer and functional monomer; it is a...\" \/>\n<meta name=\"robots\" content=\"index, follow, max-snippet:-1, max-image-preview:large, max-video-preview:-1\" \/>\n<link rel=\"canonical\" href=\"https:\/\/changhongchemical.com\/de\/product\/ch-101\/\" \/>\n<meta property=\"og:locale\" content=\"de_DE\" \/>\n<meta property=\"og:type\" content=\"article\" \/>\n<meta property=\"og:title\" content=\"China CHLUMOFIUOR\u00ae CH-101 waterborne one-component fluorocarbon emulsion Manufacturer - Changhong Chemical\" \/>\n<meta property=\"og:description\" content=\"CH-101 waterborne one-component fluorocarbon emulsion is a copolymer of fluorine-containing monomer, olefinic monomer and functional monomer; it is a...\" \/>\n<meta property=\"og:url\" content=\"https:\/\/changhongchemical.com\/de\/product\/ch-101\/\" \/>\n<meta property=\"og:site_name\" content=\"Changhong Chemical\" \/>\n<meta property=\"article:modified_time\" content=\"2025-05-12T02:58:11+00:00\" \/>\n<meta property=\"og:image\" content=\"https:\/\/changhongchemical.com\/wp-content\/uploads\/2025\/03\/CH-101.jpg\" \/>\n\t<meta property=\"og:image:width\" content=\"600\" \/>\n\t<meta property=\"og:image:height\" content=\"600\" \/>\n\t<meta property=\"og:image:type\" content=\"image\/jpeg\" \/>\n<meta name=\"twitter:card\" content=\"summary_large_image\" \/>\n<meta name=\"twitter:label1\" content=\"Gesch\u00e4tzte Lesezeit\" \/>\n\t<meta name=\"twitter:data1\" content=\"2\u00a0Minuten\" \/>\n<script type=\"application\/ld+json\" class=\"yoast-schema-graph\">{\"@context\":\"https:\\\/\\\/schema.org\",\"@graph\":[{\"@type\":\"WebPage\",\"@id\":\"https:\\\/\\\/changhongchemical.com\\\/product\\\/ch-101\\\/\",\"url\":\"https:\\\/\\\/changhongchemical.com\\\/product\\\/ch-101\\\/\",\"name\":\"China CHLUMOFIUOR\u00ae CH-101 waterborne one-component fluorocarbon emulsion Manufacturer - Changhong Chemical\",\"isPartOf\":{\"@id\":\"https:\\\/\\\/changhongchemical.com\\\/#website\"},\"primaryImageOfPage\":{\"@id\":\"https:\\\/\\\/changhongchemical.com\\\/product\\\/ch-101\\\/#primaryimage\"},\"image\":{\"@id\":\"https:\\\/\\\/changhongchemical.com\\\/product\\\/ch-101\\\/#primaryimage\"},\"thumbnailUrl\":\"https:\\\/\\\/changhongchemical.com\\\/wp-content\\\/uploads\\\/2025\\\/03\\\/CH-101.jpg\",\"datePublished\":\"2025-03-24T04:30:48+00:00\",\"dateModified\":\"2025-05-12T02:58:11+00:00\",\"description\":\"CH-101 waterborne one-component fluorocarbon emulsion is a copolymer of fluorine-containing monomer, olefinic monomer and functional monomer; it is a...\",\"breadcrumb\":{\"@id\":\"https:\\\/\\\/changhongchemical.com\\\/product\\\/ch-101\\\/#breadcrumb\"},\"inLanguage\":\"de\",\"potentialAction\":[{\"@type\":\"ReadAction\",\"target\":[\"https:\\\/\\\/changhongchemical.com\\\/product\\\/ch-101\\\/\"]}]},{\"@type\":\"ImageObject\",\"inLanguage\":\"de\",\"@id\":\"https:\\\/\\\/changhongchemical.com\\\/product\\\/ch-101\\\/#primaryimage\",\"url\":\"https:\\\/\\\/changhongchemical.com\\\/wp-content\\\/uploads\\\/2025\\\/03\\\/CH-101.jpg\",\"contentUrl\":\"https:\\\/\\\/changhongchemical.com\\\/wp-content\\\/uploads\\\/2025\\\/03\\\/CH-101.jpg\",\"width\":600,\"height\":600},{\"@type\":\"BreadcrumbList\",\"@id\":\"https:\\\/\\\/changhongchemical.com\\\/product\\\/ch-101\\\/#breadcrumb\",\"itemListElement\":[{\"@type\":\"ListItem\",\"position\":1,\"name\":\"Home\",\"item\":\"https:\\\/\\\/changhongchemical.com\\\/\"},{\"@type\":\"ListItem\",\"position\":2,\"name\":\"Products Changhong\",\"item\":\"https:\\\/\\\/changhongchemical.com\\\/product\\\/\"},{\"@type\":\"ListItem\",\"position\":3,\"name\":\"CHLUMOFIUOR\u00ae CH-101 waterborne one-component fluorocarbon emulsion\"}]},{\"@type\":\"WebSite\",\"@id\":\"https:\\\/\\\/changhongchemical.com\\\/#website\",\"url\":\"https:\\\/\\\/changhongchemical.com\\\/\",\"name\":\"Changhong Chemical\",\"description\":\"China chemical manufacturer \uff06 supplier\",\"publisher\":{\"@id\":\"https:\\\/\\\/changhongchemical.com\\\/#organization\"},\"potentialAction\":[{\"@type\":\"SearchAction\",\"target\":{\"@type\":\"EntryPoint\",\"urlTemplate\":\"https:\\\/\\\/changhongchemical.com\\\/?s={search_term_string}\"},\"query-input\":{\"@type\":\"PropertyValueSpecification\",\"valueRequired\":true,\"valueName\":\"search_term_string\"}}],\"inLanguage\":\"de\"},{\"@type\":\"Organization\",\"@id\":\"https:\\\/\\\/changhongchemical.com\\\/#organization\",\"name\":\"Changhong Chemical\",\"url\":\"https:\\\/\\\/changhongchemical.com\\\/\",\"logo\":{\"@type\":\"ImageObject\",\"inLanguage\":\"de\",\"@id\":\"https:\\\/\\\/changhongchemical.com\\\/#\\\/schema\\\/logo\\\/image\\\/\",\"url\":\"https:\\\/\\\/changhongchemical.com\\\/wp-content\\\/uploads\\\/2020\\\/08\\\/cropped-longchang-logo.png\",\"contentUrl\":\"https:\\\/\\\/changhongchemical.com\\\/wp-content\\\/uploads\\\/2020\\\/08\\\/cropped-longchang-logo.png\",\"width\":512,\"height\":512,\"caption\":\"Changhong Chemical\"},\"image\":{\"@id\":\"https:\\\/\\\/changhongchemical.com\\\/#\\\/schema\\\/logo\\\/image\\\/\"}}]}<\/script>\n<!-- \/ Yoast SEO plugin. -->","yoast_head_json":{"title":"China CHLUMOFIUOR\u00ae CH-101 w\u00e4ssrige Einkomponenten-Fluorkohlenstoffemulsion Hersteller - Changhong Chemical","description":"CH-101 waterborne one-component fluorocarbon emulsion is a copolymer of fluorine-containing monomer, olefinic monomer and functional monomer; it is a...","robots":{"index":"index","follow":"follow","max-snippet":"max-snippet:-1","max-image-preview":"max-image-preview:large","max-video-preview":"max-video-preview:-1"},"canonical":"https:\/\/changhongchemical.com\/de\/product\/ch-101\/","og_locale":"de_DE","og_type":"article","og_title":"China CHLUMOFIUOR\u00ae CH-101 waterborne one-component fluorocarbon emulsion Manufacturer - Changhong Chemical","og_description":"CH-101 waterborne one-component fluorocarbon emulsion is a copolymer of fluorine-containing monomer, olefinic monomer and functional monomer; it is a...","og_url":"https:\/\/changhongchemical.com\/de\/product\/ch-101\/","og_site_name":"Changhong Chemical","article_modified_time":"2025-05-12T02:58:11+00:00","og_image":[{"width":600,"height":600,"url":"https:\/\/changhongchemical.com\/wp-content\/uploads\/2025\/03\/CH-101.jpg","type":"image\/jpeg"}],"twitter_card":"summary_large_image","twitter_misc":{"Gesch\u00e4tzte Lesezeit":"2\u00a0Minuten"},"schema":{"@context":"https:\/\/schema.org","@graph":[{"@type":"WebPage","@id":"https:\/\/changhongchemical.com\/product\/ch-101\/","url":"https:\/\/changhongchemical.com\/product\/ch-101\/","name":"China CHLUMOFIUOR\u00ae CH-101 w\u00e4ssrige Einkomponenten-Fluorkohlenstoffemulsion Hersteller - Changhong Chemical","isPartOf":{"@id":"https:\/\/changhongchemical.com\/#website"},"primaryImageOfPage":{"@id":"https:\/\/changhongchemical.com\/product\/ch-101\/#primaryimage"},"image":{"@id":"https:\/\/changhongchemical.com\/product\/ch-101\/#primaryimage"},"thumbnailUrl":"https:\/\/changhongchemical.com\/wp-content\/uploads\/2025\/03\/CH-101.jpg","datePublished":"2025-03-24T04:30:48+00:00","dateModified":"2025-05-12T02:58:11+00:00","description":"CH-101 waterborne one-component fluorocarbon emulsion is a copolymer of fluorine-containing monomer, olefinic monomer and functional monomer; it is a...","breadcrumb":{"@id":"https:\/\/changhongchemical.com\/product\/ch-101\/#breadcrumb"},"inLanguage":"de","potentialAction":[{"@type":"ReadAction","target":["https:\/\/changhongchemical.com\/product\/ch-101\/"]}]},{"@type":"ImageObject","inLanguage":"de","@id":"https:\/\/changhongchemical.com\/product\/ch-101\/#primaryimage","url":"https:\/\/changhongchemical.com\/wp-content\/uploads\/2025\/03\/CH-101.jpg","contentUrl":"https:\/\/changhongchemical.com\/wp-content\/uploads\/2025\/03\/CH-101.jpg","width":600,"height":600},{"@type":"BreadcrumbList","@id":"https:\/\/changhongchemical.com\/product\/ch-101\/#breadcrumb","itemListElement":[{"@type":"ListItem","position":1,"name":"Home","item":"https:\/\/changhongchemical.com\/"},{"@type":"ListItem","position":2,"name":"Products Changhong","item":"https:\/\/changhongchemical.com\/product\/"},{"@type":"ListItem","position":3,"name":"CHLUMOFIUOR\u00ae CH-101 waterborne one-component fluorocarbon emulsion"}]},{"@type":"WebSite","@id":"https:\/\/changhongchemical.com\/#website","url":"https:\/\/changhongchemical.com\/","name":"Changhong Chemical","description":"China Hersteller von Chemikalien \uff06 Lieferant","publisher":{"@id":"https:\/\/changhongchemical.com\/#organization"},"potentialAction":[{"@type":"SearchAction","target":{"@type":"EntryPoint","urlTemplate":"https:\/\/changhongchemical.com\/?s={search_term_string}"},"query-input":{"@type":"PropertyValueSpecification","valueRequired":true,"valueName":"search_term_string"}}],"inLanguage":"de"},{"@type":"Organization","@id":"https:\/\/changhongchemical.com\/#organization","name":"Changhong Chemical","url":"https:\/\/changhongchemical.com\/","logo":{"@type":"ImageObject","inLanguage":"de","@id":"https:\/\/changhongchemical.com\/#\/schema\/logo\/image\/","url":"https:\/\/changhongchemical.com\/wp-content\/uploads\/2020\/08\/cropped-longchang-logo.png","contentUrl":"https:\/\/changhongchemical.com\/wp-content\/uploads\/2020\/08\/cropped-longchang-logo.png","width":512,"height":512,"caption":"Changhong Chemical"},"image":{"@id":"https:\/\/changhongchemical.com\/#\/schema\/logo\/image\/"}}]}},"_links":{"self":[{"href":"https:\/\/changhongchemical.com\/de\/wp-json\/wp\/v2\/product\/8198","targetHints":{"allow":["GET"]}}],"collection":[{"href":"https:\/\/changhongchemical.com\/de\/wp-json\/wp\/v2\/product"}],"about":[{"href":"https:\/\/changhongchemical.com\/de\/wp-json\/wp\/v2\/types\/product"}],"replies":[{"embeddable":true,"href":"https:\/\/changhongchemical.com\/de\/wp-json\/wp\/v2\/comments?post=8198"}],"wp:featuredmedia":[{"embeddable":true,"href":"https:\/\/changhongchemical.com\/de\/wp-json\/wp\/v2\/media\/8199"}],"wp:attachment":[{"href":"https:\/\/changhongchemical.com\/de\/wp-json\/wp\/v2\/media?parent=8198"}],"wp:term":[{"taxonomy":"product_brand","embeddable":true,"href":"https:\/\/changhongchemical.com\/de\/wp-json\/wp\/v2\/product_brand?post=8198"},{"taxonomy":"product_cat","embeddable":true,"href":"https:\/\/changhongchemical.com\/de\/wp-json\/wp\/v2\/product_cat?post=8198"},{"taxonomy":"product_tag","embeddable":true,"href":"https:\/\/changhongchemical.com\/de\/wp-json\/wp\/v2\/product_tag?post=8198"}],"curies":[{"name":"wp","href":"https:\/\/api.w.org\/{rel}","templated":true}]}}