{"id":8196,"date":"2025-03-24T04:25:20","date_gmt":"2025-03-24T04:25:20","guid":{"rendered":"https:\/\/changhongchemical.com\/?post_type=product&#038;p=8196"},"modified":"2025-05-12T02:58:48","modified_gmt":"2025-05-12T02:58:48","slug":"ch-102","status":"publish","type":"product","link":"https:\/\/changhongchemical.com\/de\/product\/ch-102\/","title":{"rendered":"CHLUMOFIUOR\u00ae CH-102 w\u00e4ssrige Zweikomponenten-Fluorcarbonemulsion"},"content":{"rendered":"<p>Erscheinungsbild: milchig-wei\u00dfe Fl\u00fcssigkeit<br \/>\nGehalt an festem Fluor (%): 10\u00b11<br \/>\nFeststoffgehalt (%): 45\u00b11<br \/>\nGlas\u00fcbergangstemperatur (\u00b0C): 35\u00b15<br \/>\nViskosit\u00e4t (S): 10\uff5e20 (23\u00b12\u00b0C, beschichtete-4 Becher)<br \/>\nDichte (g\/ml): 1,1\u00b10,05@20\u00b0C<br \/>\nHydroxylwert (mgKOH\/g): 25\u00b15<br \/>\npH-Wert:6,5\uff5e8<br \/>\nMechanische Stabilit\u00e4t: Keine Anomalien (3000r\/min, 0,5h)<br \/>\nIonische Eigenschaften: anionisch<\/p>\n<p>Produktmerkmale.<br \/>\nHervorragende Haltbarkeit, Fleckenbest\u00e4ndigkeit, Wei\u00dfwasserbest\u00e4ndigkeit, Scheuerbest\u00e4ndigkeit und Umweltfreundlichkeit<br \/>\nAnwendungsbereich: Die Hauptanwendung ist die Behandlung von Zement, Keramik, Porzellan und anderen Materialien.<br \/>\nHaupts\u00e4chlich verwendet zum Schutz und zur Dekoration von Zement, Keramik, Metall, Holz usw.<br \/>\nVerpackung und Lagerung.<br \/>\nVerpackung Spezifikation ist 200Kg\/Fass. Das Produkt sollte in geschlossenen Beh\u00e4ltern gelagert werden, vermeiden Sie Einfrieren und hohe Temperatur, Lagertemperatur 5 ~ 30 \u2103, Haltbarkeit von einem Jahr.<\/p>\n<p>Anderer Name\uff1a<\/p>\n<p>W\u00e4ssrige Zweikomponenten-Fluorcarbon-Emulsion<\/p>\n<p>Fluorkohlenwasserstoff-Zweikomponenten-Emulsion auf Wasserbasis<\/p>\n<p>Zweikomponenten-Fluorcarbon-Emulsion auf Wasserbasis<\/p>\n<p>Zweikomponenten-Fluorkohlenstoffemulsion auf Wasserbasis (alternative Wortfolge)<\/p>\n<h2><strong><b>Kontaktieren Sie uns jetzt!<\/b><\/strong><\/h2>\n<h4><strong><b>Wenn Sie einen Preis ben\u00f6tigen, tragen Sie bitte Ihre Kontaktdaten in das unten stehende Formular ein. Wir werden uns in der Regel innerhalb von 24 Stunden mit Ihnen in Verbindung setzen. Sie k\u00f6nnen mir auch mailen\u00a0<span style=\"color: #00ccff;\"><a style=\"color: #00ccff;\" href=\"mailto:info@changhongchemical.com\">info@changhongchemical.com<\/a><\/span>\u00a0w\u00e4hrend der Gesch\u00e4ftszeiten ( 8:30 bis 18:00 Uhr UTC+8 Mo.~Sa. ) oder nutzen Sie den Live-Chat auf der Website, um eine schnelle Antwort zu erhalten.<\/b><\/strong><\/h4>","protected":false},"excerpt":{"rendered":"<p>Die w\u00e4ssrige Zweikomponenten-Fluorkohlenstoffemulsion CH-102 ist ein Copolymer aus einem fluorhaltigen Monomer, einem Olefinmonomer und einem funktionellen Monomer; es handelt sich um eine Polymeremulsion mit einer Verbundstruktur aus hartem Kern und weicher Schale, die durch die Technologie der Saatemulsionspolymerisation hergestellt wird. Die w\u00e4ssrige Fluorkohlenstoff-Beschichtung, die mit dieser Fluorkohlenstoff-Emulsion hergestellt wird, hat eine ultralange Witterungsbest\u00e4ndigkeit, UV-Best\u00e4ndigkeit, ausgezeichnete Best\u00e4ndigkeit gegen Wasserwei\u00dfheit, S\u00e4ure-, Alkali- und Salzkorrosion und ver\u00e4ndert sich nicht unter saurem Regen, atmosph\u00e4rischer Verschmutzung und Salzspr\u00fchnebel-Korrosionsbedingungen. Extrem niedrige VOC-Emissionen, gr\u00fcner Umweltschutz, gute Bauleistung, etc. ist besonders geeignet f\u00fcr Innen- und Au\u00dfenwandschutz Dekoration und Overlay, kann der Schutz Zeitraum bis zu 20 Jahren sein.<\/p>","protected":false},"featured_media":8197,"comment_status":"closed","ping_status":"closed","template":"","meta":[],"product_brand":[],"product_cat":[186],"product_tag":[],"class_list":{"0":"post-8196","1":"product","2":"type-product","3":"status-publish","4":"has-post-thumbnail","6":"product_cat-fluorocarbon-resin","8":"first","9":"instock","10":"shipping-taxable","11":"product-type-simple"},"yoast_head":"<!-- This site is optimized with the Yoast SEO plugin v27.4 - https:\/\/yoast.com\/product\/yoast-seo-wordpress\/ -->\n<title>China CHLUMOFIUOR\u00ae CH-102 water-based two-component fluorocarbon emulsion Manufacturer - Changhong Chemical<\/title>\n<meta name=\"description\" content=\"CH-102 waterborne two-component fluorocarbon emulsion is a copolymer of fluorine-containing monomer, olefin monomer and functional monomer; it is a...\" \/>\n<meta name=\"robots\" content=\"index, follow, max-snippet:-1, max-image-preview:large, max-video-preview:-1\" \/>\n<link rel=\"canonical\" href=\"https:\/\/changhongchemical.com\/de\/product\/ch-102\/\" \/>\n<meta property=\"og:locale\" content=\"de_DE\" \/>\n<meta property=\"og:type\" content=\"article\" \/>\n<meta property=\"og:title\" content=\"China CHLUMOFIUOR\u00ae CH-102 water-based two-component fluorocarbon emulsion Manufacturer - Changhong Chemical\" \/>\n<meta property=\"og:description\" content=\"CH-102 waterborne two-component fluorocarbon emulsion is a copolymer of fluorine-containing monomer, olefin monomer and functional monomer; it is a...\" \/>\n<meta property=\"og:url\" content=\"https:\/\/changhongchemical.com\/de\/product\/ch-102\/\" \/>\n<meta property=\"og:site_name\" content=\"Changhong Chemical\" \/>\n<meta property=\"article:modified_time\" content=\"2025-05-12T02:58:48+00:00\" \/>\n<meta property=\"og:image\" content=\"https:\/\/changhongchemical.com\/wp-content\/uploads\/2025\/03\/CH-102.jpg\" \/>\n\t<meta property=\"og:image:width\" content=\"600\" \/>\n\t<meta property=\"og:image:height\" content=\"600\" \/>\n\t<meta property=\"og:image:type\" content=\"image\/jpeg\" \/>\n<meta name=\"twitter:card\" content=\"summary_large_image\" \/>\n<meta name=\"twitter:label1\" content=\"Gesch\u00e4tzte Lesezeit\" \/>\n\t<meta name=\"twitter:data1\" content=\"2\u00a0Minuten\" \/>\n<script type=\"application\/ld+json\" class=\"yoast-schema-graph\">{\"@context\":\"https:\\\/\\\/schema.org\",\"@graph\":[{\"@type\":\"WebPage\",\"@id\":\"https:\\\/\\\/changhongchemical.com\\\/product\\\/ch-102\\\/\",\"url\":\"https:\\\/\\\/changhongchemical.com\\\/product\\\/ch-102\\\/\",\"name\":\"China CHLUMOFIUOR\u00ae CH-102 water-based two-component fluorocarbon emulsion Manufacturer - Changhong Chemical\",\"isPartOf\":{\"@id\":\"https:\\\/\\\/changhongchemical.com\\\/#website\"},\"primaryImageOfPage\":{\"@id\":\"https:\\\/\\\/changhongchemical.com\\\/product\\\/ch-102\\\/#primaryimage\"},\"image\":{\"@id\":\"https:\\\/\\\/changhongchemical.com\\\/product\\\/ch-102\\\/#primaryimage\"},\"thumbnailUrl\":\"https:\\\/\\\/changhongchemical.com\\\/wp-content\\\/uploads\\\/2025\\\/03\\\/CH-102.jpg\",\"datePublished\":\"2025-03-24T04:25:20+00:00\",\"dateModified\":\"2025-05-12T02:58:48+00:00\",\"description\":\"CH-102 waterborne two-component fluorocarbon emulsion is a copolymer of fluorine-containing monomer, olefin monomer and functional monomer; it is a...\",\"breadcrumb\":{\"@id\":\"https:\\\/\\\/changhongchemical.com\\\/product\\\/ch-102\\\/#breadcrumb\"},\"inLanguage\":\"de\",\"potentialAction\":[{\"@type\":\"ReadAction\",\"target\":[\"https:\\\/\\\/changhongchemical.com\\\/product\\\/ch-102\\\/\"]}]},{\"@type\":\"ImageObject\",\"inLanguage\":\"de\",\"@id\":\"https:\\\/\\\/changhongchemical.com\\\/product\\\/ch-102\\\/#primaryimage\",\"url\":\"https:\\\/\\\/changhongchemical.com\\\/wp-content\\\/uploads\\\/2025\\\/03\\\/CH-102.jpg\",\"contentUrl\":\"https:\\\/\\\/changhongchemical.com\\\/wp-content\\\/uploads\\\/2025\\\/03\\\/CH-102.jpg\",\"width\":600,\"height\":600},{\"@type\":\"BreadcrumbList\",\"@id\":\"https:\\\/\\\/changhongchemical.com\\\/product\\\/ch-102\\\/#breadcrumb\",\"itemListElement\":[{\"@type\":\"ListItem\",\"position\":1,\"name\":\"Home\",\"item\":\"https:\\\/\\\/changhongchemical.com\\\/\"},{\"@type\":\"ListItem\",\"position\":2,\"name\":\"Products Changhong\",\"item\":\"https:\\\/\\\/changhongchemical.com\\\/product\\\/\"},{\"@type\":\"ListItem\",\"position\":3,\"name\":\"CHLUMOFIUOR\u00ae CH-102 water-based two-component fluorocarbon emulsion\"}]},{\"@type\":\"WebSite\",\"@id\":\"https:\\\/\\\/changhongchemical.com\\\/#website\",\"url\":\"https:\\\/\\\/changhongchemical.com\\\/\",\"name\":\"Changhong Chemical\",\"description\":\"China chemical manufacturer \uff06 supplier\",\"publisher\":{\"@id\":\"https:\\\/\\\/changhongchemical.com\\\/#organization\"},\"potentialAction\":[{\"@type\":\"SearchAction\",\"target\":{\"@type\":\"EntryPoint\",\"urlTemplate\":\"https:\\\/\\\/changhongchemical.com\\\/?s={search_term_string}\"},\"query-input\":{\"@type\":\"PropertyValueSpecification\",\"valueRequired\":true,\"valueName\":\"search_term_string\"}}],\"inLanguage\":\"de\"},{\"@type\":\"Organization\",\"@id\":\"https:\\\/\\\/changhongchemical.com\\\/#organization\",\"name\":\"Changhong Chemical\",\"url\":\"https:\\\/\\\/changhongchemical.com\\\/\",\"logo\":{\"@type\":\"ImageObject\",\"inLanguage\":\"de\",\"@id\":\"https:\\\/\\\/changhongchemical.com\\\/#\\\/schema\\\/logo\\\/image\\\/\",\"url\":\"https:\\\/\\\/changhongchemical.com\\\/wp-content\\\/uploads\\\/2020\\\/08\\\/cropped-longchang-logo.png\",\"contentUrl\":\"https:\\\/\\\/changhongchemical.com\\\/wp-content\\\/uploads\\\/2020\\\/08\\\/cropped-longchang-logo.png\",\"width\":512,\"height\":512,\"caption\":\"Changhong Chemical\"},\"image\":{\"@id\":\"https:\\\/\\\/changhongchemical.com\\\/#\\\/schema\\\/logo\\\/image\\\/\"}}]}<\/script>\n<!-- \/ Yoast SEO plugin. -->","yoast_head_json":{"title":"China CHLUMOFIUOR\u00ae CH-102 Zweikomponenten-Fluorkohlenstoffemulsion auf Wasserbasis Hersteller - Changhong Chemical","description":"CH-102 waterborne two-component fluorocarbon emulsion is a copolymer of fluorine-containing monomer, olefin monomer and functional monomer; it is a...","robots":{"index":"index","follow":"follow","max-snippet":"max-snippet:-1","max-image-preview":"max-image-preview:large","max-video-preview":"max-video-preview:-1"},"canonical":"https:\/\/changhongchemical.com\/de\/product\/ch-102\/","og_locale":"de_DE","og_type":"article","og_title":"China CHLUMOFIUOR\u00ae CH-102 water-based two-component fluorocarbon emulsion Manufacturer - Changhong Chemical","og_description":"CH-102 waterborne two-component fluorocarbon emulsion is a copolymer of fluorine-containing monomer, olefin monomer and functional monomer; it is a...","og_url":"https:\/\/changhongchemical.com\/de\/product\/ch-102\/","og_site_name":"Changhong Chemical","article_modified_time":"2025-05-12T02:58:48+00:00","og_image":[{"width":600,"height":600,"url":"https:\/\/changhongchemical.com\/wp-content\/uploads\/2025\/03\/CH-102.jpg","type":"image\/jpeg"}],"twitter_card":"summary_large_image","twitter_misc":{"Gesch\u00e4tzte Lesezeit":"2\u00a0Minuten"},"schema":{"@context":"https:\/\/schema.org","@graph":[{"@type":"WebPage","@id":"https:\/\/changhongchemical.com\/product\/ch-102\/","url":"https:\/\/changhongchemical.com\/product\/ch-102\/","name":"China CHLUMOFIUOR\u00ae CH-102 Zweikomponenten-Fluorkohlenstoffemulsion auf Wasserbasis Hersteller - Changhong Chemical","isPartOf":{"@id":"https:\/\/changhongchemical.com\/#website"},"primaryImageOfPage":{"@id":"https:\/\/changhongchemical.com\/product\/ch-102\/#primaryimage"},"image":{"@id":"https:\/\/changhongchemical.com\/product\/ch-102\/#primaryimage"},"thumbnailUrl":"https:\/\/changhongchemical.com\/wp-content\/uploads\/2025\/03\/CH-102.jpg","datePublished":"2025-03-24T04:25:20+00:00","dateModified":"2025-05-12T02:58:48+00:00","description":"CH-102 waterborne two-component fluorocarbon emulsion is a copolymer of fluorine-containing monomer, olefin monomer and functional monomer; it is a...","breadcrumb":{"@id":"https:\/\/changhongchemical.com\/product\/ch-102\/#breadcrumb"},"inLanguage":"de","potentialAction":[{"@type":"ReadAction","target":["https:\/\/changhongchemical.com\/product\/ch-102\/"]}]},{"@type":"ImageObject","inLanguage":"de","@id":"https:\/\/changhongchemical.com\/product\/ch-102\/#primaryimage","url":"https:\/\/changhongchemical.com\/wp-content\/uploads\/2025\/03\/CH-102.jpg","contentUrl":"https:\/\/changhongchemical.com\/wp-content\/uploads\/2025\/03\/CH-102.jpg","width":600,"height":600},{"@type":"BreadcrumbList","@id":"https:\/\/changhongchemical.com\/product\/ch-102\/#breadcrumb","itemListElement":[{"@type":"ListItem","position":1,"name":"Home","item":"https:\/\/changhongchemical.com\/"},{"@type":"ListItem","position":2,"name":"Products Changhong","item":"https:\/\/changhongchemical.com\/product\/"},{"@type":"ListItem","position":3,"name":"CHLUMOFIUOR\u00ae CH-102 water-based two-component fluorocarbon emulsion"}]},{"@type":"WebSite","@id":"https:\/\/changhongchemical.com\/#website","url":"https:\/\/changhongchemical.com\/","name":"Changhong Chemical","description":"China Hersteller von Chemikalien \uff06 Lieferant","publisher":{"@id":"https:\/\/changhongchemical.com\/#organization"},"potentialAction":[{"@type":"SearchAction","target":{"@type":"EntryPoint","urlTemplate":"https:\/\/changhongchemical.com\/?s={search_term_string}"},"query-input":{"@type":"PropertyValueSpecification","valueRequired":true,"valueName":"search_term_string"}}],"inLanguage":"de"},{"@type":"Organization","@id":"https:\/\/changhongchemical.com\/#organization","name":"Changhong Chemical","url":"https:\/\/changhongchemical.com\/","logo":{"@type":"ImageObject","inLanguage":"de","@id":"https:\/\/changhongchemical.com\/#\/schema\/logo\/image\/","url":"https:\/\/changhongchemical.com\/wp-content\/uploads\/2020\/08\/cropped-longchang-logo.png","contentUrl":"https:\/\/changhongchemical.com\/wp-content\/uploads\/2020\/08\/cropped-longchang-logo.png","width":512,"height":512,"caption":"Changhong Chemical"},"image":{"@id":"https:\/\/changhongchemical.com\/#\/schema\/logo\/image\/"}}]}},"_links":{"self":[{"href":"https:\/\/changhongchemical.com\/de\/wp-json\/wp\/v2\/product\/8196","targetHints":{"allow":["GET"]}}],"collection":[{"href":"https:\/\/changhongchemical.com\/de\/wp-json\/wp\/v2\/product"}],"about":[{"href":"https:\/\/changhongchemical.com\/de\/wp-json\/wp\/v2\/types\/product"}],"replies":[{"embeddable":true,"href":"https:\/\/changhongchemical.com\/de\/wp-json\/wp\/v2\/comments?post=8196"}],"wp:featuredmedia":[{"embeddable":true,"href":"https:\/\/changhongchemical.com\/de\/wp-json\/wp\/v2\/media\/8197"}],"wp:attachment":[{"href":"https:\/\/changhongchemical.com\/de\/wp-json\/wp\/v2\/media?parent=8196"}],"wp:term":[{"taxonomy":"product_brand","embeddable":true,"href":"https:\/\/changhongchemical.com\/de\/wp-json\/wp\/v2\/product_brand?post=8196"},{"taxonomy":"product_cat","embeddable":true,"href":"https:\/\/changhongchemical.com\/de\/wp-json\/wp\/v2\/product_cat?post=8196"},{"taxonomy":"product_tag","embeddable":true,"href":"https:\/\/changhongchemical.com\/de\/wp-json\/wp\/v2\/product_tag?post=8196"}],"curies":[{"name":"wp","href":"https:\/\/api.w.org\/{rel}","templated":true}]}}