{"id":8193,"date":"2025-03-24T04:17:38","date_gmt":"2025-03-24T04:17:38","guid":{"rendered":"https:\/\/changhongchemical.com\/?post_type=product&#038;p=8193"},"modified":"2025-05-12T02:58:53","modified_gmt":"2025-05-12T02:58:53","slug":"ch-201","status":"publish","type":"product","link":"https:\/\/changhongchemical.com\/de\/product\/ch-201\/","title":{"rendered":"CHLUMOFIUOR\u00ae CH-201 FEVE w\u00e4ssrige Harzdispersion"},"content":{"rendered":"<p>Leistungsindex:<br \/>\nErscheinungsbild: milchig-wei\u00dfe Fl\u00fcssigkeit<br \/>\nGehalt an festem Fluor (%): 24\u00b12<br \/>\nFeststoffgehalt (%): 40\u00b12<br \/>\nDichte (g\/ml): 1,1\u00b10,05@20\u00b0C<br \/>\nHydroxylwert(mgKOH\/g):60\u00b15<br \/>\npH-Wert:7,0\uff5e8,0<\/p>\n<p>Produktmerkmale.<br \/>\nAusgezeichnete Witterungsbest\u00e4ndigkeit, Fleckenbest\u00e4ndigkeit, Vergilbungsbest\u00e4ndigkeit, Hochglanz, Salzspr\u00fchnebelbest\u00e4ndigkeit, Abriebfestigkeit<br \/>\nAnwendungsbereiche: Das Produkt wird in Vorhangfassaden, Profilen und anderen Industrien verwendet.<br \/>\nVerwendet f\u00fcr Vorhangfassaden, Profile, Korrosionsschutz, Betonschutz und andere dekorative Au\u00dfenbereiche mit hoher Witterungsbest\u00e4ndigkeit.<br \/>\nVerpackung und Lagerung.<br \/>\nDieses Produkt ist in 200Kg\/Fass verpackt. Das Produkt sollte in geschlossenen Beh\u00e4ltern gelagert werden, vermeiden Sie Einfrieren und hohe Temperatur, Lagertemperatur 5 ~ 30 \u2103, Haltbarkeit von einem Jahr.<\/p>\n<p>Anderer Name\uff1a<\/p>\n<p>FEVE-Harzdispersion auf Wasserbasis<\/p>\n<p>FEVE w\u00e4ssrige Harzemulsion<\/p>\n<p>Dispersion von w\u00e4ssrigem FEVE-Harz<\/p>\n<p>FEVE-Harzdispersion auf Wasserbasis<\/p>\n<h2><strong><b>Kontaktieren Sie uns jetzt!<\/b><\/strong><\/h2>\n<h4><strong><b>Wenn Sie einen Preis ben\u00f6tigen, tragen Sie bitte Ihre Kontaktdaten in das unten stehende Formular ein. Wir werden uns in der Regel innerhalb von 24 Stunden mit Ihnen in Verbindung setzen. Sie k\u00f6nnen mir auch mailen\u00a0<span style=\"color: #00ccff;\"><a style=\"color: #00ccff;\" href=\"mailto:info@changhongchemical.com\">info@changhongchemical.com<\/a><\/span>\u00a0w\u00e4hrend der Gesch\u00e4ftszeiten ( 8:30 bis 18:00 Uhr UTC+8 Mo.~Sa. ) oder nutzen Sie den Live-Chat auf der Website, um eine schnelle Antwort zu erhalten.<\/b><\/strong><\/h4>","protected":false},"excerpt":{"rendered":"<p>CH-201 FEVE w\u00e4ssrige Harzdispersion ist ein w\u00e4ssriges Fluorharz, das durch alternierende Copolymerisation (FEVE) von Trifluorethylenchlorid und Vinylether und durch ein spezielles Verfahren hergestellt wird. Die mit diesem Produkt hergestellte w\u00e4ssrige Fluorkohlenstoffbeschichtung hat hervorragende Eigenschaften wie Wetterbest\u00e4ndigkeit, Fleckenbest\u00e4ndigkeit, Vergilbungsfreiheit, Hochglanz, Salzspr\u00fchnebelbest\u00e4ndigkeit und Abriebfestigkeit. Sie findet breite Anwendung bei Vorhangfassaden, Profilen, Korrosionsschutz, Betonschutz und anderen witterungsbest\u00e4ndigen Au\u00dfenanstrichen.<\/p>","protected":false},"featured_media":8194,"comment_status":"closed","ping_status":"closed","template":"","meta":[],"product_brand":[],"product_cat":[186],"product_tag":[],"class_list":{"0":"post-8193","1":"product","2":"type-product","3":"status-publish","4":"has-post-thumbnail","6":"product_cat-fluorocarbon-resin","8":"first","9":"instock","10":"shipping-taxable","11":"product-type-simple"},"yoast_head":"<!-- This site is optimized with the Yoast SEO plugin v27.4 - https:\/\/yoast.com\/product\/yoast-seo-wordpress\/ -->\n<title>China CHLUMOFIUOR\u00ae CH-201 FEVE aqueous resin dispersion Manufacturer - Changhong Chemical<\/title>\n<meta name=\"description\" content=\"CH-201 FEVE waterborne resin dispersion is a waterborne fluorine resin made by alternating copolymerization (FEVE) of trifluoroethylene chloride and vinyl...\" \/>\n<meta name=\"robots\" content=\"index, follow, max-snippet:-1, max-image-preview:large, max-video-preview:-1\" \/>\n<link rel=\"canonical\" href=\"https:\/\/changhongchemical.com\/de\/product\/ch-201\/\" \/>\n<meta property=\"og:locale\" content=\"de_DE\" \/>\n<meta property=\"og:type\" content=\"article\" \/>\n<meta property=\"og:title\" content=\"China CHLUMOFIUOR\u00ae CH-201 FEVE aqueous resin dispersion Manufacturer - Changhong Chemical\" \/>\n<meta property=\"og:description\" content=\"CH-201 FEVE waterborne resin dispersion is a waterborne fluorine resin made by alternating copolymerization (FEVE) of trifluoroethylene chloride and vinyl...\" \/>\n<meta property=\"og:url\" content=\"https:\/\/changhongchemical.com\/de\/product\/ch-201\/\" \/>\n<meta property=\"og:site_name\" content=\"Changhong Chemical\" \/>\n<meta property=\"article:modified_time\" content=\"2025-05-12T02:58:53+00:00\" \/>\n<meta property=\"og:image\" content=\"https:\/\/changhongchemical.com\/wp-content\/uploads\/2025\/03\/CH-201.jpg\" \/>\n\t<meta property=\"og:image:width\" content=\"600\" \/>\n\t<meta property=\"og:image:height\" content=\"600\" \/>\n\t<meta property=\"og:image:type\" content=\"image\/jpeg\" \/>\n<meta name=\"twitter:card\" content=\"summary_large_image\" \/>\n<meta name=\"twitter:label1\" content=\"Gesch\u00e4tzte Lesezeit\" \/>\n\t<meta name=\"twitter:data1\" content=\"1\u00a0Minute\" \/>\n<script type=\"application\/ld+json\" class=\"yoast-schema-graph\">{\"@context\":\"https:\\\/\\\/schema.org\",\"@graph\":[{\"@type\":\"WebPage\",\"@id\":\"https:\\\/\\\/changhongchemical.com\\\/product\\\/ch-201\\\/\",\"url\":\"https:\\\/\\\/changhongchemical.com\\\/product\\\/ch-201\\\/\",\"name\":\"China CHLUMOFIUOR\u00ae CH-201 FEVE aqueous resin dispersion Manufacturer - Changhong Chemical\",\"isPartOf\":{\"@id\":\"https:\\\/\\\/changhongchemical.com\\\/#website\"},\"primaryImageOfPage\":{\"@id\":\"https:\\\/\\\/changhongchemical.com\\\/product\\\/ch-201\\\/#primaryimage\"},\"image\":{\"@id\":\"https:\\\/\\\/changhongchemical.com\\\/product\\\/ch-201\\\/#primaryimage\"},\"thumbnailUrl\":\"https:\\\/\\\/changhongchemical.com\\\/wp-content\\\/uploads\\\/2025\\\/03\\\/CH-201.jpg\",\"datePublished\":\"2025-03-24T04:17:38+00:00\",\"dateModified\":\"2025-05-12T02:58:53+00:00\",\"description\":\"CH-201 FEVE waterborne resin dispersion is a waterborne fluorine resin made by alternating copolymerization (FEVE) of trifluoroethylene chloride and vinyl...\",\"breadcrumb\":{\"@id\":\"https:\\\/\\\/changhongchemical.com\\\/product\\\/ch-201\\\/#breadcrumb\"},\"inLanguage\":\"de\",\"potentialAction\":[{\"@type\":\"ReadAction\",\"target\":[\"https:\\\/\\\/changhongchemical.com\\\/product\\\/ch-201\\\/\"]}]},{\"@type\":\"ImageObject\",\"inLanguage\":\"de\",\"@id\":\"https:\\\/\\\/changhongchemical.com\\\/product\\\/ch-201\\\/#primaryimage\",\"url\":\"https:\\\/\\\/changhongchemical.com\\\/wp-content\\\/uploads\\\/2025\\\/03\\\/CH-201.jpg\",\"contentUrl\":\"https:\\\/\\\/changhongchemical.com\\\/wp-content\\\/uploads\\\/2025\\\/03\\\/CH-201.jpg\",\"width\":600,\"height\":600},{\"@type\":\"BreadcrumbList\",\"@id\":\"https:\\\/\\\/changhongchemical.com\\\/product\\\/ch-201\\\/#breadcrumb\",\"itemListElement\":[{\"@type\":\"ListItem\",\"position\":1,\"name\":\"Home\",\"item\":\"https:\\\/\\\/changhongchemical.com\\\/\"},{\"@type\":\"ListItem\",\"position\":2,\"name\":\"Products Changhong\",\"item\":\"https:\\\/\\\/changhongchemical.com\\\/product\\\/\"},{\"@type\":\"ListItem\",\"position\":3,\"name\":\"CHLUMOFIUOR\u00ae CH-201 FEVE aqueous resin dispersion\"}]},{\"@type\":\"WebSite\",\"@id\":\"https:\\\/\\\/changhongchemical.com\\\/#website\",\"url\":\"https:\\\/\\\/changhongchemical.com\\\/\",\"name\":\"Changhong Chemical\",\"description\":\"China chemical manufacturer \uff06 supplier\",\"publisher\":{\"@id\":\"https:\\\/\\\/changhongchemical.com\\\/#organization\"},\"potentialAction\":[{\"@type\":\"SearchAction\",\"target\":{\"@type\":\"EntryPoint\",\"urlTemplate\":\"https:\\\/\\\/changhongchemical.com\\\/?s={search_term_string}\"},\"query-input\":{\"@type\":\"PropertyValueSpecification\",\"valueRequired\":true,\"valueName\":\"search_term_string\"}}],\"inLanguage\":\"de\"},{\"@type\":\"Organization\",\"@id\":\"https:\\\/\\\/changhongchemical.com\\\/#organization\",\"name\":\"Changhong Chemical\",\"url\":\"https:\\\/\\\/changhongchemical.com\\\/\",\"logo\":{\"@type\":\"ImageObject\",\"inLanguage\":\"de\",\"@id\":\"https:\\\/\\\/changhongchemical.com\\\/#\\\/schema\\\/logo\\\/image\\\/\",\"url\":\"https:\\\/\\\/changhongchemical.com\\\/wp-content\\\/uploads\\\/2020\\\/08\\\/cropped-longchang-logo.png\",\"contentUrl\":\"https:\\\/\\\/changhongchemical.com\\\/wp-content\\\/uploads\\\/2020\\\/08\\\/cropped-longchang-logo.png\",\"width\":512,\"height\":512,\"caption\":\"Changhong Chemical\"},\"image\":{\"@id\":\"https:\\\/\\\/changhongchemical.com\\\/#\\\/schema\\\/logo\\\/image\\\/\"}}]}<\/script>\n<!-- \/ Yoast SEO plugin. -->","yoast_head_json":{"title":"China CHLUMOFIUOR\u00ae CH-201 FEVE w\u00e4ssrige Harzdispersion Hersteller - Changhong Chemical","description":"CH-201 FEVE waterborne resin dispersion is a waterborne fluorine resin made by alternating copolymerization (FEVE) of trifluoroethylene chloride and vinyl...","robots":{"index":"index","follow":"follow","max-snippet":"max-snippet:-1","max-image-preview":"max-image-preview:large","max-video-preview":"max-video-preview:-1"},"canonical":"https:\/\/changhongchemical.com\/de\/product\/ch-201\/","og_locale":"de_DE","og_type":"article","og_title":"China CHLUMOFIUOR\u00ae CH-201 FEVE aqueous resin dispersion Manufacturer - Changhong Chemical","og_description":"CH-201 FEVE waterborne resin dispersion is a waterborne fluorine resin made by alternating copolymerization (FEVE) of trifluoroethylene chloride and vinyl...","og_url":"https:\/\/changhongchemical.com\/de\/product\/ch-201\/","og_site_name":"Changhong Chemical","article_modified_time":"2025-05-12T02:58:53+00:00","og_image":[{"width":600,"height":600,"url":"https:\/\/changhongchemical.com\/wp-content\/uploads\/2025\/03\/CH-201.jpg","type":"image\/jpeg"}],"twitter_card":"summary_large_image","twitter_misc":{"Gesch\u00e4tzte Lesezeit":"1\u00a0Minute"},"schema":{"@context":"https:\/\/schema.org","@graph":[{"@type":"WebPage","@id":"https:\/\/changhongchemical.com\/product\/ch-201\/","url":"https:\/\/changhongchemical.com\/product\/ch-201\/","name":"China CHLUMOFIUOR\u00ae CH-201 FEVE w\u00e4ssrige Harzdispersion Hersteller - Changhong Chemical","isPartOf":{"@id":"https:\/\/changhongchemical.com\/#website"},"primaryImageOfPage":{"@id":"https:\/\/changhongchemical.com\/product\/ch-201\/#primaryimage"},"image":{"@id":"https:\/\/changhongchemical.com\/product\/ch-201\/#primaryimage"},"thumbnailUrl":"https:\/\/changhongchemical.com\/wp-content\/uploads\/2025\/03\/CH-201.jpg","datePublished":"2025-03-24T04:17:38+00:00","dateModified":"2025-05-12T02:58:53+00:00","description":"CH-201 FEVE waterborne resin dispersion is a waterborne fluorine resin made by alternating copolymerization (FEVE) of trifluoroethylene chloride and vinyl...","breadcrumb":{"@id":"https:\/\/changhongchemical.com\/product\/ch-201\/#breadcrumb"},"inLanguage":"de","potentialAction":[{"@type":"ReadAction","target":["https:\/\/changhongchemical.com\/product\/ch-201\/"]}]},{"@type":"ImageObject","inLanguage":"de","@id":"https:\/\/changhongchemical.com\/product\/ch-201\/#primaryimage","url":"https:\/\/changhongchemical.com\/wp-content\/uploads\/2025\/03\/CH-201.jpg","contentUrl":"https:\/\/changhongchemical.com\/wp-content\/uploads\/2025\/03\/CH-201.jpg","width":600,"height":600},{"@type":"BreadcrumbList","@id":"https:\/\/changhongchemical.com\/product\/ch-201\/#breadcrumb","itemListElement":[{"@type":"ListItem","position":1,"name":"Home","item":"https:\/\/changhongchemical.com\/"},{"@type":"ListItem","position":2,"name":"Products Changhong","item":"https:\/\/changhongchemical.com\/product\/"},{"@type":"ListItem","position":3,"name":"CHLUMOFIUOR\u00ae CH-201 FEVE aqueous resin dispersion"}]},{"@type":"WebSite","@id":"https:\/\/changhongchemical.com\/#website","url":"https:\/\/changhongchemical.com\/","name":"Changhong Chemical","description":"China Hersteller von Chemikalien \uff06 Lieferant","publisher":{"@id":"https:\/\/changhongchemical.com\/#organization"},"potentialAction":[{"@type":"SearchAction","target":{"@type":"EntryPoint","urlTemplate":"https:\/\/changhongchemical.com\/?s={search_term_string}"},"query-input":{"@type":"PropertyValueSpecification","valueRequired":true,"valueName":"search_term_string"}}],"inLanguage":"de"},{"@type":"Organization","@id":"https:\/\/changhongchemical.com\/#organization","name":"Changhong Chemical","url":"https:\/\/changhongchemical.com\/","logo":{"@type":"ImageObject","inLanguage":"de","@id":"https:\/\/changhongchemical.com\/#\/schema\/logo\/image\/","url":"https:\/\/changhongchemical.com\/wp-content\/uploads\/2020\/08\/cropped-longchang-logo.png","contentUrl":"https:\/\/changhongchemical.com\/wp-content\/uploads\/2020\/08\/cropped-longchang-logo.png","width":512,"height":512,"caption":"Changhong Chemical"},"image":{"@id":"https:\/\/changhongchemical.com\/#\/schema\/logo\/image\/"}}]}},"_links":{"self":[{"href":"https:\/\/changhongchemical.com\/de\/wp-json\/wp\/v2\/product\/8193","targetHints":{"allow":["GET"]}}],"collection":[{"href":"https:\/\/changhongchemical.com\/de\/wp-json\/wp\/v2\/product"}],"about":[{"href":"https:\/\/changhongchemical.com\/de\/wp-json\/wp\/v2\/types\/product"}],"replies":[{"embeddable":true,"href":"https:\/\/changhongchemical.com\/de\/wp-json\/wp\/v2\/comments?post=8193"}],"wp:featuredmedia":[{"embeddable":true,"href":"https:\/\/changhongchemical.com\/de\/wp-json\/wp\/v2\/media\/8194"}],"wp:attachment":[{"href":"https:\/\/changhongchemical.com\/de\/wp-json\/wp\/v2\/media?parent=8193"}],"wp:term":[{"taxonomy":"product_brand","embeddable":true,"href":"https:\/\/changhongchemical.com\/de\/wp-json\/wp\/v2\/product_brand?post=8193"},{"taxonomy":"product_cat","embeddable":true,"href":"https:\/\/changhongchemical.com\/de\/wp-json\/wp\/v2\/product_cat?post=8193"},{"taxonomy":"product_tag","embeddable":true,"href":"https:\/\/changhongchemical.com\/de\/wp-json\/wp\/v2\/product_tag?post=8193"}],"curies":[{"name":"wp","href":"https:\/\/api.w.org\/{rel}","templated":true}]}}