{"id":8187,"date":"2025-03-24T03:59:56","date_gmt":"2025-03-24T03:59:56","guid":{"rendered":"https:\/\/changhongchemical.com\/?post_type=product&#038;p=8187"},"modified":"2025-05-12T02:59:06","modified_gmt":"2025-05-12T02:59:06","slug":"ch-301","status":"publish","type":"product","link":"https:\/\/changhongchemical.com\/de\/product\/ch-301\/","title":{"rendered":"CHLUMOFIUOR\u00ae CH-301 L\u00f6sungsmittelhaltiges Zweikomponenten-Fluorcarbonharz"},"content":{"rendered":"<p>Leistungsindex:<br \/>\nAussehen: wasser-wei\u00dfe Fl\u00fcssigkeit<br \/>\nFluorgehalt (%): 24\u00b11<br \/>\nFeststoffgehalt (%): \u226550<br \/>\nGlas\u00fcbergangstemperatur (\u00b0C): 35\u00b11<br \/>\nViskosit\u00e4t (S): 90\uff5e180 (23\u00b12\u00b0C, beschichtete-4 Becher)<br \/>\nDichte (g\/ml): 1,1\u00b10,05@20\u00b0C<br \/>\nHydroxylwert (mgKOH\/g): 23\u00b13<br \/>\nS\u00e4urewert (mgKOH\/g ): 3\u00b11<\/p>\n<p>Produktmerkmale.<br \/>\nSehr witterungsbest\u00e4ndig, korrosionsbest\u00e4ndig, hochdekorativ, stark selbstreinigend<br \/>\nAnwendungsbereich.<br \/>\nHaupts\u00e4chlich in Industrie- und Bautenanstrichen verwendet<br \/>\nVerpackung und Lagerung.<br \/>\nDieses Produkt ist in 200Kg\/Fass verpackt. Das Produkt sollte in geschlossenen Beh\u00e4ltern gelagert werden, an einem k\u00fchlen, trockenen Ort, vermeiden Sie den Kontakt mit Wasser und Dampf, Haltbarkeit von einem Jahr.<\/p>\n<p>Anderer Name\uff1a<\/p>\n<p>Zweikomponenten-Fluorkohlenstoffharz auf L\u00f6sungsmittelbasis<\/p>\n<p>L\u00f6sungsmittelhaltiges Zweikomponenten-Fluorcarbonharz<\/p>\n<p>Zweikomponenten-Fluorkohlenstoffharz auf L\u00f6sungsmittelbasis<\/p>\n<p>L\u00f6sungsmittelhaltiges Fluorkohlenstoff-Zweikomponentenharz<\/p>\n<h2><strong><b>Kontaktieren Sie uns jetzt!<\/b><\/strong><\/h2>\n<h4><strong><b>Wenn Sie einen Preis ben\u00f6tigen, tragen Sie bitte Ihre Kontaktdaten in das unten stehende Formular ein. Wir werden uns in der Regel innerhalb von 24 Stunden mit Ihnen in Verbindung setzen. Sie k\u00f6nnen mir auch mailen\u00a0<span style=\"color: #00ccff;\"><a style=\"color: #00ccff;\" href=\"mailto:info@changhongchemical.com\">info@changhongchemical.com<\/a><\/span>\u00a0w\u00e4hrend der Gesch\u00e4ftszeiten ( 8:30 bis 18:00 Uhr UTC+8 Mo.~Sa. ) oder nutzen Sie den Live-Chat auf der Website, um eine schnelle Antwort zu erhalten.<\/b><\/strong><\/h4>","protected":false},"excerpt":{"rendered":"<p>Das l\u00f6sungsmittelbasierte Zweikomponenten-Fluorkohlenstoffharz CH-301 ist ein Produkt der Copolymerisation von Trifluorethylenchlorid mit Vinylester und anderen funktionellen Monomeren und kann bei Raumtemperatur zu einem Film ausgeh\u00e4rtet oder bei mittlerer Temperatur eingebrannt werden, um Fluorkohlenstoff-Einbrennfarbe herzustellen. Es verf\u00fcgt \u00fcber eine ausgezeichnete Witterungsbest\u00e4ndigkeit, Korrosionsbest\u00e4ndigkeit, chemische Best\u00e4ndigkeit, starke Selbstreinigung und hohe dekorative Eigenschaften und eignet sich besonders f\u00fcr die Herstellung besonders haltbarer witterungsbest\u00e4ndiger Beschichtungen f\u00fcr Industrie und Bauwesen.<\/p>","protected":false},"featured_media":8188,"comment_status":"closed","ping_status":"closed","template":"","meta":[],"product_brand":[],"product_cat":[186],"product_tag":[],"class_list":{"0":"post-8187","1":"product","2":"type-product","3":"status-publish","4":"has-post-thumbnail","6":"product_cat-fluorocarbon-resin","8":"first","9":"instock","10":"shipping-taxable","11":"product-type-simple"},"yoast_head":"<!-- This site is optimized with the Yoast SEO plugin v27.4 - https:\/\/yoast.com\/product\/yoast-seo-wordpress\/ -->\n<title>China CHLUMOFIUOR\u00ae CH-301 Solvent-based two-component fluorocarbon resin Manufacturer - Changhong Chemical<\/title>\n<meta name=\"description\" content=\"CH-301 solvent-based two-component fluorocarbon resin is a product of copolymerization of trifluoroethylene chloride with vinyl ester and other functional...\" \/>\n<meta name=\"robots\" content=\"index, follow, max-snippet:-1, max-image-preview:large, max-video-preview:-1\" \/>\n<link rel=\"canonical\" href=\"https:\/\/changhongchemical.com\/de\/product\/ch-301\/\" \/>\n<meta property=\"og:locale\" content=\"de_DE\" \/>\n<meta property=\"og:type\" content=\"article\" \/>\n<meta property=\"og:title\" content=\"China CHLUMOFIUOR\u00ae CH-301 Solvent-based two-component fluorocarbon resin Manufacturer - Changhong Chemical\" \/>\n<meta property=\"og:description\" content=\"CH-301 solvent-based two-component fluorocarbon resin is a product of copolymerization of trifluoroethylene chloride with vinyl ester and other functional...\" \/>\n<meta property=\"og:url\" content=\"https:\/\/changhongchemical.com\/de\/product\/ch-301\/\" \/>\n<meta property=\"og:site_name\" content=\"Changhong Chemical\" \/>\n<meta property=\"article:modified_time\" content=\"2025-05-12T02:59:06+00:00\" \/>\n<meta property=\"og:image\" content=\"https:\/\/changhongchemical.com\/wp-content\/uploads\/2025\/03\/CH-301.jpg\" \/>\n\t<meta property=\"og:image:width\" content=\"600\" \/>\n\t<meta property=\"og:image:height\" content=\"600\" \/>\n\t<meta property=\"og:image:type\" content=\"image\/jpeg\" \/>\n<meta name=\"twitter:card\" content=\"summary_large_image\" \/>\n<meta name=\"twitter:label1\" content=\"Gesch\u00e4tzte Lesezeit\" \/>\n\t<meta name=\"twitter:data1\" content=\"1\u00a0Minute\" \/>\n<script type=\"application\/ld+json\" class=\"yoast-schema-graph\">{\"@context\":\"https:\\\/\\\/schema.org\",\"@graph\":[{\"@type\":\"WebPage\",\"@id\":\"https:\\\/\\\/changhongchemical.com\\\/product\\\/ch-301\\\/\",\"url\":\"https:\\\/\\\/changhongchemical.com\\\/product\\\/ch-301\\\/\",\"name\":\"China CHLUMOFIUOR\u00ae CH-301 Solvent-based two-component fluorocarbon resin Manufacturer - Changhong Chemical\",\"isPartOf\":{\"@id\":\"https:\\\/\\\/changhongchemical.com\\\/#website\"},\"primaryImageOfPage\":{\"@id\":\"https:\\\/\\\/changhongchemical.com\\\/product\\\/ch-301\\\/#primaryimage\"},\"image\":{\"@id\":\"https:\\\/\\\/changhongchemical.com\\\/product\\\/ch-301\\\/#primaryimage\"},\"thumbnailUrl\":\"https:\\\/\\\/changhongchemical.com\\\/wp-content\\\/uploads\\\/2025\\\/03\\\/CH-301.jpg\",\"datePublished\":\"2025-03-24T03:59:56+00:00\",\"dateModified\":\"2025-05-12T02:59:06+00:00\",\"description\":\"CH-301 solvent-based two-component fluorocarbon resin is a product of copolymerization of trifluoroethylene chloride with vinyl ester and other functional...\",\"breadcrumb\":{\"@id\":\"https:\\\/\\\/changhongchemical.com\\\/product\\\/ch-301\\\/#breadcrumb\"},\"inLanguage\":\"de\",\"potentialAction\":[{\"@type\":\"ReadAction\",\"target\":[\"https:\\\/\\\/changhongchemical.com\\\/product\\\/ch-301\\\/\"]}]},{\"@type\":\"ImageObject\",\"inLanguage\":\"de\",\"@id\":\"https:\\\/\\\/changhongchemical.com\\\/product\\\/ch-301\\\/#primaryimage\",\"url\":\"https:\\\/\\\/changhongchemical.com\\\/wp-content\\\/uploads\\\/2025\\\/03\\\/CH-301.jpg\",\"contentUrl\":\"https:\\\/\\\/changhongchemical.com\\\/wp-content\\\/uploads\\\/2025\\\/03\\\/CH-301.jpg\",\"width\":600,\"height\":600},{\"@type\":\"BreadcrumbList\",\"@id\":\"https:\\\/\\\/changhongchemical.com\\\/product\\\/ch-301\\\/#breadcrumb\",\"itemListElement\":[{\"@type\":\"ListItem\",\"position\":1,\"name\":\"Home\",\"item\":\"https:\\\/\\\/changhongchemical.com\\\/\"},{\"@type\":\"ListItem\",\"position\":2,\"name\":\"Products Changhong\",\"item\":\"https:\\\/\\\/changhongchemical.com\\\/product\\\/\"},{\"@type\":\"ListItem\",\"position\":3,\"name\":\"CHLUMOFIUOR\u00ae CH-301 Solvent-based two-component fluorocarbon resin\"}]},{\"@type\":\"WebSite\",\"@id\":\"https:\\\/\\\/changhongchemical.com\\\/#website\",\"url\":\"https:\\\/\\\/changhongchemical.com\\\/\",\"name\":\"Changhong Chemical\",\"description\":\"China chemical manufacturer \uff06 supplier\",\"publisher\":{\"@id\":\"https:\\\/\\\/changhongchemical.com\\\/#organization\"},\"potentialAction\":[{\"@type\":\"SearchAction\",\"target\":{\"@type\":\"EntryPoint\",\"urlTemplate\":\"https:\\\/\\\/changhongchemical.com\\\/?s={search_term_string}\"},\"query-input\":{\"@type\":\"PropertyValueSpecification\",\"valueRequired\":true,\"valueName\":\"search_term_string\"}}],\"inLanguage\":\"de\"},{\"@type\":\"Organization\",\"@id\":\"https:\\\/\\\/changhongchemical.com\\\/#organization\",\"name\":\"Changhong Chemical\",\"url\":\"https:\\\/\\\/changhongchemical.com\\\/\",\"logo\":{\"@type\":\"ImageObject\",\"inLanguage\":\"de\",\"@id\":\"https:\\\/\\\/changhongchemical.com\\\/#\\\/schema\\\/logo\\\/image\\\/\",\"url\":\"https:\\\/\\\/changhongchemical.com\\\/wp-content\\\/uploads\\\/2020\\\/08\\\/cropped-longchang-logo.png\",\"contentUrl\":\"https:\\\/\\\/changhongchemical.com\\\/wp-content\\\/uploads\\\/2020\\\/08\\\/cropped-longchang-logo.png\",\"width\":512,\"height\":512,\"caption\":\"Changhong Chemical\"},\"image\":{\"@id\":\"https:\\\/\\\/changhongchemical.com\\\/#\\\/schema\\\/logo\\\/image\\\/\"}}]}<\/script>\n<!-- \/ Yoast SEO plugin. -->","yoast_head_json":{"title":"China CHLUMOFIUOR\u00ae CH-301 L\u00f6sungsmittelhaltiges Zweikomponenten-Fluorkohlenstoffharz Hersteller - Changhong Chemical","description":"CH-301 solvent-based two-component fluorocarbon resin is a product of copolymerization of trifluoroethylene chloride with vinyl ester and other functional...","robots":{"index":"index","follow":"follow","max-snippet":"max-snippet:-1","max-image-preview":"max-image-preview:large","max-video-preview":"max-video-preview:-1"},"canonical":"https:\/\/changhongchemical.com\/de\/product\/ch-301\/","og_locale":"de_DE","og_type":"article","og_title":"China CHLUMOFIUOR\u00ae CH-301 Solvent-based two-component fluorocarbon resin Manufacturer - Changhong Chemical","og_description":"CH-301 solvent-based two-component fluorocarbon resin is a product of copolymerization of trifluoroethylene chloride with vinyl ester and other functional...","og_url":"https:\/\/changhongchemical.com\/de\/product\/ch-301\/","og_site_name":"Changhong Chemical","article_modified_time":"2025-05-12T02:59:06+00:00","og_image":[{"width":600,"height":600,"url":"https:\/\/changhongchemical.com\/wp-content\/uploads\/2025\/03\/CH-301.jpg","type":"image\/jpeg"}],"twitter_card":"summary_large_image","twitter_misc":{"Gesch\u00e4tzte Lesezeit":"1\u00a0Minute"},"schema":{"@context":"https:\/\/schema.org","@graph":[{"@type":"WebPage","@id":"https:\/\/changhongchemical.com\/product\/ch-301\/","url":"https:\/\/changhongchemical.com\/product\/ch-301\/","name":"China CHLUMOFIUOR\u00ae CH-301 L\u00f6sungsmittelhaltiges Zweikomponenten-Fluorkohlenstoffharz Hersteller - Changhong Chemical","isPartOf":{"@id":"https:\/\/changhongchemical.com\/#website"},"primaryImageOfPage":{"@id":"https:\/\/changhongchemical.com\/product\/ch-301\/#primaryimage"},"image":{"@id":"https:\/\/changhongchemical.com\/product\/ch-301\/#primaryimage"},"thumbnailUrl":"https:\/\/changhongchemical.com\/wp-content\/uploads\/2025\/03\/CH-301.jpg","datePublished":"2025-03-24T03:59:56+00:00","dateModified":"2025-05-12T02:59:06+00:00","description":"CH-301 solvent-based two-component fluorocarbon resin is a product of copolymerization of trifluoroethylene chloride with vinyl ester and other functional...","breadcrumb":{"@id":"https:\/\/changhongchemical.com\/product\/ch-301\/#breadcrumb"},"inLanguage":"de","potentialAction":[{"@type":"ReadAction","target":["https:\/\/changhongchemical.com\/product\/ch-301\/"]}]},{"@type":"ImageObject","inLanguage":"de","@id":"https:\/\/changhongchemical.com\/product\/ch-301\/#primaryimage","url":"https:\/\/changhongchemical.com\/wp-content\/uploads\/2025\/03\/CH-301.jpg","contentUrl":"https:\/\/changhongchemical.com\/wp-content\/uploads\/2025\/03\/CH-301.jpg","width":600,"height":600},{"@type":"BreadcrumbList","@id":"https:\/\/changhongchemical.com\/product\/ch-301\/#breadcrumb","itemListElement":[{"@type":"ListItem","position":1,"name":"Home","item":"https:\/\/changhongchemical.com\/"},{"@type":"ListItem","position":2,"name":"Products Changhong","item":"https:\/\/changhongchemical.com\/product\/"},{"@type":"ListItem","position":3,"name":"CHLUMOFIUOR\u00ae CH-301 Solvent-based two-component fluorocarbon resin"}]},{"@type":"WebSite","@id":"https:\/\/changhongchemical.com\/#website","url":"https:\/\/changhongchemical.com\/","name":"Changhong Chemical","description":"China Hersteller von Chemikalien \uff06 Lieferant","publisher":{"@id":"https:\/\/changhongchemical.com\/#organization"},"potentialAction":[{"@type":"SearchAction","target":{"@type":"EntryPoint","urlTemplate":"https:\/\/changhongchemical.com\/?s={search_term_string}"},"query-input":{"@type":"PropertyValueSpecification","valueRequired":true,"valueName":"search_term_string"}}],"inLanguage":"de"},{"@type":"Organization","@id":"https:\/\/changhongchemical.com\/#organization","name":"Changhong Chemical","url":"https:\/\/changhongchemical.com\/","logo":{"@type":"ImageObject","inLanguage":"de","@id":"https:\/\/changhongchemical.com\/#\/schema\/logo\/image\/","url":"https:\/\/changhongchemical.com\/wp-content\/uploads\/2020\/08\/cropped-longchang-logo.png","contentUrl":"https:\/\/changhongchemical.com\/wp-content\/uploads\/2020\/08\/cropped-longchang-logo.png","width":512,"height":512,"caption":"Changhong Chemical"},"image":{"@id":"https:\/\/changhongchemical.com\/#\/schema\/logo\/image\/"}}]}},"_links":{"self":[{"href":"https:\/\/changhongchemical.com\/de\/wp-json\/wp\/v2\/product\/8187","targetHints":{"allow":["GET"]}}],"collection":[{"href":"https:\/\/changhongchemical.com\/de\/wp-json\/wp\/v2\/product"}],"about":[{"href":"https:\/\/changhongchemical.com\/de\/wp-json\/wp\/v2\/types\/product"}],"replies":[{"embeddable":true,"href":"https:\/\/changhongchemical.com\/de\/wp-json\/wp\/v2\/comments?post=8187"}],"wp:featuredmedia":[{"embeddable":true,"href":"https:\/\/changhongchemical.com\/de\/wp-json\/wp\/v2\/media\/8188"}],"wp:attachment":[{"href":"https:\/\/changhongchemical.com\/de\/wp-json\/wp\/v2\/media?parent=8187"}],"wp:term":[{"taxonomy":"product_brand","embeddable":true,"href":"https:\/\/changhongchemical.com\/de\/wp-json\/wp\/v2\/product_brand?post=8187"},{"taxonomy":"product_cat","embeddable":true,"href":"https:\/\/changhongchemical.com\/de\/wp-json\/wp\/v2\/product_cat?post=8187"},{"taxonomy":"product_tag","embeddable":true,"href":"https:\/\/changhongchemical.com\/de\/wp-json\/wp\/v2\/product_tag?post=8187"}],"curies":[{"name":"wp","href":"https:\/\/api.w.org\/{rel}","templated":true}]}}