{"id":8182,"date":"2025-03-24T03:40:45","date_gmt":"2025-03-24T03:40:45","guid":{"rendered":"https:\/\/changhongchemical.com\/?post_type=product&#038;p=8182"},"modified":"2025-05-12T02:59:20","modified_gmt":"2025-05-12T02:59:20","slug":"ch-902","status":"publish","type":"product","link":"https:\/\/changhongchemical.com\/de\/product\/ch-902\/","title":{"rendered":"CHLUMOFIUOR\u00ae CH-902 W\u00e4ssriges FEVE Fluorsilikonharz"},"content":{"rendered":"<p>Leistungsindex:<br \/>\nErscheinungsbild: milchig-wei\u00dfe Fl\u00fcssigkeit<br \/>\nFluorgehalt (%): 24\u00b11<br \/>\nFeststoffgehalt (%): 40\u00b11<br \/>\nDichte (g\/ml): 1,1\u00b10,05@20\u00b0C<br \/>\nHydroxylwert (mgKOH\/g): 65\u00b15<\/p>\n<p>Produktmerkmale.<br \/>\nHohe Witterungsbest\u00e4ndigkeit, Anti-Fleckenbildung; hoher Glanz; Salzspr\u00fchnebelbest\u00e4ndigkeit, Abriebfestigkeit, starke Hydrophobie, starke Selbstreinigungseigenschaften<br \/>\nAnwendungsbereiche: Haupts\u00e4chlich in hochleistungsf\u00e4higen selbstreinigenden Beschichtungen verwendet.<br \/>\nHaupts\u00e4chlich in hochleistungsf\u00e4higen selbstreinigenden Beschichtungen verwendet<br \/>\nVerpackung und Lagerung.<br \/>\nDieses Produkt ist in 200Kg\/Fass verpackt. Das Produkt sollte in geschlossenen Beh\u00e4ltern gelagert werden, vermeiden Sie Einfrieren und hohe Temperatur, Lagertemperatur 5 ~ 30 \u2103, Haltbarkeit von einem Jahr.<\/p>\n<p>Anderer Name\uff1a<\/p>\n<p>Wasserbasiertes FEVE-Fluorsilikonharz<\/p>\n<p>W\u00e4ssriges FEVE-Fluorsilikonharz<\/p>\n<p>FEVE Fluorsilikonharz, wasserbasiert<\/p>\n<p>FEVE wasserbasiertes Fluorsilikonharz<\/p>\n<h2><strong><b>Kontaktieren Sie uns jetzt!<\/b><\/strong><\/h2>\n<h4><strong><b>Wenn Sie einen Preis ben\u00f6tigen, tragen Sie bitte Ihre Kontaktdaten in das unten stehende Formular ein. Wir werden uns in der Regel innerhalb von 24 Stunden mit Ihnen in Verbindung setzen. Sie k\u00f6nnen mir auch mailen\u00a0<span style=\"color: #00ccff;\"><a style=\"color: #00ccff;\" href=\"mailto:info@changhongchemical.com\">info@changhongchemical.com<\/a><\/span>\u00a0w\u00e4hrend der Gesch\u00e4ftszeiten ( 8:30 bis 18:00 Uhr UTC+8 Mo.~Sa. ) oder nutzen Sie den Live-Chat auf der Website, um eine schnelle Antwort zu erhalten.<\/b><\/strong><\/h4>","protected":false},"excerpt":{"rendered":"<p>Das w\u00e4ssrige Fluorsilikonharz CH-902 vom Typ FEVE ist das Produkt der Copolymerisation von fluorhaltigen Monomeren und Silikonmonomeren. Es wird durch eine spezielle Phasentransfertechnologie hergestellt und hat nach der Aush\u00e4rtung die gleiche Leistung wie Produkte auf L\u00f6sungsmittelbasis. Es kann zu einem Zweikomponentensystem mit w\u00e4ssrigem Isocyanath\u00e4rter oder zu einem Einkomponenten-Einbrennsystem mit Aminoharz verarbeitet werden.<\/p>","protected":false},"featured_media":8183,"comment_status":"closed","ping_status":"closed","template":"","meta":[],"product_brand":[],"product_cat":[186],"product_tag":[],"class_list":{"0":"post-8182","1":"product","2":"type-product","3":"status-publish","4":"has-post-thumbnail","6":"product_cat-fluorocarbon-resin","8":"first","9":"instock","10":"shipping-taxable","11":"product-type-simple"},"yoast_head":"<!-- This site is optimized with the Yoast SEO plugin v27.4 - https:\/\/yoast.com\/product\/yoast-seo-wordpress\/ -->\n<title>China CHLUMOFIUOR\u00ae CH-902 Waterborne FEVE Fluorosilicone Resin Manufacturer - Changhong Chemical<\/title>\n<meta name=\"description\" content=\"CH-902 waterborne FEVE type fluorosilicone resin is the product of copolymerization of fluorine-containing monomers and silicone monomers, and is produced...\" \/>\n<meta name=\"robots\" content=\"index, follow, max-snippet:-1, max-image-preview:large, max-video-preview:-1\" \/>\n<link rel=\"canonical\" href=\"https:\/\/changhongchemical.com\/de\/product\/ch-902\/\" \/>\n<meta property=\"og:locale\" content=\"de_DE\" \/>\n<meta property=\"og:type\" content=\"article\" \/>\n<meta property=\"og:title\" content=\"China CHLUMOFIUOR\u00ae CH-902 Waterborne FEVE Fluorosilicone Resin Manufacturer - Changhong Chemical\" \/>\n<meta property=\"og:description\" content=\"CH-902 waterborne FEVE type fluorosilicone resin is the product of copolymerization of fluorine-containing monomers and silicone monomers, and is produced...\" \/>\n<meta property=\"og:url\" content=\"https:\/\/changhongchemical.com\/de\/product\/ch-902\/\" \/>\n<meta property=\"og:site_name\" content=\"Changhong Chemical\" \/>\n<meta property=\"article:modified_time\" content=\"2025-05-12T02:59:20+00:00\" \/>\n<meta property=\"og:image\" content=\"https:\/\/changhongchemical.com\/wp-content\/uploads\/2025\/03\/CH-902.jpg\" \/>\n\t<meta property=\"og:image:width\" content=\"600\" \/>\n\t<meta property=\"og:image:height\" content=\"600\" \/>\n\t<meta property=\"og:image:type\" content=\"image\/jpeg\" \/>\n<meta name=\"twitter:card\" content=\"summary_large_image\" \/>\n<meta name=\"twitter:label1\" content=\"Gesch\u00e4tzte Lesezeit\" \/>\n\t<meta name=\"twitter:data1\" content=\"1\u00a0Minute\" \/>\n<script type=\"application\/ld+json\" class=\"yoast-schema-graph\">{\"@context\":\"https:\\\/\\\/schema.org\",\"@graph\":[{\"@type\":\"WebPage\",\"@id\":\"https:\\\/\\\/changhongchemical.com\\\/product\\\/ch-902\\\/\",\"url\":\"https:\\\/\\\/changhongchemical.com\\\/product\\\/ch-902\\\/\",\"name\":\"China CHLUMOFIUOR\u00ae CH-902 Waterborne FEVE Fluorosilicone Resin Manufacturer - Changhong Chemical\",\"isPartOf\":{\"@id\":\"https:\\\/\\\/changhongchemical.com\\\/#website\"},\"primaryImageOfPage\":{\"@id\":\"https:\\\/\\\/changhongchemical.com\\\/product\\\/ch-902\\\/#primaryimage\"},\"image\":{\"@id\":\"https:\\\/\\\/changhongchemical.com\\\/product\\\/ch-902\\\/#primaryimage\"},\"thumbnailUrl\":\"https:\\\/\\\/changhongchemical.com\\\/wp-content\\\/uploads\\\/2025\\\/03\\\/CH-902.jpg\",\"datePublished\":\"2025-03-24T03:40:45+00:00\",\"dateModified\":\"2025-05-12T02:59:20+00:00\",\"description\":\"CH-902 waterborne FEVE type fluorosilicone resin is the product of copolymerization of fluorine-containing monomers and silicone monomers, and is produced...\",\"breadcrumb\":{\"@id\":\"https:\\\/\\\/changhongchemical.com\\\/product\\\/ch-902\\\/#breadcrumb\"},\"inLanguage\":\"de\",\"potentialAction\":[{\"@type\":\"ReadAction\",\"target\":[\"https:\\\/\\\/changhongchemical.com\\\/product\\\/ch-902\\\/\"]}]},{\"@type\":\"ImageObject\",\"inLanguage\":\"de\",\"@id\":\"https:\\\/\\\/changhongchemical.com\\\/product\\\/ch-902\\\/#primaryimage\",\"url\":\"https:\\\/\\\/changhongchemical.com\\\/wp-content\\\/uploads\\\/2025\\\/03\\\/CH-902.jpg\",\"contentUrl\":\"https:\\\/\\\/changhongchemical.com\\\/wp-content\\\/uploads\\\/2025\\\/03\\\/CH-902.jpg\",\"width\":600,\"height\":600},{\"@type\":\"BreadcrumbList\",\"@id\":\"https:\\\/\\\/changhongchemical.com\\\/product\\\/ch-902\\\/#breadcrumb\",\"itemListElement\":[{\"@type\":\"ListItem\",\"position\":1,\"name\":\"Home\",\"item\":\"https:\\\/\\\/changhongchemical.com\\\/\"},{\"@type\":\"ListItem\",\"position\":2,\"name\":\"Products Changhong\",\"item\":\"https:\\\/\\\/changhongchemical.com\\\/product\\\/\"},{\"@type\":\"ListItem\",\"position\":3,\"name\":\"CHLUMOFIUOR\u00ae CH-902 Waterborne FEVE Fluorosilicone Resin\"}]},{\"@type\":\"WebSite\",\"@id\":\"https:\\\/\\\/changhongchemical.com\\\/#website\",\"url\":\"https:\\\/\\\/changhongchemical.com\\\/\",\"name\":\"Changhong Chemical\",\"description\":\"China chemical manufacturer \uff06 supplier\",\"publisher\":{\"@id\":\"https:\\\/\\\/changhongchemical.com\\\/#organization\"},\"potentialAction\":[{\"@type\":\"SearchAction\",\"target\":{\"@type\":\"EntryPoint\",\"urlTemplate\":\"https:\\\/\\\/changhongchemical.com\\\/?s={search_term_string}\"},\"query-input\":{\"@type\":\"PropertyValueSpecification\",\"valueRequired\":true,\"valueName\":\"search_term_string\"}}],\"inLanguage\":\"de\"},{\"@type\":\"Organization\",\"@id\":\"https:\\\/\\\/changhongchemical.com\\\/#organization\",\"name\":\"Changhong Chemical\",\"url\":\"https:\\\/\\\/changhongchemical.com\\\/\",\"logo\":{\"@type\":\"ImageObject\",\"inLanguage\":\"de\",\"@id\":\"https:\\\/\\\/changhongchemical.com\\\/#\\\/schema\\\/logo\\\/image\\\/\",\"url\":\"https:\\\/\\\/changhongchemical.com\\\/wp-content\\\/uploads\\\/2020\\\/08\\\/cropped-longchang-logo.png\",\"contentUrl\":\"https:\\\/\\\/changhongchemical.com\\\/wp-content\\\/uploads\\\/2020\\\/08\\\/cropped-longchang-logo.png\",\"width\":512,\"height\":512,\"caption\":\"Changhong Chemical\"},\"image\":{\"@id\":\"https:\\\/\\\/changhongchemical.com\\\/#\\\/schema\\\/logo\\\/image\\\/\"}}]}<\/script>\n<!-- \/ Yoast SEO plugin. -->","yoast_head_json":{"title":"China CHLUMOFIUOR\u00ae CH-902 Fluorsilikonharz auf Wasserbasis FEVE Hersteller - Changhong Chemical","description":"CH-902 waterborne FEVE type fluorosilicone resin is the product of copolymerization of fluorine-containing monomers and silicone monomers, and is produced...","robots":{"index":"index","follow":"follow","max-snippet":"max-snippet:-1","max-image-preview":"max-image-preview:large","max-video-preview":"max-video-preview:-1"},"canonical":"https:\/\/changhongchemical.com\/de\/product\/ch-902\/","og_locale":"de_DE","og_type":"article","og_title":"China CHLUMOFIUOR\u00ae CH-902 Waterborne FEVE Fluorosilicone Resin Manufacturer - Changhong Chemical","og_description":"CH-902 waterborne FEVE type fluorosilicone resin is the product of copolymerization of fluorine-containing monomers and silicone monomers, and is produced...","og_url":"https:\/\/changhongchemical.com\/de\/product\/ch-902\/","og_site_name":"Changhong Chemical","article_modified_time":"2025-05-12T02:59:20+00:00","og_image":[{"width":600,"height":600,"url":"https:\/\/changhongchemical.com\/wp-content\/uploads\/2025\/03\/CH-902.jpg","type":"image\/jpeg"}],"twitter_card":"summary_large_image","twitter_misc":{"Gesch\u00e4tzte Lesezeit":"1\u00a0Minute"},"schema":{"@context":"https:\/\/schema.org","@graph":[{"@type":"WebPage","@id":"https:\/\/changhongchemical.com\/product\/ch-902\/","url":"https:\/\/changhongchemical.com\/product\/ch-902\/","name":"China CHLUMOFIUOR\u00ae CH-902 Fluorsilikonharz auf Wasserbasis FEVE Hersteller - Changhong Chemical","isPartOf":{"@id":"https:\/\/changhongchemical.com\/#website"},"primaryImageOfPage":{"@id":"https:\/\/changhongchemical.com\/product\/ch-902\/#primaryimage"},"image":{"@id":"https:\/\/changhongchemical.com\/product\/ch-902\/#primaryimage"},"thumbnailUrl":"https:\/\/changhongchemical.com\/wp-content\/uploads\/2025\/03\/CH-902.jpg","datePublished":"2025-03-24T03:40:45+00:00","dateModified":"2025-05-12T02:59:20+00:00","description":"CH-902 waterborne FEVE type fluorosilicone resin is the product of copolymerization of fluorine-containing monomers and silicone monomers, and is produced...","breadcrumb":{"@id":"https:\/\/changhongchemical.com\/product\/ch-902\/#breadcrumb"},"inLanguage":"de","potentialAction":[{"@type":"ReadAction","target":["https:\/\/changhongchemical.com\/product\/ch-902\/"]}]},{"@type":"ImageObject","inLanguage":"de","@id":"https:\/\/changhongchemical.com\/product\/ch-902\/#primaryimage","url":"https:\/\/changhongchemical.com\/wp-content\/uploads\/2025\/03\/CH-902.jpg","contentUrl":"https:\/\/changhongchemical.com\/wp-content\/uploads\/2025\/03\/CH-902.jpg","width":600,"height":600},{"@type":"BreadcrumbList","@id":"https:\/\/changhongchemical.com\/product\/ch-902\/#breadcrumb","itemListElement":[{"@type":"ListItem","position":1,"name":"Home","item":"https:\/\/changhongchemical.com\/"},{"@type":"ListItem","position":2,"name":"Products Changhong","item":"https:\/\/changhongchemical.com\/product\/"},{"@type":"ListItem","position":3,"name":"CHLUMOFIUOR\u00ae CH-902 Waterborne FEVE Fluorosilicone Resin"}]},{"@type":"WebSite","@id":"https:\/\/changhongchemical.com\/#website","url":"https:\/\/changhongchemical.com\/","name":"Changhong Chemical","description":"China Hersteller von Chemikalien \uff06 Lieferant","publisher":{"@id":"https:\/\/changhongchemical.com\/#organization"},"potentialAction":[{"@type":"SearchAction","target":{"@type":"EntryPoint","urlTemplate":"https:\/\/changhongchemical.com\/?s={search_term_string}"},"query-input":{"@type":"PropertyValueSpecification","valueRequired":true,"valueName":"search_term_string"}}],"inLanguage":"de"},{"@type":"Organization","@id":"https:\/\/changhongchemical.com\/#organization","name":"Changhong Chemical","url":"https:\/\/changhongchemical.com\/","logo":{"@type":"ImageObject","inLanguage":"de","@id":"https:\/\/changhongchemical.com\/#\/schema\/logo\/image\/","url":"https:\/\/changhongchemical.com\/wp-content\/uploads\/2020\/08\/cropped-longchang-logo.png","contentUrl":"https:\/\/changhongchemical.com\/wp-content\/uploads\/2020\/08\/cropped-longchang-logo.png","width":512,"height":512,"caption":"Changhong Chemical"},"image":{"@id":"https:\/\/changhongchemical.com\/#\/schema\/logo\/image\/"}}]}},"_links":{"self":[{"href":"https:\/\/changhongchemical.com\/de\/wp-json\/wp\/v2\/product\/8182","targetHints":{"allow":["GET"]}}],"collection":[{"href":"https:\/\/changhongchemical.com\/de\/wp-json\/wp\/v2\/product"}],"about":[{"href":"https:\/\/changhongchemical.com\/de\/wp-json\/wp\/v2\/types\/product"}],"replies":[{"embeddable":true,"href":"https:\/\/changhongchemical.com\/de\/wp-json\/wp\/v2\/comments?post=8182"}],"wp:featuredmedia":[{"embeddable":true,"href":"https:\/\/changhongchemical.com\/de\/wp-json\/wp\/v2\/media\/8183"}],"wp:attachment":[{"href":"https:\/\/changhongchemical.com\/de\/wp-json\/wp\/v2\/media?parent=8182"}],"wp:term":[{"taxonomy":"product_brand","embeddable":true,"href":"https:\/\/changhongchemical.com\/de\/wp-json\/wp\/v2\/product_brand?post=8182"},{"taxonomy":"product_cat","embeddable":true,"href":"https:\/\/changhongchemical.com\/de\/wp-json\/wp\/v2\/product_cat?post=8182"},{"taxonomy":"product_tag","embeddable":true,"href":"https:\/\/changhongchemical.com\/de\/wp-json\/wp\/v2\/product_tag?post=8182"}],"curies":[{"name":"wp","href":"https:\/\/api.w.org\/{rel}","templated":true}]}}