{"id":8156,"date":"2025-03-24T02:21:21","date_gmt":"2025-03-24T02:21:21","guid":{"rendered":"https:\/\/changhongchemical.com\/?post_type=product&#038;p=8156"},"modified":"2025-04-01T02:15:42","modified_gmt":"2025-04-01T02:15:42","slug":"ch-903","status":"publish","type":"product","link":"https:\/\/changhongchemical.com\/de\/product\/ch-903\/","title":{"rendered":"CHLUMOFIUOR\u00ae CH-903 Fluorsilikonharz auf Wasserbasis mit fluoriertem Acrylat"},"content":{"rendered":"<p>CH-903 Fluorsilikonharz auf Wasserbasis mit fluoriertem Acrylat<\/p>\n<p>&nbsp;<\/p>\n<p><b><strong>Leistungsindikatoren:<\/strong><\/b><\/p>\n<p>Erscheinungsbild: milchig-wei\u00dfe Fl\u00fcssigkeit<\/p>\n<p>Fluorgehalt (%): 10\u00b11<\/p>\n<p>Feststoffgehalt (%): 45\u00b12<\/p>\n<p>Glas\u00fcbergangstemperatur (\u00b0C): 35<\/p>\n<p>Dichte (g\/ml): 1,1\u00b10,05@20\u00b0C<\/p>\n<p>Hydroxylwert (mgKOH\/g): 115\u00b15<\/p>\n<p>pH-Wert: 7,0-9,0<\/p>\n<p>Ionische Eigenschaft: Anion<\/p>\n<p><b><strong>Produktmerkmale:<\/strong><\/b><\/p>\n<p>hohe Witterungs- und Fleckenbest\u00e4ndigkeit; hoher Glanz, keine Vergilbung, hohe H\u00e4rte, Verschlei\u00dffestigkeit, gute wasser- und \u00f6labweisende Eigenschaften<\/p>\n<p><b><strong>Anwendungsbereiche:<\/strong><\/b><\/p>\n<p>haupts\u00e4chlich in selbstreinigenden Hochleistungsbeschichtungen verwendet<\/p>\n<p><b><strong>Verpackung und Lagerung:<\/strong><\/b><\/p>\n<p>Dieses Produkt ist in 200 kg\/Fass verpackt. Das Produkt sollte in luftdichten Beh\u00e4ltern gelagert werden, weg von Gefrieren und hohen Temperaturen. Die Lagertemperatur betr\u00e4gt 5~30\u2103, und die Haltbarkeit betr\u00e4gt ein Jahr.<\/p>\n<h2><strong><b>Kontaktieren Sie uns jetzt!<\/b><\/strong><\/h2>\n<h4><strong><b>Wenn Sie einen Preis ben\u00f6tigen, tragen Sie bitte Ihre Kontaktdaten in das unten stehende Formular ein. Wir werden uns in der Regel innerhalb von 24 Stunden mit Ihnen in Verbindung setzen. Sie k\u00f6nnen mir auch mailen <a href=\"mailto:info@changhongchemical.com\"><span style=\"color: #00ccff;\">info@changhongchemical.com<\/span><\/a>\u00a0w\u00e4hrend der Gesch\u00e4ftszeiten ( 8:30 bis 18:00 Uhr UTC+8 Mo.~Sa. ) oder nutzen Sie den Live-Chat auf der Website, um eine schnelle Antwort zu erhalten.<\/b><\/strong><\/h4>","protected":false},"excerpt":{"rendered":"<p>CH-903 Fluorsilikonharz auf Wasserbasis, das fluoriertes Acrylat enth\u00e4lt, ist ein Fluorsilikonharz auf Wasserbasis, das hydroxyfunktionelles fluoriertes Acrylat enth\u00e4lt und mittels einer speziellen Phasentransfertechnologie hergestellt wird. Nach dem Aush\u00e4rten hat es die gleichen Eigenschaften wie l\u00f6sungsmittelbasierte Produkte. Es kann zur Bildung eines Zweikomponentensystems mit einem w\u00e4ssrigen Isocyanath\u00e4rter oder eines Einkomponenten-Einbrennsystems mit einem Aminoharz verwendet werden. Die mit diesem Produkt hergestellten w\u00e4ssrigen Beschichtungen weisen eine hohe Witterungs- und Fleckenbest\u00e4ndigkeit, hohen Glanz ohne Vergilbung, hohe H\u00e4rte und gute Verschlei\u00dffestigkeit sowie gute wasser- und \u00f6labweisende Eigenschaften auf.<\/p>","protected":false},"featured_media":8157,"comment_status":"closed","ping_status":"closed","template":"","meta":[],"product_brand":[],"product_cat":[186],"product_tag":[],"class_list":{"0":"post-8156","1":"product","2":"type-product","3":"status-publish","4":"has-post-thumbnail","6":"product_cat-fluorocarbon-resin","8":"first","9":"instock","10":"shipping-taxable","11":"product-type-simple"},"yoast_head":"<!-- This site is optimized with the Yoast SEO plugin v27.4 - https:\/\/yoast.com\/product\/yoast-seo-wordpress\/ -->\n<title>China CHLUMOFIUOR\u00ae CH-903 Water-based fluorosilicone resin containing fluorinated acrylate Manufacturer - Changhong Chemical<\/title>\n<meta name=\"description\" content=\"CH-903 water-based fluorosilicone resin containing fluorinated acrylate is a water-based fluorosilicone resin containing hydroxy-functional fluorinated...\" \/>\n<meta name=\"robots\" content=\"index, follow, max-snippet:-1, max-image-preview:large, max-video-preview:-1\" \/>\n<link rel=\"canonical\" href=\"https:\/\/changhongchemical.com\/de\/product\/ch-903\/\" \/>\n<meta property=\"og:locale\" content=\"de_DE\" \/>\n<meta property=\"og:type\" content=\"article\" \/>\n<meta property=\"og:title\" content=\"China CHLUMOFIUOR\u00ae CH-903 Water-based fluorosilicone resin containing fluorinated acrylate Manufacturer - Changhong Chemical\" \/>\n<meta property=\"og:description\" content=\"CH-903 water-based fluorosilicone resin containing fluorinated acrylate is a water-based fluorosilicone resin containing hydroxy-functional fluorinated...\" \/>\n<meta property=\"og:url\" content=\"https:\/\/changhongchemical.com\/de\/product\/ch-903\/\" \/>\n<meta property=\"og:site_name\" content=\"Changhong Chemical\" \/>\n<meta property=\"article:modified_time\" content=\"2025-04-01T02:15:42+00:00\" \/>\n<meta property=\"og:image\" content=\"https:\/\/changhongchemical.com\/wp-content\/uploads\/2025\/03\/CH-903-Water-based-fluorosilicone-resin-containing-fluorinated-acrylate.jpg\" \/>\n\t<meta property=\"og:image:width\" content=\"600\" \/>\n\t<meta property=\"og:image:height\" content=\"600\" \/>\n\t<meta property=\"og:image:type\" content=\"image\/jpeg\" \/>\n<meta name=\"twitter:card\" content=\"summary_large_image\" \/>\n<meta name=\"twitter:label1\" content=\"Gesch\u00e4tzte Lesezeit\" \/>\n\t<meta name=\"twitter:data1\" content=\"1\u00a0Minute\" \/>\n<script type=\"application\/ld+json\" class=\"yoast-schema-graph\">{\"@context\":\"https:\\\/\\\/schema.org\",\"@graph\":[{\"@type\":\"WebPage\",\"@id\":\"https:\\\/\\\/changhongchemical.com\\\/product\\\/ch-903\\\/\",\"url\":\"https:\\\/\\\/changhongchemical.com\\\/product\\\/ch-903\\\/\",\"name\":\"China CHLUMOFIUOR\u00ae CH-903 Water-based fluorosilicone resin containing fluorinated acrylate Manufacturer - Changhong Chemical\",\"isPartOf\":{\"@id\":\"https:\\\/\\\/changhongchemical.com\\\/#website\"},\"primaryImageOfPage\":{\"@id\":\"https:\\\/\\\/changhongchemical.com\\\/product\\\/ch-903\\\/#primaryimage\"},\"image\":{\"@id\":\"https:\\\/\\\/changhongchemical.com\\\/product\\\/ch-903\\\/#primaryimage\"},\"thumbnailUrl\":\"https:\\\/\\\/changhongchemical.com\\\/wp-content\\\/uploads\\\/2025\\\/03\\\/CH-903-Water-based-fluorosilicone-resin-containing-fluorinated-acrylate.jpg\",\"datePublished\":\"2025-03-24T02:21:21+00:00\",\"dateModified\":\"2025-04-01T02:15:42+00:00\",\"description\":\"CH-903 water-based fluorosilicone resin containing fluorinated acrylate is a water-based fluorosilicone resin containing hydroxy-functional fluorinated...\",\"breadcrumb\":{\"@id\":\"https:\\\/\\\/changhongchemical.com\\\/product\\\/ch-903\\\/#breadcrumb\"},\"inLanguage\":\"de\",\"potentialAction\":[{\"@type\":\"ReadAction\",\"target\":[\"https:\\\/\\\/changhongchemical.com\\\/product\\\/ch-903\\\/\"]}]},{\"@type\":\"ImageObject\",\"inLanguage\":\"de\",\"@id\":\"https:\\\/\\\/changhongchemical.com\\\/product\\\/ch-903\\\/#primaryimage\",\"url\":\"https:\\\/\\\/changhongchemical.com\\\/wp-content\\\/uploads\\\/2025\\\/03\\\/CH-903-Water-based-fluorosilicone-resin-containing-fluorinated-acrylate.jpg\",\"contentUrl\":\"https:\\\/\\\/changhongchemical.com\\\/wp-content\\\/uploads\\\/2025\\\/03\\\/CH-903-Water-based-fluorosilicone-resin-containing-fluorinated-acrylate.jpg\",\"width\":600,\"height\":600,\"caption\":\"CH-903-Water-based-fluorosilicone-resin-containing-fluorinated-acrylate\"},{\"@type\":\"BreadcrumbList\",\"@id\":\"https:\\\/\\\/changhongchemical.com\\\/product\\\/ch-903\\\/#breadcrumb\",\"itemListElement\":[{\"@type\":\"ListItem\",\"position\":1,\"name\":\"Home\",\"item\":\"https:\\\/\\\/changhongchemical.com\\\/\"},{\"@type\":\"ListItem\",\"position\":2,\"name\":\"Products Changhong\",\"item\":\"https:\\\/\\\/changhongchemical.com\\\/product\\\/\"},{\"@type\":\"ListItem\",\"position\":3,\"name\":\"CHLUMOFIUOR\u00ae CH-903 Water-based fluorosilicone resin containing fluorinated acrylate\"}]},{\"@type\":\"WebSite\",\"@id\":\"https:\\\/\\\/changhongchemical.com\\\/#website\",\"url\":\"https:\\\/\\\/changhongchemical.com\\\/\",\"name\":\"Changhong Chemical\",\"description\":\"China chemical manufacturer \uff06 supplier\",\"publisher\":{\"@id\":\"https:\\\/\\\/changhongchemical.com\\\/#organization\"},\"potentialAction\":[{\"@type\":\"SearchAction\",\"target\":{\"@type\":\"EntryPoint\",\"urlTemplate\":\"https:\\\/\\\/changhongchemical.com\\\/?s={search_term_string}\"},\"query-input\":{\"@type\":\"PropertyValueSpecification\",\"valueRequired\":true,\"valueName\":\"search_term_string\"}}],\"inLanguage\":\"de\"},{\"@type\":\"Organization\",\"@id\":\"https:\\\/\\\/changhongchemical.com\\\/#organization\",\"name\":\"Changhong Chemical\",\"url\":\"https:\\\/\\\/changhongchemical.com\\\/\",\"logo\":{\"@type\":\"ImageObject\",\"inLanguage\":\"de\",\"@id\":\"https:\\\/\\\/changhongchemical.com\\\/#\\\/schema\\\/logo\\\/image\\\/\",\"url\":\"https:\\\/\\\/changhongchemical.com\\\/wp-content\\\/uploads\\\/2020\\\/08\\\/cropped-longchang-logo.png\",\"contentUrl\":\"https:\\\/\\\/changhongchemical.com\\\/wp-content\\\/uploads\\\/2020\\\/08\\\/cropped-longchang-logo.png\",\"width\":512,\"height\":512,\"caption\":\"Changhong Chemical\"},\"image\":{\"@id\":\"https:\\\/\\\/changhongchemical.com\\\/#\\\/schema\\\/logo\\\/image\\\/\"}}]}<\/script>\n<!-- \/ Yoast SEO plugin. -->","yoast_head_json":{"title":"China CHLUMOFIUOR\u00ae CH-903 Fluorsilikonharz auf Wasserbasis mit fluoriertem Acrylat Hersteller - Changhong Chemical","description":"CH-903 water-based fluorosilicone resin containing fluorinated acrylate is a water-based fluorosilicone resin containing hydroxy-functional fluorinated...","robots":{"index":"index","follow":"follow","max-snippet":"max-snippet:-1","max-image-preview":"max-image-preview:large","max-video-preview":"max-video-preview:-1"},"canonical":"https:\/\/changhongchemical.com\/de\/product\/ch-903\/","og_locale":"de_DE","og_type":"article","og_title":"China CHLUMOFIUOR\u00ae CH-903 Water-based fluorosilicone resin containing fluorinated acrylate Manufacturer - Changhong Chemical","og_description":"CH-903 water-based fluorosilicone resin containing fluorinated acrylate is a water-based fluorosilicone resin containing hydroxy-functional fluorinated...","og_url":"https:\/\/changhongchemical.com\/de\/product\/ch-903\/","og_site_name":"Changhong Chemical","article_modified_time":"2025-04-01T02:15:42+00:00","og_image":[{"width":600,"height":600,"url":"https:\/\/changhongchemical.com\/wp-content\/uploads\/2025\/03\/CH-903-Water-based-fluorosilicone-resin-containing-fluorinated-acrylate.jpg","type":"image\/jpeg"}],"twitter_card":"summary_large_image","twitter_misc":{"Gesch\u00e4tzte Lesezeit":"1\u00a0Minute"},"schema":{"@context":"https:\/\/schema.org","@graph":[{"@type":"WebPage","@id":"https:\/\/changhongchemical.com\/product\/ch-903\/","url":"https:\/\/changhongchemical.com\/product\/ch-903\/","name":"China CHLUMOFIUOR\u00ae CH-903 Fluorsilikonharz auf Wasserbasis mit fluoriertem Acrylat Hersteller - Changhong Chemical","isPartOf":{"@id":"https:\/\/changhongchemical.com\/#website"},"primaryImageOfPage":{"@id":"https:\/\/changhongchemical.com\/product\/ch-903\/#primaryimage"},"image":{"@id":"https:\/\/changhongchemical.com\/product\/ch-903\/#primaryimage"},"thumbnailUrl":"https:\/\/changhongchemical.com\/wp-content\/uploads\/2025\/03\/CH-903-Water-based-fluorosilicone-resin-containing-fluorinated-acrylate.jpg","datePublished":"2025-03-24T02:21:21+00:00","dateModified":"2025-04-01T02:15:42+00:00","description":"CH-903 water-based fluorosilicone resin containing fluorinated acrylate is a water-based fluorosilicone resin containing hydroxy-functional fluorinated...","breadcrumb":{"@id":"https:\/\/changhongchemical.com\/product\/ch-903\/#breadcrumb"},"inLanguage":"de","potentialAction":[{"@type":"ReadAction","target":["https:\/\/changhongchemical.com\/product\/ch-903\/"]}]},{"@type":"ImageObject","inLanguage":"de","@id":"https:\/\/changhongchemical.com\/product\/ch-903\/#primaryimage","url":"https:\/\/changhongchemical.com\/wp-content\/uploads\/2025\/03\/CH-903-Water-based-fluorosilicone-resin-containing-fluorinated-acrylate.jpg","contentUrl":"https:\/\/changhongchemical.com\/wp-content\/uploads\/2025\/03\/CH-903-Water-based-fluorosilicone-resin-containing-fluorinated-acrylate.jpg","width":600,"height":600,"caption":"CH-903-Water-based-fluorosilicone-resin-containing-fluorinated-acrylate"},{"@type":"BreadcrumbList","@id":"https:\/\/changhongchemical.com\/product\/ch-903\/#breadcrumb","itemListElement":[{"@type":"ListItem","position":1,"name":"Home","item":"https:\/\/changhongchemical.com\/"},{"@type":"ListItem","position":2,"name":"Products Changhong","item":"https:\/\/changhongchemical.com\/product\/"},{"@type":"ListItem","position":3,"name":"CHLUMOFIUOR\u00ae CH-903 Water-based fluorosilicone resin containing fluorinated acrylate"}]},{"@type":"WebSite","@id":"https:\/\/changhongchemical.com\/#website","url":"https:\/\/changhongchemical.com\/","name":"Changhong Chemical","description":"China Hersteller von Chemikalien \uff06 Lieferant","publisher":{"@id":"https:\/\/changhongchemical.com\/#organization"},"potentialAction":[{"@type":"SearchAction","target":{"@type":"EntryPoint","urlTemplate":"https:\/\/changhongchemical.com\/?s={search_term_string}"},"query-input":{"@type":"PropertyValueSpecification","valueRequired":true,"valueName":"search_term_string"}}],"inLanguage":"de"},{"@type":"Organization","@id":"https:\/\/changhongchemical.com\/#organization","name":"Changhong Chemical","url":"https:\/\/changhongchemical.com\/","logo":{"@type":"ImageObject","inLanguage":"de","@id":"https:\/\/changhongchemical.com\/#\/schema\/logo\/image\/","url":"https:\/\/changhongchemical.com\/wp-content\/uploads\/2020\/08\/cropped-longchang-logo.png","contentUrl":"https:\/\/changhongchemical.com\/wp-content\/uploads\/2020\/08\/cropped-longchang-logo.png","width":512,"height":512,"caption":"Changhong Chemical"},"image":{"@id":"https:\/\/changhongchemical.com\/#\/schema\/logo\/image\/"}}]}},"_links":{"self":[{"href":"https:\/\/changhongchemical.com\/de\/wp-json\/wp\/v2\/product\/8156","targetHints":{"allow":["GET"]}}],"collection":[{"href":"https:\/\/changhongchemical.com\/de\/wp-json\/wp\/v2\/product"}],"about":[{"href":"https:\/\/changhongchemical.com\/de\/wp-json\/wp\/v2\/types\/product"}],"replies":[{"embeddable":true,"href":"https:\/\/changhongchemical.com\/de\/wp-json\/wp\/v2\/comments?post=8156"}],"wp:featuredmedia":[{"embeddable":true,"href":"https:\/\/changhongchemical.com\/de\/wp-json\/wp\/v2\/media\/8157"}],"wp:attachment":[{"href":"https:\/\/changhongchemical.com\/de\/wp-json\/wp\/v2\/media?parent=8156"}],"wp:term":[{"taxonomy":"product_brand","embeddable":true,"href":"https:\/\/changhongchemical.com\/de\/wp-json\/wp\/v2\/product_brand?post=8156"},{"taxonomy":"product_cat","embeddable":true,"href":"https:\/\/changhongchemical.com\/de\/wp-json\/wp\/v2\/product_cat?post=8156"},{"taxonomy":"product_tag","embeddable":true,"href":"https:\/\/changhongchemical.com\/de\/wp-json\/wp\/v2\/product_tag?post=8156"}],"curies":[{"name":"wp","href":"https:\/\/api.w.org\/{rel}","templated":true}]}}