{"id":3723,"date":"2023-05-17T14:07:57","date_gmt":"2023-05-17T14:07:57","guid":{"rendered":"https:\/\/changhongchemical.com\/?post_type=product&#038;p=3723"},"modified":"2026-01-07T09:44:06","modified_gmt":"2026-01-07T09:44:06","slug":"avobenzone-cas-70356-09-1","status":"publish","type":"product","link":"https:\/\/changhongchemical.com\/de\/product\/avobenzone-cas-70356-09-1\/","title":{"rendered":"CHLUMIUV\u00ae UV - 1789 \/ Avobenzon CAS 70356-09-1"},"content":{"rendered":"<p>&nbsp;<\/p>\n<table class=\"table-1\" cellspacing=\"0\">\n<tbody>\n<tr>\n<td>Artikel<\/td>\n<td>Standard<\/td>\n<\/tr>\n<tr>\n<td>Erscheinungsbild<\/td>\n<td>Wei\u00dfes oder blassgelbes kristallines Pulver<\/td>\n<\/tr>\n<tr>\n<td>Verlust beim Trocknen<\/td>\n<td>\u22640,5%<\/td>\n<\/tr>\n<tr>\n<td>Assay(GC)<\/td>\n<td>95.0~105.0%<\/td>\n<\/tr>\n<tr>\n<td rowspan=\"2\">Verunreinigung<\/td>\n<td>Einzelne Verunreinigung \u22643.0%<\/td>\n<\/tr>\n<tr>\n<td>Gesamtverunreinigung \u22644.5%<\/td>\n<\/tr>\n<tr>\n<td>R\u00fcckst\u00e4nde von L\u00f6sungsmitteln<\/td>\n<td>Methanol \u22643000ppm<\/td>\n<\/tr>\n<\/tbody>\n<\/table>\n<p><strong>Verwendung von Avobenzone<\/strong><\/p>\n<p>Sonnenschutzmittel, K\u00f6rperpflegeprodukte, Sonnenschutz, Baby-Sonnenschutz, t\u00e4gliche Hautpflege, dekorative Kosmetik mit Sonnenschutz, Breitspektrum-UV-A-Filter.<\/p>\n<p><strong>Avobenzone Verpackung und Versand<\/strong><\/p>\n<p>25 kg\/Fass, 25 kg\/Karton.<\/p>\n<p><strong>Avobenzone Lagerung<\/strong><\/p>\n<p>In dichten, lichtbest\u00e4ndigen Beh\u00e4ltern aufbewahren. Die Haltbarkeit betr\u00e4gt drei Jahre in unge\u00f6ffneten Originalbeh\u00e4ltern.<\/p>\n<h2><strong>Kontaktieren Sie uns jetzt!<\/strong><\/h2>\n<p><strong>Wenn Sie COA, MSDS oder TDS von <span style=\"color: #00ccff;\"><a style=\"color: #00ccff;\" href=\"https:\/\/changhongchemical.com\/product-category\/lcsorb-uv-absorber\/\">UV-Absorber<\/a><\/span>Bitte tragen Sie Ihre Kontaktdaten in das untenstehende Formular ein. Wir werden uns in der Regel innerhalb von 24 Stunden mit Ihnen in Verbindung setzen. Sie k\u00f6nnen mir auch eine E-Mail schicken <span style=\"color: #00ccff;\"><a style=\"color: #00ccff;\" href=\"mailto:info@changhongchemical.com\">info@changhongchemical.com<\/a> <\/span>w\u00e4hrend der Gesch\u00e4ftszeiten ( 8:30 bis 18:00 Uhr UTC+8 Mo.~Sa. ) oder nutzen Sie den Live-Chat auf der Website, um eine schnelle Antwort zu erhalten.<\/strong><\/p>","protected":false},"excerpt":{"rendered":"<p>Chemische Bezeichnung: Avobenzone<\/p>\n<p>CAS-Nr.:70356-09-1<\/p>\n<p>Molekulare Formel: C20H22O3<\/p>\n<p>Molekulargewicht:310.40<\/p>\n<p>Aussehen:Wei\u00dfes oder blassgelbes kristallines Pulver<\/p>\n<p>Chemische Struktur:<img decoding=\"async\" title=\"Avobenzone Struktur\" src=\"https:\/\/changhongchemical.com\/wp-content\/uploads\/product-details\/20200612299243.png\" alt=\"Avobenzone Struktur\" width=\"181\" height=\"81\" border=\"0\" vspace=\"0\" \/><\/p>","protected":false},"featured_media":7937,"comment_status":"open","ping_status":"closed","template":"","meta":[],"product_brand":[],"product_cat":[139],"product_tag":[],"class_list":{"0":"post-3723","1":"product","2":"type-product","3":"status-publish","4":"has-post-thumbnail","6":"product_cat-uv-absorber","8":"first","9":"instock","10":"shipping-taxable","11":"product-type-simple"},"yoast_head":"<!-- This site is optimized with the Yoast SEO plugin v27.4 - https:\/\/yoast.com\/product\/yoast-seo-wordpress\/ -->\n<title>China CHLUMIUV\u00ae UV - 1789 \/ Avobenzone CAS 70356-09-1 Manufacturer - Changhong Chemical<\/title>\n<meta name=\"description\" content=\"Chemical Name: Avobenzone CAS No.:70356-09-1 Molecular Formula: C20H22O3 Molecular Weight:310.40 Appearance:White or pale yellow crystalline...\" \/>\n<meta name=\"robots\" content=\"index, follow, max-snippet:-1, max-image-preview:large, max-video-preview:-1\" \/>\n<link rel=\"canonical\" href=\"https:\/\/changhongchemical.com\/de\/product\/avobenzone-cas-70356-09-1\/\" \/>\n<meta property=\"og:locale\" content=\"de_DE\" \/>\n<meta property=\"og:type\" content=\"article\" \/>\n<meta property=\"og:title\" content=\"China CHLUMIUV\u00ae UV - 1789 \/ Avobenzone CAS 70356-09-1 Manufacturer - Changhong Chemical\" \/>\n<meta property=\"og:description\" content=\"Chemical Name: Avobenzone CAS No.:70356-09-1 Molecular Formula: C20H22O3 Molecular Weight:310.40 Appearance:White or pale yellow crystalline...\" \/>\n<meta property=\"og:url\" content=\"https:\/\/changhongchemical.com\/de\/product\/avobenzone-cas-70356-09-1\/\" \/>\n<meta property=\"og:site_name\" content=\"Changhong Chemical\" \/>\n<meta property=\"article:modified_time\" content=\"2026-01-07T09:44:06+00:00\" \/>\n<meta property=\"og:image\" content=\"https:\/\/changhongchemical.com\/wp-content\/uploads\/2023\/05\/70356-09-1.jpg\" \/>\n\t<meta property=\"og:image:width\" content=\"600\" \/>\n\t<meta property=\"og:image:height\" content=\"600\" \/>\n\t<meta property=\"og:image:type\" content=\"image\/jpeg\" \/>\n<meta name=\"twitter:card\" content=\"summary_large_image\" \/>\n<meta name=\"twitter:label1\" content=\"Gesch\u00e4tzte Lesezeit\" \/>\n\t<meta name=\"twitter:data1\" content=\"1\u00a0Minute\" \/>\n<script type=\"application\/ld+json\" class=\"yoast-schema-graph\">{\"@context\":\"https:\\\/\\\/schema.org\",\"@graph\":[{\"@type\":\"WebPage\",\"@id\":\"https:\\\/\\\/changhongchemical.com\\\/product\\\/avobenzone-cas-70356-09-1\\\/\",\"url\":\"https:\\\/\\\/changhongchemical.com\\\/product\\\/avobenzone-cas-70356-09-1\\\/\",\"name\":\"China CHLUMIUV\u00ae UV - 1789 \\\/ Avobenzone CAS 70356-09-1 Manufacturer - Changhong Chemical\",\"isPartOf\":{\"@id\":\"https:\\\/\\\/changhongchemical.com\\\/#website\"},\"primaryImageOfPage\":{\"@id\":\"https:\\\/\\\/changhongchemical.com\\\/product\\\/avobenzone-cas-70356-09-1\\\/#primaryimage\"},\"image\":{\"@id\":\"https:\\\/\\\/changhongchemical.com\\\/product\\\/avobenzone-cas-70356-09-1\\\/#primaryimage\"},\"thumbnailUrl\":\"https:\\\/\\\/changhongchemical.com\\\/wp-content\\\/uploads\\\/2023\\\/05\\\/70356-09-1.jpg\",\"datePublished\":\"2023-05-17T14:07:57+00:00\",\"dateModified\":\"2026-01-07T09:44:06+00:00\",\"description\":\"Chemical Name: Avobenzone CAS No.:70356-09-1 Molecular Formula: C20H22O3 Molecular Weight:310.40 Appearance:White or pale yellow crystalline...\",\"breadcrumb\":{\"@id\":\"https:\\\/\\\/changhongchemical.com\\\/product\\\/avobenzone-cas-70356-09-1\\\/#breadcrumb\"},\"inLanguage\":\"de\",\"potentialAction\":[{\"@type\":\"ReadAction\",\"target\":[\"https:\\\/\\\/changhongchemical.com\\\/product\\\/avobenzone-cas-70356-09-1\\\/\"]}]},{\"@type\":\"ImageObject\",\"inLanguage\":\"de\",\"@id\":\"https:\\\/\\\/changhongchemical.com\\\/product\\\/avobenzone-cas-70356-09-1\\\/#primaryimage\",\"url\":\"https:\\\/\\\/changhongchemical.com\\\/wp-content\\\/uploads\\\/2023\\\/05\\\/70356-09-1.jpg\",\"contentUrl\":\"https:\\\/\\\/changhongchemical.com\\\/wp-content\\\/uploads\\\/2023\\\/05\\\/70356-09-1.jpg\",\"width\":600,\"height\":600},{\"@type\":\"BreadcrumbList\",\"@id\":\"https:\\\/\\\/changhongchemical.com\\\/product\\\/avobenzone-cas-70356-09-1\\\/#breadcrumb\",\"itemListElement\":[{\"@type\":\"ListItem\",\"position\":1,\"name\":\"Home\",\"item\":\"https:\\\/\\\/changhongchemical.com\\\/\"},{\"@type\":\"ListItem\",\"position\":2,\"name\":\"Products Changhong\",\"item\":\"https:\\\/\\\/changhongchemical.com\\\/product\\\/\"},{\"@type\":\"ListItem\",\"position\":3,\"name\":\"CHLUMIUV\u00ae UV &#8211; 1789 \\\/ Avobenzone CAS 70356-09-1\"}]},{\"@type\":\"WebSite\",\"@id\":\"https:\\\/\\\/changhongchemical.com\\\/#website\",\"url\":\"https:\\\/\\\/changhongchemical.com\\\/\",\"name\":\"Changhong Chemical\",\"description\":\"China chemical manufacturer \uff06 supplier\",\"publisher\":{\"@id\":\"https:\\\/\\\/changhongchemical.com\\\/#organization\"},\"potentialAction\":[{\"@type\":\"SearchAction\",\"target\":{\"@type\":\"EntryPoint\",\"urlTemplate\":\"https:\\\/\\\/changhongchemical.com\\\/?s={search_term_string}\"},\"query-input\":{\"@type\":\"PropertyValueSpecification\",\"valueRequired\":true,\"valueName\":\"search_term_string\"}}],\"inLanguage\":\"de\"},{\"@type\":\"Organization\",\"@id\":\"https:\\\/\\\/changhongchemical.com\\\/#organization\",\"name\":\"Changhong Chemical\",\"url\":\"https:\\\/\\\/changhongchemical.com\\\/\",\"logo\":{\"@type\":\"ImageObject\",\"inLanguage\":\"de\",\"@id\":\"https:\\\/\\\/changhongchemical.com\\\/#\\\/schema\\\/logo\\\/image\\\/\",\"url\":\"https:\\\/\\\/changhongchemical.com\\\/wp-content\\\/uploads\\\/2020\\\/08\\\/cropped-longchang-logo.png\",\"contentUrl\":\"https:\\\/\\\/changhongchemical.com\\\/wp-content\\\/uploads\\\/2020\\\/08\\\/cropped-longchang-logo.png\",\"width\":512,\"height\":512,\"caption\":\"Changhong Chemical\"},\"image\":{\"@id\":\"https:\\\/\\\/changhongchemical.com\\\/#\\\/schema\\\/logo\\\/image\\\/\"}}]}<\/script>\n<!-- \/ Yoast SEO plugin. -->","yoast_head_json":{"title":"China CHLUMIUV\u00ae UV - 1789 \/ Avobenzone CAS 70356-09-1 Hersteller - Changhong Chemical","description":"Chemical Name: Avobenzone CAS No.:70356-09-1 Molecular Formula: C20H22O3 Molecular Weight:310.40 Appearance:White or pale yellow crystalline...","robots":{"index":"index","follow":"follow","max-snippet":"max-snippet:-1","max-image-preview":"max-image-preview:large","max-video-preview":"max-video-preview:-1"},"canonical":"https:\/\/changhongchemical.com\/de\/product\/avobenzone-cas-70356-09-1\/","og_locale":"de_DE","og_type":"article","og_title":"China CHLUMIUV\u00ae UV - 1789 \/ Avobenzone CAS 70356-09-1 Manufacturer - Changhong Chemical","og_description":"Chemical Name: Avobenzone CAS No.:70356-09-1 Molecular Formula: C20H22O3 Molecular Weight:310.40 Appearance:White or pale yellow crystalline...","og_url":"https:\/\/changhongchemical.com\/de\/product\/avobenzone-cas-70356-09-1\/","og_site_name":"Changhong Chemical","article_modified_time":"2026-01-07T09:44:06+00:00","og_image":[{"width":600,"height":600,"url":"https:\/\/changhongchemical.com\/wp-content\/uploads\/2023\/05\/70356-09-1.jpg","type":"image\/jpeg"}],"twitter_card":"summary_large_image","twitter_misc":{"Gesch\u00e4tzte Lesezeit":"1\u00a0Minute"},"schema":{"@context":"https:\/\/schema.org","@graph":[{"@type":"WebPage","@id":"https:\/\/changhongchemical.com\/product\/avobenzone-cas-70356-09-1\/","url":"https:\/\/changhongchemical.com\/product\/avobenzone-cas-70356-09-1\/","name":"China CHLUMIUV\u00ae UV - 1789 \/ Avobenzone CAS 70356-09-1 Hersteller - Changhong Chemical","isPartOf":{"@id":"https:\/\/changhongchemical.com\/#website"},"primaryImageOfPage":{"@id":"https:\/\/changhongchemical.com\/product\/avobenzone-cas-70356-09-1\/#primaryimage"},"image":{"@id":"https:\/\/changhongchemical.com\/product\/avobenzone-cas-70356-09-1\/#primaryimage"},"thumbnailUrl":"https:\/\/changhongchemical.com\/wp-content\/uploads\/2023\/05\/70356-09-1.jpg","datePublished":"2023-05-17T14:07:57+00:00","dateModified":"2026-01-07T09:44:06+00:00","description":"Chemical Name: Avobenzone CAS No.:70356-09-1 Molecular Formula: C20H22O3 Molecular Weight:310.40 Appearance:White or pale yellow crystalline...","breadcrumb":{"@id":"https:\/\/changhongchemical.com\/product\/avobenzone-cas-70356-09-1\/#breadcrumb"},"inLanguage":"de","potentialAction":[{"@type":"ReadAction","target":["https:\/\/changhongchemical.com\/product\/avobenzone-cas-70356-09-1\/"]}]},{"@type":"ImageObject","inLanguage":"de","@id":"https:\/\/changhongchemical.com\/product\/avobenzone-cas-70356-09-1\/#primaryimage","url":"https:\/\/changhongchemical.com\/wp-content\/uploads\/2023\/05\/70356-09-1.jpg","contentUrl":"https:\/\/changhongchemical.com\/wp-content\/uploads\/2023\/05\/70356-09-1.jpg","width":600,"height":600},{"@type":"BreadcrumbList","@id":"https:\/\/changhongchemical.com\/product\/avobenzone-cas-70356-09-1\/#breadcrumb","itemListElement":[{"@type":"ListItem","position":1,"name":"Home","item":"https:\/\/changhongchemical.com\/"},{"@type":"ListItem","position":2,"name":"Products Changhong","item":"https:\/\/changhongchemical.com\/product\/"},{"@type":"ListItem","position":3,"name":"CHLUMIUV\u00ae UV &#8211; 1789 \/ Avobenzone CAS 70356-09-1"}]},{"@type":"WebSite","@id":"https:\/\/changhongchemical.com\/#website","url":"https:\/\/changhongchemical.com\/","name":"Changhong Chemical","description":"China Hersteller von Chemikalien \uff06 Lieferant","publisher":{"@id":"https:\/\/changhongchemical.com\/#organization"},"potentialAction":[{"@type":"SearchAction","target":{"@type":"EntryPoint","urlTemplate":"https:\/\/changhongchemical.com\/?s={search_term_string}"},"query-input":{"@type":"PropertyValueSpecification","valueRequired":true,"valueName":"search_term_string"}}],"inLanguage":"de"},{"@type":"Organization","@id":"https:\/\/changhongchemical.com\/#organization","name":"Changhong Chemical","url":"https:\/\/changhongchemical.com\/","logo":{"@type":"ImageObject","inLanguage":"de","@id":"https:\/\/changhongchemical.com\/#\/schema\/logo\/image\/","url":"https:\/\/changhongchemical.com\/wp-content\/uploads\/2020\/08\/cropped-longchang-logo.png","contentUrl":"https:\/\/changhongchemical.com\/wp-content\/uploads\/2020\/08\/cropped-longchang-logo.png","width":512,"height":512,"caption":"Changhong Chemical"},"image":{"@id":"https:\/\/changhongchemical.com\/#\/schema\/logo\/image\/"}}]}},"_links":{"self":[{"href":"https:\/\/changhongchemical.com\/de\/wp-json\/wp\/v2\/product\/3723","targetHints":{"allow":["GET"]}}],"collection":[{"href":"https:\/\/changhongchemical.com\/de\/wp-json\/wp\/v2\/product"}],"about":[{"href":"https:\/\/changhongchemical.com\/de\/wp-json\/wp\/v2\/types\/product"}],"replies":[{"embeddable":true,"href":"https:\/\/changhongchemical.com\/de\/wp-json\/wp\/v2\/comments?post=3723"}],"wp:featuredmedia":[{"embeddable":true,"href":"https:\/\/changhongchemical.com\/de\/wp-json\/wp\/v2\/media\/7937"}],"wp:attachment":[{"href":"https:\/\/changhongchemical.com\/de\/wp-json\/wp\/v2\/media?parent=3723"}],"wp:term":[{"taxonomy":"product_brand","embeddable":true,"href":"https:\/\/changhongchemical.com\/de\/wp-json\/wp\/v2\/product_brand?post=3723"},{"taxonomy":"product_cat","embeddable":true,"href":"https:\/\/changhongchemical.com\/de\/wp-json\/wp\/v2\/product_cat?post=3723"},{"taxonomy":"product_tag","embeddable":true,"href":"https:\/\/changhongchemical.com\/de\/wp-json\/wp\/v2\/product_tag?post=3723"}],"curies":[{"name":"wp","href":"https:\/\/api.w.org\/{rel}","templated":true}]}}