{"id":3721,"date":"2023-05-07T15:06:32","date_gmt":"2023-05-07T15:06:32","guid":{"rendered":"https:\/\/changhongchemical.com\/?post_type=product&#038;p=3721"},"modified":"2026-01-08T02:26:01","modified_gmt":"2026-01-08T02:26:01","slug":"lcsorb-bp-3-cas-131-57-7","status":"publish","type":"product","link":"https:\/\/changhongchemical.com\/de\/product\/lcsorb-bp-3-cas-131-57-7\/","title":{"rendered":"CHLUMIUV\u00ae BP-3 \/ Benzophenon-3 CAS 131-57-7"},"content":{"rendered":"<h1><strong>BP-3 \/ Benzophenon-3 CAS 131-57-7<\/strong><\/h1>\n<table class=\"table-1\">\n<tbody>\n<tr>\n<td>Artikel<\/td>\n<td>Standard<\/td>\n<\/tr>\n<tr>\n<td>Erscheinungsbild<\/td>\n<td>Hellgelbes gr\u00fcnes Kristallpulver<\/td>\n<\/tr>\n<tr>\n<td>Schmelzpunkt<\/td>\n<td>62.0-65.0\u2103<\/td>\n<\/tr>\n<tr>\n<td>Reinheit<\/td>\n<td>\u226599.0%<\/td>\n<\/tr>\n<tr>\n<td>UV-Absorptionskoeffizient (1%, 1cm)E288<\/td>\n<td>\u2265630<\/td>\n<\/tr>\n<tr>\n<td>UV-Absorptionskoeffizient (1%, 1cm)E325<\/td>\n<td>\u2265410<\/td>\n<\/tr>\n<tr>\n<td>Verlust beim Trocknen<\/td>\n<td>\u22640.2\uff05<\/td>\n<\/tr>\n<tr>\n<td>Gardner Farbe<\/td>\n<td>\u22644.0<\/td>\n<\/tr>\n<tr>\n<td>R\u00fcckst\u00e4nde beim Anz\u00fcnden<\/td>\n<td>\u2264 0,1 %<\/td>\n<\/tr>\n<tr>\n<td>Schwermetall<\/td>\n<td>\u22645 ppm<\/td>\n<\/tr>\n<\/tbody>\n<\/table>\n<p><strong>Benzophenon-3<\/strong><\/p>\n<h1 class=\"product_title entry-title\">Benzophenon-3 cas 131-57-7<\/h1>\n<p>1. ist ein UV-Absorber mit breitem Wirkungsspektrum<\/p>\n<p>2. es hat die Vorteile einer hohen Absorptionsrate, Ungiftigkeit und keine teratogenen Effekte.<\/p>\n<p>3. es kann sowohl UV-A als auch UV-B absorbieren<\/p>\n<p>4. weit verbreitet in Sonnenschutzkosmetika wie Sonnenschutzcreme, Creme, Honig, Lotion, etc.<\/p>\n<p>5) Es kann auch als Anlaufschutz f\u00fcr lichtempfindliche Produkte verwendet werden.<\/p>\n<p><strong>Benzophenon-3Verpackung und Versand<\/strong><\/p>\n<p>25kg\/Kartonfass<\/p>\n<p><strong>Benzophenon-3-Lagerung<\/strong><\/p>\n<p>In versiegeltem Beh\u00e4lter gelagert.<\/p>\n<h2><strong>Kontaktieren Sie uns jetzt!<\/strong><\/h2>\n<p><strong>Wenn Sie COA, MSDS oder TDS von <span style=\"color: #00ccff;\"><a style=\"color: #00ccff;\" href=\"https:\/\/changhongchemical.com\/product-category\/lcsorb-uv-absorber\/\">UV-Absorber<\/a><\/span>Bitte tragen Sie Ihre Kontaktdaten in das untenstehende Formular ein. Wir werden uns in der Regel innerhalb von 24 Stunden mit Ihnen in Verbindung setzen. Sie k\u00f6nnen mir auch eine E-Mail schicken <span style=\"color: #00ccff;\"><a style=\"color: #00ccff;\" href=\"mailto:info@changhongchemical.com\">info@changhongchemical.com<\/a> <\/span>w\u00e4hrend der Gesch\u00e4ftszeiten ( 8:30 bis 18:00 Uhr UTC+8 Mo.~Sa. ) oder nutzen Sie den Live-Chat auf der Website, um eine schnelle Antwort zu erhalten.<\/strong><\/p>","protected":false},"excerpt":{"rendered":"<p>Chemische Bezeichnung: Benzophenon-3<\/p>\n<p>CAS-Nr.:131-57-7<br \/>\nSummenformel: C14H12O3<\/p>\n<p>Chemische Struktur:<img decoding=\"async\" title=\"bild.png\" src=\"https:\/\/changhongchemical.com\/wp-content\/uploads\/product-details\/20200617207706.png\" alt=\"bild.png\" \/><\/p>\n<p>Molekulargewicht: 228,24<\/p>\n<p>Aussehen:Hellgelbes gr\u00fcnes Kristallpulver<\/p>","protected":false},"featured_media":7947,"comment_status":"open","ping_status":"closed","template":"","meta":[],"product_brand":[],"product_cat":[139],"product_tag":[],"class_list":{"0":"post-3721","1":"product","2":"type-product","3":"status-publish","4":"has-post-thumbnail","6":"product_cat-uv-absorber","8":"first","9":"instock","10":"shipping-taxable","11":"product-type-simple"},"yoast_head":"<!-- This site is optimized with the Yoast SEO plugin v27.4 - https:\/\/yoast.com\/product\/yoast-seo-wordpress\/ -->\n<title>China BP-3 \/ benzophenone-3 CAS 131-57-7 Manufacturer - Changhong Chemical<\/title>\n<meta name=\"description\" content=\"BP-3 \/ UV-9,chemical name is Benzophenone-3;Oxybenzone,2-hydroxy-4-methoxybenzophenone,can replace Escalol 567;Eversorb 11,SpecAUV BP-3;Speedblock UV-9,UVINOL M40,Eusolex 4360;Lankromark LE296,used as ultraviolet absorber and is the key product of Changhong Chemical. We are the leading uv material manufacturer and supplier in China with the best quanlity and competitive price.\" \/>\n<meta name=\"robots\" content=\"index, follow, max-snippet:-1, max-image-preview:large, max-video-preview:-1\" \/>\n<link rel=\"canonical\" href=\"https:\/\/changhongchemical.com\/de\/product\/lcsorb-bp-3-cas-131-57-7\/\" \/>\n<meta property=\"og:locale\" content=\"de_DE\" \/>\n<meta property=\"og:type\" content=\"article\" \/>\n<meta property=\"og:title\" content=\"China BP-3 \/ benzophenone-3 CAS 131-57-7 Manufacturer - Changhong Chemical\" \/>\n<meta property=\"og:description\" content=\"BP-3 \/ UV-9,chemical name is Benzophenone-3;Oxybenzone,2-hydroxy-4-methoxybenzophenone,can replace Escalol 567;Eversorb 11,SpecAUV BP-3;Speedblock UV-9,UVINOL M40,Eusolex 4360;Lankromark LE296,used as ultraviolet absorber and is the key product of Changhong Chemical. We are the leading uv material manufacturer and supplier in China with the best quanlity and competitive price.\" \/>\n<meta property=\"og:url\" content=\"https:\/\/changhongchemical.com\/de\/product\/lcsorb-bp-3-cas-131-57-7\/\" \/>\n<meta property=\"og:site_name\" content=\"Changhong Chemical\" \/>\n<meta property=\"article:modified_time\" content=\"2026-01-08T02:26:01+00:00\" \/>\n<meta property=\"og:image\" content=\"https:\/\/changhongchemical.com\/wp-content\/uploads\/2023\/05\/131-57-7.jpg\" \/>\n\t<meta property=\"og:image:width\" content=\"600\" \/>\n\t<meta property=\"og:image:height\" content=\"600\" \/>\n\t<meta property=\"og:image:type\" content=\"image\/jpeg\" \/>\n<meta name=\"twitter:card\" content=\"summary_large_image\" \/>\n<meta name=\"twitter:label1\" content=\"Gesch\u00e4tzte Lesezeit\" \/>\n\t<meta name=\"twitter:data1\" content=\"1\u00a0Minute\" \/>\n<script type=\"application\/ld+json\" class=\"yoast-schema-graph\">{\"@context\":\"https:\\\/\\\/schema.org\",\"@graph\":[{\"@type\":\"WebPage\",\"@id\":\"https:\\\/\\\/changhongchemical.com\\\/product\\\/lcsorb-bp-3-cas-131-57-7\\\/\",\"url\":\"https:\\\/\\\/changhongchemical.com\\\/product\\\/lcsorb-bp-3-cas-131-57-7\\\/\",\"name\":\"China BP-3 \\\/ benzophenone-3 CAS 131-57-7 Manufacturer - Changhong Chemical\",\"isPartOf\":{\"@id\":\"https:\\\/\\\/changhongchemical.com\\\/#website\"},\"primaryImageOfPage\":{\"@id\":\"https:\\\/\\\/changhongchemical.com\\\/product\\\/lcsorb-bp-3-cas-131-57-7\\\/#primaryimage\"},\"image\":{\"@id\":\"https:\\\/\\\/changhongchemical.com\\\/product\\\/lcsorb-bp-3-cas-131-57-7\\\/#primaryimage\"},\"thumbnailUrl\":\"https:\\\/\\\/changhongchemical.com\\\/wp-content\\\/uploads\\\/2023\\\/05\\\/131-57-7.jpg\",\"datePublished\":\"2023-05-07T15:06:32+00:00\",\"dateModified\":\"2026-01-08T02:26:01+00:00\",\"description\":\"BP-3 \\\/ UV-9,chemical name is Benzophenone-3;Oxybenzone,2-hydroxy-4-methoxybenzophenone,can replace Escalol 567;Eversorb 11,SpecAUV BP-3;Speedblock UV-9,UVINOL M40,Eusolex 4360;Lankromark LE296,used as ultraviolet absorber and is the key product of Changhong Chemical. We are the leading uv material manufacturer and supplier in China with the best quanlity and competitive price.\",\"breadcrumb\":{\"@id\":\"https:\\\/\\\/changhongchemical.com\\\/product\\\/lcsorb-bp-3-cas-131-57-7\\\/#breadcrumb\"},\"inLanguage\":\"de\",\"potentialAction\":[{\"@type\":\"ReadAction\",\"target\":[\"https:\\\/\\\/changhongchemical.com\\\/product\\\/lcsorb-bp-3-cas-131-57-7\\\/\"]}]},{\"@type\":\"ImageObject\",\"inLanguage\":\"de\",\"@id\":\"https:\\\/\\\/changhongchemical.com\\\/product\\\/lcsorb-bp-3-cas-131-57-7\\\/#primaryimage\",\"url\":\"https:\\\/\\\/changhongchemical.com\\\/wp-content\\\/uploads\\\/2023\\\/05\\\/131-57-7.jpg\",\"contentUrl\":\"https:\\\/\\\/changhongchemical.com\\\/wp-content\\\/uploads\\\/2023\\\/05\\\/131-57-7.jpg\",\"width\":600,\"height\":600},{\"@type\":\"BreadcrumbList\",\"@id\":\"https:\\\/\\\/changhongchemical.com\\\/product\\\/lcsorb-bp-3-cas-131-57-7\\\/#breadcrumb\",\"itemListElement\":[{\"@type\":\"ListItem\",\"position\":1,\"name\":\"Home\",\"item\":\"https:\\\/\\\/changhongchemical.com\\\/\"},{\"@type\":\"ListItem\",\"position\":2,\"name\":\"Products Changhong\",\"item\":\"https:\\\/\\\/changhongchemical.com\\\/product\\\/\"},{\"@type\":\"ListItem\",\"position\":3,\"name\":\"CHLUMIUV\u00ae BP-3 \\\/ benzophenone-3 CAS 131-57-7\"}]},{\"@type\":\"WebSite\",\"@id\":\"https:\\\/\\\/changhongchemical.com\\\/#website\",\"url\":\"https:\\\/\\\/changhongchemical.com\\\/\",\"name\":\"Changhong Chemical\",\"description\":\"China chemical manufacturer \uff06 supplier\",\"publisher\":{\"@id\":\"https:\\\/\\\/changhongchemical.com\\\/#organization\"},\"potentialAction\":[{\"@type\":\"SearchAction\",\"target\":{\"@type\":\"EntryPoint\",\"urlTemplate\":\"https:\\\/\\\/changhongchemical.com\\\/?s={search_term_string}\"},\"query-input\":{\"@type\":\"PropertyValueSpecification\",\"valueRequired\":true,\"valueName\":\"search_term_string\"}}],\"inLanguage\":\"de\"},{\"@type\":\"Organization\",\"@id\":\"https:\\\/\\\/changhongchemical.com\\\/#organization\",\"name\":\"Changhong Chemical\",\"url\":\"https:\\\/\\\/changhongchemical.com\\\/\",\"logo\":{\"@type\":\"ImageObject\",\"inLanguage\":\"de\",\"@id\":\"https:\\\/\\\/changhongchemical.com\\\/#\\\/schema\\\/logo\\\/image\\\/\",\"url\":\"https:\\\/\\\/changhongchemical.com\\\/wp-content\\\/uploads\\\/2020\\\/08\\\/cropped-longchang-logo.png\",\"contentUrl\":\"https:\\\/\\\/changhongchemical.com\\\/wp-content\\\/uploads\\\/2020\\\/08\\\/cropped-longchang-logo.png\",\"width\":512,\"height\":512,\"caption\":\"Changhong Chemical\"},\"image\":{\"@id\":\"https:\\\/\\\/changhongchemical.com\\\/#\\\/schema\\\/logo\\\/image\\\/\"}}]}<\/script>\n<!-- \/ Yoast SEO plugin. -->","yoast_head_json":{"title":"China BP-3 \/ Benzophenon-3 CAS 131-57-7 Hersteller - Changhong Chemical","description":"BP-3 \/ UV-9, chemischer Name ist Benzophenone-3; Oxybenzone, 2-Hydroxy-4-methoxybenzophenone, kann Escalol 567; Eversorb 11, SpecAUV BP-3; Speedblock UV-9, UVINOL M40, Eusolex 4360; Lankromark LE296, als Ultraviolett-Absorber verwendet und ist das Schl\u00fcsselprodukt von Changhong Chemical. Wir sind der f\u00fchrende Hersteller und Lieferant von UV-Materialien in China mit der besten Qualit\u00e4t und dem g\u00fcnstigsten Preis.","robots":{"index":"index","follow":"follow","max-snippet":"max-snippet:-1","max-image-preview":"max-image-preview:large","max-video-preview":"max-video-preview:-1"},"canonical":"https:\/\/changhongchemical.com\/de\/product\/lcsorb-bp-3-cas-131-57-7\/","og_locale":"de_DE","og_type":"article","og_title":"China BP-3 \/ benzophenone-3 CAS 131-57-7 Manufacturer - Changhong Chemical","og_description":"BP-3 \/ UV-9,chemical name is Benzophenone-3;Oxybenzone,2-hydroxy-4-methoxybenzophenone,can replace Escalol 567;Eversorb 11,SpecAUV BP-3;Speedblock UV-9,UVINOL M40,Eusolex 4360;Lankromark LE296,used as ultraviolet absorber and is the key product of Changhong Chemical. We are the leading uv material manufacturer and supplier in China with the best quanlity and competitive price.","og_url":"https:\/\/changhongchemical.com\/de\/product\/lcsorb-bp-3-cas-131-57-7\/","og_site_name":"Changhong Chemical","article_modified_time":"2026-01-08T02:26:01+00:00","og_image":[{"width":600,"height":600,"url":"https:\/\/changhongchemical.com\/wp-content\/uploads\/2023\/05\/131-57-7.jpg","type":"image\/jpeg"}],"twitter_card":"summary_large_image","twitter_misc":{"Gesch\u00e4tzte Lesezeit":"1\u00a0Minute"},"schema":{"@context":"https:\/\/schema.org","@graph":[{"@type":"WebPage","@id":"https:\/\/changhongchemical.com\/product\/lcsorb-bp-3-cas-131-57-7\/","url":"https:\/\/changhongchemical.com\/product\/lcsorb-bp-3-cas-131-57-7\/","name":"China BP-3 \/ Benzophenon-3 CAS 131-57-7 Hersteller - Changhong Chemical","isPartOf":{"@id":"https:\/\/changhongchemical.com\/#website"},"primaryImageOfPage":{"@id":"https:\/\/changhongchemical.com\/product\/lcsorb-bp-3-cas-131-57-7\/#primaryimage"},"image":{"@id":"https:\/\/changhongchemical.com\/product\/lcsorb-bp-3-cas-131-57-7\/#primaryimage"},"thumbnailUrl":"https:\/\/changhongchemical.com\/wp-content\/uploads\/2023\/05\/131-57-7.jpg","datePublished":"2023-05-07T15:06:32+00:00","dateModified":"2026-01-08T02:26:01+00:00","description":"BP-3 \/ UV-9, chemischer Name ist Benzophenone-3; Oxybenzone, 2-Hydroxy-4-methoxybenzophenone, kann Escalol 567; Eversorb 11, SpecAUV BP-3; Speedblock UV-9, UVINOL M40, Eusolex 4360; Lankromark LE296, als Ultraviolett-Absorber verwendet und ist das Schl\u00fcsselprodukt von Changhong Chemical. Wir sind der f\u00fchrende Hersteller und Lieferant von UV-Materialien in China mit der besten Qualit\u00e4t und dem g\u00fcnstigsten Preis.","breadcrumb":{"@id":"https:\/\/changhongchemical.com\/product\/lcsorb-bp-3-cas-131-57-7\/#breadcrumb"},"inLanguage":"de","potentialAction":[{"@type":"ReadAction","target":["https:\/\/changhongchemical.com\/product\/lcsorb-bp-3-cas-131-57-7\/"]}]},{"@type":"ImageObject","inLanguage":"de","@id":"https:\/\/changhongchemical.com\/product\/lcsorb-bp-3-cas-131-57-7\/#primaryimage","url":"https:\/\/changhongchemical.com\/wp-content\/uploads\/2023\/05\/131-57-7.jpg","contentUrl":"https:\/\/changhongchemical.com\/wp-content\/uploads\/2023\/05\/131-57-7.jpg","width":600,"height":600},{"@type":"BreadcrumbList","@id":"https:\/\/changhongchemical.com\/product\/lcsorb-bp-3-cas-131-57-7\/#breadcrumb","itemListElement":[{"@type":"ListItem","position":1,"name":"Home","item":"https:\/\/changhongchemical.com\/"},{"@type":"ListItem","position":2,"name":"Products Changhong","item":"https:\/\/changhongchemical.com\/product\/"},{"@type":"ListItem","position":3,"name":"CHLUMIUV\u00ae BP-3 \/ benzophenone-3 CAS 131-57-7"}]},{"@type":"WebSite","@id":"https:\/\/changhongchemical.com\/#website","url":"https:\/\/changhongchemical.com\/","name":"Changhong Chemical","description":"China Hersteller von Chemikalien \uff06 Lieferant","publisher":{"@id":"https:\/\/changhongchemical.com\/#organization"},"potentialAction":[{"@type":"SearchAction","target":{"@type":"EntryPoint","urlTemplate":"https:\/\/changhongchemical.com\/?s={search_term_string}"},"query-input":{"@type":"PropertyValueSpecification","valueRequired":true,"valueName":"search_term_string"}}],"inLanguage":"de"},{"@type":"Organization","@id":"https:\/\/changhongchemical.com\/#organization","name":"Changhong Chemical","url":"https:\/\/changhongchemical.com\/","logo":{"@type":"ImageObject","inLanguage":"de","@id":"https:\/\/changhongchemical.com\/#\/schema\/logo\/image\/","url":"https:\/\/changhongchemical.com\/wp-content\/uploads\/2020\/08\/cropped-longchang-logo.png","contentUrl":"https:\/\/changhongchemical.com\/wp-content\/uploads\/2020\/08\/cropped-longchang-logo.png","width":512,"height":512,"caption":"Changhong Chemical"},"image":{"@id":"https:\/\/changhongchemical.com\/#\/schema\/logo\/image\/"}}]}},"_links":{"self":[{"href":"https:\/\/changhongchemical.com\/de\/wp-json\/wp\/v2\/product\/3721","targetHints":{"allow":["GET"]}}],"collection":[{"href":"https:\/\/changhongchemical.com\/de\/wp-json\/wp\/v2\/product"}],"about":[{"href":"https:\/\/changhongchemical.com\/de\/wp-json\/wp\/v2\/types\/product"}],"replies":[{"embeddable":true,"href":"https:\/\/changhongchemical.com\/de\/wp-json\/wp\/v2\/comments?post=3721"}],"wp:featuredmedia":[{"embeddable":true,"href":"https:\/\/changhongchemical.com\/de\/wp-json\/wp\/v2\/media\/7947"}],"wp:attachment":[{"href":"https:\/\/changhongchemical.com\/de\/wp-json\/wp\/v2\/media?parent=3721"}],"wp:term":[{"taxonomy":"product_brand","embeddable":true,"href":"https:\/\/changhongchemical.com\/de\/wp-json\/wp\/v2\/product_brand?post=3721"},{"taxonomy":"product_cat","embeddable":true,"href":"https:\/\/changhongchemical.com\/de\/wp-json\/wp\/v2\/product_cat?post=3721"},{"taxonomy":"product_tag","embeddable":true,"href":"https:\/\/changhongchemical.com\/de\/wp-json\/wp\/v2\/product_tag?post=3721"}],"curies":[{"name":"wp","href":"https:\/\/api.w.org\/{rel}","templated":true}]}}